{"id":360989,"date":"2024-09-26T13:00:13","date_gmt":"2024-09-26T12:00:13","guid":{"rendered":"https:\/\/www.moskito.cz\/produkt\/cataclyst-flipjoint-damast\/"},"modified":"2025-05-07T11:25:05","modified_gmt":"2025-05-07T10:25:05","slug":"cataclyst-flipjoint-damast","status":"publish","type":"product","link":"https:\/\/www.moskito.cz\/en\/product\/cataclyst-flipjoint-damast\/","title":{"rendered":"Zav\u00edrac\u00ed Dama\u0161kov\u00fd N\u016f\u017e B\u00f6ker Plus Cataclyst Flipjoint Damast 01BO479DAM"},"content":{"rendered":"<p>Zav\u00edrac\u00ed Dama\u0161kov\u00fd N\u016f\u017e <strong>B\u00f6ker Plus<\/strong> Cataclyst Flipjoint Damast 01BO479DAM.<\/p>\n<p>Jako kombinace modern\u00edho EDC a kvalitn\u00edho gentlemansk\u00e9ho no\u017ee zaujme B\u00f6ker Plus Cataclyst celoplo\u0161n\u011b i ve verzi Dama\u0161ek se 110 vrstvami. Stabiln\u00ed \u010depel se otev\u00edr\u00e1 pomoc\u00ed kuli\u010dkov\u00e9ho lo\u017eiska pomoc\u00ed flipperu a m\u00e1 ploch\u00e9 brou\u0161en\u00ed a dr\u00e1\u017eku na obou stran\u00e1ch. Je dr\u017een v otev\u0159en\u00e9 poloze sofistikovan\u00fdm mechanismem Flipjoint a nezamyk\u00e1 se, ale je jednodu\u0161e dr\u017een bezpe\u010dn\u011b v poloze areta\u010dn\u00ed kuli\u010dkou. P\u0159i vhodn\u00e9m tlaku na h\u0159bet \u010depele lze \u010depel slo\u017eit bez uvoln\u011bn\u00ed zaji\u0161\u0165ovac\u00edho za\u0159\u00edzen\u00ed.<\/p>\n<p>Aby p\u0159i pou\u017e\u00edv\u00e1n\u00ed Cataclyst Brown Damascus Flipjoint nevznikly \u017e\u00e1dn\u00e9 pochybnosti , vystavili jsme v\u00fdslovn\u011b osv\u011bd\u010den\u00ed o posouzen\u00ed zbrojn\u00ed klasifikace no\u017ee s kuli\u010dkov\u00fdm dr\u017e\u00e1kem na \u010depel. BKA (ur\u010dovac\u00ed ozn\u00e1men\u00ed Z-524) sd\u00edl\u00ed n\u00e1\u0161 n\u00e1zor, \u017ee dr\u017e\u00e1k \u010depele vyu\u017e\u00edvaj\u00edc\u00ed areta\u010dn\u00ed kuli\u010dku nep\u0159edstavuje blokovac\u00ed za\u0159\u00edzen\u00ed ve smyslu z\u00e1kona o zbran\u00edch: \u201eZde instalovan\u00fd dr\u017e\u00e1k \u010depele, kter\u00fd se uvoln\u00ed lehk\u00fdm tlakem prstu na zadn\u00ed stran\u011b \u010depele, spl\u0148uje krit\u00e9ria jednoho ru\u010dn\u00edho zaji\u0161\u0165ovac\u00edho za\u0159\u00edzen\u00ed.&#8221;<\/p>\n<p>Zvln\u011bn\u00ed v oblasti op\u011brky palce a na backspaceru d\u00e1le zvy\u0161uje bezpe\u010dnost pr\u00e1ce. Line\u00e1rn\u00ed konstrukce je vybavena p\u0159edn\u00ed rukojet\u00ed z trojrozm\u011brn\u011b fr\u00e9zovan\u00e9 Micarty , kter\u00e1 je povrchov\u011b upravena ve sv\u011btle hn\u011bd\u00e9 barv\u011b. Prav\u00e1 rukoje\u0165 a hlubok\u00e1 nosn\u00e1 spona (tip-up\/r), kter\u00e1 je rovn\u011b\u017e trojrozm\u011brn\u011b vyfr\u00e9zov\u00e1na z masivn\u00edho materi\u00e1lu, maj\u00ed sat\u00e9novou \u00fapravu. S poutkem na \u0161\u0148\u016frku a vysoce kvalitn\u00edm nylonov\u00fdm pouzdrem pro skladov\u00e1n\u00ed.<\/p>\n<p>Zna\u010dka: Boker Plus<br \/>\nCelkov\u00e1 d\u00e9lka: 17,30 cm<br \/>\nD\u00e9lka \u010depele: 7,80 cm<br \/>\nTlou\u0161\u0165ka \u010depele: 3,80 mm<br \/>\nHmotnost: 76,00 g<br \/>\nMateri\u00e1l \u010depele: dama\u0161ek<br \/>\nMateri\u00e1l rukojeti: Micarta<br \/>\nPom\u016fcka pro otev\u00edr\u00e1n\u00ed: Pinball<br \/>\nOtev\u00edrac\u00ed: Ru\u010dn\u011b<br \/>\nUzav\u0159en\u00ed: Flipjoint<br \/>\nBarva: P\u0159\u00edrodn\u00ed<br \/>\n\u010c\u00edslo polo\u017eky: 01BO479DAM<\/p>\n","protected":false},"excerpt":{"rendered":"<p><strong>Jako kombinace modern\u00edho EDC a kvalitn\u00edho gentlemansk\u00e9ho no\u017ee zaujme B\u00f6ker Plus Cataclyst celoplo\u0161n\u011b i ve verzi Dama\u0161ek se 110 vrstvami.<\/strong><\/p>\n","protected":false},"featured_media":367336,"comment_status":"closed","ping_status":"closed","template":"","meta":[],"pwb-brand":[140],"product_brand":[],"product_cat":[25,17],"product_tag":[],"class_list":{"0":"post-360989","1":"product","2":"type-product","3":"status-publish","4":"has-post-thumbnail","6":"pwb-brand-boker","7":"product_cat-damascenske-noze","8":"product_cat-noze","10":"first","11":"instock","12":"taxable","13":"shipping-taxable","14":"purchasable","15":"product-type-simple"},"brands":[{"id":140,"name":"Boker","slug":"boker"}],"_links":{"self":[{"href":"https:\/\/www.moskito.cz\/en\/wp-json\/wp\/v2\/product\/360989","targetHints":{"allow":["GET"]}}],"collection":[{"href":"https:\/\/www.moskito.cz\/en\/wp-json\/wp\/v2\/product"}],"about":[{"href":"https:\/\/www.moskito.cz\/en\/wp-json\/wp\/v2\/types\/product"}],"replies":[{"embeddable":true,"href":"https:\/\/www.moskito.cz\/en\/wp-json\/wp\/v2\/comments?post=360989"}],"wp:featuredmedia":[{"embeddable":true,"href":"https:\/\/www.moskito.cz\/en\/wp-json\/wp\/v2\/media\/367336"}],"wp:attachment":[{"href":"https:\/\/www.moskito.cz\/en\/wp-json\/wp\/v2\/media?parent=360989"}],"wp:term":[{"taxonomy":"pwb-brand","embeddable":true,"href":"https:\/\/www.moskito.cz\/en\/wp-json\/wp\/v2\/pwb-brand?post=360989"},{"taxonomy":"product_brand","embeddable":true,"href":"https:\/\/www.moskito.cz\/en\/wp-json\/wp\/v2\/product_brand?post=360989"},{"taxonomy":"product_cat","embeddable":true,"href":"https:\/\/www.moskito.cz\/en\/wp-json\/wp\/v2\/product_cat?post=360989"},{"taxonomy":"product_tag","embeddable":true,"href":"https:\/\/www.moskito.cz\/en\/wp-json\/wp\/v2\/product_tag?post=360989"}],"curies":[{"name":"wp","href":"https:\/\/api.w.org\/{rel}","templated":true}]}}