{"id":361020,"date":"2024-09-26T13:00:30","date_gmt":"2024-09-26T12:00:30","guid":{"rendered":"https:\/\/www.moskito.cz\/produkt\/kapesni-nuz-boker-plus-kaizen-red-satin\/"},"modified":"2025-05-07T11:25:09","modified_gmt":"2025-05-07T10:25:09","slug":"kapesni-nuz-boker-plus-kaizen-red-satin","status":"publish","type":"product","link":"https:\/\/www.moskito.cz\/en\/product\/kapesni-nuz-boker-plus-kaizen-red-satin\/","title":{"rendered":"Kapesn\u00ed n\u016f\u017e B\u00f6ker Plus Kaizen Red\/Satin"},"content":{"rendered":"<ul>\n<li>cekov\u00e1 d\u00e9lka: 18,0 cm<\/li>\n<li>d\u00e9lka \u010depele: 7,7 cm<\/li>\n<li>tlou\u0161\u0165ka \u010depele: 1,9&nbsp;mm<\/li>\n<li>hmotnost:&nbsp;46 g<\/li>\n<li>materi\u00e1l \u010depele: CPM-S-35VN<\/li>\n<li>materi\u00e1l rukojeti: G10<\/li>\n<li>pojistka: linerlock<\/li>\n<li>s klipem a nylonov\u00fdm pouzdrem<\/li>\n<\/ul>\n","protected":false},"excerpt":{"rendered":"<p>Kapesn\u00ed n\u016f\u017e pro prav\u00e9 gentlemany.<\/p>\n","protected":false},"featured_media":361021,"comment_status":"closed","ping_status":"closed","template":"","meta":[],"pwb-brand":[140],"product_brand":[],"product_cat":[17,22],"product_tag":[],"class_list":{"0":"post-361020","1":"product","2":"type-product","3":"status-publish","4":"has-post-thumbnail","6":"pwb-brand-boker","7":"product_cat-noze","8":"product_cat-zaviraci-noze","10":"first","11":"outofstock","12":"taxable","13":"shipping-taxable","14":"purchasable","15":"product-type-simple"},"brands":[{"id":140,"name":"Boker","slug":"boker"}],"_links":{"self":[{"href":"https:\/\/www.moskito.cz\/en\/wp-json\/wp\/v2\/product\/361020","targetHints":{"allow":["GET"]}}],"collection":[{"href":"https:\/\/www.moskito.cz\/en\/wp-json\/wp\/v2\/product"}],"about":[{"href":"https:\/\/www.moskito.cz\/en\/wp-json\/wp\/v2\/types\/product"}],"replies":[{"embeddable":true,"href":"https:\/\/www.moskito.cz\/en\/wp-json\/wp\/v2\/comments?post=361020"}],"wp:featuredmedia":[{"embeddable":true,"href":"https:\/\/www.moskito.cz\/en\/wp-json\/wp\/v2\/media\/361021"}],"wp:attachment":[{"href":"https:\/\/www.moskito.cz\/en\/wp-json\/wp\/v2\/media?parent=361020"}],"wp:term":[{"taxonomy":"pwb-brand","embeddable":true,"href":"https:\/\/www.moskito.cz\/en\/wp-json\/wp\/v2\/pwb-brand?post=361020"},{"taxonomy":"product_brand","embeddable":true,"href":"https:\/\/www.moskito.cz\/en\/wp-json\/wp\/v2\/product_brand?post=361020"},{"taxonomy":"product_cat","embeddable":true,"href":"https:\/\/www.moskito.cz\/en\/wp-json\/wp\/v2\/product_cat?post=361020"},{"taxonomy":"product_tag","embeddable":true,"href":"https:\/\/www.moskito.cz\/en\/wp-json\/wp\/v2\/product_tag?post=361020"}],"curies":[{"name":"wp","href":"https:\/\/api.w.org\/{rel}","templated":true}]}}