{"id":361043,"date":"2024-09-26T13:00:30","date_gmt":"2024-09-26T12:00:30","guid":{"rendered":"https:\/\/www.moskito.cz\/produkt\/adventni-kalendar-2024-haddock\/"},"modified":"2025-05-07T11:25:10","modified_gmt":"2025-05-07T10:25:10","slug":"adventni-kalendar-2024-haddock","status":"publish","type":"product","link":"https:\/\/www.moskito.cz\/en\/product\/adventni-kalendar-2024-haddock\/","title":{"rendered":"Adventn\u00ed kalend\u00e1\u0159 2024 Haddock"},"content":{"rendered":"<ul>\n<li>adventn\u00ed kalend\u00e1\u0159 s 24 ok\u00e9nky<\/li>\n<li>obsahuje kompletn\u00ed sadu kvalitn\u00edho a pln\u011b funk\u010dn\u00edho kapesn\u00edho no\u017ee<\/li>\n<li>ka\u017ed\u00fd den najdete jednu sou\u010d\u00e1st no\u017ee<\/li>\n<li>perfektn\u00ed d\u00e1rek pro ka\u017ed\u00e9ho milovn\u00edka no\u017e\u016f<\/li>\n<li>podrobn\u00fd n\u00e1vod na sestaven\u00ed no\u017ee je sou\u010d\u00e1st\u00ed balen\u00ed<\/li>\n<\/ul>\n","protected":false},"excerpt":{"rendered":"<p>Sko\u0159ic\u00ed von\u00edc\u00ed pern\u00ed\u010dky a dal\u0161\u00ed l\u00e1kav\u00e9 pochoutky ka\u017edoro\u010dn\u011b ohla\u0161uj\u00ed bl\u00ed\u017e\u00edc\u00ed se v\u00e1noce. Osla\u010fte si mu\u010div\u011b dlouh\u00fd \u010das do rozd\u00e1v\u00e1n\u00ed d\u00e1rk\u016f pod strome\u010dkem mimo\u0159\u00e1dn\u011b n\u00edzkokalorickou, ale na \u017eelezo bohatou pochoutku, kter\u00e1 m\u00e1 opravdu v\u0161echno. Adventn\u00ed kalend\u00e1\u0159 <strong>B\u00f6ker Plus 2024 Haddock<\/strong> obsahuje kompletn\u00ed sadu kvalitn\u00edho a pln\u011b funk\u010dn\u00edho kapesn\u00edho no\u017ee, kter\u00fd netrp\u011bliv\u011b \u010dek\u00e1 na sestaven\u00ed.Tentokr\u00e1t&nbsp;je Je\u00ed\u0161kem&nbsp;Jens Anso, kter\u00fd veze n\u016f\u017e Boker Plus Haddock ve speci\u00e1ln\u00ed verzi se zadn\u00ed pojistkou a velkou designovou volnost\u00ed. Kompaktn\u00ed kapesn\u00ed n\u016f\u017e vych\u00e1z\u00ed z modelu Boker Haddock a d\u00e1nsk\u00fd design\u00e9r mu dodal modern\u00ed n\u00e1dech. Komplexn\u00ed balen\u00ed obsahuje dv\u011b \u010depele, v\u010detn\u011b jedn\u00e9 s nehtov\u00fdm z\u00e1\u0159ezem pro bezstarostn\u00e9 no\u0161en\u00ed kapesn\u00edho no\u017ee, r\u016fzn\u00e9 st\u0159enky a bolstery rukojeti, klipsy a n\u011bkolik drobn\u00fdch p\u0159ekvapen\u00ed. Sada &#8211; a je\u0161t\u011b v\u00edce mo\u017enost\u00ed, jak si sestavit vlastn\u00ed zav\u00edrac\u00ed n\u016f\u017e na m\u00edru. Kapesn\u00ed n\u016f\u017e B\u00f6ker Plus se jist\u011b stane skute\u010dnou ozdobou ka\u017ed\u00e9 sb\u00edrky no\u017e\u016f a perfektn\u00edm d\u00e1rkem pro ka\u017ed\u00e9ho fanou\u0161ka no\u017e\u016f.<\/p>\n","protected":false},"featured_media":361044,"comment_status":"closed","ping_status":"closed","template":"","meta":[],"pwb-brand":[140],"product_brand":[],"product_cat":[17,22],"product_tag":[],"class_list":{"0":"post-361043","1":"product","2":"type-product","3":"status-publish","4":"has-post-thumbnail","6":"pwb-brand-boker","7":"product_cat-noze","8":"product_cat-zaviraci-noze","10":"first","11":"outofstock","12":"taxable","13":"shipping-taxable","14":"purchasable","15":"product-type-simple"},"brands":[{"id":140,"name":"Boker","slug":"boker"}],"_links":{"self":[{"href":"https:\/\/www.moskito.cz\/en\/wp-json\/wp\/v2\/product\/361043","targetHints":{"allow":["GET"]}}],"collection":[{"href":"https:\/\/www.moskito.cz\/en\/wp-json\/wp\/v2\/product"}],"about":[{"href":"https:\/\/www.moskito.cz\/en\/wp-json\/wp\/v2\/types\/product"}],"replies":[{"embeddable":true,"href":"https:\/\/www.moskito.cz\/en\/wp-json\/wp\/v2\/comments?post=361043"}],"wp:featuredmedia":[{"embeddable":true,"href":"https:\/\/www.moskito.cz\/en\/wp-json\/wp\/v2\/media\/361044"}],"wp:attachment":[{"href":"https:\/\/www.moskito.cz\/en\/wp-json\/wp\/v2\/media?parent=361043"}],"wp:term":[{"taxonomy":"pwb-brand","embeddable":true,"href":"https:\/\/www.moskito.cz\/en\/wp-json\/wp\/v2\/pwb-brand?post=361043"},{"taxonomy":"product_brand","embeddable":true,"href":"https:\/\/www.moskito.cz\/en\/wp-json\/wp\/v2\/product_brand?post=361043"},{"taxonomy":"product_cat","embeddable":true,"href":"https:\/\/www.moskito.cz\/en\/wp-json\/wp\/v2\/product_cat?post=361043"},{"taxonomy":"product_tag","embeddable":true,"href":"https:\/\/www.moskito.cz\/en\/wp-json\/wp\/v2\/product_tag?post=361043"}],"curies":[{"name":"wp","href":"https:\/\/api.w.org\/{rel}","templated":true}]}}