{"id":361062,"date":"2024-09-26T13:00:44","date_gmt":"2024-09-26T12:00:44","guid":{"rendered":"https:\/\/www.moskito.cz\/produkt\/kapesni-nuz-magnum-veloc\/"},"modified":"2025-05-07T11:25:12","modified_gmt":"2025-05-07T10:25:12","slug":"kapesni-nuz-magnum-veloc","status":"publish","type":"product","link":"https:\/\/www.moskito.cz\/en\/product\/kapesni-nuz-magnum-veloc\/","title":{"rendered":"Zav\u00edrac\u00ed N\u016f\u017e Magnum Veloc 01RY005"},"content":{"rendered":"<p>Zav\u00edrac\u00ed N\u016f\u017e <strong>Magnum<\/strong> Veloc 01RY005.<\/p>\n<p>Rychle, rychleji, Veloku! B\u00f6ker d\u00e1v\u00e1 Magnum Veloc nohu nahoru a opat\u0159uje n\u016f\u017e Karambit pru\u017einov\u00fdm otev\u00edrac\u00edm mechanismem. Flipper nebo voliteln\u011b p\u0159ip\u00edn\u00e1\u010dek otev\u00edr\u00e1 agresivn\u00ed \u010depel Wharncliffe z 440B s povrchovou \u00fapravou beadblast s nezbytn\u00fdm zadn\u00edm v\u011btrem, zat\u00edmco z\u00e1mek vlo\u017eky spolehliv\u011b uzamkne asistovan\u00fd otv\u00edra\u010d. Zak\u0159iven\u00e1 rukoje\u0165 s texturovan\u00fdmi \u0161upinami G10 zaji\u0161\u0165uje vynikaj\u00edc\u00ed \u00fachop a je zakon\u010dena charakteristick\u00fdm krou\u017ekem na konci rukojeti, kter\u00fd byl p\u016fvodn\u011b ur\u010den k zav\u011b\u0161en\u00ed no\u017ee na mal\u00ed\u010dek, ale pou\u017e\u00edv\u00e1 se tak\u00e9 jako otvor pro \u0161\u0148\u016frku. Mod\u0159e eloxovan\u00e9 prvky, jako je prstenec pod\u00e9l \u0161roubu osy \u010depele a \u0161rouby rukojeti, dod\u00e1vaj\u00ed klasick\u00e9mu tvaru no\u017ee z jihov\u00fdchodn\u00ed Asie modern\u00ed akcenty. S vykl\u00e1p\u011bc\u00ed sponou (r).<\/p>\n<p>Typ polo\u017eky: Kapesn\u00ed n\u016f\u017e<br \/>\nZna\u010dka: Magnum<br \/>\nCelkov\u00e1 d\u00e9lka: 18,00 cm<br \/>\nD\u00e9lka \u010depele: 6,80 cm<br \/>\nTlou\u0161\u0165ka \u010depele: 2,85 mm<br \/>\nHmotnost: 124,00 g<br \/>\nMateri\u00e1l \u010depele: 440B<br \/>\nMateri\u00e1l rukojeti: G10<br \/>\nPom\u016fcka pro otev\u00edr\u00e1n\u00ed: Pinball<br \/>\nOtev\u00edrac\u00ed: Asistence pru\u017einy<br \/>\nUzav\u0159en\u00ed: Z\u00e1mek r\u00e1mu<br \/>\n\u010c\u00edslo polo\u017eky: 01RY005<\/p>\n<p>&nbsp;<\/p>\n<p>&nbsp;<\/p>\n","protected":false},"excerpt":{"rendered":"<p><strong>Rychle, rychleji, Veloku! B\u00f6ker d\u00e1v\u00e1 Magnum Veloc nohu nahoru a opat\u0159uje n\u016f\u017e Karambit pru\u017einov\u00fdm otev\u00edrac\u00edm mechanismem.<\/strong><\/p>\n","protected":false},"featured_media":364798,"comment_status":"closed","ping_status":"closed","template":"","meta":[],"pwb-brand":[140],"product_brand":[],"product_cat":[2062,17],"product_tag":[],"class_list":{"0":"post-361062","1":"product","2":"type-product","3":"status-publish","4":"has-post-thumbnail","6":"pwb-brand-boker","7":"product_cat-karambity","8":"product_cat-noze","10":"first","11":"instock","12":"taxable","13":"shipping-taxable","14":"purchasable","15":"product-type-simple"},"brands":[{"id":140,"name":"Boker","slug":"boker"}],"_links":{"self":[{"href":"https:\/\/www.moskito.cz\/en\/wp-json\/wp\/v2\/product\/361062","targetHints":{"allow":["GET"]}}],"collection":[{"href":"https:\/\/www.moskito.cz\/en\/wp-json\/wp\/v2\/product"}],"about":[{"href":"https:\/\/www.moskito.cz\/en\/wp-json\/wp\/v2\/types\/product"}],"replies":[{"embeddable":true,"href":"https:\/\/www.moskito.cz\/en\/wp-json\/wp\/v2\/comments?post=361062"}],"wp:featuredmedia":[{"embeddable":true,"href":"https:\/\/www.moskito.cz\/en\/wp-json\/wp\/v2\/media\/364798"}],"wp:attachment":[{"href":"https:\/\/www.moskito.cz\/en\/wp-json\/wp\/v2\/media?parent=361062"}],"wp:term":[{"taxonomy":"pwb-brand","embeddable":true,"href":"https:\/\/www.moskito.cz\/en\/wp-json\/wp\/v2\/pwb-brand?post=361062"},{"taxonomy":"product_brand","embeddable":true,"href":"https:\/\/www.moskito.cz\/en\/wp-json\/wp\/v2\/product_brand?post=361062"},{"taxonomy":"product_cat","embeddable":true,"href":"https:\/\/www.moskito.cz\/en\/wp-json\/wp\/v2\/product_cat?post=361062"},{"taxonomy":"product_tag","embeddable":true,"href":"https:\/\/www.moskito.cz\/en\/wp-json\/wp\/v2\/product_tag?post=361062"}],"curies":[{"name":"wp","href":"https:\/\/api.w.org\/{rel}","templated":true}]}}