{"id":361087,"date":"2024-09-26T13:00:44","date_gmt":"2024-09-26T12:00:44","guid":{"rendered":"https:\/\/www.moskito.cz\/produkt\/nuz-boker-plus-bad-moon\/"},"modified":"2025-05-07T11:25:15","modified_gmt":"2025-05-07T10:25:15","slug":"nuz-boker-plus-bad-moon","status":"publish","type":"product","link":"https:\/\/www.moskito.cz\/en\/product\/nuz-boker-plus-bad-moon\/","title":{"rendered":"N\u016f\u017e B\u00f6ker Plus Bad Moon"},"content":{"rendered":"<ul>\n<li>cekov\u00e1 d\u00e9lka: 12,5 cm<\/li>\n<li>d\u00e9lka \u010depele:&nbsp;6,5 cm<\/li>\n<li>tlou\u0161\u0165ka \u010depele:&nbsp;4,0&nbsp;mm<\/li>\n<li>hmotnost:&nbsp;72 g<\/li>\n<li>materi\u00e1l \u010depele: D2<\/li>\n<li>design\u00e9r: Simon Fr\u00f6mel<\/li>\n<li>s kydexov\u00fdm pouzdrem a \u0159et\u00edzkem na krk<\/li>\n<\/ul>\n","protected":false},"excerpt":{"rendered":"<p>Minimalistick\u00fd n\u016f\u017e s povrchovou \u00fapravou stonewash.<\/p>\n","protected":false},"featured_media":361088,"comment_status":"closed","ping_status":"closed","template":"","meta":[],"pwb-brand":[140],"product_brand":[],"product_cat":[17,23],"product_tag":[],"class_list":{"0":"post-361087","1":"product","2":"type-product","3":"status-publish","4":"has-post-thumbnail","6":"pwb-brand-boker","7":"product_cat-noze","8":"product_cat-pevne-noze","10":"first","11":"outofstock","12":"taxable","13":"shipping-taxable","14":"purchasable","15":"product-type-simple"},"brands":[{"id":140,"name":"Boker","slug":"boker"}],"_links":{"self":[{"href":"https:\/\/www.moskito.cz\/en\/wp-json\/wp\/v2\/product\/361087","targetHints":{"allow":["GET"]}}],"collection":[{"href":"https:\/\/www.moskito.cz\/en\/wp-json\/wp\/v2\/product"}],"about":[{"href":"https:\/\/www.moskito.cz\/en\/wp-json\/wp\/v2\/types\/product"}],"replies":[{"embeddable":true,"href":"https:\/\/www.moskito.cz\/en\/wp-json\/wp\/v2\/comments?post=361087"}],"wp:featuredmedia":[{"embeddable":true,"href":"https:\/\/www.moskito.cz\/en\/wp-json\/wp\/v2\/media\/361088"}],"wp:attachment":[{"href":"https:\/\/www.moskito.cz\/en\/wp-json\/wp\/v2\/media?parent=361087"}],"wp:term":[{"taxonomy":"pwb-brand","embeddable":true,"href":"https:\/\/www.moskito.cz\/en\/wp-json\/wp\/v2\/pwb-brand?post=361087"},{"taxonomy":"product_brand","embeddable":true,"href":"https:\/\/www.moskito.cz\/en\/wp-json\/wp\/v2\/product_brand?post=361087"},{"taxonomy":"product_cat","embeddable":true,"href":"https:\/\/www.moskito.cz\/en\/wp-json\/wp\/v2\/product_cat?post=361087"},{"taxonomy":"product_tag","embeddable":true,"href":"https:\/\/www.moskito.cz\/en\/wp-json\/wp\/v2\/product_tag?post=361087"}],"curies":[{"name":"wp","href":"https:\/\/api.w.org\/{rel}","templated":true}]}}