{"id":361119,"date":"2024-09-26T13:00:44","date_gmt":"2024-09-26T12:00:44","guid":{"rendered":"https:\/\/www.moskito.cz\/produkt\/mini-kalashnikov-otf\/"},"modified":"2025-05-07T11:25:17","modified_gmt":"2025-05-07T10:25:17","slug":"mini-kalashnikov-otf","status":"publish","type":"product","link":"https:\/\/www.moskito.cz\/en\/product\/mini-kalashnikov-otf\/","title":{"rendered":"Vyst\u0159elovac\u00ed N\u016f\u017e B\u00f6ker Plus Mini Kalashnikov OTF 06EX358"},"content":{"rendered":"<p>Vyst\u0159elovac\u00ed N\u016f\u017e <strong>B\u00f6ker Plus<\/strong> Mini Kalashnikov OTF 06EX358.<\/p>\n<p>Dynamick\u00fd<strong> B\u00f6ker Plus Mini Kalashnikov OTF<\/strong> roz\u0161i\u0159uje obl\u00edbenou \u0159adu Kala\u0161nikov o kompaktn\u00ed n\u016f\u017e OTF pro drobn\u00e9 ka\u017edodenn\u00ed \u0159ez\u00e1n\u00ed. \u010cern\u00e1 hlin\u00edkov\u00e1 rukoje\u0165 s texturovan\u00fdmi struktur\u00e1ln\u00edmi panely a prohlubn\u011bmi nab\u00edz\u00ed bezpe\u010dn\u00e9 dr\u017een\u00ed v ka\u017ed\u00e9 situaci pro optim\u00e1ln\u00ed bezpe\u010dnost p\u0159i pou\u017e\u00edv\u00e1n\u00ed. Sat\u00e9nov\u00e1 \u010depel drop point je vyrobena z D2 a lze ji snadno ovl\u00e1dat pomoc\u00ed jezdce na zadn\u00ed stran\u011b rukojeti, kter\u00fd otev\u00edr\u00e1 a zav\u00edr\u00e1 automatick\u00fd n\u016f\u017e. S praktickou sponou pro hlubok\u00e9 no\u0161en\u00ed (sklopen\u00edm dol\u016f).<\/p>\n<p>Zna\u010dka: Boker Plus<br \/>\nD\u00e9lka \u010depele: 6,80 cm<br \/>\nTlou\u0161\u0165ka \u010depele: 2,80 mm<br \/>\nHmotnost: 80,00 g<br \/>\nMateri\u00e1l \u010depele: D2<br \/>\nMateri\u00e1l rukojeti: hlin\u00edk<br \/>\nOtev\u00edrac\u00ed: Automatick\u00fd<br \/>\nUzav\u0159en\u00ed: OTF<br \/>\nBarva: \u010cern\u00e1<br \/>\nBarva \u010depele: Nepota\u017een\u00e9<br \/>\n\u010c\u00edslo polo\u017eky: 06EX358<\/p>\n<p>&nbsp;<\/p>\n<p>&nbsp;<\/p>\n","protected":false},"excerpt":{"rendered":"<p><strong>Dynamick\u00fd B\u00f6ker Plus Mini Kalashnikov OTF roz\u0161i\u0159uje obl\u00edbenou \u0159adu Kala\u0161nikov o kompaktn\u00ed n\u016f\u017e OTF pro drobn\u00e9 ka\u017edodenn\u00ed \u0159ez\u00e1n\u00ed.<\/strong><\/p>\n","protected":false},"featured_media":364586,"comment_status":"closed","ping_status":"closed","template":"","meta":[],"pwb-brand":[140],"product_brand":[],"product_cat":[2019,17],"product_tag":[],"class_list":{"0":"post-361119","1":"product","2":"type-product","3":"status-publish","4":"has-post-thumbnail","6":"pwb-brand-boker","7":"product_cat-vystrelovaci-noze","8":"product_cat-noze","10":"first","11":"instock","12":"taxable","13":"shipping-taxable","14":"purchasable","15":"product-type-simple"},"brands":[{"id":140,"name":"Boker","slug":"boker"}],"_links":{"self":[{"href":"https:\/\/www.moskito.cz\/en\/wp-json\/wp\/v2\/product\/361119","targetHints":{"allow":["GET"]}}],"collection":[{"href":"https:\/\/www.moskito.cz\/en\/wp-json\/wp\/v2\/product"}],"about":[{"href":"https:\/\/www.moskito.cz\/en\/wp-json\/wp\/v2\/types\/product"}],"replies":[{"embeddable":true,"href":"https:\/\/www.moskito.cz\/en\/wp-json\/wp\/v2\/comments?post=361119"}],"wp:featuredmedia":[{"embeddable":true,"href":"https:\/\/www.moskito.cz\/en\/wp-json\/wp\/v2\/media\/364586"}],"wp:attachment":[{"href":"https:\/\/www.moskito.cz\/en\/wp-json\/wp\/v2\/media?parent=361119"}],"wp:term":[{"taxonomy":"pwb-brand","embeddable":true,"href":"https:\/\/www.moskito.cz\/en\/wp-json\/wp\/v2\/pwb-brand?post=361119"},{"taxonomy":"product_brand","embeddable":true,"href":"https:\/\/www.moskito.cz\/en\/wp-json\/wp\/v2\/product_brand?post=361119"},{"taxonomy":"product_cat","embeddable":true,"href":"https:\/\/www.moskito.cz\/en\/wp-json\/wp\/v2\/product_cat?post=361119"},{"taxonomy":"product_tag","embeddable":true,"href":"https:\/\/www.moskito.cz\/en\/wp-json\/wp\/v2\/product_tag?post=361119"}],"curies":[{"name":"wp","href":"https:\/\/api.w.org\/{rel}","templated":true}]}}