{"id":361183,"date":"2024-09-26T13:01:18","date_gmt":"2024-09-26T12:01:18","guid":{"rendered":"https:\/\/www.moskito.cz\/produkt\/boker-plus-dog-tag-knife\/"},"modified":"2025-05-07T11:25:20","modified_gmt":"2025-05-07T10:25:20","slug":"boker-plus-dog-tag-knife","status":"publish","type":"product","link":"https:\/\/www.moskito.cz\/en\/product\/boker-plus-dog-tag-knife\/","title":{"rendered":"Zav\u00edrac\u00ed N\u016f\u017e B\u00f6ker Plus Dog Tag Knife 01BO210"},"content":{"rendered":"<p>Zav\u00edrac\u00ed N\u016f\u017e <strong>B\u00f6ker Plus<\/strong> Dog Tag Knife 01BO210.<\/p>\n<p>John Kubasek ji\u017e ohromil sv\u00fdmi n\u00e1padit\u00fdmi designy nespo\u010det p\u0159\u00edznivc\u016f no\u017e\u016f a nyn\u00ed je sv\u00fdmi inovativn\u00edmi kapesn\u00edmi no\u017ei zn\u00e1m\u00fd po cel\u00e9m sv\u011bt\u011b. Nyn\u00ed zku\u0161en\u00fd no\u017e\u00ed\u0159 z USA vytvo\u0159il je\u0161t\u011b kompaktn\u011bj\u0161\u00ed z\u00e1lo\u017en\u00ed kapesn\u00ed n\u016f\u017e a p\u0159edstavil n\u00e1m Dog Tag Knife, kter\u00fd v\u00e1\u017e\u00ed 24 gram\u016f a je siln\u00fd jen asi \u010dty\u0159i milimetry a lze jej pohodln\u011b nosit na krku na kuli\u010dkov\u00e9m \u0159et\u00edzku jako jeho jmenovec.<\/p>\n<p>Jednostrann\u00e9 dl\u00e1tov\u00e9 brou\u0161en\u00ed \u010depele zaji\u0161\u0165uje maxim\u00e1ln\u00ed bezpe\u010dnost p\u0159i p\u0159en\u00e1\u0161en\u00ed a pou\u017e\u00edv\u00e1n\u00ed \u010depele a umo\u017e\u0148uje, aby ploch\u00e1 zadn\u00ed strana \u0159ezn\u00e9 hrany dosedla co nejbl\u00ed\u017ee k titanov\u00e9 desce. Propracovan\u00fd magnetick\u00fd mechanismus nav\u00edc zaji\u0161\u0165uje kr\u010dn\u00ed n\u016f\u017e v zav\u0159en\u00e9m i otev\u0159en\u00e9m stavu. Zamyk\u00e1n\u00ed nen\u00ed zalo\u017eeno na \u010dist\u00e9 magnetick\u00e9 s\u00edle, ale na skute\u010dn\u00e9m zamykac\u00edm mechanismu. To znamen\u00e1, \u017ee n\u00e1hodn\u00e9 otev\u0159en\u00ed nen\u00ed mo\u017en\u00e9 ani p\u0159i dynamick\u00fdch sportovn\u00edch aktivit\u00e1ch. Zadn\u00ed strana titanov\u00e9 desky je ide\u00e1ln\u00ed pro laserov\u00e9 grav\u00edrov\u00e1n\u00ed va\u0161eho jm\u00e9na, p\u0159ezd\u00edvky nebo dokonce l\u00e9ka\u0159sk\u00fdch \u00fadaj\u016f a dal\u0161\u00edch informac\u00ed. S \u010dern\u00fdm kuli\u010dkov\u00fdm \u0159et\u00edzkem.<\/p>\n<p>Zna\u010dka: Boker Plus<br \/>\nCelkov\u00e1 d\u00e9lka: 9,60 cm<br \/>\nD\u00e9lka \u010depele: 4,30 cm<br \/>\nTlou\u0161\u0165ka \u010depele: 1,70 mm<br \/>\nHmotnost: 24,00 g<br \/>\nN\u00e1vrh\u00e1\u0159: Jan Kuba\u0161ek<br \/>\nMateri\u00e1l \u010depele: 440C<br \/>\nMateri\u00e1l rukojeti: titan<br \/>\nPom\u016fcka pro otev\u00edr\u00e1n\u00ed: Otev\u00edr\u00e1n\u00ed palcem<br \/>\nOtev\u00edrac\u00ed: Ru\u010dn\u011b<br \/>\nUzav\u0159en\u00ed: Stiskn\u011bte tla\u010d\u00edtko<br \/>\n\u010c\u00edslo polo\u017eky: 01BO210<\/p>\n<p>&nbsp;<\/p>\n<p>&nbsp;<\/p>\n","protected":false},"excerpt":{"rendered":"<p><strong>John Kubasek ji\u017e ohromil sv\u00fdmi n\u00e1padit\u00fdmi designy nespo\u010det p\u0159\u00edznivc\u016f no\u017e\u016f a nyn\u00ed je sv\u00fdmi inovativn\u00edmi kapesn\u00edmi no\u017ei zn\u00e1m\u00fd po cel\u00e9m sv\u011bt\u011b.<\/strong><\/p>\n","protected":false},"featured_media":370662,"comment_status":"closed","ping_status":"closed","template":"","meta":[],"pwb-brand":[140],"product_brand":[],"product_cat":[17,22],"product_tag":[],"class_list":{"0":"post-361183","1":"product","2":"type-product","3":"status-publish","4":"has-post-thumbnail","6":"pwb-brand-boker","7":"product_cat-noze","8":"product_cat-zaviraci-noze","10":"first","11":"instock","12":"taxable","13":"shipping-taxable","14":"purchasable","15":"product-type-simple"},"brands":[{"id":140,"name":"Boker","slug":"boker"}],"_links":{"self":[{"href":"https:\/\/www.moskito.cz\/en\/wp-json\/wp\/v2\/product\/361183","targetHints":{"allow":["GET"]}}],"collection":[{"href":"https:\/\/www.moskito.cz\/en\/wp-json\/wp\/v2\/product"}],"about":[{"href":"https:\/\/www.moskito.cz\/en\/wp-json\/wp\/v2\/types\/product"}],"replies":[{"embeddable":true,"href":"https:\/\/www.moskito.cz\/en\/wp-json\/wp\/v2\/comments?post=361183"}],"wp:featuredmedia":[{"embeddable":true,"href":"https:\/\/www.moskito.cz\/en\/wp-json\/wp\/v2\/media\/370662"}],"wp:attachment":[{"href":"https:\/\/www.moskito.cz\/en\/wp-json\/wp\/v2\/media?parent=361183"}],"wp:term":[{"taxonomy":"pwb-brand","embeddable":true,"href":"https:\/\/www.moskito.cz\/en\/wp-json\/wp\/v2\/pwb-brand?post=361183"},{"taxonomy":"product_brand","embeddable":true,"href":"https:\/\/www.moskito.cz\/en\/wp-json\/wp\/v2\/product_brand?post=361183"},{"taxonomy":"product_cat","embeddable":true,"href":"https:\/\/www.moskito.cz\/en\/wp-json\/wp\/v2\/product_cat?post=361183"},{"taxonomy":"product_tag","embeddable":true,"href":"https:\/\/www.moskito.cz\/en\/wp-json\/wp\/v2\/product_tag?post=361183"}],"curies":[{"name":"wp","href":"https:\/\/api.w.org\/{rel}","templated":true}]}}