{"id":361302,"date":"2024-09-26T13:02:06","date_gmt":"2024-09-26T12:02:06","guid":{"rendered":"https:\/\/www.moskito.cz\/produkt\/magnum-classic-hunter\/"},"modified":"2025-05-07T11:25:27","modified_gmt":"2025-05-07T10:25:27","slug":"magnum-classic-hunter","status":"publish","type":"product","link":"https:\/\/www.moskito.cz\/en\/product\/magnum-classic-hunter\/","title":{"rendered":"Zav\u00edrac\u00ed N\u016f\u017e Magnum Classic Hunter 01MB136"},"content":{"rendered":"<table style=\"width: 50%; letter-spacing: 0.03em;\">\n<tbody>\n<tr>\n<td style=\"width: 50%;\">Celkov\u00e1 d\u00e9lka:<\/td>\n<td style=\"width: 25%;\">20.5 cm<\/td>\n<\/tr>\n<tr>\n<td style=\"width: 50%;\">D\u00e9lka \u010depele:<\/td>\n<td style=\"width: 25%;\">9 cm<\/td>\n<\/tr>\n<tr>\n<td style=\"width: 50%;\">Tlou\u0161\u0165ka \u010depele:<\/td>\n<td style=\"width: 25%;\">3 mm<\/td>\n<\/tr>\n<tr>\n<td style=\"width: 50%;\">Hmotnost:<\/td>\n<td style=\"width: 25%;\">276 g<\/td>\n<\/tr>\n<tr>\n<td style=\"width: 50%;\">Materi\u00e1l \u010depele:<\/td>\n<td style=\"width: 25%;\"><a href=\"\/prehled-materialu\/440-a\">440A<\/a><\/td>\n<\/tr>\n<tr>\n<td style=\"width: 50%;\">Materi\u00e1l rukojeti:<\/td>\n<td style=\"width: 25%;\">D\u0159evo<\/td>\n<\/tr>\n<tr>\n<td style=\"width: 50%;\">Typ pojistky:<\/td>\n<td style=\"width: 25%;\">Zadn\u00ed<\/td>\n<\/tr>\n<\/tbody>\n<\/table>\n<p>V\u0161echny t\u0159i \u010depele z nerezov\u00e9 oceli 440 jsou individu\u00e1ln\u011b uzamykateln\u00e9 p\u0159es pojistku Lockback, co\u017e vylu\u010duje ne\u00famysln\u00e9 sklopen\u00ed \u010depele. Tento model m\u00e1 Bowie \u010depel, h\u00e1\u010dek pro lov a pilku na d\u0159evo\/kosti. D\u0159ev\u011bn\u00e9 st\u0159enky rukojeti kr\u00e1sn\u011b kontrastuj\u00ed s\u00a0bolstery z nerezov\u00e9 oceli a dotv\u00e1\u0159\u00ed celkov\u00fd dojem. Multifunk\u010dn\u00ed n\u016f\u017e na lov, trekking nebo p\u011b\u0161\u00ed t\u00faru.<\/p>\n","protected":false},"excerpt":{"rendered":"<p><strong>Loveck\u00fd n\u016f\u017e par excellence.\u00a0<\/strong><\/p>\n","protected":false},"featured_media":363562,"comment_status":"closed","ping_status":"closed","template":"","meta":[],"pwb-brand":[140],"product_brand":[],"product_cat":[22,17],"product_tag":[],"class_list":{"0":"post-361302","1":"product","2":"type-product","3":"status-publish","4":"has-post-thumbnail","6":"pwb-brand-boker","7":"product_cat-zaviraci-noze","8":"product_cat-noze","10":"first","11":"instock","12":"taxable","13":"shipping-taxable","14":"purchasable","15":"product-type-simple"},"brands":[{"id":140,"name":"Boker","slug":"boker"}],"_links":{"self":[{"href":"https:\/\/www.moskito.cz\/en\/wp-json\/wp\/v2\/product\/361302","targetHints":{"allow":["GET"]}}],"collection":[{"href":"https:\/\/www.moskito.cz\/en\/wp-json\/wp\/v2\/product"}],"about":[{"href":"https:\/\/www.moskito.cz\/en\/wp-json\/wp\/v2\/types\/product"}],"replies":[{"embeddable":true,"href":"https:\/\/www.moskito.cz\/en\/wp-json\/wp\/v2\/comments?post=361302"}],"wp:featuredmedia":[{"embeddable":true,"href":"https:\/\/www.moskito.cz\/en\/wp-json\/wp\/v2\/media\/363562"}],"wp:attachment":[{"href":"https:\/\/www.moskito.cz\/en\/wp-json\/wp\/v2\/media?parent=361302"}],"wp:term":[{"taxonomy":"pwb-brand","embeddable":true,"href":"https:\/\/www.moskito.cz\/en\/wp-json\/wp\/v2\/pwb-brand?post=361302"},{"taxonomy":"product_brand","embeddable":true,"href":"https:\/\/www.moskito.cz\/en\/wp-json\/wp\/v2\/product_brand?post=361302"},{"taxonomy":"product_cat","embeddable":true,"href":"https:\/\/www.moskito.cz\/en\/wp-json\/wp\/v2\/product_cat?post=361302"},{"taxonomy":"product_tag","embeddable":true,"href":"https:\/\/www.moskito.cz\/en\/wp-json\/wp\/v2\/product_tag?post=361302"}],"curies":[{"name":"wp","href":"https:\/\/api.w.org\/{rel}","templated":true}]}}