{"id":363283,"date":"2024-10-12T19:27:44","date_gmt":"2024-10-12T18:27:44","guid":{"rendered":"https:\/\/www.moskito.cz\/?post_type=product&#038;p=363283"},"modified":"2025-05-07T11:25:44","modified_gmt":"2025-05-07T10:25:44","slug":"zaviraci-nuz-microtech-msi-stonewashed-210t-10pmwh","status":"publish","type":"product","link":"https:\/\/www.moskito.cz\/en\/product\/zaviraci-nuz-microtech-msi-stonewashed-210t-10pmwh\/","title":{"rendered":"Zav\u00edrac\u00ed N\u016f\u017e Microtech MSI Stonewashed 210T-10PMWH"},"content":{"rendered":"<p>Zav\u00edrac\u00ed N\u016f\u017e <strong>Microtech<\/strong> MSI Stonewashed 210T-10PMWH.<\/p>\n<p>MSI ( Microtech Standard Issue), vydan\u00fd v roce 2023, je prvn\u00edm no\u017eem spole\u010dnosti Microtech, kter\u00fd m\u00e1 fantastickou technologii RAM-LOK. Tento tvrd\u00fd pohled na z\u00e1mek p\u0159\u00ed\u010dn\u00edku obsahuje charakteristick\u00fd krokov\u00fd vzor Microtech, kter\u00fd se proslavil ovl\u00e1dac\u00edmi sp\u00edna\u010di \u0159ady Ultratech . Velk\u00fd v\u00fd\u0159ez \u010depele poskytuje dostatek prostoru pro zp\u011btn\u00e9 \u0161vih\u00e1n\u00ed prost\u0159edn\u00edkem a standardn\u00ed pomal\u00e9 otev\u00edr\u00e1n\u00ed palcem v rukavic\u00edch nebo bez nich. Pokud ani jedno z toho nechcete, jednodu\u0161e zat\u00e1hn\u011bte za RAM-LOK a \u010depel se otev\u0159e jednoduch\u00fdm pohybem z\u00e1p\u011bst\u00ed. Vst\u0159ikovan\u00e9 rukojeti jsou hladk\u00e9 a m\u00edrn\u011b lepkav\u00e9 a poskytuj\u00ed velk\u00fd potenci\u00e1l uchopen\u00ed jak ve standardn\u00edch, tak i obr\u00e1cen\u00fdch rukojet\u00edch. Robustn\u00ed, trvanliv\u00e9, extr\u00e9mn\u011b vysok\u00e9 hodnoty a vyroben\u00e9 v USA; v\u00edme, \u017ee MSI se rychle stane obl\u00edben\u00fdm fanou\u0161kem mezi v\u0161emi \u010dleny komunity no\u017e\u016f.<\/p>\n<p>Specifikace:<br \/>\nCelkov\u00e1 d\u00e9lka: 22.7 cm<br \/>\nD\u00e9lka \u010depele: 9.9 cm<br \/>\nTlou\u0161\u0165ka \u010depele: 0.4 cm<br \/>\nOcel \u010depele: Nerezov\u00e1 ocel Bohler M390MK<br \/>\nStyl \u010depele: Modifikovan\u00fd Sheepfoot<br \/>\nBrou\u0161en\u00ed \u010depele: Ploch\u00e9<br \/>\nPovrchov\u00e1 \u00faprava \u010depele: Stonewash<br \/>\nMateri\u00e1l rukojeti: B\u00edl\u00fd vst\u0159ikovan\u00fd polymer<br \/>\nMateri\u00e1l vlo\u017eky: Nerezov\u00e1 ocel<br \/>\nUzamykac\u00ed mechanismus: RAM-LOK<br \/>\nKapesn\u00ed spona: Nerezov\u00e1 ocel (vykl\u00e1p\u011bc\u00ed, lev\u00e9\/prav\u00e9 no\u0161en\u00ed)<br \/>\nHmotnost: 4,52 oz.<br \/>\nDesign\u00e9r: Tony Marfione<br \/>\nVyrobeno v USA<\/p>\n<p><iframe title=\"Microtech Combat Troodon Torture Test\" width=\"800\" height=\"450\" src=\"https:\/\/www.youtube.com\/embed\/xE9TeOFYEjg?feature=oembed\" frameborder=\"0\" allow=\"accelerometer; autoplay; clipboard-write; encrypted-media; gyroscope; picture-in-picture; web-share\" referrerpolicy=\"strict-origin-when-cross-origin\" allowfullscreen><\/iframe><\/p>\n<p>&nbsp;<\/p>\n","protected":false},"excerpt":{"rendered":"<p><strong>V pr\u016fb\u011bhu let Microtech\u00ae Knives naplnil v\u00e1\u0161n\u00ed a dovednost\u00ed v\u00fdrobu no\u017e\u016f, a\u017e z nich vytvo\u0159il t\u00e9m\u011b\u0159 um\u011bleck\u00e1 d\u00edla,kter\u00e9 jsou vrcholem funk\u010dnosti.V\u0161echny d\u00edly jsou vyrobeny v USA.<\/strong><br \/>\n<strong>Na v\u0161echny no\u017ee Microtech je do\u017eivotn\u00ed z\u00e1ruka.<\/strong><\/p>\n<p><strong>Doprava zdarma.<\/strong><\/p>\n","protected":false},"featured_media":363284,"comment_status":"open","ping_status":"closed","template":"","meta":[],"pwb-brand":[431],"product_brand":[],"product_cat":[22,17],"product_tag":[],"class_list":{"0":"post-363283","1":"product","2":"type-product","3":"status-publish","4":"has-post-thumbnail","6":"pwb-brand-microtech","7":"product_cat-zaviraci-noze","8":"product_cat-noze","10":"first","11":"outofstock","12":"taxable","13":"shipping-taxable","14":"purchasable","15":"product-type-simple"},"brands":[{"id":431,"name":"Microtech","slug":"microtech"}],"_links":{"self":[{"href":"https:\/\/www.moskito.cz\/en\/wp-json\/wp\/v2\/product\/363283","targetHints":{"allow":["GET"]}}],"collection":[{"href":"https:\/\/www.moskito.cz\/en\/wp-json\/wp\/v2\/product"}],"about":[{"href":"https:\/\/www.moskito.cz\/en\/wp-json\/wp\/v2\/types\/product"}],"replies":[{"embeddable":true,"href":"https:\/\/www.moskito.cz\/en\/wp-json\/wp\/v2\/comments?post=363283"}],"wp:featuredmedia":[{"embeddable":true,"href":"https:\/\/www.moskito.cz\/en\/wp-json\/wp\/v2\/media\/363284"}],"wp:attachment":[{"href":"https:\/\/www.moskito.cz\/en\/wp-json\/wp\/v2\/media?parent=363283"}],"wp:term":[{"taxonomy":"pwb-brand","embeddable":true,"href":"https:\/\/www.moskito.cz\/en\/wp-json\/wp\/v2\/pwb-brand?post=363283"},{"taxonomy":"product_brand","embeddable":true,"href":"https:\/\/www.moskito.cz\/en\/wp-json\/wp\/v2\/product_brand?post=363283"},{"taxonomy":"product_cat","embeddable":true,"href":"https:\/\/www.moskito.cz\/en\/wp-json\/wp\/v2\/product_cat?post=363283"},{"taxonomy":"product_tag","embeddable":true,"href":"https:\/\/www.moskito.cz\/en\/wp-json\/wp\/v2\/product_tag?post=363283"}],"curies":[{"name":"wp","href":"https:\/\/api.w.org\/{rel}","templated":true}]}}