{"id":369512,"date":"2024-11-11T18:38:49","date_gmt":"2024-11-11T17:38:49","guid":{"rendered":"https:\/\/www.moskito.cz\/?post_type=product&#038;p=369512"},"modified":"2025-05-07T11:26:06","modified_gmt":"2025-05-07T10:26:06","slug":"vystrelovaci-nuz-benchmade-om-4850","status":"publish","type":"product","link":"https:\/\/www.moskito.cz\/en\/product\/vystrelovaci-nuz-benchmade-om-4850\/","title":{"rendered":"Vyst\u0159elovac\u00ed N\u016f\u017e Benchmade OM 4850"},"content":{"rendered":"<p>Vyst\u0159elovac\u00ed N\u016f\u017e <strong>Benchmade<\/strong> OM 4850.<\/p>\n<p>Benchmade OM 4850 &#8211; Automatick\u00fd N\u016f\u017e OTF<\/p>\n<p>N\u016f\u017e Benchmade OM 4850 je kompaktn\u00ed, kvalitn\u00ed n\u00e1stroj ur\u010den\u00fd pro u\u017eivatele, kte\u0159\u00ed preferuj\u00ed malou \u010depel a nen\u00e1padn\u00fd profil. Tento model je vybaven dvoj\u010dinn\u00fdm mechanismem OTF (Out the Front), co\u017e znamen\u00e1, \u017ee \u010depel je vysouv\u00e1na z rukojeti nejen tla\u010d\u00edtkem pro snadn\u00e9 a rychl\u00e9 nasazen\u00ed, ale z\u00e1rove\u0148 je na ob\u011b strany rukojeti mo\u017en\u00e9 ji vysunout i zasunout. D\u00edky tomu je ide\u00e1ln\u00ed volbou pro no\u0161en\u00ed, kter\u00e9 neupout\u00e1v\u00e1 pozornost, p\u0159i\u010dem\u017e zachov\u00e1v\u00e1 vysokou funk\u010dnost a kvalitu.<\/p>\n<p>Vlastnosti:<br \/>\nDvoj\u010dinn\u00fd mechanismus OTF pro rychl\u00e9 a snadn\u00e9 pou\u017eit\u00ed<br \/>\nTla\u010d\u00edtko pro uvoln\u011bn\u00ed p\u00e1te\u0159e pro hladk\u00e9 nasazen\u00ed<br \/>\nAuto Clip point \u010depel s pr\u00e9miov\u00fdm materi\u00e1lem CPM-S30V (nerezov\u00e1 ocel) pro vynikaj\u00edc\u00ed ostrost a dlouhou \u017eivotnost<br \/>\nHlin\u00edkov\u00e1 rukoje\u0165 z materi\u00e1lu 6061-T6 s \u010dernou eloxovanou povrchovou \u00fapravou, co\u017e zaji\u0161\u0165uje odolnost a komfortn\u00ed \u00fachop<br \/>\nOboustrann\u011b vykl\u00e1p\u011bc\u00ed spona na hlubokou kapsu pro pohodln\u00e9 no\u0161en\u00ed<br \/>\nSpecifikace:<br \/>\nD\u00e9lka \u010depele: 6,29 cm<br \/>\nTlou\u0161\u0165ka \u010depele: 2,324 mm<br \/>\nTlou\u0161\u0165ka rukojeti: 14,99 mm<br \/>\nMateri\u00e1l \u010depele: CPM-S30V nerezov\u00e1 ocel<br \/>\nTvrdost \u010depele: 58-60 HRC<br \/>\nStyl \u010depele: Clip Point<br \/>\nPovrchov\u00e1 \u00faprava \u010depele: Sat\u00e9n<br \/>\nHmotnost: 1,51 oz. (42,81 g)<br \/>\nKapesn\u00ed klip: Mini Deep Carry, prav\u00fd\/lev\u00fd nositeln\u00fd<br \/>\nMateri\u00e1l rukojeti: \u010cern\u00fd hlin\u00edk 6061-T6<br \/>\nUzamykac\u00ed mechanismus: Posuvn\u00fd<br \/>\nCelkov\u00e1 d\u00e9lka: 14,94 cm<br \/>\nD\u00e9lka v zav\u0159en\u00e9m stavu: 8,64 cm<br \/>\nT\u0159\u00edda: \u010cern\u00e1<br \/>\nVyrobeno v USA<br \/>\nTento model je ide\u00e1ln\u00ed pro ka\u017edodenn\u00ed no\u0161en\u00ed, pokud hled\u00e1te n\u016f\u017e, kter\u00fd je v\u00fdkonn\u00fd, odoln\u00fd a z\u00e1rove\u0148 nen\u00e1padn\u00fd. Benchmade OM 4850 je skv\u011blou volbou pro ty, kdo pot\u0159ebuj\u00ed kompaktn\u00ed a efektivn\u00ed n\u00e1stroj, kter\u00fd se snadno schov\u00e1 v kapse nebo na opasku.<\/p>\n","protected":false},"excerpt":{"rendered":"<p><strong>Tento model je ide\u00e1ln\u00ed pro ka\u017edodenn\u00ed no\u0161en\u00ed, pokud hled\u00e1te n\u016f\u017e, kter\u00fd je v\u00fdkonn\u00fd, odoln\u00fd a z\u00e1rove\u0148 nen\u00e1padn\u00fd. Benchmade OM 4850 je skv\u011blou volbou pro ty, kdo pot\u0159ebuj\u00ed kompaktn\u00ed a efektivn\u00ed n\u00e1stroj, kter\u00fd se snadno schov\u00e1 v kapse nebo na opasku.<\/strong><\/p>\n<p><strong>Doprava zdarma.<\/strong><\/p>\n","protected":false},"featured_media":369521,"comment_status":"open","ping_status":"closed","template":"","meta":[],"pwb-brand":[3960],"product_brand":[],"product_cat":[2019,17],"product_tag":[],"class_list":{"0":"post-369512","1":"product","2":"type-product","3":"status-publish","4":"has-post-thumbnail","6":"pwb-brand-benchmade","7":"product_cat-vystrelovaci-noze","8":"product_cat-noze","10":"first","11":"instock","12":"taxable","13":"shipping-taxable","14":"purchasable","15":"product-type-simple"},"brands":[{"id":3960,"name":"Benchmade","slug":"benchmade"}],"_links":{"self":[{"href":"https:\/\/www.moskito.cz\/en\/wp-json\/wp\/v2\/product\/369512","targetHints":{"allow":["GET"]}}],"collection":[{"href":"https:\/\/www.moskito.cz\/en\/wp-json\/wp\/v2\/product"}],"about":[{"href":"https:\/\/www.moskito.cz\/en\/wp-json\/wp\/v2\/types\/product"}],"replies":[{"embeddable":true,"href":"https:\/\/www.moskito.cz\/en\/wp-json\/wp\/v2\/comments?post=369512"}],"wp:featuredmedia":[{"embeddable":true,"href":"https:\/\/www.moskito.cz\/en\/wp-json\/wp\/v2\/media\/369521"}],"wp:attachment":[{"href":"https:\/\/www.moskito.cz\/en\/wp-json\/wp\/v2\/media?parent=369512"}],"wp:term":[{"taxonomy":"pwb-brand","embeddable":true,"href":"https:\/\/www.moskito.cz\/en\/wp-json\/wp\/v2\/pwb-brand?post=369512"},{"taxonomy":"product_brand","embeddable":true,"href":"https:\/\/www.moskito.cz\/en\/wp-json\/wp\/v2\/product_brand?post=369512"},{"taxonomy":"product_cat","embeddable":true,"href":"https:\/\/www.moskito.cz\/en\/wp-json\/wp\/v2\/product_cat?post=369512"},{"taxonomy":"product_tag","embeddable":true,"href":"https:\/\/www.moskito.cz\/en\/wp-json\/wp\/v2\/product_tag?post=369512"}],"curies":[{"name":"wp","href":"https:\/\/api.w.org\/{rel}","templated":true}]}}