{"id":369561,"date":"2024-11-11T18:55:55","date_gmt":"2024-11-11T17:55:55","guid":{"rendered":"https:\/\/www.moskito.cz\/?post_type=product&#038;p=369561"},"modified":"2025-09-17T16:06:03","modified_gmt":"2025-09-17T15:06:03","slug":"zaviraci-nuz-benchmade-bugout-axis-535-12","status":"publish","type":"product","link":"https:\/\/www.moskito.cz\/en\/product\/zaviraci-nuz-benchmade-bugout-axis-535-12\/","title":{"rendered":"Zav\u00edrac\u00ed N\u016f\u017e Benchmade Bugout AXIS 535-12"},"content":{"rendered":"<h1 data-start=\"164\" data-end=\"207\">Zav\u00edrac\u00ed N\u016f\u017e Benchmade Bugout AXIS 535-12<\/h1>\n<p data-start=\"209\" data-end=\"626\">Benchmade Bugout AXIS 535-12 je legend\u00e1rn\u00ed zav\u00edrac\u00ed n\u016f\u017e navr\u017een\u00fd pro maxim\u00e1ln\u00ed lehkost, rychlost a v\u0161estrann\u00e9 pou\u017eit\u00ed. Tento model je ide\u00e1ln\u00ed volbou pro ka\u017edodenn\u00ed no\u0161en\u00ed (EDC), outdoorov\u00e9 dobrodruhy i profesion\u00e1ly, kte\u0159\u00ed vy\u017eaduj\u00ed spolehlivost a pohodl\u00ed p\u0159i pr\u00e1ci s no\u017eem. Bugout AXIS kombinuje modern\u00ed materi\u00e1ly, ergonomii a pr\u00e9miovou konstrukci, d\u00edky \u010demu\u017e je jedn\u00edm z nejvyhled\u00e1van\u011bj\u0161\u00edch zav\u00edrac\u00edch no\u017e\u016f na trhu.<\/p>\n<p data-start=\"628\" data-end=\"999\">\u010cepel z pr\u00e9miov\u00e9 oceli CPM-S30V zaji\u0161\u0165uje vynikaj\u00edc\u00ed tvrdost, dlouhou \u017eivotnost ost\u0159\u00ed a odolnost proti korozi. Drop-point tvar \u010depele je univerz\u00e1ln\u00ed a umo\u017e\u0148uje precizn\u00ed \u0159ez\u00e1n\u00ed, kr\u00e1jen\u00ed i lehk\u00e9 pr\u016frazn\u00e9 \u00fakony. Rukoje\u0165 z odleh\u010den\u00e9ho materi\u00e1lu Grivory\u00ae je ergonomicky tvarovan\u00e1 a vybavena texturou, kter\u00e1 poskytuje pevn\u00fd a jist\u00fd \u00fachop i v mokr\u00fdch nebo kluzk\u00fdch podm\u00ednk\u00e1ch.<\/p>\n<p data-start=\"1001\" data-end=\"1388\">AXIS\u00ae Lock je spolehliv\u00fd mechanismus pro hladk\u00e9 otev\u00edr\u00e1n\u00ed jednou rukou a bezpe\u010dn\u00e9 zaji\u0161t\u011bn\u00ed \u010depele p\u0159i pou\u017eit\u00ed. Bugout AXIS 535-12 je extr\u00e9mn\u011b lehk\u00fd a kompaktn\u00ed, co\u017e umo\u017e\u0148uje jeho diskr\u00e9tn\u00ed no\u0161en\u00ed, ani\u017e by se sn\u00ed\u017eila funk\u010dnost nebo odolnost. D\u00edky kombinaci modern\u00ed technologie, pr\u00e9miov\u00fdch materi\u00e1l\u016f a minimalistick\u00e9ho designu se tento n\u016f\u017e stal ikonou mezi v\u0161estrann\u00fdmi zav\u00edrac\u00edmi no\u017ei.<\/p>\n<hr data-start=\"1390\" data-end=\"1393\" \/>\n<p data-start=\"1395\" data-end=\"1413\">\ud83d\udd27 <strong data-start=\"1398\" data-end=\"1413\">Specifikace<\/strong><\/p>\n<ul data-start=\"1415\" data-end=\"1999\">\n<li data-start=\"1415\" data-end=\"1470\">\n<p data-start=\"1417\" data-end=\"1470\"><strong data-start=\"1417\" data-end=\"1450\">Celkov\u00e1 d\u00e9lka (otev\u0159en\u00fd n\u016f\u017e):<\/strong> 7,63&#8221; | 19,39 cm<\/p>\n<\/li>\n<li data-start=\"1471\" data-end=\"1509\">\n<p data-start=\"1473\" data-end=\"1509\"><strong data-start=\"1473\" data-end=\"1490\">D\u00e9lka \u010depele:<\/strong> 3,24&#8221; | 8,23 cm<\/p>\n<\/li>\n<li data-start=\"1510\" data-end=\"1551\">\n<p data-start=\"1512\" data-end=\"1551\"><strong data-start=\"1512\" data-end=\"1532\">Tlou\u0161\u0165ka \u010depele:<\/strong> 0,10&#8221; | 2,54 mm<\/p>\n<\/li>\n<li data-start=\"1552\" data-end=\"1601\">\n<p data-start=\"1554\" data-end=\"1601\"><strong data-start=\"1554\" data-end=\"1581\">D\u00e9lka v zav\u0159en\u00e9m stavu:<\/strong> 4,39&#8221; | 11,15 cm<\/p>\n<\/li>\n<li data-start=\"1602\" data-end=\"1645\">\n<p data-start=\"1604\" data-end=\"1645\"><strong data-start=\"1604\" data-end=\"1626\">Tlou\u0161\u0165ka rukojeti:<\/strong> 0,50&#8221; | 12,7 mm<\/p>\n<\/li>\n<li data-start=\"1646\" data-end=\"1672\">\n<p data-start=\"1648\" data-end=\"1672\"><strong data-start=\"1648\" data-end=\"1661\">Hmotnost:<\/strong> cca 65 g<\/p>\n<\/li>\n<li data-start=\"1673\" data-end=\"1711\">\n<p data-start=\"1675\" data-end=\"1711\"><strong data-start=\"1675\" data-end=\"1695\">Materi\u00e1l \u010depele:<\/strong> CPM-S30V ocel<\/p>\n<\/li>\n<li data-start=\"1712\" data-end=\"1757\">\n<p data-start=\"1714\" data-end=\"1757\"><strong data-start=\"1714\" data-end=\"1730\">Styl \u010depele:<\/strong> Drop-Point \/ univerz\u00e1ln\u00ed<\/p>\n<\/li>\n<li data-start=\"1758\" data-end=\"1810\">\n<p data-start=\"1760\" data-end=\"1810\"><strong data-start=\"1760\" data-end=\"1772\">Rukoje\u0165:<\/strong> Grivory\u00ae s texturou pro pevn\u00fd \u00fachop<\/p>\n<\/li>\n<li data-start=\"1811\" data-end=\"1836\">\n<p data-start=\"1813\" data-end=\"1836\"><strong data-start=\"1813\" data-end=\"1823\">Z\u00e1mek:<\/strong> AXIS\u00ae Lock<\/p>\n<\/li>\n<li data-start=\"1837\" data-end=\"1909\">\n<p data-start=\"1839\" data-end=\"1909\"><strong data-start=\"1839\" data-end=\"1856\">Kapesn\u00ed klip:<\/strong> Tip-Up, Deep Carry, vhodn\u00fd pro pravou i levou ruku<\/p>\n<\/li>\n<li data-start=\"1910\" data-end=\"1954\">\n<p data-start=\"1912\" data-end=\"1954\"><strong data-start=\"1912\" data-end=\"1940\">Povrchov\u00e1 \u00faprava \u010depele:<\/strong> Stonewashed<\/p>\n<\/li>\n<li data-start=\"1955\" data-end=\"1999\">\n<p data-start=\"1957\" data-end=\"1999\"><strong data-start=\"1957\" data-end=\"1967\">Barva:<\/strong> \u010dern\u00e1 rukoje\u0165, st\u0159\u00edbrn\u00e1 \u010depel<\/p>\n<\/li>\n<\/ul>\n<hr data-start=\"2001\" data-end=\"2004\" \/>\n<p data-start=\"2006\" data-end=\"2025\">\u2705 <strong data-start=\"2008\" data-end=\"2025\">Hlavn\u00ed v\u00fdhody<\/strong><\/p>\n<ul data-start=\"2027\" data-end=\"2366\">\n<li data-start=\"2027\" data-end=\"2098\">\n<p data-start=\"2029\" data-end=\"2098\">Pr\u00e9miov\u00e1 CPM-S30V ocel \u2013 tvrdost, odolnost a dlouh\u00e1 \u017eivotnost ost\u0159\u00ed<\/p>\n<\/li>\n<li data-start=\"2099\" data-end=\"2170\">\n<p data-start=\"2101\" data-end=\"2170\">AXIS\u00ae Lock \u2013 bezpe\u010dn\u00fd a spolehliv\u00fd mechanismus pro rychl\u00e9 otev\u00edr\u00e1n\u00ed<\/p>\n<\/li>\n<li data-start=\"2171\" data-end=\"2237\">\n<p data-start=\"2173\" data-end=\"2237\">Extr\u00e9mn\u011b lehk\u00fd a kompaktn\u00ed design vhodn\u00fd pro ka\u017edodenn\u00ed no\u0161en\u00ed<\/p>\n<\/li>\n<li data-start=\"2238\" data-end=\"2321\">\n<p data-start=\"2240\" data-end=\"2321\">Ergonomick\u00e1 a texturovan\u00e1 rukoje\u0165 z Grivory\u00ae \u2013 pevn\u00fd \u00fachop i v mokr\u00e9m prost\u0159ed\u00ed<\/p>\n<\/li>\n<li data-start=\"2322\" data-end=\"2366\">\n<p data-start=\"2324\" data-end=\"2366\">Drop-point \u010depel pro univerz\u00e1ln\u00ed vyu\u017eit\u00ed<\/p>\n<\/li>\n<\/ul>\n<hr data-start=\"2368\" data-end=\"2371\" \/>\n<p data-start=\"2373\" data-end=\"2393\">\u26a0\ufe0f <strong data-start=\"2376\" data-end=\"2393\">Mo\u017en\u00e1 omezen\u00ed<\/strong><\/p>\n<ul data-start=\"2395\" data-end=\"2532\">\n<li data-start=\"2395\" data-end=\"2478\">\n<p data-start=\"2397\" data-end=\"2478\">Men\u0161\u00ed velikost \u010depele nemus\u00ed vyhovovat n\u00e1ro\u010dn\u00fdm pr\u016frazn\u00fdm nebo taktick\u00fdm \u00fakon\u016fm<\/p>\n<\/li>\n<li data-start=\"2479\" data-end=\"2532\">\n<p data-start=\"2481\" data-end=\"2532\">Cena odpov\u00edd\u00e1 pr\u00e9miov\u00fdm materi\u00e1l\u016fm a ru\u010dn\u00ed v\u00fdrob\u011b<\/p>\n<\/li>\n<\/ul>\n<hr data-start=\"2534\" data-end=\"2537\" \/>\n<p data-start=\"2539\" data-end=\"2560\">\ud83d\udee0\ufe0f <strong data-start=\"2543\" data-end=\"2560\">\u00dadr\u017eba a p\u00e9\u010de<\/strong><\/p>\n<ul data-start=\"2562\" data-end=\"2853\">\n<li data-start=\"2562\" data-end=\"2624\">\n<p data-start=\"2564\" data-end=\"2624\">Po pou\u017eit\u00ed \u010depel o\u010dist\u011bte a osu\u0161te, aby se p\u0159ede\u0161lo korozi<\/p>\n<\/li>\n<li data-start=\"2625\" data-end=\"2688\">\n<p data-start=\"2627\" data-end=\"2688\">Rukoje\u0165 pravideln\u011b ot\u00edrejte pro zachov\u00e1n\u00ed textury a \u010distoty<\/p>\n<\/li>\n<li data-start=\"2689\" data-end=\"2755\">\n<p data-start=\"2691\" data-end=\"2755\">AXIS\u00ae mechanismus ob\u010das proma\u017ete jemn\u00fdm olejem pro hladk\u00fd chod<\/p>\n<\/li>\n<li data-start=\"2756\" data-end=\"2853\">\n<p data-start=\"2758\" data-end=\"2853\">Pro udr\u017een\u00ed ost\u0159\u00ed doporu\u010dujeme Spyderco Tri-Angle Sharpmaker Complete Sharpening System 204MF<\/p>\n<\/li>\n<\/ul>\n<hr data-start=\"2855\" data-end=\"2858\" \/>\n<p data-start=\"2860\" data-end=\"2881\">\ud83c\udfaf <strong data-start=\"2863\" data-end=\"2881\">Doporu\u010deno pro<\/strong><\/p>\n<ul data-start=\"2883\" data-end=\"3125\">\n<li data-start=\"2883\" data-end=\"2952\">\n<p data-start=\"2885\" data-end=\"2952\">Ka\u017edodenn\u00ed nositele EDC no\u017e\u016f hledaj\u00edc\u00ed lehk\u00fd a spolehliv\u00fd n\u00e1stroj<\/p>\n<\/li>\n<li data-start=\"2953\" data-end=\"2986\">\n<p data-start=\"2955\" data-end=\"2986\">Outdoorov\u00e9 nad\u0161ence a turisty<\/p>\n<\/li>\n<li data-start=\"2987\" data-end=\"3048\">\n<p data-start=\"2989\" data-end=\"3048\">Profesion\u00e1ly vy\u017eaduj\u00edc\u00ed rychl\u00e9 a bezpe\u010dn\u00e9 otev\u0159en\u00ed \u010depele<\/p>\n<\/li>\n<li data-start=\"3049\" data-end=\"3125\">\n<p data-start=\"3051\" data-end=\"3125\">Ka\u017ed\u00e9ho, kdo ocen\u00ed kombinaci lehkosti, ergonomie a pr\u00e9miov\u00e9ho zpracov\u00e1n\u00ed<\/p>\n<\/li>\n<\/ul>\n<hr data-start=\"3127\" data-end=\"3130\" \/>\n<p data-start=\"3132\" data-end=\"3157\">\u2b50 <strong data-start=\"3134\" data-end=\"3157\">Z\u00e1v\u011bre\u010dn\u00e9 hodnocen\u00ed<\/strong><\/p>\n<p data-start=\"3159\" data-end=\"3506\">Benchmade Bugout AXIS 535-12 je legend\u00e1rn\u00ed zav\u00edrac\u00ed n\u016f\u017e, kter\u00fd spojuje lehkost, spolehlivost a univerz\u00e1ln\u00ed pou\u017eit\u00ed. D\u00edky pr\u00e9miov\u00e9 oceli, AXIS\u00ae lock mechanismu a ergonomick\u00e9 rukojeti je ide\u00e1ln\u00ed pro ka\u017edodenn\u00ed no\u0161en\u00ed, outdoorov\u00e9 aktivity i sb\u011bratelsk\u00e9 \u00fa\u010dely. Tento model p\u0159edstavuje dokonalou rovnov\u00e1hu mezi v\u00fdkonem, pohodl\u00edm a pr\u00e9miov\u00fdm designem.<\/p>\n","protected":false},"excerpt":{"rendered":"<p><strong>Tento model Benchmade Bugout AXIS 535-12 je ide\u00e1ln\u00ed pro ka\u017edodenn\u00ed no\u0161en\u00ed a v\u0161echny outdoorov\u00e9 aktivity, kde je pot\u0159eba spolehliv\u00fd a lehk\u00fd n\u00e1stroj.<\/strong><\/p>\n<p><strong>Doprava zdarma.<\/strong><\/p>\n","protected":false},"featured_media":369562,"comment_status":"open","ping_status":"closed","template":"","meta":[],"pwb-brand":[3960],"product_brand":[],"product_cat":[22,17],"product_tag":[],"class_list":{"0":"post-369561","1":"product","2":"type-product","3":"status-publish","4":"has-post-thumbnail","6":"pwb-brand-benchmade","7":"product_cat-zaviraci-noze","8":"product_cat-noze","10":"first","11":"instock","12":"taxable","13":"shipping-taxable","14":"purchasable","15":"product-type-simple"},"brands":[{"id":3960,"name":"Benchmade","slug":"benchmade"}],"_links":{"self":[{"href":"https:\/\/www.moskito.cz\/en\/wp-json\/wp\/v2\/product\/369561","targetHints":{"allow":["GET"]}}],"collection":[{"href":"https:\/\/www.moskito.cz\/en\/wp-json\/wp\/v2\/product"}],"about":[{"href":"https:\/\/www.moskito.cz\/en\/wp-json\/wp\/v2\/types\/product"}],"replies":[{"embeddable":true,"href":"https:\/\/www.moskito.cz\/en\/wp-json\/wp\/v2\/comments?post=369561"}],"wp:featuredmedia":[{"embeddable":true,"href":"https:\/\/www.moskito.cz\/en\/wp-json\/wp\/v2\/media\/369562"}],"wp:attachment":[{"href":"https:\/\/www.moskito.cz\/en\/wp-json\/wp\/v2\/media?parent=369561"}],"wp:term":[{"taxonomy":"pwb-brand","embeddable":true,"href":"https:\/\/www.moskito.cz\/en\/wp-json\/wp\/v2\/pwb-brand?post=369561"},{"taxonomy":"product_brand","embeddable":true,"href":"https:\/\/www.moskito.cz\/en\/wp-json\/wp\/v2\/product_brand?post=369561"},{"taxonomy":"product_cat","embeddable":true,"href":"https:\/\/www.moskito.cz\/en\/wp-json\/wp\/v2\/product_cat?post=369561"},{"taxonomy":"product_tag","embeddable":true,"href":"https:\/\/www.moskito.cz\/en\/wp-json\/wp\/v2\/product_tag?post=369561"}],"curies":[{"name":"wp","href":"https:\/\/api.w.org\/{rel}","templated":true}]}}