{"id":369610,"date":"2024-11-11T19:12:02","date_gmt":"2024-11-11T18:12:02","guid":{"rendered":"https:\/\/www.moskito.cz\/?post_type=product&#038;p=369610"},"modified":"2025-09-16T14:41:20","modified_gmt":"2025-09-16T13:41:20","slug":"vystrelovaci-nuz-benchmade-autocrat-3400bk-1","status":"publish","type":"product","link":"https:\/\/www.moskito.cz\/en\/product\/vystrelovaci-nuz-benchmade-autocrat-3400bk-1\/","title":{"rendered":"Vyst\u0159elovac\u00ed N\u016f\u017e Benchmade Autocrat 3400BK-1"},"content":{"rendered":"<p>Benchmade 3400BK-1 a 3400BK-2 Autocrat pokra\u010duj\u00ed v odkazu rychlosti a stylu nastaven\u00e9ho p\u016fvodn\u00edm 3400 Autocrat . Tyto modely p\u0159edstavuj\u00ed nejnov\u011bj\u0161\u00ed p\u0159\u00edr\u016fstky do \u0159ady Benchmade, navr\u017een\u00e9 s ohledem jak na EDC (Everyday Carry), tak na taktick\u00e9 nad\u0161ence . Jejich OTF (Out-the-Front) design nab\u00edz\u00ed jak vynikaj\u00edc\u00ed funk\u010dnost, tak estetick\u00fd vzhled.<\/p>\n<p>Kl\u00ed\u010dov\u00e9 vlastnosti:<br \/>\nRukoje\u0165 : Peel Ply Olive Drab G10 v\u00e1hy sp\u00e1rovan\u00e9 s \u010dern\u00fdm eloxovan\u00fdm hlin\u00edkov\u00fdm r\u00e1mem 6061-T6 , kter\u00fd nab\u00edz\u00ed odolnost a bezpe\u010dn\u00e9 uchopen\u00ed.<br \/>\n\u010cepel : \u010cepel z nerezov\u00e9 oceli CPM-S30V je pota\u017eena \u010dern\u00fdm DLC (Diamond-Like Carbon) pro zv\u00fd\u0161enou \u017eivotnost a odolnost proti korozi. Dvoub\u0159it\u00e1 \u010depel ve stylu d\u00fdky poskytuje p\u0159esn\u00e9 \u0159ez\u00e1n\u00ed s tvrdost\u00ed 58-60 HRC .<br \/>\nMechanismus : Dvoj\u010dinn\u00fd mechanismus OTF umo\u017e\u0148uje rychl\u00e9 nasazen\u00ed a zata\u017een\u00ed, ovl\u00e1dan\u00fd pomoc\u00ed posuvn\u00e9ho palce na p\u00e1te\u0159i pro rychl\u00e9 pou\u017eit\u00ed jednou rukou.<br \/>\nKapesn\u00ed klip : Oboustrann\u00fd kapesn\u00ed klip pro hlubok\u00e9 no\u0161en\u00ed zaji\u0161\u0165uje diskr\u00e9tn\u00ed a bezpe\u010dn\u00e9 no\u0161en\u00ed (prav\u00e1 nebo lev\u00e1 strana, se \u0161pi\u010dkou dol\u016f).<br \/>\nUzamykac\u00ed mechanismus : Posuvn\u00fd z\u00e1mek zaji\u0161\u0165uje \u010depel p\u0159i rozvinut\u00ed.<br \/>\nSpecifikace:<br \/>\nD\u00e9lka \u010depele : 9,42 cm<br \/>\nTlou\u0161\u0165ka \u010depele : 2,667 mm<br \/>\nTlou\u0161\u0165ka rukojeti : 15,24 mm<br \/>\nMateri\u00e1l \u010depele : CPM-S30V Nerezov\u00e1 ocel , \u010dern\u00fd DLC povlak<br \/>\nTvrdost \u010depele : 58-60 HRC<br \/>\nStyl \u010depele : D\u00fdka s dvojit\u00fdm ost\u0159\u00edm<br \/>\nHmotnost : 3,93 oz (111,41 g)<br \/>\nCelkov\u00e1 d\u00e9lka : 22,23 cm<br \/>\nD\u00e9lka v zav\u0159en\u00e9m stavu : 12,80 cm<br \/>\nUzamykac\u00ed mechanismus : Posuvn\u00fd z\u00e1mek<br \/>\nZem\u011b v\u00fdroby : USA<br \/>\nTyto no\u017ee jsou vyrobeny tak, aby dob\u0159e fungovaly v taktick\u00fdch situac\u00edch p\u0159i zachov\u00e1n\u00ed elegantn\u00edho a rychl\u00e9ho profilu, kter\u00fdm je Benchmade zn\u00e1m\u00fd. Kombinace materi\u00e1l\u016f, designu a pokro\u010dil\u00e9ho mechanismu OTF je \u010din\u00ed vysoce \u00fa\u010dinn\u00fdmi pro taktick\u00e9 i ka\u017edodenn\u00ed pou\u017eit\u00ed.<\/p>\n<p>&nbsp;<\/p>\n<p>&nbsp;<\/p>\n","protected":false},"excerpt":{"rendered":"<p><strong>Tyto no\u017ee jsou vyrobeny tak, aby dob\u0159e fungovaly v taktick\u00fdch situac\u00edch p\u0159i zachov\u00e1n\u00ed elegantn\u00edho a rychl\u00e9ho profilu, kter\u00fdm je Benchmade zn\u00e1m\u00fd.<\/strong><\/p>\n<p><strong>Doprava zdarma.<\/strong><\/p>\n","protected":false},"featured_media":369611,"comment_status":"open","ping_status":"closed","template":"","meta":[],"pwb-brand":[3960],"product_brand":[],"product_cat":[2019,17],"product_tag":[],"class_list":{"0":"post-369610","1":"product","2":"type-product","3":"status-publish","4":"has-post-thumbnail","6":"pwb-brand-benchmade","7":"product_cat-vystrelovaci-noze","8":"product_cat-noze","10":"first","11":"instock","12":"taxable","13":"shipping-taxable","14":"purchasable","15":"product-type-simple"},"brands":[{"id":3960,"name":"Benchmade","slug":"benchmade"}],"_links":{"self":[{"href":"https:\/\/www.moskito.cz\/en\/wp-json\/wp\/v2\/product\/369610","targetHints":{"allow":["GET"]}}],"collection":[{"href":"https:\/\/www.moskito.cz\/en\/wp-json\/wp\/v2\/product"}],"about":[{"href":"https:\/\/www.moskito.cz\/en\/wp-json\/wp\/v2\/types\/product"}],"replies":[{"embeddable":true,"href":"https:\/\/www.moskito.cz\/en\/wp-json\/wp\/v2\/comments?post=369610"}],"wp:featuredmedia":[{"embeddable":true,"href":"https:\/\/www.moskito.cz\/en\/wp-json\/wp\/v2\/media\/369611"}],"wp:attachment":[{"href":"https:\/\/www.moskito.cz\/en\/wp-json\/wp\/v2\/media?parent=369610"}],"wp:term":[{"taxonomy":"pwb-brand","embeddable":true,"href":"https:\/\/www.moskito.cz\/en\/wp-json\/wp\/v2\/pwb-brand?post=369610"},{"taxonomy":"product_brand","embeddable":true,"href":"https:\/\/www.moskito.cz\/en\/wp-json\/wp\/v2\/product_brand?post=369610"},{"taxonomy":"product_cat","embeddable":true,"href":"https:\/\/www.moskito.cz\/en\/wp-json\/wp\/v2\/product_cat?post=369610"},{"taxonomy":"product_tag","embeddable":true,"href":"https:\/\/www.moskito.cz\/en\/wp-json\/wp\/v2\/product_tag?post=369610"}],"curies":[{"name":"wp","href":"https:\/\/api.w.org\/{rel}","templated":true}]}}