{"id":369930,"date":"2024-11-11T21:36:17","date_gmt":"2024-11-11T20:36:17","guid":{"rendered":"https:\/\/www.moskito.cz\/?post_type=product&#038;p=369930"},"modified":"2025-10-20T11:04:58","modified_gmt":"2025-10-20T10:04:58","slug":"zaviraci-nuz-benchmade-bugout-axis-535bk-4","status":"publish","type":"product","link":"https:\/\/www.moskito.cz\/en\/product\/zaviraci-nuz-benchmade-bugout-axis-535bk-4\/","title":{"rendered":"Zav\u00edrac\u00ed N\u016f\u017e Benchmade Bugout AXIS 535BK-4"},"content":{"rendered":"<p>Zav\u00edrac\u00ed N\u016f\u017e Benchmade Bugout AXIS 535BK-4<\/p>\n<p>Zav\u00edrac\u00ed n\u016f\u017e Benchmade Bugout AXIS 535BK-4 je vylep\u0161enou verz\u00ed sv\u00e9ho ikonick\u00e9ho p\u0159edch\u016fdce, s n\u011bkolika vylep\u0161en\u00edmi, kter\u00e9 z n\u011bj \u010din\u00ed vynikaj\u00edc\u00ed n\u00e1stroj pro ka\u017edodenn\u00ed no\u0161en\u00ed. Tento n\u016f\u017e je vybaven pokro\u010dil\u00fdmi materi\u00e1ly a modern\u00edmi technologiemi, kter\u00e9 zaji\u0161\u0165uj\u00ed jeho dlouhou \u017eivotnost a vynikaj\u00edc\u00ed v\u00fdkon.<\/p>\n<p>Kl\u00ed\u010dov\u00e9 vlastnosti:<br \/>\nUzamykac\u00ed mechanismus AXIS: Tento obl\u00edben\u00fd syst\u00e9m zaji\u0161\u0165uje rychl\u00e9 a bezpe\u010dn\u00e9 otev\u00edr\u00e1n\u00ed a zav\u00edr\u00e1n\u00ed no\u017ee, z\u00e1rove\u0148 poskytuje stabiln\u00ed uzam\u010den\u00ed \u010depele b\u011bhem pou\u017eit\u00ed.<br \/>\nMateri\u00e1l \u010depele: M390 je pr\u00e9miov\u00e1 nerezov\u00e1 ocel s vysokou odolnost\u00ed proti opot\u0159eben\u00ed a vynikaj\u00edc\u00ed retenc\u00ed ostrosti. Ocel je tepeln\u011b zpracov\u00e1na na tvrdost 58-61 HRC, co\u017e znamen\u00e1 dlouhou \u017eivotnost a odolnost proti korozi.<br \/>\nPovrchov\u00e1 \u00faprava \u010depele: \u010cern\u00e1 Cerakote povrchov\u00e1 \u00faprava poskytuje \u010depele dal\u0161\u00ed vrstvu ochrany proti korozi a mechanick\u00e9mu po\u0161kozen\u00ed.<br \/>\nRukoje\u0165: 6061-T6 leteck\u00fd hlin\u00edk je lehk\u00fd, ale extr\u00e9mn\u011b pevn\u00fd materi\u00e1l, kter\u00fd poskytuje vynikaj\u00edc\u00ed rovnov\u00e1hu mezi odolnost\u00ed a v\u00e1hou no\u017ee. Fr\u00e9zovan\u00fd vzor na rukojeti dod\u00e1v\u00e1 nejen vizu\u00e1ln\u00ed efekt, ale i lep\u0161\u00ed uchopen\u00ed.<br \/>\nKapesn\u00ed klip: Mini Deep Carry klip umo\u017e\u0148uje no\u017ei se pohodln\u011b a nen\u00e1padn\u011b nosit v kapse.<br \/>\nSpecifikace:<br \/>\nD\u00e9lka \u010depele: 8,23 cm<br \/>\nTlou\u0161\u0165ka \u010depele: 2,29 mm<br \/>\nCelkov\u00e1 d\u00e9lka: 18,95 cm<br \/>\nD\u00e9lka v zav\u0159en\u00e9m stavu: 10,72 cm<br \/>\nTlou\u0161\u0165ka rukojeti: 10,46 mm<br \/>\nHmotnost: 70,87 g<br \/>\nMateri\u00e1l rukojeti: 6061-T6 hlin\u00edk s hlin\u00edkov\u00fdmi vymezovac\u00edmi podlo\u017ekami<br \/>\nStyl \u010depele: Drop Point<br \/>\nT\u0159\u00edda: Modr\u00e1 (pro pou\u017eit\u00ed v ka\u017edodenn\u00edm \u017eivot\u011b)<br \/>\nVyrobeno v USA<br \/>\nTento n\u016f\u017e je ide\u00e1ln\u00ed volbou pro ty, kdo hledaj\u00ed robustn\u00ed, lehk\u00fd a vysoce kvalitn\u00ed n\u016f\u017e pro ka\u017edodenn\u00ed no\u0161en\u00ed (EDC).<\/p>\n","protected":false},"excerpt":{"rendered":"<p><strong>Zav\u00edrac\u00ed n\u016f\u017e Benchmade Bugout AXIS 535BK-4 je vylep\u0161enou verz\u00ed sv\u00e9ho ikonick\u00e9ho p\u0159edch\u016fdce, s n\u011bkolika vylep\u0161en\u00edmi, kter\u00e9 z n\u011bj \u010din\u00ed vynikaj\u00edc\u00ed n\u00e1stroj pro ka\u017edodenn\u00ed no\u0161en\u00ed.<\/strong><\/p>\n<p><strong>Doprava zdarma.<\/strong><\/p>\n","protected":false},"featured_media":369931,"comment_status":"open","ping_status":"closed","template":"","meta":[],"pwb-brand":[3960],"product_brand":[],"product_cat":[22,17],"product_tag":[],"class_list":{"0":"post-369930","1":"product","2":"type-product","3":"status-publish","4":"has-post-thumbnail","6":"pwb-brand-benchmade","7":"product_cat-zaviraci-noze","8":"product_cat-noze","10":"first","11":"outofstock","12":"taxable","13":"shipping-taxable","14":"purchasable","15":"product-type-simple"},"brands":[{"id":3960,"name":"Benchmade","slug":"benchmade"}],"_links":{"self":[{"href":"https:\/\/www.moskito.cz\/en\/wp-json\/wp\/v2\/product\/369930","targetHints":{"allow":["GET"]}}],"collection":[{"href":"https:\/\/www.moskito.cz\/en\/wp-json\/wp\/v2\/product"}],"about":[{"href":"https:\/\/www.moskito.cz\/en\/wp-json\/wp\/v2\/types\/product"}],"replies":[{"embeddable":true,"href":"https:\/\/www.moskito.cz\/en\/wp-json\/wp\/v2\/comments?post=369930"}],"wp:featuredmedia":[{"embeddable":true,"href":"https:\/\/www.moskito.cz\/en\/wp-json\/wp\/v2\/media\/369931"}],"wp:attachment":[{"href":"https:\/\/www.moskito.cz\/en\/wp-json\/wp\/v2\/media?parent=369930"}],"wp:term":[{"taxonomy":"pwb-brand","embeddable":true,"href":"https:\/\/www.moskito.cz\/en\/wp-json\/wp\/v2\/pwb-brand?post=369930"},{"taxonomy":"product_brand","embeddable":true,"href":"https:\/\/www.moskito.cz\/en\/wp-json\/wp\/v2\/product_brand?post=369930"},{"taxonomy":"product_cat","embeddable":true,"href":"https:\/\/www.moskito.cz\/en\/wp-json\/wp\/v2\/product_cat?post=369930"},{"taxonomy":"product_tag","embeddable":true,"href":"https:\/\/www.moskito.cz\/en\/wp-json\/wp\/v2\/product_tag?post=369930"}],"curies":[{"name":"wp","href":"https:\/\/api.w.org\/{rel}","templated":true}]}}