{"id":372156,"date":"2024-11-14T20:21:19","date_gmt":"2024-11-14T19:21:19","guid":{"rendered":"https:\/\/www.moskito.cz\/?post_type=product&#038;p=372156"},"modified":"2025-09-15T15:57:51","modified_gmt":"2025-09-15T14:57:51","slug":"vystrelovaci-nuz-benchmade-autocrat-3400bk","status":"publish","type":"product","link":"https:\/\/www.moskito.cz\/en\/product\/vystrelovaci-nuz-benchmade-autocrat-3400bk\/","title":{"rendered":"Vyst\u0159elovac\u00ed N\u016f\u017e Benchmade Autocrat 3400BK"},"content":{"rendered":"<p>Vyst\u0159elovac\u00ed N\u016f\u017e <strong>Benchmade<\/strong> Autocrat 3400BK.<\/p>\n<p>Benchmade 3400 Autocrat OTF N\u016f\u017e<\/p>\n<p>Benchmade 3400 Autocrat je v\u00fdjime\u010dn\u00fd n\u016f\u017e, kter\u00fd spojuje pokro\u010dilou technologii a styl v kombinaci s vynikaj\u00edc\u00edmi materi\u00e1ly, co\u017e z n\u011bj \u010din\u00ed ide\u00e1ln\u00ed n\u00e1stroj pro nad\u0161ence do taktiky a EDC (Everyday Carry). Tento model je prvn\u00edm OTF (Out The Front) no\u017eem od Benchmade, kter\u00fd vyu\u017e\u00edv\u00e1 kompozitn\u00ed rukojeti, konkr\u00e9tn\u011b G10, co\u017e zaji\u0161\u0165uje skv\u00e9l\u00e9 vlastnosti jako trvanlivost, odolnost v\u016f\u010di opot\u0159eben\u00ed a lehkost.<br \/>\nVlastnosti:<\/p>\n<p>Rukoje\u0165: Kombinace hlin\u00edkov\u00e9ho r\u00e1mu a hladce fr\u00e9zovan\u00fdch \u010dern\u00fdch G10 rukojet\u00ed s vlo\u017ekou z \u010dern\u00e9ho oxidu pro odolnost a modern\u00ed vzhled.<br \/>\n\u010cepel: Dvoub\u0159it\u00e1 \u010depel ve stylu d\u00fdky vyroben\u00e1 z vysoce kvalitn\u00ed nerezov\u00e9 oceli CPM-S30V, kter\u00e1 nab\u00edz\u00ed vynikaj\u00edc\u00ed odolnost v\u016f\u010di opot\u0159eben\u00ed, dlouhou \u017eivotnost a \u0161pi\u010dkovou ostrost. Tvrdost \u010depele je 58-60 HRC.<br \/>\nAutomatick\u00fd mechanismus: Dvoj\u010dinn\u00fd mechanismus s p\u0159edn\u00edm posuvem (spine fire) umo\u017e\u0148uje snadn\u00e9 a rychl\u00e9 otev\u0159en\u00ed no\u017ee.<br \/>\nKapesn\u00ed spona: Oboustrann\u00e1, nerezov\u00e1, s mo\u017enost\u00ed upevn\u011bn\u00ed no\u017ee v kapse \u0161pi\u010dkou dol\u016f.<br \/>\nHardware: Nerezov\u00e1 ocel s modr\u00fdm oxidem titani\u010dit\u00fdm (PVD) pota\u017een\u00fdm hardwarem a modr\u00fdm eloxovan\u00fdm hlin\u00edkov\u00fdm skl\u00ed\u010dkem.<\/p>\n<p>Specifikace:<\/p>\n<p>D\u00e9lka \u010depele: 9,42 cm<br \/>\nTlou\u0161\u0165ka \u010depele: 2,667 mm<br \/>\nTlou\u0161\u0165ka rukojeti: 15,24 mm<br \/>\nMateri\u00e1l \u010depele: CPM-S30V nerezov\u00e1 ocel<br \/>\nTvrdost \u010depele: 58-60 HRC<br \/>\nStyl \u010depele: D\u00fdka s dvojitou hranou<br \/>\nHmotnost: 111,41 g<br \/>\nKapesn\u00ed spona: Nerezov\u00e1 ocel, oboustrann\u00e1, sklopn\u00e1<br \/>\nZamykac\u00ed mechanismus: Posuvn\u00fd z\u00e1mek<br \/>\nCelkov\u00e1 d\u00e9lka: 22,23 cm<br \/>\nD\u00e9lka v zav\u0159en\u00e9m stavu: 12,80 cm<br \/>\nT\u0159\u00edda: \u010cern\u00e1<br \/>\nVyrobeno v USA<\/p>\n<p>Shrnut\u00ed:<\/p>\n<p>Benchmade 3400 Autocrat je precizn\u011b navr\u017een\u00fd OTF n\u016f\u017e s vysoce kvalitn\u00edmi materi\u00e1ly a pokro\u010dil\u00fdm automatick\u00fdm mechanismem. Je to skv\u011bl\u00e1 volba pro ty, kte\u0159\u00ed hledaj\u00ed spolehliv\u00fd, lehk\u00fd a technicky vysp\u011bl\u00fd n\u016f\u017e pro ka\u017edodenn\u00ed no\u0161en\u00ed nebo taktick\u00e9 vyu\u017eit\u00ed. D\u00edky sv\u00e9 robustn\u00ed konstrukci a modern\u00edmu designu se rychle stane obl\u00edben\u00fdm spole\u010dn\u00edkem v jak\u00e9koli situaci.<\/p>\n<p>&nbsp;<\/p>\n","protected":false},"excerpt":{"rendered":"<p><strong>Benchmade 3400 Autocrat je precizn\u011b navr\u017een\u00fd OTF n\u016f\u017e s vysoce kvalitn\u00edmi materi\u00e1ly a pokro\u010dil\u00fdm automatick\u00fdm mechanismem. Je to skv\u011bl\u00e1 volba pro ty, kte\u0159\u00ed hledaj\u00ed spolehliv\u00fd, lehk\u00fd a technicky vysp\u011bl\u00fd n\u016f\u017e pro ka\u017edodenn\u00ed no\u0161en\u00ed nebo taktick\u00e9 vyu\u017eit\u00ed. D\u00edky sv\u00e9 robustn\u00ed konstrukci a modern\u00edmu designu se rychle stane obl\u00edben\u00fdm spole\u010dn\u00edkem v jak\u00e9koli situaci.<\/strong><\/p>\n<p><strong>Doprava zdarma.<\/strong><\/p>\n","protected":false},"featured_media":372157,"comment_status":"open","ping_status":"closed","template":"","meta":[],"pwb-brand":[3960],"product_brand":[],"product_cat":[2019,17],"product_tag":[],"class_list":{"0":"post-372156","1":"product","2":"type-product","3":"status-publish","4":"has-post-thumbnail","6":"pwb-brand-benchmade","7":"product_cat-vystrelovaci-noze","8":"product_cat-noze","10":"first","11":"instock","12":"taxable","13":"shipping-taxable","14":"purchasable","15":"product-type-simple"},"brands":[{"id":3960,"name":"Benchmade","slug":"benchmade"}],"_links":{"self":[{"href":"https:\/\/www.moskito.cz\/en\/wp-json\/wp\/v2\/product\/372156","targetHints":{"allow":["GET"]}}],"collection":[{"href":"https:\/\/www.moskito.cz\/en\/wp-json\/wp\/v2\/product"}],"about":[{"href":"https:\/\/www.moskito.cz\/en\/wp-json\/wp\/v2\/types\/product"}],"replies":[{"embeddable":true,"href":"https:\/\/www.moskito.cz\/en\/wp-json\/wp\/v2\/comments?post=372156"}],"wp:featuredmedia":[{"embeddable":true,"href":"https:\/\/www.moskito.cz\/en\/wp-json\/wp\/v2\/media\/372157"}],"wp:attachment":[{"href":"https:\/\/www.moskito.cz\/en\/wp-json\/wp\/v2\/media?parent=372156"}],"wp:term":[{"taxonomy":"pwb-brand","embeddable":true,"href":"https:\/\/www.moskito.cz\/en\/wp-json\/wp\/v2\/pwb-brand?post=372156"},{"taxonomy":"product_brand","embeddable":true,"href":"https:\/\/www.moskito.cz\/en\/wp-json\/wp\/v2\/product_brand?post=372156"},{"taxonomy":"product_cat","embeddable":true,"href":"https:\/\/www.moskito.cz\/en\/wp-json\/wp\/v2\/product_cat?post=372156"},{"taxonomy":"product_tag","embeddable":true,"href":"https:\/\/www.moskito.cz\/en\/wp-json\/wp\/v2\/product_tag?post=372156"}],"curies":[{"name":"wp","href":"https:\/\/api.w.org\/{rel}","templated":true}]}}