{"id":372941,"date":"2024-11-17T17:02:00","date_gmt":"2024-11-17T16:02:00","guid":{"rendered":"https:\/\/www.moskito.cz\/?post_type=product&#038;p=372941"},"modified":"2025-05-07T11:26:19","modified_gmt":"2025-05-07T10:26:19","slug":"zaviraci-nuz-benchmade-cerakoted-560bk-1","status":"publish","type":"product","link":"https:\/\/www.moskito.cz\/en\/product\/zaviraci-nuz-benchmade-cerakoted-560bk-1\/","title":{"rendered":"Zav\u00edrac\u00ed N\u016f\u017e Benchmade Cerakoted 560BK-1"},"content":{"rendered":"<p>Zav\u00edrac\u00ed N\u016f\u017e <strong>Benchmade<\/strong> Cerakoted 560BK-1.<\/p>\n<p>Benchmade 560BK-1 Freek je robustn\u00ed zav\u00edrac\u00ed n\u016f\u017e, kter\u00fd spojuje styl, v\u00fdkon a odolnost, navr\u017een\u00fd se stejnou pozornost\u00ed k detailu jako zbytek s\u00e9rie Freek. Zde je rozpis jeho funkc\u00ed a specifikac\u00ed:<\/p>\n<p>Kl\u00ed\u010dov\u00e9 vlastnosti:<br \/>\nMateri\u00e1l \u010depele : \u010cepel 560BK-1 je vybavena \u010depel\u00ed CPM-M4 Super Steel s vysokou pevnost\u00ed , kter\u00e1 je zn\u00e1m\u00e1 svou mimo\u0159\u00e1dnou tvrdost\u00ed (62-64 HRC) a odolnost\u00ed proti opot\u0159eben\u00ed, d\u00edky \u010demu\u017e je ide\u00e1ln\u00ed pro t\u011b\u017ek\u00e9 a n\u00e1ro\u010dn\u00e9 \u00fakoly.<br \/>\nMateri\u00e1l rukojeti : Rukoje\u0165 je vyrobena z \u010dern\u00e9 a \u0161ed\u00e9 vrstvy G10 s \u010dervenou z\u00e1kladn\u00ed vrstvou G10. Tato kombinace dod\u00e1v\u00e1 no\u017ei jak v\u00fdrazn\u00fd vzhled, tak vynikaj\u00edc\u00ed p\u0159ilnavost d\u00edky texturov\u00e1n\u00ed a vrstven\u00e9 konstrukci.<br \/>\nDesignov\u00e9 prvky : Rukoje\u0165 m\u00e1 \u010derven\u011b eloxovan\u00e9 hlin\u00edkov\u00e9 distan\u010dn\u00ed vlo\u017eky pro v\u011bt\u0161\u00ed estetick\u00fd vzhled, zat\u00edmco G10 je p\u0159esn\u011b zpracov\u00e1na, aby zajistila vynikaj\u00edc\u00ed trakci.<br \/>\nUzamykac\u00ed mechanismus : N\u016f\u017e vyu\u017e\u00edv\u00e1 AXIS Lock od Benchmade , kter\u00fd poskytuje siln\u00fd, bezpe\u010dn\u00fd z\u00e1mek a hladk\u00fd chod.<br \/>\nOboustrann\u00e1 kapesn\u00ed spona : Sou\u010d\u00e1st\u00ed no\u017ee je oboustrann\u00e1 vykl\u00e1p\u011bc\u00ed kapesn\u00ed spona Split Arrow , kter\u00e1 umo\u017e\u0148uje flexibiln\u00ed mo\u017enosti no\u0161en\u00ed.<br \/>\nSpecifikace:<br \/>\nD\u00e9lka \u010depele : 9 cm<br \/>\nCelkov\u00e1 d\u00e9lka : 21.15 cm<br \/>\nD\u00e9lka v zav\u0159en\u00e9m stavu : 12.15 cm<br \/>\nTlou\u0161\u0165ka \u010depele : 0.27 cm<br \/>\nTlou\u0161\u0165ka rukojeti : 1.55 cm<br \/>\nHmotnost : 4,30 oz<br \/>\nStyl \u010depele : Drop Point s povrchem Black Cerakote pro dodate\u010dnou odolnost proti korozi<br \/>\nUzamykac\u00ed mechanismus : AXIS Lock<br \/>\nZem\u011b p\u016fvodu : Vyrobeno v USATento model nab\u00edz\u00ed solidn\u00ed kombinaci funk\u010dnosti a stylu, d\u00edky \u010demu\u017e je skv\u011blou volbou pro u\u017eivatele, kte\u0159\u00ed pot\u0159ebuj\u00ed odoln\u00fd a spolehliv\u00fd n\u016f\u017e pro outdoorov\u00e9 aktivity nebo ka\u017edodenn\u00ed no\u0161en\u00ed. Ocel CPM-M4 a materi\u00e1ly rukojeti G10 p\u0159isp\u00edvaj\u00ed k odolnosti i pohodl\u00ed, zat\u00edmco celkov\u00fd design no\u017ee zaji\u0161\u0165uje prakti\u010dnost a snadn\u00e9 pou\u017eit\u00ed.<\/p>\n","protected":false},"excerpt":{"rendered":"<p><strong>Tento model nab\u00edz\u00ed solidn\u00ed kombinaci funk\u010dnosti a stylu, d\u00edky \u010demu\u017e je skv\u011blou volbou pro u\u017eivatele, kte\u0159\u00ed pot\u0159ebuj\u00ed odoln\u00fd a spolehliv\u00fd n\u016f\u017e pro outdoorov\u00e9 aktivity nebo ka\u017edodenn\u00ed no\u0161en\u00ed.<\/strong><\/p>\n<p><strong>Doprava zdarma.<\/strong><\/p>\n","protected":false},"featured_media":372942,"comment_status":"open","ping_status":"closed","template":"","meta":[],"pwb-brand":[3960],"product_brand":[],"product_cat":[22,17],"product_tag":[],"class_list":{"0":"post-372941","1":"product","2":"type-product","3":"status-publish","4":"has-post-thumbnail","6":"pwb-brand-benchmade","7":"product_cat-zaviraci-noze","8":"product_cat-noze","10":"first","11":"instock","12":"taxable","13":"shipping-taxable","14":"purchasable","15":"product-type-simple"},"brands":[{"id":3960,"name":"Benchmade","slug":"benchmade"}],"_links":{"self":[{"href":"https:\/\/www.moskito.cz\/en\/wp-json\/wp\/v2\/product\/372941","targetHints":{"allow":["GET"]}}],"collection":[{"href":"https:\/\/www.moskito.cz\/en\/wp-json\/wp\/v2\/product"}],"about":[{"href":"https:\/\/www.moskito.cz\/en\/wp-json\/wp\/v2\/types\/product"}],"replies":[{"embeddable":true,"href":"https:\/\/www.moskito.cz\/en\/wp-json\/wp\/v2\/comments?post=372941"}],"wp:featuredmedia":[{"embeddable":true,"href":"https:\/\/www.moskito.cz\/en\/wp-json\/wp\/v2\/media\/372942"}],"wp:attachment":[{"href":"https:\/\/www.moskito.cz\/en\/wp-json\/wp\/v2\/media?parent=372941"}],"wp:term":[{"taxonomy":"pwb-brand","embeddable":true,"href":"https:\/\/www.moskito.cz\/en\/wp-json\/wp\/v2\/pwb-brand?post=372941"},{"taxonomy":"product_brand","embeddable":true,"href":"https:\/\/www.moskito.cz\/en\/wp-json\/wp\/v2\/product_brand?post=372941"},{"taxonomy":"product_cat","embeddable":true,"href":"https:\/\/www.moskito.cz\/en\/wp-json\/wp\/v2\/product_cat?post=372941"},{"taxonomy":"product_tag","embeddable":true,"href":"https:\/\/www.moskito.cz\/en\/wp-json\/wp\/v2\/product_tag?post=372941"}],"curies":[{"name":"wp","href":"https:\/\/api.w.org\/{rel}","templated":true}]}}