{"id":372982,"date":"2024-11-17T17:16:34","date_gmt":"2024-11-17T16:16:34","guid":{"rendered":"https:\/\/www.moskito.cz\/?post_type=product&#038;p=372982"},"modified":"2025-10-14T10:12:09","modified_gmt":"2025-10-14T09:12:09","slug":"zaviraci-nuz-benchmade-bugout-535bk-2","status":"publish","type":"product","link":"https:\/\/www.moskito.cz\/en\/product\/zaviraci-nuz-benchmade-bugout-535bk-2\/","title":{"rendered":"Zav\u00edrac\u00ed N\u016f\u017e Benchmade Bugout 535BK-2"},"content":{"rendered":"<p>Zav\u00edrac\u00ed N\u016f\u017e <strong>Benchmade<\/strong> Bugout 535BK-2.<\/p>\n<p>Benchmade 535BK-2 Bugout CF-Elite je pr\u00e9miov\u00fd zav\u00edrac\u00ed n\u016f\u017e navr\u017een\u00fd s ohledem na funk\u010dnost i styl. D\u00edky technologii rukojeti CF-Elite nab\u00edz\u00ed ve srovn\u00e1n\u00ed s p\u0159edchoz\u00edmi verzemi Bugout leh\u010d\u00ed, ale pevn\u011bj\u0161\u00ed konstrukci, d\u00edky \u010demu\u017e je ide\u00e1ln\u00ed pro \u0161irokou \u0161k\u00e1lu u\u017eivatel\u016f, od outdoorov\u00fdch nad\u0161enc\u016f po fanou\u0161ky ka\u017edodenn\u00edho no\u0161en\u00ed.<\/p>\n<p>Zde jsou kl\u00ed\u010dov\u00e9 vlastnosti a specifikace Benchmade 535BK-2 Bugout :<\/p>\n<p>Vlastnosti:<br \/>\nAXIS Lock Mechanism : Zn\u00e1m\u00fd pro sv\u00e9 hladk\u00e9 a bezpe\u010dn\u00e9 ovl\u00e1d\u00e1n\u00ed jednou rukou.<br \/>\nMateri\u00e1l \u010depele : Prvot\u0159\u00eddn\u00ed nerezov\u00e1 ocel CPM-S30V s \u010dernou povrchovou \u00fapravou Cerakote (58-60 HRC), kter\u00e1 poskytuje vynikaj\u00edc\u00ed zachov\u00e1n\u00ed ost\u0159\u00ed a odolnost proti korozi.<br \/>\nRukoje\u0165 : CF-Elite (lamin\u00e1t z uhl\u00edkov\u00fdch vl\u00e1ken) s hlin\u00edkov\u00fdmi v\u00fdztu\u017en\u00fdmi vlo\u017ekami, nab\u00edz\u00ed pevnost a n\u00edzkou odolnost.<br \/>\nTitanium AXIS Bar : Poskytuje extra pevnost p\u0159i zachov\u00e1n\u00ed n\u00edzk\u00e9 hmotnosti no\u017ee.<br \/>\nBlack Oxide Thumb Stud : Pro snadn\u00e9 otev\u00edr\u00e1n\u00ed jednou rukou.<br \/>\nKapesn\u00ed spona : Oboustrann\u00e1 spona pro hlubok\u00e9 no\u0161en\u00ed , vyroben\u00e1 z \u010dern\u00e9 oxidovan\u00e9 nerezov\u00e9 oceli .<br \/>\nOtvor pro \u0161\u0148\u016frku : Dostate\u010dn\u011b velk\u00fd pro p\u0159ipevn\u011bn\u00ed \u0161\u0148\u016frky.<br \/>\nSpecifikace:<br \/>\nD\u00e9lka \u010depele : 8,23 cm<br \/>\nTlou\u0161\u0165ka \u010depele : 2,29 mm<br \/>\nTlou\u0161\u0165ka rukojeti : 10,67 mm<br \/>\nCelkov\u00e1 d\u00e9lka : 18,95 cm<br \/>\nD\u00e9lka v zav\u0159en\u00e9m stavu : 10,72 cm<br \/>\nHmotnost : 51,03 g<br \/>\nStyl \u010depele : Drop Point<br \/>\nMateri\u00e1l \u010depele : nerezov\u00e1 ocel CPM-S30V, \u010dern\u00e1 povrchov\u00e1 \u00faprava Cerakote<br \/>\nTvrdost : 58-60 HRC<br \/>\nZamykac\u00ed mechanismus : AXIS z\u00e1mek<br \/>\nT\u0159\u00edda : Modr\u00e1 (Benchmade ozna\u010den\u00ed pro vysoce kvalitn\u00ed no\u017ee)<br \/>\nVyrobeno v USA : Reputace spole\u010dnosti Benchmade pro americk\u00e9 \u0159emeslo a kvalitu.<br \/>\nTato verze Bugout se sv\u00fdm elegantn\u00edm designem, vylep\u0161en\u00fdmi materi\u00e1ly a ni\u017e\u0161\u00ed hmotnost\u00ed je vynikaj\u00edc\u00ed volbou pro ty, kte\u0159\u00ed hledaj\u00ed spolehliv\u00fd a v\u0161estrann\u00fd n\u016f\u017e v r\u016fzn\u00fdch nastaven\u00edch. A\u0165 u\u017e m\u00e1te r\u00e1di outdoorov\u00e1 dobrodru\u017estv\u00ed, EDC, nebo jen ocen\u00edte \u0161pi\u010dkov\u00e9 no\u017ee, 535BK-2 Bugout poskytuje v\u00fdkon i estetiku.<\/p>\n<p>&nbsp;<\/p>\n<p>&nbsp;<\/p>\n<p>&nbsp;<\/p>\n<p>&nbsp;<\/p>\n","protected":false},"excerpt":{"rendered":"<p><strong>Tato verze Bugout se sv\u00fdm elegantn\u00edm designem, vylep\u0161en\u00fdmi materi\u00e1ly a ni\u017e\u0161\u00ed hmotnost\u00ed je vynikaj\u00edc\u00ed volbou pro ty, kte\u0159\u00ed hledaj\u00ed spolehliv\u00fd a v\u0161estrann\u00fd n\u016f\u017e v r\u016fzn\u00fdch nastaven\u00edch. A\u0165 u\u017e m\u00e1te r\u00e1di outdoorov\u00e1 dobrodru\u017estv\u00ed, EDC, nebo jen ocen\u00edte \u0161pi\u010dkov\u00e9 no\u017ee, 535BK-2 Bugout poskytuje v\u00fdkon i estetiku.<\/strong><\/p>\n<p><strong>Doprava zdarma.<\/strong><\/p>\n","protected":false},"featured_media":372983,"comment_status":"open","ping_status":"closed","template":"","meta":[],"pwb-brand":[3960],"product_brand":[],"product_cat":[22,17],"product_tag":[],"class_list":{"0":"post-372982","1":"product","2":"type-product","3":"status-publish","4":"has-post-thumbnail","6":"pwb-brand-benchmade","7":"product_cat-zaviraci-noze","8":"product_cat-noze","10":"first","11":"outofstock","12":"taxable","13":"shipping-taxable","14":"purchasable","15":"product-type-simple"},"brands":[{"id":3960,"name":"Benchmade","slug":"benchmade"}],"_links":{"self":[{"href":"https:\/\/www.moskito.cz\/en\/wp-json\/wp\/v2\/product\/372982","targetHints":{"allow":["GET"]}}],"collection":[{"href":"https:\/\/www.moskito.cz\/en\/wp-json\/wp\/v2\/product"}],"about":[{"href":"https:\/\/www.moskito.cz\/en\/wp-json\/wp\/v2\/types\/product"}],"replies":[{"embeddable":true,"href":"https:\/\/www.moskito.cz\/en\/wp-json\/wp\/v2\/comments?post=372982"}],"wp:featuredmedia":[{"embeddable":true,"href":"https:\/\/www.moskito.cz\/en\/wp-json\/wp\/v2\/media\/372983"}],"wp:attachment":[{"href":"https:\/\/www.moskito.cz\/en\/wp-json\/wp\/v2\/media?parent=372982"}],"wp:term":[{"taxonomy":"pwb-brand","embeddable":true,"href":"https:\/\/www.moskito.cz\/en\/wp-json\/wp\/v2\/pwb-brand?post=372982"},{"taxonomy":"product_brand","embeddable":true,"href":"https:\/\/www.moskito.cz\/en\/wp-json\/wp\/v2\/product_brand?post=372982"},{"taxonomy":"product_cat","embeddable":true,"href":"https:\/\/www.moskito.cz\/en\/wp-json\/wp\/v2\/product_cat?post=372982"},{"taxonomy":"product_tag","embeddable":true,"href":"https:\/\/www.moskito.cz\/en\/wp-json\/wp\/v2\/product_tag?post=372982"}],"curies":[{"name":"wp","href":"https:\/\/api.w.org\/{rel}","templated":true}]}}