{"id":373171,"date":"2024-11-17T18:51:31","date_gmt":"2024-11-17T17:51:31","guid":{"rendered":"https:\/\/www.moskito.cz\/?post_type=product&#038;p=373171"},"modified":"2025-05-07T11:26:20","modified_gmt":"2025-05-07T10:26:20","slug":"zaviraci-nuz-benchmade-mini-osborne-945-2","status":"publish","type":"product","link":"https:\/\/www.moskito.cz\/en\/product\/zaviraci-nuz-benchmade-mini-osborne-945-2\/","title":{"rendered":"Zav\u00edrac\u00ed N\u016f\u017e Benchmade Mini Osborne 945-2"},"content":{"rendered":"<p>Zav\u00edrac\u00ed N\u016f\u017e <strong>Benchmade<\/strong> Mini Osborne 945-2.<\/p>\n<p>Benchmade Mini Osborne 945-2 je kompaktn\u00ed verze ikonick\u00e9 \u0159ady Osborne, ur\u010den\u00e1 pro u\u017eivatele, kte\u0159\u00ed pot\u0159ebuj\u00ed men\u0161\u00ed n\u016f\u017e na ka\u017edodenn\u00ed no\u0161en\u00ed nebo pro ty, kte\u0159\u00ed maj\u00ed men\u0161\u00ed ruce. Jedn\u00e1 se o aktualizovanou verzi pln\u00e9 velikosti 940-1 , kter\u00e1 se vyzna\u010duje pr\u00e9miovou konstrukc\u00ed s karbonov\u00fdmi vl\u00e1kny a ocel\u00ed CPM-S90V pro vysok\u00fd v\u00fdkon. N\u016f\u017e si zachov\u00e1v\u00e1 elegantn\u00ed a elegantn\u00ed design, kter\u00fd oce\u0148uj\u00ed fanou\u0161ci s\u00e9rie Osborne, s n\u011bkolika pozoruhodn\u00fdmi vylep\u0161en\u00edmi.<\/p>\n<p>Kl\u00ed\u010dov\u00e9 specifikace:<br \/>\nD\u00e9lka \u010depele : 7,42 cm<br \/>\nD\u00e9lka v zav\u0159en\u00e9m stavu : 9,75 cm<br \/>\nCelkov\u00e1 d\u00e9lka : 17,17 cm<br \/>\nMateri\u00e1l \u010depele : CPM-S90V Nerezov\u00e1 ocel<br \/>\nTlou\u0161\u0165ka \u010depele : 2,642 mm<br \/>\nTvrdost \u010depele : 59-61 HRC<br \/>\nStyl \u010depele : Reverse Tanto<br \/>\nBrou\u0161en\u00ed \u010depele : Ploch\u00e9<br \/>\nPovrchov\u00e1 \u00faprava \u010depele : sat\u00e9n<br \/>\nMateri\u00e1l rukojeti : uhl\u00edkov\u00e9 vl\u00e1kno<br \/>\nTlou\u0161\u0165ka rukojeti : 10,795 mm<br \/>\nUzamykac\u00ed mechanismus : AXIS Lock<br \/>\nSestava \u010depu : Podlo\u017eky<br \/>\nKapesn\u00ed klip : Mini Split Arrow (oboustrann\u00fd, vykl\u00e1p\u011bc\u00ed)<br \/>\nHmotnost : 53,80 g<br \/>\nDesign\u00e9r : Warren Osborne<br \/>\nVyrobeno : USA<br \/>\nVlastnosti:<br \/>\nPr\u00e9miov\u00e1 ocel CPM-S90V : Tato ocel \u010depele, zn\u00e1m\u00e1 pro sv\u00e9 vynikaj\u00edc\u00ed zachov\u00e1n\u00ed ost\u0159\u00ed a hou\u017eevnatost, zaji\u0161\u0165uje dlouhotrvaj\u00edc\u00ed ostrost a v\u00fdkon.<br \/>\nV\u00e1hy z uhl\u00edkov\u00fdch vl\u00e1ken : Poskytuj\u00ed lehkou, ale pevnou konstrukci, d\u00edky n\u00ed\u017e se n\u016f\u017e snadno p\u0159en\u00e1\u0161\u00ed a z\u00e1rove\u0148 dod\u00e1v\u00e1 elegantn\u00ed estetiku.<br \/>\nZ\u00e1mek AXIS : Tento uzamykac\u00ed mechanismus je plynul\u00fd, bezpe\u010dn\u00fd a oboustrann\u00fd, d\u00edky \u010demu\u017e je n\u016f\u017e v\u0161estrann\u00fd pro lev\u00e1ky i prav\u00e1ky.<br \/>\nKompaktn\u00ed a lehk\u00fd : Mini Osborne je ide\u00e1ln\u00ed pro ty, kte\u0159\u00ed pot\u0159ebuj\u00ed men\u0161\u00ed, kapesn\u011bj\u0161\u00ed verzi plnohodnotn\u00fdch no\u017e\u016f Osborne.<br \/>\nOboustrann\u00e1 kapesn\u00ed spona : Mini spona na d\u011blenou \u0161ipku m\u016f\u017ee b\u00fdt namontov\u00e1na v n\u011bkolika poloh\u00e1ch, co\u017e nab\u00edz\u00ed flexibilitu p\u0159i no\u0161en\u00ed no\u017ee.<br \/>\nCelkov\u011b je Benchmade 945-2 Mini Osborne rafinovan\u00fd, vysoce v\u00fdkonn\u00fd kapesn\u00ed n\u016f\u017e, ide\u00e1ln\u00ed pro ty, kte\u0159\u00ed ocen\u00ed kombinaci \u0159emesln\u00e9ho zpracov\u00e1n\u00ed, funk\u010dnosti a stylu v men\u0161\u00edm a p\u0159enosn\u011bj\u0161\u00edm proveden\u00ed.<\/p>\n","protected":false},"excerpt":{"rendered":"<p><strong>Celkov\u011b je Benchmade 945-2 Mini Osborne rafinovan\u00fd, vysoce v\u00fdkonn\u00fd kapesn\u00ed n\u016f\u017e, ide\u00e1ln\u00ed pro ty, kte\u0159\u00ed ocen\u00ed kombinaci \u0159emesln\u00e9ho zpracov\u00e1n\u00ed, funk\u010dnosti a stylu v men\u0161\u00edm a p\u0159enosn\u011bj\u0161\u00edm proveden\u00ed.<\/strong><\/p>\n<p><strong>Doprava zdarma.<\/strong><\/p>\n","protected":false},"featured_media":373172,"comment_status":"open","ping_status":"closed","template":"","meta":[],"pwb-brand":[3960],"product_brand":[],"product_cat":[22,17],"product_tag":[],"class_list":{"0":"post-373171","1":"product","2":"type-product","3":"status-publish","4":"has-post-thumbnail","6":"pwb-brand-benchmade","7":"product_cat-zaviraci-noze","8":"product_cat-noze","10":"first","11":"instock","12":"taxable","13":"shipping-taxable","14":"purchasable","15":"product-type-simple"},"brands":[{"id":3960,"name":"Benchmade","slug":"benchmade"}],"_links":{"self":[{"href":"https:\/\/www.moskito.cz\/en\/wp-json\/wp\/v2\/product\/373171","targetHints":{"allow":["GET"]}}],"collection":[{"href":"https:\/\/www.moskito.cz\/en\/wp-json\/wp\/v2\/product"}],"about":[{"href":"https:\/\/www.moskito.cz\/en\/wp-json\/wp\/v2\/types\/product"}],"replies":[{"embeddable":true,"href":"https:\/\/www.moskito.cz\/en\/wp-json\/wp\/v2\/comments?post=373171"}],"wp:featuredmedia":[{"embeddable":true,"href":"https:\/\/www.moskito.cz\/en\/wp-json\/wp\/v2\/media\/373172"}],"wp:attachment":[{"href":"https:\/\/www.moskito.cz\/en\/wp-json\/wp\/v2\/media?parent=373171"}],"wp:term":[{"taxonomy":"pwb-brand","embeddable":true,"href":"https:\/\/www.moskito.cz\/en\/wp-json\/wp\/v2\/pwb-brand?post=373171"},{"taxonomy":"product_brand","embeddable":true,"href":"https:\/\/www.moskito.cz\/en\/wp-json\/wp\/v2\/product_brand?post=373171"},{"taxonomy":"product_cat","embeddable":true,"href":"https:\/\/www.moskito.cz\/en\/wp-json\/wp\/v2\/product_cat?post=373171"},{"taxonomy":"product_tag","embeddable":true,"href":"https:\/\/www.moskito.cz\/en\/wp-json\/wp\/v2\/product_tag?post=373171"}],"curies":[{"name":"wp","href":"https:\/\/api.w.org\/{rel}","templated":true}]}}