{"id":373854,"date":"2024-11-18T23:42:11","date_gmt":"2024-11-18T22:42:11","guid":{"rendered":"https:\/\/www.moskito.cz\/?post_type=product&#038;p=373854"},"modified":"2025-09-02T11:44:15","modified_gmt":"2025-09-02T10:44:15","slug":"vystrelovaci-nuz-benchmade-mediator-8551bk","status":"publish","type":"product","link":"https:\/\/www.moskito.cz\/en\/product\/vystrelovaci-nuz-benchmade-mediator-8551bk\/","title":{"rendered":"Vyst\u0159elovac\u00ed N\u016f\u017e Benchmade Mediator 8551BK"},"content":{"rendered":"<p>Vyst\u0159elovac\u00ed N\u016f\u017e <strong>Benchmade<\/strong> Mediator 8551BK.<\/p>\n<p><strong>Benchmade 8551BK Mediator<\/strong> je vysoce v\u00fdkonn\u00fd automatick\u00fd n\u016f\u017e navr\u017een\u00fd s ohledem na p\u0159esnost a u\u017eite\u010dnost. Tento elegantn\u00ed a funk\u010dn\u00ed n\u016f\u017e, kter\u00fd kombinuje prvky z n\u011bkter\u00fdch z nejpopul\u00e1rn\u011bj\u0161\u00edch d\u0159\u00edv\u011bj\u0161\u00edch design\u016f Benchmade, je ide\u00e1ln\u00ed pro ty, kte\u0159\u00ed oce\u0148uj\u00ed rychlost, spolehlivost a prvot\u0159\u00eddn\u00ed \u0159emesln\u00e9 zpracov\u00e1n\u00ed.<\/p>\n<p>Kl\u00ed\u010dov\u00e9 vlastnosti<br \/>\nAutomatick\u00e1 aktivace tla\u010d\u00edtka : Zaji\u0161\u0165uje rychl\u00e9 nasazen\u00ed.<br \/>\nReverse Tanto Blade : \u010cepel z nerezov\u00e9 oceli CPM-S90V m\u00e1 \u010dernou povrchovou \u00fapravu Cerakote pro zv\u00fd\u0161enou \u017eivotnost a odolnost proti korozi.<br \/>\nV\u00e1hy s rukojet\u00ed G10 : Poskytuj\u00ed lehkou, ale robustn\u00ed rukoje\u0165 s vyfr\u00e9zovan\u00fdmi obrysy pro pohodl\u00ed a kontrolu.<br \/>\nMini kapesn\u00ed klips pro hlubok\u00e9 no\u0161en\u00ed : Umo\u017e\u0148uje diskr\u00e9tn\u00ed a bezpe\u010dn\u00e9 p\u0159en\u00e1\u0161en\u00ed s oboustrann\u00fdm um\u00edst\u011bn\u00edm pro prav\u00e1ky i lev\u00e1ky.<br \/>\nSpecifikace<br \/>\nD\u00e9lka \u010depele : 8,38 cm<br \/>\nTlou\u0161\u0165ka \u010depele : 2,921 mm<br \/>\nTlou\u0161\u0165ka rukojeti : 13,21 mm<br \/>\nMateri\u00e1l \u010depele : Nerezov\u00e1 ocel CPM-S90V, povrchov\u00e1 \u00faprava \u010dern\u00e1 Cerakote<br \/>\nTvrdost \u010depele : 59-61 HRC<br \/>\nStyl \u010depele : Reverse Tanto<br \/>\nHmotnost : 2,89 oz. (81,93 g)<br \/>\nKapesn\u00ed klip : Hlubok\u00e9 no\u0161en\u00ed, oboustrann\u00e9 pro oboustrann\u00e9 pou\u017eit\u00ed<br \/>\nUzamykac\u00ed mechanismus : AXIS Lock<br \/>\nCelkov\u00e1 d\u00e9lka : 19,69 cm<br \/>\nD\u00e9lka v zav\u0159en\u00e9m stavu : 11,30 cm<br \/>\nT\u0159\u00edda : \u010dern\u00e1 (profesion\u00e1ln\u00ed t\u0159\u00edda)<br \/>\nVyrobeno v : USA<br \/>\nZv\u00fdrazn\u011bn\u00ed<br \/>\nReverzn\u00ed tanto \u010depel Mediator vynik\u00e1 pevnost\u00ed na \u0161pi\u010dce, d\u00edky \u010demu\u017e je univerz\u00e1ln\u00ed pro propichov\u00e1n\u00ed a kr\u00e1jen\u00ed. Ocel CPM-S90V poskytuje v\u00fdjime\u010dn\u00e9 zachov\u00e1n\u00ed hran a hou\u017eevnatost, ide\u00e1ln\u00ed pro n\u00e1ro\u010dn\u00e9 pou\u017eit\u00ed. Povrchov\u00e1 \u00faprava Cerakote p\u0159id\u00e1v\u00e1 dal\u0161\u00ed vrstvu ochrany, kter\u00e1 zaji\u0161\u0165uje dlouhou \u017eivotnost i v n\u00e1ro\u010dn\u00fdch prost\u0159ed\u00edch. Jeho lehk\u00e1 konstrukce a ergonomick\u00fd design z n\u011bj \u010din\u00ed praktickou mo\u017enost ka\u017edodenn\u00edho no\u0161en\u00ed (EDC).<\/p>\n<p>Tento n\u016f\u017e je ide\u00e1ln\u00ed pro profesion\u00e1ly a nad\u0161ence, kte\u0159\u00ed hledaj\u00ed pr\u00e9miov\u00fd taktick\u00fd n\u00e1stroj vyroben\u00fd v USA, kter\u00fd kombinuje eleganci a funk\u010dnost.<\/p>\n","protected":false},"excerpt":{"rendered":"<p><strong>Tento n\u016f\u017e je ide\u00e1ln\u00ed pro profesion\u00e1ly a nad\u0161ence, kte\u0159\u00ed hledaj\u00ed pr\u00e9miov\u00fd taktick\u00fd n\u00e1stroj vyroben\u00fd v USA, kter\u00fd kombinuje eleganci a funk\u010dnost.<\/strong><\/p>\n<p><strong>Doprava zdarma.<\/strong><\/p>\n","protected":false},"featured_media":373855,"comment_status":"open","ping_status":"closed","template":"","meta":[],"pwb-brand":[3960],"product_brand":[],"product_cat":[2019,17],"product_tag":[],"class_list":{"0":"post-373854","1":"product","2":"type-product","3":"status-publish","4":"has-post-thumbnail","6":"pwb-brand-benchmade","7":"product_cat-vystrelovaci-noze","8":"product_cat-noze","10":"first","11":"outofstock","12":"taxable","13":"shipping-taxable","14":"purchasable","15":"product-type-simple"},"brands":[{"id":3960,"name":"Benchmade","slug":"benchmade"}],"_links":{"self":[{"href":"https:\/\/www.moskito.cz\/en\/wp-json\/wp\/v2\/product\/373854","targetHints":{"allow":["GET"]}}],"collection":[{"href":"https:\/\/www.moskito.cz\/en\/wp-json\/wp\/v2\/product"}],"about":[{"href":"https:\/\/www.moskito.cz\/en\/wp-json\/wp\/v2\/types\/product"}],"replies":[{"embeddable":true,"href":"https:\/\/www.moskito.cz\/en\/wp-json\/wp\/v2\/comments?post=373854"}],"wp:featuredmedia":[{"embeddable":true,"href":"https:\/\/www.moskito.cz\/en\/wp-json\/wp\/v2\/media\/373855"}],"wp:attachment":[{"href":"https:\/\/www.moskito.cz\/en\/wp-json\/wp\/v2\/media?parent=373854"}],"wp:term":[{"taxonomy":"pwb-brand","embeddable":true,"href":"https:\/\/www.moskito.cz\/en\/wp-json\/wp\/v2\/pwb-brand?post=373854"},{"taxonomy":"product_brand","embeddable":true,"href":"https:\/\/www.moskito.cz\/en\/wp-json\/wp\/v2\/product_brand?post=373854"},{"taxonomy":"product_cat","embeddable":true,"href":"https:\/\/www.moskito.cz\/en\/wp-json\/wp\/v2\/product_cat?post=373854"},{"taxonomy":"product_tag","embeddable":true,"href":"https:\/\/www.moskito.cz\/en\/wp-json\/wp\/v2\/product_tag?post=373854"}],"curies":[{"name":"wp","href":"https:\/\/api.w.org\/{rel}","templated":true}]}}