{"id":374577,"date":"2024-11-19T21:50:31","date_gmt":"2024-11-19T20:50:31","guid":{"rendered":"https:\/\/www.moskito.cz\/?post_type=product&#038;p=374577"},"modified":"2025-12-29T16:50:16","modified_gmt":"2025-12-29T15:50:16","slug":"pevny-nuz-benchmade-hunt-meatcrafter-15500-04","status":"publish","type":"product","link":"https:\/\/www.moskito.cz\/en\/product\/pevny-nuz-benchmade-hunt-meatcrafter-15500-04\/","title":{"rendered":"Pevn\u00fd N\u016f\u017e Benchmade Hunt Meatcrafter 15500-04"},"content":{"rendered":"<p>Pevn\u00fd N\u016f\u017e <strong>Benchmade<\/strong> Hunt Meatcrafter 15500-04.<\/p>\n<p>Benchmade 15500-04 Meatcrafter je vysoce specializovan\u00fd loveck\u00fd n\u016f\u017e s pevnou \u010depel\u00ed, kter\u00fd je navr\u017een pro maxim\u00e1ln\u00ed v\u00fdkon p\u0159i pr\u00e1ci se zv\u011b\u0159inou, jako je o\u0159ez\u00e1v\u00e1n\u00ed, vykos\u0165ov\u00e1n\u00ed a kr\u00e1jen\u00ed. Tento n\u016f\u017e kombinuje \u0161pi\u010dkovou kvalitu materi\u00e1l\u016f a promy\u0161len\u00fd design pro dlouhou \u017eivotnost a pohodln\u00e9 pou\u017e\u00edv\u00e1n\u00ed.<\/p>\n<p>Kl\u00ed\u010dov\u00e9 vlastnosti:<br \/>\n\u010cepel:<\/p>\n<p>D\u00e9lka: 15,47 cm<br \/>\nMateri\u00e1l: CPM-154 nerezov\u00e1 ocel<br \/>\nTlou\u0161\u0165ka: 2,286 mm<br \/>\nTvrdost: 58-61 HRC<br \/>\nStyl: Trailing Point<br \/>\nPovrchov\u00e1 \u00faprava: Stonewash<br \/>\nVysok\u00e1 odolnost v\u016f\u010di opot\u0159eben\u00ed a korozi.<br \/>\nRukoje\u0165:<\/p>\n<p>D\u00e9lka: 12,67 cm<br \/>\nMateri\u00e1l: Santoprene v barv\u011b tmav\u00e9 olivy<br \/>\nErgonomick\u00fd design s protiskluzov\u00fdm povrchem, ide\u00e1ln\u00ed pro vlhk\u00e9 prost\u0159ed\u00ed.<br \/>\nTlou\u0161\u0165ka: 17,02 mm<br \/>\nPouzdro:<\/p>\n<p>Materi\u00e1l: Boltaron<br \/>\nBarevn\u00e9 varianty: Vysoce oran\u017eov\u00e1 pro viditelnost nebo \u0161ed\u00e1 s n\u00edzk\u00fdm profilem.<br \/>\nUmo\u017e\u0148uje bezpe\u010dn\u00e9 no\u0161en\u00ed na opasku nebo batohu.<br \/>\nDal\u0161\u00ed specifikace:<\/p>\n<p>Celkov\u00e1 d\u00e9lka: 28,14 cm<br \/>\nHmotnost no\u017ee: 91,85 g<br \/>\nHmotnost s pouzdrem: 142,03 g<br \/>\nT\u0159\u00edda: Lov<br \/>\nVyrobeno v USA.<br \/>\nTechnologie SelectEdge\u2122:<br \/>\n\u010cepel je brou\u0161en\u00ed s extr\u00e9mn\u00ed p\u0159esnost\u00ed a ostrost\u00ed, aby zajistily stejn\u00fd v\u00fdkon p\u0159i \u0159ez\u00e1n\u00ed. Tento n\u016f\u017e si zachov\u00e1 sv\u00e9 vlastnosti od jedn\u00e9 loveck\u00e9 sez\u00f3ny k druh\u00e9.<\/p>\n<p>Pro koho je ur\u010den:<br \/>\nMeatcrafter je ide\u00e1ln\u00ed pro lovce a outdoorov\u00e9 nad\u0161ence, kte\u0159\u00ed hledaj\u00ed spolehliv\u00fd n\u00e1stroj pro p\u0159esnou pr\u00e1ci. Jeho lehkost, odolnost a snadn\u00e1 \u00fadr\u017eba ho \u010din\u00ed v\u00fdborn\u00fdm spole\u010dn\u00edkem p\u0159i pr\u00e1ci v ter\u00e9nu.<\/p>\n<p>&nbsp;<\/p>\n<p>&nbsp;<\/p>\n","protected":false},"excerpt":{"rendered":"<p><strong>Meatcrafter je ide\u00e1ln\u00ed pro lovce a outdoorov\u00e9 nad\u0161ence, kte\u0159\u00ed hledaj\u00ed spolehliv\u00fd n\u00e1stroj pro p\u0159esnou pr\u00e1ci. Jeho lehkost, odolnost a snadn\u00e1 \u00fadr\u017eba ho \u010din\u00ed v\u00fdborn\u00fdm spole\u010dn\u00edkem p\u0159i pr\u00e1ci v ter\u00e9nu.<\/strong><\/p>\n<p><strong>Doprava zdarma.<\/strong><\/p>\n","protected":false},"featured_media":374578,"comment_status":"open","ping_status":"closed","template":"","meta":[],"pwb-brand":[3960],"product_brand":[],"product_cat":[23,17],"product_tag":[],"class_list":{"0":"post-374577","1":"product","2":"type-product","3":"status-publish","4":"has-post-thumbnail","6":"pwb-brand-benchmade","7":"product_cat-pevne-noze","8":"product_cat-noze","10":"first","11":"outofstock","12":"taxable","13":"shipping-taxable","14":"purchasable","15":"product-type-simple"},"brands":[{"id":3960,"name":"Benchmade","slug":"benchmade"}],"_links":{"self":[{"href":"https:\/\/www.moskito.cz\/en\/wp-json\/wp\/v2\/product\/374577","targetHints":{"allow":["GET"]}}],"collection":[{"href":"https:\/\/www.moskito.cz\/en\/wp-json\/wp\/v2\/product"}],"about":[{"href":"https:\/\/www.moskito.cz\/en\/wp-json\/wp\/v2\/types\/product"}],"replies":[{"embeddable":true,"href":"https:\/\/www.moskito.cz\/en\/wp-json\/wp\/v2\/comments?post=374577"}],"wp:featuredmedia":[{"embeddable":true,"href":"https:\/\/www.moskito.cz\/en\/wp-json\/wp\/v2\/media\/374578"}],"wp:attachment":[{"href":"https:\/\/www.moskito.cz\/en\/wp-json\/wp\/v2\/media?parent=374577"}],"wp:term":[{"taxonomy":"pwb-brand","embeddable":true,"href":"https:\/\/www.moskito.cz\/en\/wp-json\/wp\/v2\/pwb-brand?post=374577"},{"taxonomy":"product_brand","embeddable":true,"href":"https:\/\/www.moskito.cz\/en\/wp-json\/wp\/v2\/product_brand?post=374577"},{"taxonomy":"product_cat","embeddable":true,"href":"https:\/\/www.moskito.cz\/en\/wp-json\/wp\/v2\/product_cat?post=374577"},{"taxonomy":"product_tag","embeddable":true,"href":"https:\/\/www.moskito.cz\/en\/wp-json\/wp\/v2\/product_tag?post=374577"}],"curies":[{"name":"wp","href":"https:\/\/api.w.org\/{rel}","templated":true}]}}