{"id":375181,"date":"2024-11-20T20:57:03","date_gmt":"2024-11-20T19:57:03","guid":{"rendered":"https:\/\/www.moskito.cz\/?post_type=product&#038;p=375181"},"modified":"2025-05-07T11:26:29","modified_gmt":"2025-05-07T10:26:29","slug":"zaviraci-nuz-fox-knives-anniversary-knife-1977-2017-fx-f2017","status":"publish","type":"product","link":"https:\/\/www.moskito.cz\/en\/product\/zaviraci-nuz-fox-knives-anniversary-knife-1977-2017-fx-f2017\/","title":{"rendered":"Zav\u00edrac\u00ed N\u016f\u017e Fox Knives ANNIVERSARY KNIFE 1977-2017 FX-F2017"},"content":{"rendered":"<p>Zav\u00edrac\u00ed N\u016f\u017e <strong>Fox Knives<\/strong> ANNIVERSARY KNIFE 1977-2017 FX-F2017.<\/p>\n<p>FOXFXF2017: <strong>N\u016f\u017e ke 40. v\u00fdro\u010d\u00ed Fox Knives<\/strong><\/p>\n<p>Tento v\u00fdjime\u010dn\u00fd n\u016f\u017e oslavuj\u00edc\u00ed 40 let existence spole\u010dnosti Fox Knives \u010derp\u00e1 inspiraci z jednoho z prvn\u00edch kapesn\u00edch no\u017e\u016f t\u00e9to zna\u010dky, nyn\u00ed v\u0161ak zpracovan\u00fd v modern\u00edm designu ploutve s vyu\u017eit\u00edm nejpokro\u010dilej\u0161\u00edch materi\u00e1l\u016f. Zde jsou hlavn\u00ed rysy:<\/p>\n<p>Hlavn\u00ed vlastnosti :<br \/>\n\u010cepel :<\/p>\n<p>D\u00e9lka: 8.35 cm<br \/>\nMateri\u00e1l: B\u00f6hler-Uddeholm M390 (ocel z pr\u00e1\u0161kov\u00e9 metalurgie s vynikaj\u00edc\u00ed odolnost\u00ed v\u016f\u010di opot\u0159eben\u00ed a korozi).<br \/>\nTvrdost: 59-60 HRC<br \/>\nStyl: Recurve Drop Point<br \/>\nPovrchov\u00e1 \u00faprava: Sat\u00e9n<br \/>\nTlou\u0161\u0165ka: 0.32 cm<br \/>\nRovn\u00e1 plni\u010dka pro pos\u00edlen\u00ed pevnosti a snadnou \u00fadr\u017ebu.<br \/>\nRukoje\u0165 :<\/p>\n<p>Materi\u00e1l: Kombinace titanu s bronzovou povrchovou \u00fapravou a uhl\u00edkov\u00fdch vl\u00e1ken .<br \/>\nLogo Fox Knives je zasazeno na prezenta\u010dn\u00ed stran\u011b.<br \/>\nIntegrovan\u00fd Frame Lock s vlo\u017ekou lockbaru pro vy\u0161\u0161\u00ed \u017eivotnost.<br \/>\nKapesn\u00ed klip :<\/p>\n<p>Materi\u00e1l: Masivn\u00ed titan<br \/>\nObsahuje \u010dern\u00e9 zirkoni kuli\u010dkov\u00e9 lo\u017eisko, kter\u00e9 si vyt\u00e1hnete z kapsy.<br \/>\nMechanismus :<\/p>\n<p>Ploutev pro rychl\u00e9 otev\u00edr\u00e1n\u00ed. P\u0159i otev\u0159en\u00ed slou\u017e\u00ed jako ochrana prst\u016f.<br \/>\nRozm\u011bry :<\/p>\n<p>Materi\u00e1l \u010depele : Ocel M390, zn\u00e1m\u00e1 pro vynikaj\u00edc\u00ed retenci ost\u0159\u00ed, odolnost proti korozi a hou\u017eevnatost.<br \/>\nTvrdost \u010depele : HRC 59-61, co\u017e znamen\u00e1 dobrou rovnov\u00e1hu mezi tvrdost\u00ed pro pevnost a zachov\u00e1n\u00ed ost\u0159\u00ed, ani\u017e by byla p\u0159\u00edli\u0161 k\u0159ehk\u00e1.<br \/>\nPovrchov\u00e1 \u00faprava \u010depele : Satinato, kter\u00e1 \u010depeli dod\u00e1v\u00e1 elegantn\u00ed, kart\u00e1\u010dovan\u00fd vzhled.<br \/>\nRukoje\u0165 : Vyrobeno z uhl\u00edkov\u00fdch vl\u00e1ken s mramorov\u00fdm vzorem, kter\u00e9 poskytuje lehk\u00fd, ale odoln\u00fd \u00fachop.<br \/>\nPolstry : Otryskan\u00fd titan, kter\u00fd dod\u00e1v\u00e1 pevnost a estetickou texturu.<br \/>\nUzamykac\u00ed mechanismus : R\u00e1mov\u00fd z\u00e1mek s \u010dern\u00fdm titanov\u00fdm PVD povlakem pro stylov\u00fd a odoln\u00fd uzamykac\u00ed syst\u00e9m.<br \/>\nBackspacer : Otryskan\u00fd titan, zaji\u0161\u0165uj\u00edc\u00ed pevnost a hladk\u00fd, konzistentn\u00ed vzhled.<br \/>\nKlip : Otryskan\u00fd titan, kter\u00fd dopl\u0148uje celkov\u00fd design a zaji\u0161\u0165uje bezpe\u010dn\u00e9 no\u0161en\u00ed.<br \/>\n\u0160rouby : Titanov\u00fd povlak pro v\u011bt\u0161\u00ed trvanlivost a odolnost proti korozi.<br \/>\nD\u00e9lka \u010depele : 85 mm , \u010depel st\u0159edn\u00ed velikosti pro v\u0161estrann\u00e9 pou\u017eit\u00ed.<br \/>\nTlou\u0161\u0165ka \u010depele : 3,5 mm , poskytuje pevn\u00fd a odoln\u00fd okraj.<br \/>\nCelkov\u00e1 d\u00e9lka : 190 mm\u00a0 d\u00edky \u010demu\u017e je kompaktn\u00ed, ale \u00fa\u010dinn\u00fd n\u00e1stroj.<br \/>\nPochva : K\u016f\u017ee, pro \u0161pi\u010dkovou a ochrannou mo\u017enost no\u0161en\u00ed.<br \/>\nVyrobeno v : It\u00e1lie, zn\u00e1m\u00e1 v\u00fdrobou vysoce kvalitn\u00edch no\u017e\u016f a \u0159emesln\u00fdm zpracov\u00e1n\u00edm.<br \/>\nHmotnost : 120 g (4,23 oz), co\u017e je pro tento typ no\u017ee pom\u011brn\u011b n\u00edzk\u00e1 hmotnost, tak\u017ee se snadno p\u0159en\u00e1\u0161\u00ed.<br \/>\nTento n\u016f\u017e se jev\u00ed jako elegantn\u00ed, pr\u00e9miov\u00fd a vysoce funk\u010dn\u00ed kousek, ide\u00e1ln\u00ed pro sb\u011bratele nebo ty, kte\u0159\u00ed hledaj\u00ed odoln\u00fd, esteticky p\u0159\u00edjemn\u00fd n\u00e1stroj pro ka\u017edodenn\u00ed no\u0161en\u00ed.<\/p>\n<p>Ocel M390<br \/>\nM390 je pova\u017eov\u00e1na za jednu z nejlep\u0161\u00edch ocel\u00ed sou\u010dasnosti. Vyr\u00e1b\u00ed se procesem pr\u00e1\u0161kov\u00e9 metalurgie t\u0159et\u00ed generace a vynik\u00e1:<\/p>\n<p>Vysokou odolnost\u00ed proti korozi .<br \/>\nSkv\u011bl\u00fdm dr\u017een\u00edm ost\u0159\u00ed , co\u017e je ide\u00e1ln\u00ed pro p\u0159esn\u00e9 n\u00e1stroje i outdoorov\u00e9 pou\u017eit\u00ed.<br \/>\nPro\u010d si vybrat tento n\u016f\u017e?<br \/>\nN\u016f\u017e FOXFXF2017 spojuje tradici s modern\u00edmi technologiemi a nab\u00edz\u00ed exkluzivn\u00ed design, \u0161pi\u010dkov\u00e9 materi\u00e1ly a precizn\u00ed zpracov\u00e1n\u00ed. Ide\u00e1ln\u00ed pro sb\u011bratele, kte\u0159\u00ed ka\u017edoro\u010dn\u011b oslavuj\u00ed kousek s nad\u010dasovou estetikou a vynikaj\u00edc\u00ed funk\u010dnost\u00ed.<\/p>\n","protected":false},"excerpt":{"rendered":"<p><strong>Tento v\u00fdjime\u010dn\u00fd n\u016f\u017e oslavuj\u00edc\u00ed 40 let existence spole\u010dnosti Fox Knives \u010derp\u00e1 inspiraci z jednoho z prvn\u00edch kapesn\u00edch no\u017e\u016f t\u00e9to zna\u010dky, nyn\u00ed v\u0161ak zpracovan\u00fd v modern\u00edm designu ploutve s vyu\u017eit\u00edm nejpokro\u010dilej\u0161\u00edch materi\u00e1l\u016f.<\/strong><\/p>\n<p><strong>Doprava zdarma.<\/strong><\/p>\n","protected":false},"featured_media":375182,"comment_status":"open","ping_status":"closed","template":"","meta":[],"pwb-brand":[796],"product_brand":[],"product_cat":[22,17],"product_tag":[],"class_list":{"0":"post-375181","1":"product","2":"type-product","3":"status-publish","4":"has-post-thumbnail","6":"pwb-brand-fox-knives","7":"product_cat-zaviraci-noze","8":"product_cat-noze","10":"first","11":"instock","12":"taxable","13":"shipping-taxable","14":"purchasable","15":"product-type-simple"},"brands":[{"id":796,"name":"Fox Knives","slug":"fox-knives"}],"_links":{"self":[{"href":"https:\/\/www.moskito.cz\/en\/wp-json\/wp\/v2\/product\/375181","targetHints":{"allow":["GET"]}}],"collection":[{"href":"https:\/\/www.moskito.cz\/en\/wp-json\/wp\/v2\/product"}],"about":[{"href":"https:\/\/www.moskito.cz\/en\/wp-json\/wp\/v2\/types\/product"}],"replies":[{"embeddable":true,"href":"https:\/\/www.moskito.cz\/en\/wp-json\/wp\/v2\/comments?post=375181"}],"wp:featuredmedia":[{"embeddable":true,"href":"https:\/\/www.moskito.cz\/en\/wp-json\/wp\/v2\/media\/375182"}],"wp:attachment":[{"href":"https:\/\/www.moskito.cz\/en\/wp-json\/wp\/v2\/media?parent=375181"}],"wp:term":[{"taxonomy":"pwb-brand","embeddable":true,"href":"https:\/\/www.moskito.cz\/en\/wp-json\/wp\/v2\/pwb-brand?post=375181"},{"taxonomy":"product_brand","embeddable":true,"href":"https:\/\/www.moskito.cz\/en\/wp-json\/wp\/v2\/product_brand?post=375181"},{"taxonomy":"product_cat","embeddable":true,"href":"https:\/\/www.moskito.cz\/en\/wp-json\/wp\/v2\/product_cat?post=375181"},{"taxonomy":"product_tag","embeddable":true,"href":"https:\/\/www.moskito.cz\/en\/wp-json\/wp\/v2\/product_tag?post=375181"}],"curies":[{"name":"wp","href":"https:\/\/api.w.org\/{rel}","templated":true}]}}