{"id":376536,"date":"2024-11-22T10:19:18","date_gmt":"2024-11-22T09:19:18","guid":{"rendered":"https:\/\/www.moskito.cz\/?post_type=product&#038;p=376536"},"modified":"2025-05-07T11:26:38","modified_gmt":"2025-05-07T10:26:38","slug":"zaviraci-nuz-crkt-provoke-grivory-4041r","status":"publish","type":"product","link":"https:\/\/www.moskito.cz\/en\/product\/zaviraci-nuz-crkt-provoke-grivory-4041r\/","title":{"rendered":"Zav\u00edrac\u00ed N\u016f\u017e CRKT Provoke Grivory 4041R"},"content":{"rendered":"<p>Zav\u00edrac\u00ed N\u016f\u017e <strong>CRKT<\/strong> Provoke Grivory 4041R.<\/p>\n<p>Slou\u017eit. Chr\u00e1nit. Karambitov\u00fd n\u016f\u017e Provoke\u2122 Grivory\u00ae \u010derp\u00e1 inspiraci z d\u00e1vn\u00e9ho designu, ale skr\u00fdv\u00e1 futuristick\u00e9 tajemstv\u00ed. Jde o prvn\u00ed n\u016f\u017e na sv\u011bt\u011b, kter\u00fd vyu\u017e\u00edv\u00e1 technologii Kinematic\u00ae, d\u00edky kter\u00e9 z\u016fst\u00e1v\u00e1 elegantn\u011b uzav\u0159en\u00fd b\u011bhem p\u0159epravy, a o\u017eiv\u00ed, jakmile nastanou probl\u00e9my. Tato verze je vyrobena z \u010derven\u00e9ho Grivory\u00ae, co\u017e je siln\u00fd, lehk\u00fd a in\u017een\u00fdrsky navr\u017een\u00fd termoplast, co\u017e ji \u010din\u00ed leh\u010d\u00ed, obratn\u011bj\u0161\u00ed a p\u0159ipravenou na jak\u00fdkoli \u00fakol.<\/p>\n<p>Jak funguje Kinematic\u00ae:<br \/>\nSta\u010d\u00ed stisknout horn\u00ed p\u0159\u00ed\u010dku palcem \u2013 zat\u00edmco zbytek prst\u016f pevn\u011b dr\u017e\u00ed rukoje\u0165 \u2013 a \u010depel o\u017eije a zaji\u0161t\u011bn\u011b se uzamkne na sv\u00e9m m\u00edst\u011b. Posu\u0148te diskr\u00e9tn\u00ed p\u00e1\u010dku na z\u00e1kladn\u011b smy\u010dky na prst a \u010depel se vr\u00e1t\u00ed do uzav\u0159en\u00e9 polohy.<\/p>\n<p>Unik\u00e1tn\u00ed inovace: Kinematic\u00ae aktivuje \u010depel jednoduch\u00fdm stisknut\u00edm palce.<br \/>\nSnadn\u00e9 ost\u0159en\u00ed: \u010cepel z vysokouhl\u00edkov\u00e9 nerezov\u00e9 oceli se dob\u0159e nabrous\u00ed.<br \/>\nVylep\u0161en\u00e1 ochrana: \u010cern\u00fd stonewash povrch je odoln\u00fd a dob\u0159e st\u00e1rne.<br \/>\nJednoduch\u00fd a odoln\u00fd: Rukoje\u0165 z injek\u010dn\u011b tvarovan\u00e9ho plastu je odoln\u00e1 proti n\u00e1raz\u016fm.<br \/>\nN\u00edzk\u00fd profil: Klip na kapsu zaji\u0161\u0165uje bezpe\u010dn\u00e9 no\u0161en\u00ed.<br \/>\nVysok\u00e1 viditelnost: \u010cerven\u00e1 barva je snadno rozpoznateln\u00e1 za v\u0161ech podm\u00ednek.<\/p>\n<p>Detaily \u010depele:<\/p>\n<p>Ocel \u010depele: 1.4116<br \/>\nHrana \u010depele: hladk\u00e1 (Plain)<br \/>\nPovrchov\u00e1 \u00faprava \u010depele: stonewash (p\u00edskov\u00e1n\u00ed)<\/p>\n<p>M\u011b\u0159en\u00ed:<\/p>\n<p>D\u00e9lka \u010depele: 2,47&#8243; (62,69 mm)<br \/>\nTlou\u0161\u0165ka \u010depele: 0,21&#8243; (5,38 mm)<br \/>\nCelkov\u00e1 d\u00e9lka: 7,19&#8243; (182,58 mm)<br \/>\nD\u00e9lka ve slo\u017een\u00e9m stavu: 4,96&#8243; (125,88 mm)<br \/>\nHmotnost: 4,70 oz. (133,24 g)<\/p>\n<p><iframe title=\"CRKT  Provoke\u2122 Grivory\u00ae | Joe Caswell Design\" width=\"800\" height=\"450\" src=\"https:\/\/www.youtube.com\/embed\/YMHgPGj3m5M?feature=oembed\" frameborder=\"0\" allow=\"accelerometer; autoplay; clipboard-write; encrypted-media; gyroscope; picture-in-picture; web-share\" referrerpolicy=\"strict-origin-when-cross-origin\" allowfullscreen><\/iframe><\/p>\n<p><iframe title=\"Communicating through Design: Get to Know Joe Caswell\" width=\"800\" height=\"450\" src=\"https:\/\/www.youtube.com\/embed\/yWD2Hn2S7To?feature=oembed\" frameborder=\"0\" allow=\"accelerometer; autoplay; clipboard-write; encrypted-media; gyroscope; picture-in-picture; web-share\" referrerpolicy=\"strict-origin-when-cross-origin\" allowfullscreen><\/iframe><\/p>\n<p><iframe title=\"CRKT Kinematic | How It Works\" width=\"800\" height=\"450\" src=\"https:\/\/www.youtube.com\/embed\/birKtIe7HRY?feature=oembed\" frameborder=\"0\" allow=\"accelerometer; autoplay; clipboard-write; encrypted-media; gyroscope; picture-in-picture; web-share\" referrerpolicy=\"strict-origin-when-cross-origin\" allowfullscreen><\/iframe><\/p>\n<p>&nbsp;<\/p>\n","protected":false},"excerpt":{"rendered":"<p><strong>Slou\u017eit. Chr\u00e1nit. Karambitov\u00fd n\u016f\u017e Provoke\u2122 Grivory\u00ae \u010derp\u00e1 inspiraci z d\u00e1vn\u00e9ho designu, ale skr\u00fdv\u00e1 futuristick\u00e9 tajemstv\u00ed. Jde o prvn\u00ed n\u016f\u017e na sv\u011bt\u011b, kter\u00fd vyu\u017e\u00edv\u00e1 technologii Kinematic\u00ae, d\u00edky kter\u00e9 z\u016fst\u00e1v\u00e1 elegantn\u011b uzav\u0159en\u00fd b\u011bhem p\u0159epravy, a o\u017eiv\u00ed, jakmile nastanou probl\u00e9my. Tato verze je vyrobena z \u010derven\u00e9ho Grivory\u00ae, co\u017e je siln\u00fd, lehk\u00fd a in\u017een\u00fdrsky navr\u017een\u00fd termoplast, co\u017e ji \u010din\u00ed leh\u010d\u00ed, obratn\u011bj\u0161\u00ed a p\u0159ipravenou na jak\u00fdkoli \u00fakol.<\/strong><\/p>\n","protected":false},"featured_media":376537,"comment_status":"open","ping_status":"closed","template":"","meta":[],"pwb-brand":[209],"product_brand":[],"product_cat":[22,17],"product_tag":[],"class_list":{"0":"post-376536","1":"product","2":"type-product","3":"status-publish","4":"has-post-thumbnail","6":"pwb-brand-crkt","7":"product_cat-zaviraci-noze","8":"product_cat-noze","10":"first","11":"instock","12":"taxable","13":"shipping-taxable","14":"purchasable","15":"product-type-simple"},"brands":[{"id":209,"name":"CRKT","slug":"crkt"}],"_links":{"self":[{"href":"https:\/\/www.moskito.cz\/en\/wp-json\/wp\/v2\/product\/376536","targetHints":{"allow":["GET"]}}],"collection":[{"href":"https:\/\/www.moskito.cz\/en\/wp-json\/wp\/v2\/product"}],"about":[{"href":"https:\/\/www.moskito.cz\/en\/wp-json\/wp\/v2\/types\/product"}],"replies":[{"embeddable":true,"href":"https:\/\/www.moskito.cz\/en\/wp-json\/wp\/v2\/comments?post=376536"}],"wp:featuredmedia":[{"embeddable":true,"href":"https:\/\/www.moskito.cz\/en\/wp-json\/wp\/v2\/media\/376537"}],"wp:attachment":[{"href":"https:\/\/www.moskito.cz\/en\/wp-json\/wp\/v2\/media?parent=376536"}],"wp:term":[{"taxonomy":"pwb-brand","embeddable":true,"href":"https:\/\/www.moskito.cz\/en\/wp-json\/wp\/v2\/pwb-brand?post=376536"},{"taxonomy":"product_brand","embeddable":true,"href":"https:\/\/www.moskito.cz\/en\/wp-json\/wp\/v2\/product_brand?post=376536"},{"taxonomy":"product_cat","embeddable":true,"href":"https:\/\/www.moskito.cz\/en\/wp-json\/wp\/v2\/product_cat?post=376536"},{"taxonomy":"product_tag","embeddable":true,"href":"https:\/\/www.moskito.cz\/en\/wp-json\/wp\/v2\/product_tag?post=376536"}],"curies":[{"name":"wp","href":"https:\/\/api.w.org\/{rel}","templated":true}]}}