{"id":376612,"date":"2024-11-22T10:35:53","date_gmt":"2024-11-22T09:35:53","guid":{"rendered":"https:\/\/www.moskito.cz\/?post_type=product&#038;p=376612"},"modified":"2025-06-28T17:14:33","modified_gmt":"2025-06-28T16:14:33","slug":"zaviraci-nuz-crkt-pilar-5315ks","status":"publish","type":"product","link":"https:\/\/www.moskito.cz\/en\/product\/zaviraci-nuz-crkt-pilar-5315ks\/","title":{"rendered":"Zav\u00edrac\u00ed N\u016f\u017e CRKT Pilar 5315KS"},"content":{"rendered":"<div class=\"flex-1 overflow-hidden @container\/thread\">\n<div class=\"h-full\">\n<div class=\"react-scroll-to-bottom--css-quzxw-79elbk h-full\">\n<div class=\"react-scroll-to-bottom--css-quzxw-1n7m0yu\">\n<div class=\"flex flex-col text-sm md:pb-9\">\n<article class=\"w-full scroll-mb-[var(--thread-trailing-height,150px)] text-token-text-primary focus-visible:outline-2 focus-visible:outline-offset-[-4px]\" dir=\"auto\" data-testid=\"conversation-turn-75\" data-scroll-anchor=\"true\">\n<div class=\"m-auto text-base py-[18px] px-3 md:px-4 w-full md:px-5 lg:px-4 xl:px-5\">\n<div class=\"mx-auto flex flex-1 gap-4 text-base md:gap-5 lg:gap-6 md:max-w-3xl\">\n<div class=\"group\/conversation-turn relative flex w-full min-w-0 flex-col agent-turn\">\n<div class=\"flex-col gap-1 md:gap-3\">\n<div class=\"flex max-w-full flex-col flex-grow\">\n<div class=\"min-h-8 text-message flex w-full flex-col items-end gap-2 whitespace-normal break-words text-start [.text-message+&amp;]:mt-5\" dir=\"auto\" data-message-author-role=\"assistant\" data-message-id=\"323f63aa-d7d2-45ee-99b2-b6e1371d69c1\" data-message-model-slug=\"gpt-4o-mini\">\n<div class=\"flex w-full flex-col gap-1 empty:hidden first:pt-[3px]\">\n<div class=\"markdown prose w-full break-words dark:prose-invert light\">\n<p><strong>Zav\u00edrac\u00ed n\u016f\u017e CRKT Pilar 5315KS<\/strong> je vylep\u0161enou verz\u00ed jednoho z nejobl\u00edben\u011bj\u0161\u00edch model\u016f zna\u010dky CRKT, kter\u00fd spojuje minimalistick\u00fd design s vysokou funk\u010dnost\u00ed. Tento model je ide\u00e1ln\u00ed pro ka\u017edodenn\u00ed no\u0161en\u00ed (EDC) a nab\u00edz\u00ed skv\u011blou kombinaci kompaktnosti, s\u00edly a snadn\u00e9ho pou\u017eit\u00ed. Zde jsou kl\u00ed\u010dov\u00e9 vlastnosti tohoto no\u017ee:<\/p>\n<h3><strong>Hlavn\u00ed vlastnosti:<\/strong><\/h3>\n<h4><strong>Design a funk\u010dnost:<\/strong><\/h4>\n<ul>\n<li><strong>V\u011bt\u0161\u00ed verze bestselleru Pilar\u00ae:<\/strong> Tento n\u016f\u017e je o n\u011bco v\u011bt\u0161\u00ed ne\u017e p\u016fvodn\u00ed model Pilar, co\u017e p\u0159in\u00e1\u0161\u00ed lep\u0161\u00ed v\u00fdkon a v\u011bt\u0161\u00ed pohodl\u00ed p\u0159i pou\u017e\u00edv\u00e1n\u00ed, ani\u017e by ztratil na kompaktnosti.<\/li>\n<li><strong>Minimalistick\u00fd design:<\/strong> N\u016f\u017e se vyzna\u010duje jednoduch\u00fdmi a \u010dist\u00fdmi liniemi, kter\u00e9 jsou typick\u00e9 pro minimalistick\u00fd styl, ale i p\u0159esto poskytuj\u00ed maxim\u00e1ln\u00ed v\u00fdkon.<\/li>\n<li><strong>Kamenit\u00fd povrch (Stonewash):<\/strong> Povrch \u010depele m\u00e1 efektn\u00ed <strong>stonewash \u00fapravu<\/strong>, kter\u00e1 nejen vylep\u0161uje vzhled no\u017ee, ale tak\u00e9 poskytuje v\u011bt\u0161\u00ed odolnost v\u016f\u010di otisk\u016fm a korozi.<\/li>\n<\/ul>\n<h4><strong>Materi\u00e1ly a konstrukce:<\/strong><\/h4>\n<ul>\n<li><strong>Ocel \u010depele:<\/strong> \u010cepel je vyrobena z kvalitn\u00ed <strong>8Cr13MoV nerezov\u00e9 oceli<\/strong>, kter\u00e1 je cen\u011bn\u00e1 pro svou <strong>dobrou odolnost proti korozi<\/strong>, <strong>snadnou \u00fadr\u017ebu<\/strong> a schopnost snadno nab\u00edrat ost\u0159\u00ed.<\/li>\n<li><strong>B\u0159it \u010depele:<\/strong> <strong>Ploch\u00fd b\u0159it<\/strong> je ide\u00e1ln\u00ed pro v\u0161estrann\u00e9 pou\u017eit\u00ed a poskytuje vyv\u00e1\u017eenou kombinaci ostrosti a snadn\u00e9ho brou\u0161en\u00ed.<\/li>\n<li><strong>R\u00e1mov\u00e1 pojistka:<\/strong> Siln\u00fd z\u00e1mek <strong>frame lock<\/strong> zaji\u0161\u0165uje, \u017ee \u010depel z\u016fstane bezpe\u010dn\u011b uzam\u010dena p\u0159i pou\u017eit\u00ed, co\u017e je kl\u00ed\u010dov\u00e9 pro bezpe\u010dnost.<\/li>\n<\/ul>\n<h4><strong>Otev\u00edr\u00e1n\u00ed a manipulace:<\/strong><\/h4>\n<ul>\n<li><strong>IKBS\u2122 kuli\u010dkov\u00e9 lo\u017eisko:<\/strong> N\u016f\u017e je vybaven syst\u00e9mem <strong>IKBS\u2122<\/strong>, co\u017e je <strong>kuli\u010dkov\u00e9 lo\u017eisko<\/strong> zaji\u0161\u0165uj\u00edc\u00ed <strong>houbou hladk\u00e9 otev\u00edr\u00e1n\u00ed \u010depele<\/strong>. To zaru\u010duje plynul\u00fd pohyb p\u0159i otev\u00edr\u00e1n\u00ed no\u017ee.<\/li>\n<li><strong>Flipper:<\/strong> <strong>Flipper<\/strong> umo\u017e\u0148uje <strong>rychl\u00e9 a snadn\u00e9 otev\u0159en\u00ed \u010depele<\/strong>. Sta\u010d\u00ed jemn\u011b stisknout a n\u016f\u017e se rychle a efektivn\u011b otev\u0159e.<\/li>\n<\/ul>\n<h4><strong>No\u0161en\u00ed:<\/strong><\/h4>\n<ul>\n<li><strong>Klips s dv\u011bma pozicemi:<\/strong> Tento model je vybaven klipem pro no\u0161en\u00ed v kapse, kter\u00fd m\u00e1 <strong>dva re\u017eimy<\/strong>: pro no\u0161en\u00ed s hrotem nahoru nebo dol\u016f, co\u017e nab\u00edz\u00ed flexibilitu v z\u00e1vislosti na va\u0161ich preferenc\u00edch pro snadn\u00fd p\u0159\u00edstup k no\u017ei.<\/li>\n<\/ul>\n<h3><strong>Technick\u00e9 specifikace:<\/strong><\/h3>\n<ul>\n<li><strong>D\u00e9lka \u010depele:<\/strong> 67,79 mm (2,67 palce)<\/li>\n<li><strong>Tlou\u0161\u0165ka \u010depele:<\/strong> 3,73 mm (0,15 palce)<\/li>\n<li><strong>Celkov\u00e1 d\u00e9lka:<\/strong> 169,88 mm (6,69 palce)<\/li>\n<li><strong>D\u00e9lka ve slo\u017een\u00e9m stavu:<\/strong> 101,55 mm (4,00 palce)<\/li>\n<li><strong>Hmotnost:<\/strong> 119,07 g (4,20 oz)<\/li>\n<\/ul>\n<h3><strong>Vyu\u017eit\u00ed:<\/strong><\/h3>\n<p>Tento n\u016f\u017e je skv\u011blou volbou pro <strong>ka\u017edodenn\u00ed no\u0161en\u00ed (EDC)<\/strong> d\u00edky sv\u00e9 kompaktn\u00ed velikosti, <strong>v\u0161estrann\u00e9 \u010depeli<\/strong> a <strong>snadn\u00e9mu mechanismu otev\u00edr\u00e1n\u00ed<\/strong>. Je ide\u00e1ln\u00ed pro \u0161irok\u00e9 spektrum \u00fakol\u016f, od <strong>otev\u0159en\u00ed bal\u00ed\u010dk\u016f<\/strong> a <strong>\u0159e\u0161en\u00ed drobn\u00fdch \u00fakol\u016f<\/strong>, a\u017e po <strong>kempov\u00e1n\u00ed<\/strong> a <strong>outdoorov\u00e9 aktivity<\/strong>.<\/p>\n<h3><strong>Z\u00e1v\u011br:<\/strong><\/h3>\n<p><strong>CRKT Pilar 5315KS<\/strong> je skv\u011bl\u00fdm p\u0159\u00edkladem toho, jak se <strong>minimalistick\u00fd design<\/strong> m\u016f\u017ee setkat s <strong>vysokou funk\u010dnost\u00ed<\/strong>. Nab\u00edz\u00ed robustn\u00ed konstrukci, kvalitn\u00ed materi\u00e1ly a snadn\u00e9 pou\u017eit\u00ed v elegantn\u00edm balen\u00ed. A\u0165 u\u017e hled\u00e1te spolehliv\u00fd n\u016f\u017e pro ka\u017edodenn\u00ed no\u0161en\u00ed, nebo kvalitn\u00ed n\u00e1stroj pro outdoorov\u00e9 aktivity, Pilar 5315KS je vynikaj\u00edc\u00ed volba.<\/p>\n<\/div>\n<\/div>\n<\/div>\n<\/div>\n<div class=\"mb-2 flex gap-3 empty:hidden -ml-2\">\n<div class=\"items-center justify-start rounded-xl p-1 flex\">\n<div class=\"flex items-center\"><\/div>\n<\/div>\n<\/div>\n<div class=\"pr-2 lg:pr-0\"><\/div>\n<div class=\"mt-3 w-full empty:hidden\">\n<div class=\"text-center\"><\/div>\n<\/div>\n<\/div>\n<div class=\"absolute\">\n<div class=\"flex items-center justify-center\"><\/div>\n<\/div>\n<\/div>\n<\/div>\n<\/div>\n<\/article>\n<\/div>\n<\/div>\n<\/div>\n<\/div>\n<\/div>\n<div class=\"md:pt-0 dark:border-white\/20 md:border-transparent md:dark:border-transparent w-full\">\n<div>\n<div class=\"m-auto text-base px-3 md:px-4 w-full md:px-5 lg:px-4 xl:px-5\">\n<div class=\"mx-auto flex flex-1 gap-4 text-base md:gap-5 lg:gap-6 md:max-w-3xl\">\n<div class=\"flex justify-center\"><\/div>\n<\/div>\n<\/div>\n<\/div>\n<\/div>\n","protected":false},"excerpt":{"rendered":"<p><strong>CRKT Pilar 5315KS je skv\u011bl\u00fdm p\u0159\u00edkladem toho, jak se minimalistick\u00fd design m\u016f\u017ee setkat s vysokou funk\u010dnost\u00ed. Nab\u00edz\u00ed robustn\u00ed konstrukci, kvalitn\u00ed materi\u00e1ly a snadn\u00e9 pou\u017eit\u00ed v elegantn\u00edm balen\u00ed. A\u0165 u\u017e hled\u00e1te spolehliv\u00fd n\u016f\u017e pro ka\u017edodenn\u00ed no\u0161en\u00ed, nebo kvalitn\u00ed n\u00e1stroj pro outdoorov\u00e9 aktivity, Pilar 5315KS je vynikaj\u00edc\u00ed volba.<\/strong><\/p>\n","protected":false},"featured_media":376613,"comment_status":"open","ping_status":"closed","template":"","meta":[],"pwb-brand":[209],"product_brand":[],"product_cat":[22,17],"product_tag":[],"class_list":{"0":"post-376612","1":"product","2":"type-product","3":"status-publish","4":"has-post-thumbnail","6":"pwb-brand-crkt","7":"product_cat-zaviraci-noze","8":"product_cat-noze","10":"first","11":"instock","12":"sale","13":"taxable","14":"shipping-taxable","15":"purchasable","16":"product-type-simple"},"brands":[{"id":209,"name":"CRKT","slug":"crkt"}],"_links":{"self":[{"href":"https:\/\/www.moskito.cz\/en\/wp-json\/wp\/v2\/product\/376612","targetHints":{"allow":["GET"]}}],"collection":[{"href":"https:\/\/www.moskito.cz\/en\/wp-json\/wp\/v2\/product"}],"about":[{"href":"https:\/\/www.moskito.cz\/en\/wp-json\/wp\/v2\/types\/product"}],"replies":[{"embeddable":true,"href":"https:\/\/www.moskito.cz\/en\/wp-json\/wp\/v2\/comments?post=376612"}],"wp:featuredmedia":[{"embeddable":true,"href":"https:\/\/www.moskito.cz\/en\/wp-json\/wp\/v2\/media\/376613"}],"wp:attachment":[{"href":"https:\/\/www.moskito.cz\/en\/wp-json\/wp\/v2\/media?parent=376612"}],"wp:term":[{"taxonomy":"pwb-brand","embeddable":true,"href":"https:\/\/www.moskito.cz\/en\/wp-json\/wp\/v2\/pwb-brand?post=376612"},{"taxonomy":"product_brand","embeddable":true,"href":"https:\/\/www.moskito.cz\/en\/wp-json\/wp\/v2\/product_brand?post=376612"},{"taxonomy":"product_cat","embeddable":true,"href":"https:\/\/www.moskito.cz\/en\/wp-json\/wp\/v2\/product_cat?post=376612"},{"taxonomy":"product_tag","embeddable":true,"href":"https:\/\/www.moskito.cz\/en\/wp-json\/wp\/v2\/product_tag?post=376612"}],"curies":[{"name":"wp","href":"https:\/\/api.w.org\/{rel}","templated":true}]}}