{"id":376774,"date":"2024-11-22T15:25:01","date_gmt":"2024-11-22T14:25:01","guid":{"rendered":"https:\/\/www.moskito.cz\/?post_type=product&#038;p=376774"},"modified":"2026-04-26T00:11:38","modified_gmt":"2026-04-25T23:11:38","slug":"brousek-benchmade-work-sharp-guided-field-sharpener","status":"publish","type":"product","link":"https:\/\/www.moskito.cz\/en\/product\/brousek-benchmade-work-sharp-guided-field-sharpener\/","title":{"rendered":"Brousek Benchmade Work Sharp Guided Field Sharpener"},"content":{"rendered":"<p>Brousek <strong>Benchmade<\/strong> Work Sharp Guided Field Sharpener.<\/p>\n<p>BM100604F: Guided Field Sharpener od Benchmade\/Work Sharp je precizn\u011b navr\u017een\u00fd p\u0159enosn\u00fd brousek, ide\u00e1ln\u00ed pro pou\u017eit\u00ed v ter\u00e9nu. N\u00ed\u017ee najdete p\u0159ehled jeho vlastnost\u00ed:<br \/>\nKl\u00ed\u010dov\u00e9 vlastnosti:<\/p>\n<p>Kompatibilita s v\u00edce n\u00e1stroji:<br \/>\nBrous\u00ed no\u017ee, n\u016f\u017eky, ryb\u00e1\u0159sk\u00e9 h\u00e1\u010dky, hroty \u0161\u00edp\u016f, zoubkovan\u00e9 \u010depele, d\u011brovac\u00ed n\u00e1stroje na k\u016f\u017ei a r\u016fzn\u00e9 t\u00e1borov\u00e9 n\u00e1stroje.<\/p>\n<p>P\u0159esn\u00e9 vodic\u00ed \u00fahly:<br \/>\nVestav\u011bn\u00e9 vodic\u00ed \u00fahly 20\u00b0 a 25\u00b0 zaji\u0161\u0165uj\u00ed konzistentn\u00ed ost\u0159\u00ed, ide\u00e1ln\u00ed pro loveck\u00e9, kapesn\u00ed a filetovac\u00ed no\u017ee.<\/p>\n<p>Kompletn\u00ed brusn\u00fd syst\u00e9m:<br \/>\nP\u011bt stup\u0148\u016f brou\u0161en\u00ed:<br \/>\nDva diamantov\u00e9 pl\u00e1ty: Hrub\u00fd (pro opravu otupen\u00fdch \u010depel\u00ed) a jemn\u00fd (pro dolad\u011bn\u00ed ost\u0159\u00ed).<br \/>\nVelk\u00e1 keramick\u00e1 ty\u010d: Nastaviteln\u00e1 pro hrub\u00e9, jemn\u00e9 brou\u0161en\u00ed a ryb\u00e1\u0159sk\u00e9 h\u00e1\u010dky.<br \/>\nMal\u00e1 keramick\u00e1 ty\u010d: Pro brou\u0161en\u00ed zoubkovan\u00fdch \u010depel\u00ed.<br \/>\nKo\u017een\u00fd strop: P\u0159edem o\u0161et\u0159en\u00fd mikroabrazivem pro dokonal\u00e9 dole\u0161t\u011bn\u00ed ost\u0159\u00ed.<\/p>\n<p>Kompaktn\u00ed a odoln\u00fd design:<br \/>\nRozm\u011bry: 17,1 cm x 4,1 cm<br \/>\nHmotnost: 130 g<br \/>\nOtvor pro \u0161\u0148\u016frku pro snadn\u00e9 p\u0159en\u00e1\u0161en\u00ed.<\/p>\n<p>Magnetick\u00e9 uchycen\u00ed:<br \/>\nSiln\u00e9 magnety upev\u0148uj\u00ed vym\u011bniteln\u00e9 diamantov\u00e9 pl\u00e1ty a umo\u017e\u0148uj\u00ed p\u0159\u00edstup k kl\u00ed\u010di na hroty \u0161\u00edp\u016f a mal\u00e9mu \u00falo\u017en\u00e9mu prostoru.<\/p>\n<p>Snadn\u00e9 pou\u017eit\u00ed:<br \/>\nNen\u00ed nutn\u00e1 \u017e\u00e1dn\u00e1 mont\u00e1\u017e, v\u0161echny komponenty jsou integrovan\u00e9.<br \/>\nObsahuje u\u017eivatelsk\u00fd manu\u00e1l, ulo\u017een\u00fd pod diamantov\u00fdm pl\u00e1tem.<\/p>\n<p>Kvalitn\u00ed proveden\u00ed:<br \/>\nVyrobeno v Ashlandu, Oregon, s omezenou do\u017eivotn\u00ed z\u00e1rukou.<\/p>\n<p>Doporu\u010den\u00ed odborn\u00edka:<\/p>\n<p>Renomovan\u00fd no\u017e\u00ed\u0159 Ken Onion jej ozna\u010dil za \u201enejlep\u0161\u00ed ru\u010dn\u00ed p\u0159enosn\u00fd brousek\u201c a ocenil jeho promy\u0161len\u00e9 detaily, v\u0161estrannost a vynikaj\u00edc\u00ed v\u00fdkon na r\u016fzn\u00fdch typech \u010depel\u00ed.<br \/>\nIde\u00e1ln\u00ed pro:<\/p>\n<p>Outdoorov\u00e9 nad\u0161ence<br \/>\nMyslivce<br \/>\nRyb\u00e1\u0159e<br \/>\nKa\u017edodenn\u00ed \u00fadr\u017ebu no\u017e\u016f doma nebo v d\u00edln\u011b.<\/p>\n<p>Tento v\u0161estrann\u00fd a vysoce kvalitn\u00ed n\u00e1stroj zaji\u0161\u0165uje snadn\u00e9 a spolehliv\u00e9 brou\u0161en\u00ed kdekoliv a kdykoliv.<\/p>\n","protected":false},"excerpt":{"rendered":"<p><strong>Guided Field Sharpener od Benchmade\/Work Sharp je precizn\u011b navr\u017een\u00fd p\u0159enosn\u00fd brousek, ide\u00e1ln\u00ed pro pou\u017eit\u00ed v ter\u00e9nu.<\/strong><\/p>\n","protected":false},"featured_media":376775,"comment_status":"open","ping_status":"closed","template":"","meta":[],"pwb-brand":[3960],"product_brand":[],"product_cat":[22,26,2062,17,23],"product_tag":[],"class_list":{"0":"post-376774","1":"product","2":"type-product","3":"status-publish","4":"has-post-thumbnail","6":"pwb-brand-benchmade","7":"product_cat-zaviraci-noze","8":"product_cat-brousky-a-ocilky","9":"product_cat-karambity","10":"product_cat-noze","11":"product_cat-pevne-noze","13":"first","14":"instock","15":"taxable","16":"shipping-taxable","17":"purchasable","18":"product-type-simple"},"brands":[{"id":3960,"name":"Benchmade","slug":"benchmade"}],"_links":{"self":[{"href":"https:\/\/www.moskito.cz\/en\/wp-json\/wp\/v2\/product\/376774","targetHints":{"allow":["GET"]}}],"collection":[{"href":"https:\/\/www.moskito.cz\/en\/wp-json\/wp\/v2\/product"}],"about":[{"href":"https:\/\/www.moskito.cz\/en\/wp-json\/wp\/v2\/types\/product"}],"replies":[{"embeddable":true,"href":"https:\/\/www.moskito.cz\/en\/wp-json\/wp\/v2\/comments?post=376774"}],"wp:featuredmedia":[{"embeddable":true,"href":"https:\/\/www.moskito.cz\/en\/wp-json\/wp\/v2\/media\/376775"}],"wp:attachment":[{"href":"https:\/\/www.moskito.cz\/en\/wp-json\/wp\/v2\/media?parent=376774"}],"wp:term":[{"taxonomy":"pwb-brand","embeddable":true,"href":"https:\/\/www.moskito.cz\/en\/wp-json\/wp\/v2\/pwb-brand?post=376774"},{"taxonomy":"product_brand","embeddable":true,"href":"https:\/\/www.moskito.cz\/en\/wp-json\/wp\/v2\/product_brand?post=376774"},{"taxonomy":"product_cat","embeddable":true,"href":"https:\/\/www.moskito.cz\/en\/wp-json\/wp\/v2\/product_cat?post=376774"},{"taxonomy":"product_tag","embeddable":true,"href":"https:\/\/www.moskito.cz\/en\/wp-json\/wp\/v2\/product_tag?post=376774"}],"curies":[{"name":"wp","href":"https:\/\/api.w.org\/{rel}","templated":true}]}}