{"id":376995,"date":"2024-11-22T20:50:11","date_gmt":"2024-11-22T19:50:11","guid":{"rendered":"https:\/\/www.moskito.cz\/?post_type=product&#038;p=376995"},"modified":"2025-05-07T11:26:42","modified_gmt":"2025-05-07T10:26:42","slug":"zaviraci-nuz-fox-knives-core-tanto-fx-612-bs","status":"publish","type":"product","link":"https:\/\/www.moskito.cz\/en\/product\/zaviraci-nuz-fox-knives-core-tanto-fx-612-bs\/","title":{"rendered":"Zav\u00edrac\u00ed N\u016f\u017e Fox Knives CORE TANTO FX-612 BS"},"content":{"rendered":"<p>Zav\u00edrac\u00ed N\u016f\u017e <strong>Fox Knives<\/strong> CORE TANTO FX-612 BS.<\/p>\n<p>Zav\u00edrac\u00ed n\u016f\u017e Fox Knives CORE TANTO FX-612 BS je kvalitn\u00ed n\u016f\u017e ur\u010den\u00fd pro \u0161irok\u00e9 spektrum outdoorov\u00fdch aktivit, ale tak\u00e9 pro ka\u017edodenn\u00ed no\u0161en\u00ed. Tento konkr\u00e9tn\u00ed model je vybaven \u010depel\u00ed ve tvaru tanto , kter\u00e1 je zn\u00e1m\u00e1 svou silnou a odolnou \u0161pi\u010dkou, ide\u00e1ln\u00ed pro p\u0159esn\u00e9 \u0159ez\u00e1n\u00ed a pror\u00e1\u017een\u00ed pevn\u00fdch materi\u00e1l\u016f.<\/p>\n<p>Hlavn\u00ed charakteristiky modelu FX-612 BS:<br \/>\n\u010cepel :<\/p>\n<p>Materi\u00e1l : Obvykle se pou\u017e\u00edv\u00e1 ocel B\u00f6hler N690Co nebo jin\u00fd vysoce kvalitn\u00ed materi\u00e1l pro zv\u00fd\u0161enou odolnost proti korozi a dobrou schopnost uchov\u00e1n\u00ed ostrosti.<br \/>\nTvar : Tanto \u2013 poskytuje robustn\u00ed \u0161pi\u010dku a stabilitu p\u0159i \u0159ez\u00e1n\u00ed.<br \/>\n\u00daprava povrchu : \u010cepel je obvykle opat\u0159ena matnou \u010dernou povrchovou \u00fapravou (nap\u0159. Black Stonewash ), kter\u00e1 zvy\u0161uje odolnost proti po\u0161kr\u00e1b\u00e1n\u00ed a korozi.<br \/>\nRukoje\u0165 :<\/p>\n<p>Rukoje\u0165 je vyrobena z G10 , co\u017e je materi\u00e1l zn\u00e1m\u00fd svou pevnost\u00ed, odolnost\u00ed a p\u0159\u00edjemn\u00fdm \u00fachopem. G10 je vysoce odoln\u00fd v\u016f\u010di vlhkosti a zm\u011bn\u00e1m teplot, co\u017e potvrzuje dlouhou \u017eivotnost.<br \/>\nErgonomick\u00fd tvar rukojeti zaji\u0161\u0165uje pohodln\u00e9 dr\u017een\u00ed no\u017ee i p\u0159i n\u00e1ro\u010dn\u011bj\u0161\u00edch podm\u00ednk\u00e1ch.<br \/>\nMechanismus uzam\u010den\u00ed :<\/p>\n<p>Tento n\u016f\u017e je vybaven kvalitn\u00edm liner lock mechanismem, kter\u00fd zaji\u0161\u0165uje bezpe\u010dn\u00e9 uzam\u010den\u00ed \u010depele p\u0159i pou\u017e\u00edv\u00e1n\u00ed.<br \/>\nVelikost a hmotnost :<\/p>\n<p>Velikost \u010depele se pohybuje kolem 9-10 cm a celkov\u00e1 d\u00e9lka no\u017ee po otev\u0159en\u00ed je p\u0159ibli\u017en\u011b 21-22 cm.<br \/>\nN\u016f\u017e je pom\u011brn\u011b kompaktn\u00ed a lehk\u00fd, co\u017e je snadno p\u0159enosn\u00fdm.<br \/>\nDopl\u0148ky :<\/p>\n<p>N\u011bkter\u00e9 verze mohou m\u00edt praktick\u00e9 klipy pro upevn\u011bn\u00ed na opasek nebo v kapse.<br \/>\nPou\u017eit\u00ed:<br \/>\nOutdoor : D\u00edky odolnosti materi\u00e1l\u016f a tvaru \u010depele je vhodn\u00fd pro \u0159ez\u00e1n\u00ed r\u016fzn\u00fdch materi\u00e1l\u016f, od d\u0159eva po k\u016f\u017ei.<br \/>\nKa\u017edodenn\u00ed no\u0161en\u00ed (EDC) : Kompaktn\u00ed velikost a bezpe\u010dnostn\u00ed mechanismus d\u011blaj\u00ed tento n\u016f\u017e ide\u00e1ln\u00ed pro ka\u017edodenn\u00ed no\u0161en\u00ed v kapse nebo na opasku.<br \/>\nFox Knives je zn\u00e1m\u00e1 svou vysokou kvalitou a precizn\u00edm zpracov\u00e1n\u00edm, co\u017e tento model potvrzuje. Pokud hled\u00e1te n\u016f\u017e, kter\u00fd je spolehliv\u00fd, odoln\u00fd a z\u00e1rove\u0148 estetick\u00fd, FX-612 BS by mohl b\u00fdt skv\u011blou volbou.<\/p>\n<p>Design\u00e9r: VOX<br \/>\nOcel \u010depele: N690Co (vysoce kvalitn\u00ed nerezov\u00e1 ocel s dobrou odolnost\u00ed proti korozi a zachov\u00e1n\u00edm hran)<br \/>\nTvrdost: HRC 58-60 (dobr\u00fd rozsah pro nerezov\u00e9 oceli, vyv\u00e1\u017een\u00ed ostrosti a trvanlivosti)<br \/>\nPovrchov\u00e1 \u00faprava \u010depele: Acid Stone Washed (trvanliv\u00fd, matn\u00fd povrch, kter\u00fd pom\u00e1h\u00e1 odol\u00e1vat opot\u0159eben\u00ed a korozi)<br \/>\nRukoje\u0165: \u010cern\u00e1 FRN\u00ae (vl\u00e1knem vyztu\u017een\u00fd nylon, pevn\u00fd, lehk\u00fd a odoln\u00fd materi\u00e1l)<br \/>\nSpona: Le\u0161t\u011bn\u00e1 AISI 420 (svorka z nerezov\u00e9 oceli odoln\u00e1 proti korozi s le\u0161t\u011bn\u00fdm povrchem)<br \/>\nOboustrann\u00fd klip: Ano (umo\u017e\u0148uje oboustrann\u00e9 no\u0161en\u00ed)<br \/>\nDistan\u010dn\u00ed vlo\u017eka: Modr\u00fd eloxovan\u00fd hlin\u00edk (poskytuje p\u011bkn\u00fd vizu\u00e1ln\u00ed kontrast a dal\u0161\u00ed odolnost)<br \/>\n\u0160rouby: Le\u0161t\u011bn\u00fd AISI 303 (\u0161rouby z nerezov\u00e9 oceli s hladk\u00fdm povrchem)<br \/>\nD\u00e9lka \u010depele: 78 mm &#8211; 3,07&#8243; (ide\u00e1ln\u00ed velikost pro b\u011b\u017en\u00e9 u\u017eitkov\u00e9 \u00fakoly)<br \/>\nCelkov\u00e1 d\u00e9lka: 195 mm &#8211; 7,68&#8243; (dobr\u00e9 vyv\u00e1\u017een\u00ed velikosti pro p\u0159enositelnost a funk\u010dnost)<br \/>\nTlou\u0161\u0165ka \u010depele: 4,0 mm &#8211; 0,16&#8243; (poskytuje pevnost a tuhost)<br \/>\nVyrobeno v: It\u00e1lie (zn\u00e1m\u00e9 vysoce kvalitn\u00edm \u0159emesln\u00fdm zpracov\u00e1n\u00edm)<br \/>\nHmotnost: 135 g &#8211; 4,76 oz (dost lehk\u00fd pro pohodln\u00e9 p\u0159en\u00e1\u0161en\u00ed)<br \/>\nTento n\u016f\u017e se jev\u00ed jako v\u0161estrann\u00fd a odoln\u00fd n\u00e1stroj se stylov\u00fdm designem, vhodn\u00fd pro ka\u017edodenn\u00ed no\u0161en\u00ed a lehk\u00e9 a\u017e st\u0159edn\u011b n\u00e1ro\u010dn\u00e9 \u00fakoly. Pou\u017eit\u00ed vysoce kvalitn\u00edch materi\u00e1l\u016f, jako je ocel N690Co a \u200b\u200beloxovan\u00fd hlin\u00edk, stejn\u011b jako pozornost v\u011bnovan\u00e1 detail\u016fm v designu \u0161roub\u016f a klip\u016f nazna\u010duje, \u017ee se jedn\u00e1 o pr\u00e9miov\u00fd produkt navr\u017een\u00fd pro funk\u010dnost i estetick\u00fd vzhled.<\/p>\n<p>&nbsp;<\/p>\n<p>&nbsp;<\/p>\n<p>&nbsp;<\/p>\n<p>&nbsp;<\/p>\n","protected":false},"excerpt":{"rendered":"<p><strong>Tento n\u016f\u017e se jev\u00ed jako v\u0161estrann\u00fd a odoln\u00fd n\u00e1stroj se stylov\u00fdm designem, vhodn\u00fd pro ka\u017edodenn\u00ed no\u0161en\u00ed a lehk\u00e9 a\u017e st\u0159edn\u011b n\u00e1ro\u010dn\u00e9 \u00fakoly. Pou\u017eit\u00ed vysoce kvalitn\u00edch materi\u00e1l\u016f, jako je ocel N690Co a \u200b\u200beloxovan\u00fd hlin\u00edk, stejn\u011b jako pozornost v\u011bnovan\u00e1 detail\u016fm v designu \u0161roub\u016f a klip\u016f nazna\u010duje, \u017ee se jedn\u00e1 o pr\u00e9miov\u00fd produkt navr\u017een\u00fd pro funk\u010dnost i estetick\u00fd vzhled.<\/strong><\/p>\n","protected":false},"featured_media":376996,"comment_status":"open","ping_status":"closed","template":"","meta":[],"pwb-brand":[796],"product_brand":[],"product_cat":[22,17],"product_tag":[],"class_list":{"0":"post-376995","1":"product","2":"type-product","3":"status-publish","4":"has-post-thumbnail","6":"pwb-brand-fox-knives","7":"product_cat-zaviraci-noze","8":"product_cat-noze","10":"first","11":"instock","12":"taxable","13":"shipping-taxable","14":"purchasable","15":"product-type-simple"},"brands":[{"id":796,"name":"Fox Knives","slug":"fox-knives"}],"_links":{"self":[{"href":"https:\/\/www.moskito.cz\/en\/wp-json\/wp\/v2\/product\/376995","targetHints":{"allow":["GET"]}}],"collection":[{"href":"https:\/\/www.moskito.cz\/en\/wp-json\/wp\/v2\/product"}],"about":[{"href":"https:\/\/www.moskito.cz\/en\/wp-json\/wp\/v2\/types\/product"}],"replies":[{"embeddable":true,"href":"https:\/\/www.moskito.cz\/en\/wp-json\/wp\/v2\/comments?post=376995"}],"wp:featuredmedia":[{"embeddable":true,"href":"https:\/\/www.moskito.cz\/en\/wp-json\/wp\/v2\/media\/376996"}],"wp:attachment":[{"href":"https:\/\/www.moskito.cz\/en\/wp-json\/wp\/v2\/media?parent=376995"}],"wp:term":[{"taxonomy":"pwb-brand","embeddable":true,"href":"https:\/\/www.moskito.cz\/en\/wp-json\/wp\/v2\/pwb-brand?post=376995"},{"taxonomy":"product_brand","embeddable":true,"href":"https:\/\/www.moskito.cz\/en\/wp-json\/wp\/v2\/product_brand?post=376995"},{"taxonomy":"product_cat","embeddable":true,"href":"https:\/\/www.moskito.cz\/en\/wp-json\/wp\/v2\/product_cat?post=376995"},{"taxonomy":"product_tag","embeddable":true,"href":"https:\/\/www.moskito.cz\/en\/wp-json\/wp\/v2\/product_tag?post=376995"}],"curies":[{"name":"wp","href":"https:\/\/api.w.org\/{rel}","templated":true}]}}