{"id":377872,"date":"2024-11-25T20:38:27","date_gmt":"2024-11-25T19:38:27","guid":{"rendered":"https:\/\/www.moskito.cz\/?post_type=product&#038;p=377872"},"modified":"2025-05-07T11:26:47","modified_gmt":"2025-05-07T10:26:47","slug":"zaviraci-nuz-fox-knives-artia-bf-765-od","status":"publish","type":"product","link":"https:\/\/www.moskito.cz\/en\/product\/zaviraci-nuz-fox-knives-artia-bf-765-od\/","title":{"rendered":"Zav\u00edrac\u00ed N\u016f\u017e Fox Knives ARTIA BF-765 OD"},"content":{"rendered":"<p>Zav\u00edrac\u00ed N\u016f\u017e <strong>Fox Knives<\/strong> ARTIA BF-765 OD.<\/p>\n<p>Artia p\u0159edstavuje dokonal\u00e9 spojen\u00ed klasiky a moderny. Jednoduch\u00e9 detaily se harmonicky prol\u00ednaj\u00ed s ergonomi\u00ed, kter\u00e1 byla navr\u017eena tak, aby usnadnila pou\u017e\u00edv\u00e1n\u00ed i p\u0159en\u00e1\u0161en\u00ed. \u010cepel lze d\u00edky flipperu a snadno otev\u0159\u00edt, kdy\u017e \u0161t\u00edhl\u00e1 silueta a rukoje\u0165 z materi\u00e1lu G10 zajist\u00ed pevn\u00e9 a bezpe\u010dn\u00e9 uchopen\u00ed. Rukoje\u0165 je nav\u00edc vybavena oboustrann\u00fdm klipem, kter\u00fd zaji\u0161\u0165uje pohodln\u00e9 a praktick\u00e9 no\u0161en\u00ed.<\/p>\n<p>Kl\u00ed\u010dov\u00e9 vlastnosti:<br \/>\nDesign \u010depele:<br \/>\nRychl\u00e9 nasazen\u00ed: Flipper umo\u017e\u0148uje snadn\u00e9 a plynul\u00e9 otev\u0159en\u00ed \u010depele, co\u017e zaji\u0161\u0165uje spolehlivost p\u0159i pou\u017e\u00edv\u00e1n\u00ed.<br \/>\nSpojen\u00ed a moderny: \u010cepel kombinuje klasiku nad\u010dasovou estetiku s prakti\u010dnost\u00ed, kterou ocen\u00ed ka\u017ed\u00fd u\u017eivatel EDC (Everyday Carry) no\u017ee.<br \/>\nRukoje\u0165 a ergonomie:<br \/>\nMateri\u00e1l: Rukoje\u0165 je vyrobena z odoln\u00e9ho materi\u00e1lu G10 , kter\u00fd poskytuje v\u00fdjime\u010dn\u011b n\u00e1ro\u010dn\u00e9 podm\u00ednky.<br \/>\n\u0160t\u00edhl\u00e1 silueta: D\u00edky sv\u00e9mu \u0161t\u00edhl\u00e9mu profilu n\u016f\u017e pohodln\u011b padne do ruky,<br \/>\nOboustrann\u00fd klip: Rukoje\u0165 je vybavena oboustrann\u00fdm klipem, kter\u00fd umo\u017e\u0148uje v\u0161estrann\u00e9 a komfortn\u00ed no\u0161en\u00ed.<br \/>\nPrakti\u010dnost:<br \/>\nErgonomie: Ka\u017ed\u00fd detail no\u017ee Artia je navr\u017eena s ohledem na pohodl\u00ed u\u017eivatele, co\u017e je ide\u00e1ln\u00ed n\u00e1stroj i pro dlouhodob\u00e9 pou\u017eit\u00ed.<br \/>\nSnadn\u00e1 p\u0159enosnost: Lehk\u00fd a kompaktn\u00ed design z n\u011bj d\u011bl\u00e1 perfektn\u00edho spole\u010dn\u00edka pro ka\u017edodenn\u00ed pou\u017eit\u00ed.<br \/>\nFilosofie designu:<br \/>\nArtia zt\u011bles\u0148uje harmonick\u00e9 propojen\u00ed klasick\u00fdch detail\u016f a modern\u00edho zpracov\u00e1n\u00ed. Jeho elegantn\u00ed design z n\u011bj d\u011bl\u00e1 nejen funk\u010dn\u00ed n\u00e1stroj, ale tak\u00e9 stylov\u00fd dopln\u011bk. A\u0165 u\u017e hled\u00e1te estetiku, prakti\u010dnost, nebo oboj\u00ed, Artia v\u00e1s nezklame.<\/p>\n<p>Specifikace:<\/p>\n<p>Povrchov\u00e1 \u00faprava \u010depele:Stonewashed<br \/>\nD\u00e9lka \u010depele: 85 mm (3,35&#8243;), kompaktn\u00ed a p\u0159esto univerz\u00e1ln\u00ed pro \u0161irokou \u0161k\u00e1lu \u00fakol\u016f.<br \/>\nTlou\u0161\u0165ka \u010depele: 3,4 mm (0,13&#8243;), nab\u00edz\u00ed robustnost pro p\u0159esn\u00e9 a n\u00e1ro\u010dn\u00e9 \u00fakoly.<br \/>\nRukoje\u0165 a hardware:<br \/>\nMateri\u00e1l rukojeti: Zelen\u00e1 G10, zn\u00e1m\u00e1 pro sv\u00e9 lehk\u00e9, ale odoln\u00e9 vlastnosti, s vynikaj\u00edc\u00ed p\u0159ilnavost\u00ed i za mokra.<br \/>\nSpona: Nerezov\u00e1 ocel, zaji\u0161\u0165uj\u00edc\u00ed bezpe\u010dn\u00e9 p\u0159en\u00e1\u0161en\u00ed a odolnost proti korozi.<br \/>\nDistan\u010dn\u00ed vlo\u017eka: \u010cern\u00e1 nerezov\u00e1 ocel pota\u017een\u00e1 PTFE, kter\u00e1 dod\u00e1v\u00e1 odolnost a elegantn\u00ed, modern\u00ed estetiku.<br \/>\n\u0160rouby: Vyrobeny z nerezov\u00e9 oceli, zvy\u0161uj\u00edc\u00ed \u017eivotnost a odolnost proti korozi.<br \/>\nRozm\u011bry a hmotnost:<br \/>\nCelkov\u00e1 d\u00e9lka: 203 mm (7,99&#8243;), ide\u00e1ln\u00ed velikost pro p\u0159enositelnost a pohodlnou manipulaci.<br \/>\nHmotnost: 100 gram\u016f (3,53 oz), co\u017e zaji\u0161\u0165uje snadn\u00e9 p\u0159en\u00e1\u0161en\u00ed bez kompromis\u016f ve funk\u010dnosti.<\/p>\n<p>Filozofie designu:<br \/>\nDesign Grigorije Matveeva klade d\u016fraz na rovnov\u00e1hu estetiky a prakti\u010dnosti. Pou\u017eit\u00ed oceli D2 a G10 na rukojeti zaji\u0161\u0165uje, \u017ee n\u016f\u017e je vyroben do n\u00e1ro\u010dn\u00e9ho prost\u0159ed\u00ed p\u0159i zachov\u00e1n\u00ed sofistikovan\u00e9ho vzhledu. Klip a hardware z nerezov\u00e9 oceli zvy\u0161uj\u00ed jeho odolnost a pohodl\u00ed, co\u017e z n\u011bj \u010din\u00ed vynikaj\u00edc\u00ed volbu pro ka\u017edodenn\u00ed no\u0161en\u00ed nebo n\u00e1ro\u010dn\u00e9 \u00fakoly.<\/p>\n<p>&nbsp;<\/p>\n<p>&nbsp;<\/p>\n","protected":false},"excerpt":{"rendered":"<p><strong>Design Grigorije Matveeva klade d\u016fraz na rovnov\u00e1hu estetiky a prakti\u010dnosti. Pou\u017eit\u00ed oceli D2 a G10 na rukojeti zaji\u0161\u0165uje, \u017ee n\u016f\u017e je vyroben do n\u00e1ro\u010dn\u00e9ho prost\u0159ed\u00ed p\u0159i zachov\u00e1n\u00ed sofistikovan\u00e9ho vzhledu.<\/strong><\/p>\n","protected":false},"featured_media":377873,"comment_status":"open","ping_status":"closed","template":"","meta":[],"pwb-brand":[796],"product_brand":[],"product_cat":[22,17],"product_tag":[],"class_list":{"0":"post-377872","1":"product","2":"type-product","3":"status-publish","4":"has-post-thumbnail","6":"pwb-brand-fox-knives","7":"product_cat-zaviraci-noze","8":"product_cat-noze","10":"first","11":"instock","12":"taxable","13":"shipping-taxable","14":"purchasable","15":"product-type-simple"},"brands":[{"id":796,"name":"Fox Knives","slug":"fox-knives"}],"_links":{"self":[{"href":"https:\/\/www.moskito.cz\/en\/wp-json\/wp\/v2\/product\/377872","targetHints":{"allow":["GET"]}}],"collection":[{"href":"https:\/\/www.moskito.cz\/en\/wp-json\/wp\/v2\/product"}],"about":[{"href":"https:\/\/www.moskito.cz\/en\/wp-json\/wp\/v2\/types\/product"}],"replies":[{"embeddable":true,"href":"https:\/\/www.moskito.cz\/en\/wp-json\/wp\/v2\/comments?post=377872"}],"wp:featuredmedia":[{"embeddable":true,"href":"https:\/\/www.moskito.cz\/en\/wp-json\/wp\/v2\/media\/377873"}],"wp:attachment":[{"href":"https:\/\/www.moskito.cz\/en\/wp-json\/wp\/v2\/media?parent=377872"}],"wp:term":[{"taxonomy":"pwb-brand","embeddable":true,"href":"https:\/\/www.moskito.cz\/en\/wp-json\/wp\/v2\/pwb-brand?post=377872"},{"taxonomy":"product_brand","embeddable":true,"href":"https:\/\/www.moskito.cz\/en\/wp-json\/wp\/v2\/product_brand?post=377872"},{"taxonomy":"product_cat","embeddable":true,"href":"https:\/\/www.moskito.cz\/en\/wp-json\/wp\/v2\/product_cat?post=377872"},{"taxonomy":"product_tag","embeddable":true,"href":"https:\/\/www.moskito.cz\/en\/wp-json\/wp\/v2\/product_tag?post=377872"}],"curies":[{"name":"wp","href":"https:\/\/api.w.org\/{rel}","templated":true}]}}