{"id":378182,"date":"2024-11-26T14:55:11","date_gmt":"2024-11-26T13:55:11","guid":{"rendered":"https:\/\/www.moskito.cz\/?post_type=product&#038;p=378182"},"modified":"2025-05-07T11:26:52","modified_gmt":"2025-05-07T10:26:52","slug":"para-cord-lanyard-with-spartan-helmet-bead","status":"publish","type":"product","link":"https:\/\/www.moskito.cz\/en\/product\/para-cord-lanyard-with-spartan-helmet-bead\/","title":{"rendered":"Para-Cord Lanyard with Spartan Helmet Bead"},"content":{"rendered":"<p>Para-Cord Lanyard with Spartan Helmet Bead.<\/p>\n<p>Vylep\u0161ete sv\u016fj vybaven\u00ed s para\u0161utistick\u00fdm lanem s pewterov\u00fdm p\u0159\u00edv\u011bskem ve tvaru spartansk\u00e9 helmy od Spartan Blades. Tento v\u00fdrobek, hrd\u011b vyroben\u00fd v USA, spojuje odolnost s v\u00fdrazn\u00fdm stylem a je ide\u00e1ln\u00edm dopl\u0148kem pro ka\u017ed\u00e9ho nad\u0161ence do v\u00fdbavy.<br \/>\nKl\u00ed\u010dov\u00e9 vlastnosti:<\/p>\n<p>Pewterov\u00fd p\u0159\u00edv\u011bsek ve tvaru spartansk\u00e9 helmy:<br \/>\nHrd\u011b vyroben\u00fd v USA,\u00a0 olovem neprolo\u017een\u00fd pewterov\u00fd p\u0159\u00edv\u011bsek zobrazuje ikonickou spartanskou helmu, symbolizuj\u00edc\u00ed s\u00edlu, odvahu a d\u011bdictv\u00ed. Subtiln\u00ed, ale v\u00fdrazn\u00fd dopln\u011bk k va\u0161emu vybaven\u00ed.<\/p>\n<p>550 nylonov\u00e1 para\u0161utistick\u00e1 \u0161\u0148\u016fra 7-pramenn\u00e1:<br \/>\nVyrobeno z vysoce kvalitn\u00ed americk\u00e9 nylonov\u00e9 \u0161\u0148\u016fry, lano nab\u00edz\u00ed v\u00fdjime\u010dnou s\u00edlu a odolnost. Konstrukce se 7 prameny zaji\u0161\u0165uje spolehlivost pro \u0161irok\u00e9 spektrum pou\u017eit\u00ed, od outdoorov\u00fdch aktivit po taktick\u00e9 vyu\u017eit\u00ed.<\/p>\n<p>D\u016fkladn\u011b v\u00e1zan\u00fd uzel:<br \/>\nLano je pevn\u011b v\u00e1z\u00e1no pomoc\u00ed uzlu lanyard, kter\u00fd zaji\u0161\u0165uje siln\u00e9 uchycen\u00ed, p\u0159i\u010dem\u017e p\u0159id\u00e1v\u00e1 \u0161petku \u0159emesln\u00e9 dovednosti a stylu.<\/p>\n<p>Optim\u00e1ln\u00ed d\u00e9lka:<br \/>\nD\u00e9lka lana je mezi 15,2 cm a 16,5 cm , co\u017e znamen\u00e1 ide\u00e1ln\u00ed rovnov\u00e1hu mezi funk\u010dnost\u00ed a estetikou, poskytuj\u00edc\u00ed dostate\u010dnou d\u00e9lku pro snadn\u00e9 pou\u017eit\u00ed, ani\u017e by byla p\u0159\u00edli\u0161 dlouh\u00e1.<\/p>\n<p>Design s jedn\u00edm p\u0159\u00edv\u011bskem:<br \/>\nKa\u017ed\u00e9 lano m\u00e1 jeden p\u0159\u00edv\u011bsek spartansk\u00e9 helmy, co\u017e d\u00e1v\u00e1 va\u0161emu vybaven\u00ed unik\u00e1tn\u00ed a osobn\u00ed n\u00e1dech. (Pozn\u00e1mka: Dal\u0161\u00ed p\u0159\u00edv\u011bsky nejsou sou\u010d\u00e1st\u00ed.)<\/p>\n<p>Barevn\u00e9 varianty: \u010dern\u00e1 barva<\/p>\n<p>Pro\u010d si vybrat toto lano?<\/p>\n<p>Toto para\u0161utistick\u00e9 lano s pewterov\u00fdm p\u0159\u00edv\u011bskem spartansk\u00e9 helmy je p\u0159\u00edkladem z\u00e1vazku Spartan Blades k kvalitn\u00edmu \u0159emesln\u00e9mu zpracov\u00e1n\u00ed, odolnosti a stylu. Vylep\u0161ete sv\u00e9 vybaven\u00ed smyslupln\u00fdm, funk\u010dn\u00edm dopl\u0148kem, kter\u00fd odr\u00e1\u017e\u00ed s\u00edlu a preciznost. A\u0165 u\u017e zlep\u0161ujete svou EDC v\u00fdbavu, outdoorov\u00e9 n\u00e1stroje nebo taktick\u00e9 vybaven\u00ed, toto lano je univerz\u00e1ln\u00ed a v\u00fdrazn\u00fd dopln\u011bk.<\/p>\n","protected":false},"excerpt":{"rendered":"<p>Para-Cord Lanyard with Spartan Helmet Bead. Vylep\u0161ete sv\u016fj vybaven\u00ed s para\u0161utistick\u00fdm lanem s pewterov\u00fdm p\u0159\u00edv\u011bskem ve tvaru spartansk\u00e9 helmy od Spartan Blades. Tento v\u00fdrobek, hrd\u011b vyroben\u00fd v USA, spojuje odolnost s v\u00fdrazn\u00fdm stylem a je ide\u00e1ln\u00edm dopl\u0148kem pro ka\u017ed\u00e9ho nad\u0161ence do v\u00fdbavy. Kl\u00ed\u010dov\u00e9 vlastnosti: Pewterov\u00fd p\u0159\u00edv\u011bsek ve tvaru spartansk\u00e9 helmy: Hrd\u011b vyroben\u00fd v USA,\u00a0 olovem [&hellip;]<\/p>\n","protected":false},"featured_media":378183,"comment_status":"open","ping_status":"closed","template":"","meta":[],"pwb-brand":[3833],"product_brand":[],"product_cat":[22,17,23],"product_tag":[],"class_list":{"0":"post-378182","1":"product","2":"type-product","3":"status-publish","4":"has-post-thumbnail","6":"pwb-brand-spartan-blades","7":"product_cat-zaviraci-noze","8":"product_cat-noze","9":"product_cat-pevne-noze","11":"first","12":"instock","13":"taxable","14":"shipping-taxable","15":"purchasable","16":"product-type-simple"},"brands":[{"id":3833,"name":"Spartan Blades","slug":"spartan-blades"}],"_links":{"self":[{"href":"https:\/\/www.moskito.cz\/en\/wp-json\/wp\/v2\/product\/378182","targetHints":{"allow":["GET"]}}],"collection":[{"href":"https:\/\/www.moskito.cz\/en\/wp-json\/wp\/v2\/product"}],"about":[{"href":"https:\/\/www.moskito.cz\/en\/wp-json\/wp\/v2\/types\/product"}],"replies":[{"embeddable":true,"href":"https:\/\/www.moskito.cz\/en\/wp-json\/wp\/v2\/comments?post=378182"}],"wp:featuredmedia":[{"embeddable":true,"href":"https:\/\/www.moskito.cz\/en\/wp-json\/wp\/v2\/media\/378183"}],"wp:attachment":[{"href":"https:\/\/www.moskito.cz\/en\/wp-json\/wp\/v2\/media?parent=378182"}],"wp:term":[{"taxonomy":"pwb-brand","embeddable":true,"href":"https:\/\/www.moskito.cz\/en\/wp-json\/wp\/v2\/pwb-brand?post=378182"},{"taxonomy":"product_brand","embeddable":true,"href":"https:\/\/www.moskito.cz\/en\/wp-json\/wp\/v2\/product_brand?post=378182"},{"taxonomy":"product_cat","embeddable":true,"href":"https:\/\/www.moskito.cz\/en\/wp-json\/wp\/v2\/product_cat?post=378182"},{"taxonomy":"product_tag","embeddable":true,"href":"https:\/\/www.moskito.cz\/en\/wp-json\/wp\/v2\/product_tag?post=378182"}],"curies":[{"name":"wp","href":"https:\/\/api.w.org\/{rel}","templated":true}]}}