{"id":378614,"date":"2024-11-27T10:25:06","date_gmt":"2024-11-27T09:25:06","guid":{"rendered":"https:\/\/www.moskito.cz\/?post_type=product&#038;p=378614"},"modified":"2026-04-29T22:20:57","modified_gmt":"2026-04-29T21:20:57","slug":"zaviraci-nuz-kansept-knives-reedus-k1041a1","status":"publish","type":"product","link":"https:\/\/www.moskito.cz\/en\/product\/zaviraci-nuz-kansept-knives-reedus-k1041a1\/","title":{"rendered":"Zav\u00edrac\u00ed N\u016f\u017e Kansept Knives Reedus K1041A1"},"content":{"rendered":"<p>Zav\u00edrac\u00ed N\u016f\u017e <strong>Kansept Knives<\/strong> Reedus K1041A1.<\/p>\n<p>Dmitry Osarenko Custom Knives (D.O.C.K.)<\/p>\n<p>S\u00eddlo: Petrohrad, Rusko<br \/>\nDmitrij Osarenko je oddan\u00fd n\u00e1vrh\u00e1\u0159 a v\u00fdrobce no\u017e\u016f, pro kter\u00e9ho jsou no\u017ee nejen n\u00e1strojem, ale i um\u011bleck\u00fdm vyj\u00e1d\u0159en\u00edm. Jeho pr\u00e1ce odr\u00e1\u017e\u00ed roky pe\u010dliv\u00e9ho studia a \u0159emesln\u00e9 dovednosti \u2013 od ru\u010dn\u00edho obr\u00e1b\u011bn\u00ed a\u017e po vyu\u017eit\u00ed modern\u00edch CNC technologi\u00ed. Dmitrij v\u011b\u0159\u00ed v neust\u00e1l\u00e9 u\u010den\u00ed a zdokonalov\u00e1n\u00ed, p\u0159i\u010dem\u017e ka\u017ed\u00fd jeho n\u016f\u017e je jedine\u010dn\u00fd, m\u00e1 vlastn\u00ed charakter, design, zvuk a hmatov\u00e9 vlastnosti. Jeho no\u017ee p\u0159in\u00e1\u0161ej\u00ed radost, inspiraci a smysl pro propojen\u00ed s \u017eivotem.<br \/>\nReedus \u2013 skl\u00e1dac\u00ed n\u016f\u017e<\/p>\n<p>Model Reedus je dokonal\u00fdm p\u0159\u00edkladem spojen\u00ed funk\u010dnosti a estetick\u00e9 elegance. Tento modern\u00ed skl\u00e1dac\u00ed n\u016f\u017e je ide\u00e1ln\u00ed volbou pro ka\u017edodenn\u00ed no\u0161en\u00ed (EDC) v m\u011bstsk\u00e9m prost\u0159ed\u00ed.<br \/>\nVlastnosti<\/p>\n<p>Pr\u00e9miov\u00fd materi\u00e1l \u010depele: \u010cepel z oceli CPM-S35VN nab\u00edz\u00ed v\u00fdjime\u010dnou tvrdost, odolnost a schopnost dr\u017eet ost\u0159\u00ed.<br \/>\nErgonomick\u00e1 rukoje\u0165: Titanov\u00e1 rukoje\u0165 s texturovan\u00fdm povrchem zaji\u0161\u0165uje pevn\u00fd a pohodln\u00fd \u00fachop.<br \/>\nHladk\u00e9 otev\u00edr\u00e1n\u00ed: \u010cepel lze snadno vysunout d\u00edky otvoru pro palec a dvojit\u00e9mu \u010depu.<br \/>\nOdoln\u00fd klip: 3D fr\u00e9zovan\u00fd hlubok\u00fd titanov\u00fd klip umo\u017e\u0148uje diskr\u00e9tn\u00ed a bezpe\u010dn\u00e9 no\u0161en\u00ed.<br \/>\nZ\u00e1mek r\u00e1mu (Frame Lock): Zaji\u0161\u0165uje vy\u0161\u0161\u00ed stabilitu a bezpe\u010dnost b\u011bhem pou\u017e\u00edv\u00e1n\u00ed.<\/p>\n<p>Specifikace<\/p>\n<p>Celkov\u00e1 d\u00e9lka: 201,8 mm<br \/>\nD\u00e9lka \u010depele: 88,8 mm<br \/>\nTlou\u0161\u0165ka \u010depele: 3,5 mm<br \/>\nMateri\u00e1l \u010depele: CPM-S35VN, povrchov\u00e1 \u00faprava Black TiCN Coated a Stonewashed<br \/>\nStyl \u010depele: Rovn\u00fd h\u0159bet (Straight Back) s ploch\u00fdm v\u00fdbrusem<br \/>\nMateri\u00e1l rukojeti: Titan s povrchovou \u00fapravou Black TiCN Coated a Stonewashed<br \/>\nHmotnost: 108 g<br \/>\nTyp z\u00e1mku: Frame Lock<br \/>\nModel: Reedus<br \/>\n\u010c\u00edslo modelu: K1041A1<\/p>\n<p>Skl\u00e1dac\u00ed n\u016f\u017e Reedus je v\u00edce ne\u017e jen n\u00e1stroj \u2013 je projevem Dmitrijovy filozofie \u0159emesln\u00e9 dokonalosti. Nab\u00edz\u00ed kombinaci prakti\u010dnosti, inovativn\u00edho designu a hlubok\u00e9ho emocion\u00e1ln\u00edho spojen\u00ed. A\u0165 u\u017e jste sb\u011bratel no\u017e\u016f, nebo jen hled\u00e1te spolehliv\u00fd a stylov\u00fd n\u016f\u017e pro ka\u017edodenn\u00ed pou\u017eit\u00ed, Reedus spln\u00ed v\u0161echny va\u0161e po\u017eadavky.<\/p>\n","protected":false},"excerpt":{"rendered":"<p><strong>Dmitrij Osarenko je oddan\u00fd n\u00e1vrh\u00e1\u0159 a v\u00fdrobce no\u017e\u016f, pro kter\u00e9ho jsou no\u017ee nejen n\u00e1strojem, ale i um\u011bleck\u00fdm vyj\u00e1d\u0159en\u00edm. Jeho pr\u00e1ce odr\u00e1\u017e\u00ed roky pe\u010dliv\u00e9ho studia a \u0159emesln\u00e9 dovednosti \u2013 od ru\u010dn\u00edho obr\u00e1b\u011bn\u00ed a\u017e po vyu\u017eit\u00ed modern\u00edch CNC technologi\u00ed. Dmitrij v\u011b\u0159\u00ed v neust\u00e1l\u00e9 u\u010den\u00ed a zdokonalov\u00e1n\u00ed, p\u0159i\u010dem\u017e ka\u017ed\u00fd jeho n\u016f\u017e je jedine\u010dn\u00fd, m\u00e1 vlastn\u00ed charakter, design, zvuk a hmatov\u00e9 vlastnosti. Jeho no\u017ee p\u0159in\u00e1\u0161ej\u00ed radost, inspiraci a smysl pro propojen\u00ed s \u017eivotem.<\/strong><\/p>\n<p><strong>Doprava zdarma.<\/strong><\/p>\n","protected":false},"featured_media":378615,"comment_status":"open","ping_status":"closed","template":"","meta":[],"pwb-brand":[3256],"product_brand":[],"product_cat":[22,17],"product_tag":[],"class_list":{"0":"post-378614","1":"product","2":"type-product","3":"status-publish","4":"has-post-thumbnail","6":"pwb-brand-kansept-knives","7":"product_cat-zaviraci-noze","8":"product_cat-noze","10":"first","11":"instock","12":"taxable","13":"shipping-taxable","14":"purchasable","15":"product-type-simple"},"brands":[{"id":3256,"name":"Kansept Knives","slug":"kansept-knives"}],"_links":{"self":[{"href":"https:\/\/www.moskito.cz\/en\/wp-json\/wp\/v2\/product\/378614","targetHints":{"allow":["GET"]}}],"collection":[{"href":"https:\/\/www.moskito.cz\/en\/wp-json\/wp\/v2\/product"}],"about":[{"href":"https:\/\/www.moskito.cz\/en\/wp-json\/wp\/v2\/types\/product"}],"replies":[{"embeddable":true,"href":"https:\/\/www.moskito.cz\/en\/wp-json\/wp\/v2\/comments?post=378614"}],"wp:featuredmedia":[{"embeddable":true,"href":"https:\/\/www.moskito.cz\/en\/wp-json\/wp\/v2\/media\/378615"}],"wp:attachment":[{"href":"https:\/\/www.moskito.cz\/en\/wp-json\/wp\/v2\/media?parent=378614"}],"wp:term":[{"taxonomy":"pwb-brand","embeddable":true,"href":"https:\/\/www.moskito.cz\/en\/wp-json\/wp\/v2\/pwb-brand?post=378614"},{"taxonomy":"product_brand","embeddable":true,"href":"https:\/\/www.moskito.cz\/en\/wp-json\/wp\/v2\/product_brand?post=378614"},{"taxonomy":"product_cat","embeddable":true,"href":"https:\/\/www.moskito.cz\/en\/wp-json\/wp\/v2\/product_cat?post=378614"},{"taxonomy":"product_tag","embeddable":true,"href":"https:\/\/www.moskito.cz\/en\/wp-json\/wp\/v2\/product_tag?post=378614"}],"curies":[{"name":"wp","href":"https:\/\/api.w.org\/{rel}","templated":true}]}}