{"id":378837,"date":"2024-11-27T15:57:08","date_gmt":"2024-11-27T14:57:08","guid":{"rendered":"https:\/\/www.moskito.cz\/?post_type=product&#038;p=378837"},"modified":"2025-05-07T11:26:58","modified_gmt":"2025-05-07T10:26:58","slug":"vystrelovaci-nuz-a-g-a-campolin-f16b-no","status":"publish","type":"product","link":"https:\/\/www.moskito.cz\/en\/product\/vystrelovaci-nuz-a-g-a-campolin-f16b-no\/","title":{"rendered":"Vyst\u0159elovac\u00ed N\u016f\u017e A.G.A. CAMPOLIN F16B-NO"},"content":{"rendered":"<p>Vyst\u0159elovac\u00ed N\u016f\u017e A.G.A. CAMPOLIN F16B-NO.<\/p>\n<p>F16B-NO je p\u016fsobiv\u00fd n\u016f\u017e typu Out-The-Front (OTF), inspirovan\u00fd p\u0159esnost\u00ed a efektivitou st\u00edhac\u00edho letounu F-16 Fighting Falcon. N\u00ed\u017ee jsou uvedeny jeho kl\u00ed\u010dov\u00e9 vlastnosti a specifikace:<br \/>\nKl\u00ed\u010dov\u00e9 vlastnosti:<\/p>\n<p>Dvojit\u00fd pru\u017einov\u00fd mechanismus: Zaji\u0161\u0165uje robustn\u00ed, odoln\u00e9 a rychl\u00e9 vysouv\u00e1n\u00ed i zasouv\u00e1n\u00ed \u010depele.<br \/>\nHladk\u00fd chod: Jednoduch\u00fdm posunut\u00edm tla\u010d\u00edtka vp\u0159ed se \u010depel vysune, zp\u011btn\u00fdm posunut\u00edm tla\u010d\u00edtka se bezpe\u010dn\u011b zasune.<br \/>\nPrecizn\u00ed konstrukce: Minim\u00e1ln\u00ed v\u016fle \u010depele pro bezpe\u010dn\u00e9 a spolehliv\u00e9 pou\u017e\u00edv\u00e1n\u00ed.<br \/>\nLehk\u00fd a ergonomick\u00fd: Hlin\u00edkov\u00e1 rukoje\u0165 s \u010dernou povrchovou \u00fapravou a pogumovan\u00fdmi vlo\u017ekami pro lep\u0161\u00ed \u00fachop.<br \/>\nBezpe\u010dnost a styl: Oran\u017eov\u00e9 aktiva\u010dn\u00ed tla\u010d\u00edtko zvy\u0161uje viditelnost a dod\u00e1v\u00e1 designu \u0161mrnc.<br \/>\nDesign \u010depele: Ost\u0159e nabrou\u0161en\u00e1 \u010depel ve stylu bajonetu s jemnou povrchovou \u00fapravou, p\u0159ipom\u00ednaj\u00edc\u00ed klasick\u00e9 italsk\u00e9 stiletto no\u017ee.<br \/>\nPohodln\u00e9 no\u0161en\u00ed: \u010cern\u00fd klips na kapsu pro snadn\u00e9 p\u0159en\u00e1\u0161en\u00ed.<\/p>\n<p>Specifikace:<\/p>\n<p>Celkov\u00e1 d\u00e9lka: 20 cm<br \/>\nD\u00e9lka \u010depele: 8,5 cm<br \/>\nTlou\u0161\u0165ka \u010depele: 3 mm<br \/>\nHmotnost: 90 g<br \/>\nMateri\u00e1l \u010depele: Nerezov\u00e1 ocel 440A, zn\u00e1m\u00e1 svou odolnost\u00ed v\u016f\u010di korozi a snadn\u00fdm brou\u0161en\u00edm.<br \/>\nMateri\u00e1l rukojeti: Hlin\u00edk s vlo\u017ekou z brusn\u00e9ho pap\u00edru pro lep\u0161\u00ed p\u0159ilnavost.<\/p>\n<p>V\u00fdhody:<\/p>\n<p>Siln\u00fd a spolehliv\u00fd mechanismus s dvojit\u00fdmi pru\u017einami pro dlouhou \u017eivotnost.<br \/>\nN\u00edzk\u00e1 hmotnost, ide\u00e1ln\u00ed pro ka\u017edodenn\u00ed no\u0161en\u00ed.<br \/>\nElegantn\u00ed a praktick\u00fd design s protiskluzov\u00fdmi prvky.<br \/>\nV\u00fdborn\u00fd pom\u011br cena\/kvalita.<\/p>\n<p>Exkluzivita:<\/p>\n<p>Model F16B-NO je exkluzivn\u011b dostupn\u00fd na 3knives.com, co\u017e z n\u011bj d\u011bl\u00e1 skv\u011blou volbu pro sb\u011bratele nebo pro ty, kdo hledaj\u00ed kvalitn\u00ed automatick\u00fd n\u016f\u017e s jedine\u010dn\u00fdm designem.<\/p>\n<p>Skv\u011bl\u00e1 kombinace funk\u010dnosti, stylu a v\u00fdkonu!<\/p>\n","protected":false},"excerpt":{"rendered":"<p><strong>Model F16B-NO je exkluzivn\u011b dostupn\u00fd na 3knives.com, co\u017e z n\u011bj d\u011bl\u00e1 skv\u011blou volbu pro sb\u011bratele nebo pro ty, kdo hledaj\u00ed kvalitn\u00ed automatick\u00fd n\u016f\u017e s jedine\u010dn\u00fdm designem.<\/strong><\/p>\n","protected":false},"featured_media":378838,"comment_status":"open","ping_status":"closed","template":"","meta":[],"pwb-brand":[3245],"product_brand":[],"product_cat":[2019,17],"product_tag":[],"class_list":{"0":"post-378837","1":"product","2":"type-product","3":"status-publish","4":"has-post-thumbnail","6":"pwb-brand-a-g-a-campolin","7":"product_cat-vystrelovaci-noze","8":"product_cat-noze","10":"first","11":"instock","12":"taxable","13":"shipping-taxable","14":"purchasable","15":"product-type-simple"},"brands":[{"id":3245,"name":"A.G.A. CAMPOLIN","slug":"a-g-a-campolin"}],"_links":{"self":[{"href":"https:\/\/www.moskito.cz\/en\/wp-json\/wp\/v2\/product\/378837","targetHints":{"allow":["GET"]}}],"collection":[{"href":"https:\/\/www.moskito.cz\/en\/wp-json\/wp\/v2\/product"}],"about":[{"href":"https:\/\/www.moskito.cz\/en\/wp-json\/wp\/v2\/types\/product"}],"replies":[{"embeddable":true,"href":"https:\/\/www.moskito.cz\/en\/wp-json\/wp\/v2\/comments?post=378837"}],"wp:featuredmedia":[{"embeddable":true,"href":"https:\/\/www.moskito.cz\/en\/wp-json\/wp\/v2\/media\/378838"}],"wp:attachment":[{"href":"https:\/\/www.moskito.cz\/en\/wp-json\/wp\/v2\/media?parent=378837"}],"wp:term":[{"taxonomy":"pwb-brand","embeddable":true,"href":"https:\/\/www.moskito.cz\/en\/wp-json\/wp\/v2\/pwb-brand?post=378837"},{"taxonomy":"product_brand","embeddable":true,"href":"https:\/\/www.moskito.cz\/en\/wp-json\/wp\/v2\/product_brand?post=378837"},{"taxonomy":"product_cat","embeddable":true,"href":"https:\/\/www.moskito.cz\/en\/wp-json\/wp\/v2\/product_cat?post=378837"},{"taxonomy":"product_tag","embeddable":true,"href":"https:\/\/www.moskito.cz\/en\/wp-json\/wp\/v2\/product_tag?post=378837"}],"curies":[{"name":"wp","href":"https:\/\/api.w.org\/{rel}","templated":true}]}}