{"id":378998,"date":"2024-11-28T15:57:46","date_gmt":"2024-11-28T14:57:46","guid":{"rendered":"https:\/\/www.moskito.cz\/?post_type=product&#038;p=378998"},"modified":"2025-05-07T11:27:01","modified_gmt":"2025-05-07T10:27:01","slug":"kuchynsky-nuz-arcos-188611","status":"publish","type":"product","link":"https:\/\/www.moskito.cz\/en\/product\/kuchynsky-nuz-arcos-188611\/","title":{"rendered":"Kuchy\u0148sk\u00fd N\u016f\u017e ARCOS 188611"},"content":{"rendered":"<p>Kuchy\u0148sk\u00fd N\u016f\u017e ARCOS 188611.<\/p>\n<p>Lehk\u00fd, ergonomick\u00fd a vysoce kvalitn\u00ed, co\u017e ho \u010din\u00ed ide\u00e1ln\u00edm pro ka\u017edodenn\u00ed pou\u017eit\u00ed. Arcos je \u0161pan\u011blsk\u00e1 zna\u010dka zn\u00e1m\u00e1 v\u00fdrobou no\u017e\u016f s vysokou p\u0159esnost\u00ed a trvanlivost\u00ed, a to jak pro dom\u00e1c\u00ed, tak profesion\u00e1ln\u00ed pou\u017eit\u00ed.<\/p>\n<p>N\u016f\u017e na loup\u00e1n\u00ed je nezbytn\u00fdm n\u00e1strojem do ka\u017ed\u00e9 kuchyn\u011b pro p\u0159esn\u00e9 loup\u00e1n\u00ed, kr\u00e1jen\u00ed a \u010di\u0161t\u011bn\u00ed ovoce a zeleniny. Tento model je navr\u017een tak, aby poskytoval nejlep\u0161\u00ed v\u00fdkon a dlouhou \u017eivotnost, a to d\u00edky n\u011bkolika v\u00fdjime\u010dn\u00fdm vlastnostem:<br \/>\nHlavn\u00ed vlastnosti:<\/p>\n<p>\u010cepel z nerezov\u00e9 oceli NITRUM\u00ae: Tento materi\u00e1l je zn\u00e1m\u00fd svou odolnost\u00ed proti opot\u0159eben\u00ed, schopnost\u00ed udr\u017eet ost\u0159\u00ed a tvrdost\u00ed, co\u017e zaji\u0161\u0165uje p\u0159esn\u00e9 a dlouhotrvaj\u00edc\u00ed \u0159ezy.<\/p>\n<p>Rukoje\u0165 z polypropylenu: Rukoje\u0165 je vyrobena speci\u00e1ln\u00edm procesem vst\u0159ikov\u00e1n\u00ed polypropylenu, co\u017e zaru\u010duje pevn\u00e9 a trval\u00e9 spojen\u00ed s \u010depel\u00ed a pohodln\u00fd a bezpe\u010dn\u00fd \u00fachop p\u0159i pou\u017e\u00edv\u00e1n\u00ed.<\/p>\n<p>Odolnost v\u016f\u010di vysok\u00fdm teplot\u00e1m a n\u00e1raz\u016fm: N\u016f\u017e je navr\u017een tak, aby odolal ka\u017edodenn\u00edmu pou\u017e\u00edv\u00e1n\u00ed v kuchyni, i v n\u00e1ro\u010dn\u00fdch podm\u00ednk\u00e1ch, jako jsou vysok\u00e9 teploty nebo n\u00e1razy.<\/p>\n<p>Vhodn\u00fd pro myt\u00ed v my\u010dce: Je snadno \u010distiteln\u00fd, m\u016f\u017eete ho bezpe\u010dn\u011b vlo\u017eit do my\u010dky, ani\u017e byste se museli ob\u00e1vat po\u0161kozen\u00ed ost\u0159\u00ed nebo rukojeti.<\/p>\n<p>10 let z\u00e1ruka: Zna\u010dka Arcos poskytuje na tento n\u016f\u017e z\u00e1ruku 10 let na v\u00fdrobn\u00ed vady, co\u017e v\u00e1m zaru\u010duje klid p\u0159i n\u00e1kupu.<\/p>\n<p>S t\u00edmto perlov\u00fdm no\u017eem na loup\u00e1n\u00ed z\u00edsk\u00e1te profesion\u00e1ln\u00ed n\u00e1stroj, kter\u00fd spojuje pokro\u010dilou technologii a vysoce kvalitn\u00ed materi\u00e1ly, co\u017e zaji\u0161\u0165uje dokonal\u00e9 kr\u00e1jen\u00ed a dlouhou \u017eivotnost. Nenechte si ho uj\u00edt a vylep\u0161ete svou kulin\u00e1\u0159skou zku\u0161enost s Arcos!<\/p>\n","protected":false},"excerpt":{"rendered":"<p><strong>N\u016f\u017e na loup\u00e1n\u00ed je nezbytn\u00fdm n\u00e1strojem do ka\u017ed\u00e9 kuchyn\u011b pro p\u0159esn\u00e9 loup\u00e1n\u00ed, kr\u00e1jen\u00ed a \u010di\u0161t\u011bn\u00ed ovoce a zeleniny. Tento model je navr\u017een tak, aby poskytoval nejlep\u0161\u00ed v\u00fdkon a dlouhou \u017eivotnost.<\/strong><\/p>\n","protected":false},"featured_media":378999,"comment_status":"open","ping_status":"closed","template":"","meta":[],"pwb-brand":[1950],"product_brand":[],"product_cat":[21],"product_tag":[],"class_list":{"0":"post-378998","1":"product","2":"type-product","3":"status-publish","4":"has-post-thumbnail","6":"pwb-brand-arcos","7":"product_cat-kuchynske-noze","9":"first","10":"instock","11":"taxable","12":"shipping-taxable","13":"purchasable","14":"product-type-simple"},"brands":[{"id":1950,"name":"Arcos","slug":"arcos"}],"_links":{"self":[{"href":"https:\/\/www.moskito.cz\/en\/wp-json\/wp\/v2\/product\/378998","targetHints":{"allow":["GET"]}}],"collection":[{"href":"https:\/\/www.moskito.cz\/en\/wp-json\/wp\/v2\/product"}],"about":[{"href":"https:\/\/www.moskito.cz\/en\/wp-json\/wp\/v2\/types\/product"}],"replies":[{"embeddable":true,"href":"https:\/\/www.moskito.cz\/en\/wp-json\/wp\/v2\/comments?post=378998"}],"wp:featuredmedia":[{"embeddable":true,"href":"https:\/\/www.moskito.cz\/en\/wp-json\/wp\/v2\/media\/378999"}],"wp:attachment":[{"href":"https:\/\/www.moskito.cz\/en\/wp-json\/wp\/v2\/media?parent=378998"}],"wp:term":[{"taxonomy":"pwb-brand","embeddable":true,"href":"https:\/\/www.moskito.cz\/en\/wp-json\/wp\/v2\/pwb-brand?post=378998"},{"taxonomy":"product_brand","embeddable":true,"href":"https:\/\/www.moskito.cz\/en\/wp-json\/wp\/v2\/product_brand?post=378998"},{"taxonomy":"product_cat","embeddable":true,"href":"https:\/\/www.moskito.cz\/en\/wp-json\/wp\/v2\/product_cat?post=378998"},{"taxonomy":"product_tag","embeddable":true,"href":"https:\/\/www.moskito.cz\/en\/wp-json\/wp\/v2\/product_tag?post=378998"}],"curies":[{"name":"wp","href":"https:\/\/api.w.org\/{rel}","templated":true}]}}