{"id":389404,"date":"2025-02-01T08:26:58","date_gmt":"2025-02-01T07:26:58","guid":{"rendered":"https:\/\/www.moskito.cz\/?post_type=product&#038;p=389404"},"modified":"2025-09-18T14:45:55","modified_gmt":"2025-09-18T13:45:55","slug":"zaviraci-nuz-benchmade-hunt-taggedout-15535","status":"publish","type":"product","link":"https:\/\/www.moskito.cz\/en\/product\/zaviraci-nuz-benchmade-hunt-taggedout-15535\/","title":{"rendered":"Zav\u00edrac\u00ed N\u016f\u017e Benchmade Hunt Taggedout 15535"},"content":{"rendered":"<h1 data-start=\"40\" data-end=\"85\">Zav\u00edrac\u00ed n\u016f\u017e Benchmade Hunt Taggedout 15535<\/h1>\n<p data-start=\"87\" data-end=\"404\">Model <strong data-start=\"93\" data-end=\"127\">Benchmade Hunt Taggedout 15535<\/strong> p\u0159edstavuje ide\u00e1ln\u00ed volbu pro lovce, turisty a v\u0161echny, kdo hledaj\u00ed lehk\u00fd, odoln\u00fd a vysoce funk\u010dn\u00ed n\u016f\u017e pro outdoorov\u00e9 aktivity. Navr\u017een\u00fd s d\u016frazem na n\u00edzkou hmotnost a vysokou viditelnost, Taggedout je perfektn\u00edm spole\u010dn\u00edkem pro ka\u017edodenn\u00ed no\u0161en\u00ed i n\u00e1ro\u010dn\u00e9 podm\u00ednky v p\u0159\u00edrod\u011b.<\/p>\n<p data-start=\"406\" data-end=\"632\">D\u00edky sv\u00e9 konstrukci a pou\u017eit\u00fdm materi\u00e1l\u016fm je Taggedout vynikaj\u00edc\u00ed volbou pro \u0161irokou \u0161k\u00e1lu outdoorov\u00fdch \u010dinnost\u00ed, od lovu p\u0159es kempov\u00e1n\u00ed a\u017e po ka\u017edodenn\u00ed \u00fakoly. Jeho design zaji\u0161\u0165uje pohodln\u00e9 pou\u017e\u00edv\u00e1n\u00ed a spolehlivost v ter\u00e9nu.<\/p>\n<hr data-start=\"634\" data-end=\"637\" \/>\n<p data-start=\"639\" data-end=\"667\">\ud83d\udd27 <strong data-start=\"642\" data-end=\"667\">Technick\u00e9 specifikace<\/strong><\/p>\n<ul data-start=\"669\" data-end=\"1340\">\n<li data-start=\"669\" data-end=\"697\">\n<p data-start=\"671\" data-end=\"697\"><strong data-start=\"671\" data-end=\"688\">D\u00e9lka \u010depele:<\/strong> 8,9 cm<\/p>\n<\/li>\n<li data-start=\"698\" data-end=\"728\">\n<p data-start=\"700\" data-end=\"728\"><strong data-start=\"700\" data-end=\"718\">Celkov\u00e1 d\u00e9lka:<\/strong> 20,6 cm<\/p>\n<\/li>\n<li data-start=\"729\" data-end=\"832\">\n<p data-start=\"731\" data-end=\"832\"><strong data-start=\"731\" data-end=\"751\">Materi\u00e1l \u010depele:<\/strong> CPM-154 nerezov\u00e1 ocel \u2013 vysok\u00e1 odolnost proti korozi, vynikaj\u00edc\u00ed retence ost\u0159\u00ed<\/p>\n<\/li>\n<li data-start=\"833\" data-end=\"901\">\n<p data-start=\"835\" data-end=\"901\"><strong data-start=\"835\" data-end=\"851\">Tvar \u010depele:<\/strong> Clip Point \u2013 ide\u00e1ln\u00ed pro precizn\u00ed \u0159ezy a bod\u00e1n\u00ed<\/p>\n<\/li>\n<li data-start=\"902\" data-end=\"999\">\n<p data-start=\"904\" data-end=\"999\"><strong data-start=\"904\" data-end=\"932\">Povrchov\u00e1 \u00faprava \u010depele:<\/strong> Stonewashed \u2013 minimalizuje viditeln\u00e9 \u0161kr\u00e1bance a stopy pou\u017e\u00edv\u00e1n\u00ed<\/p>\n<\/li>\n<li data-start=\"1000\" data-end=\"1082\">\n<p data-start=\"1002\" data-end=\"1082\"><strong data-start=\"1002\" data-end=\"1024\">Materi\u00e1l rukojeti:<\/strong> Grivory\u00ae \u2013 lehk\u00fd a odoln\u00fd polymer s ergonomick\u00fdm tvarem<\/p>\n<\/li>\n<li data-start=\"1083\" data-end=\"1146\">\n<p data-start=\"1085\" data-end=\"1146\"><strong data-start=\"1085\" data-end=\"1104\">Barva rukojeti:<\/strong> Oran\u017eov\u00e1 \u2013 vysok\u00e1 viditelnost v p\u0159\u00edrod\u011b<\/p>\n<\/li>\n<li data-start=\"1147\" data-end=\"1208\">\n<p data-start=\"1149\" data-end=\"1208\"><strong data-start=\"1149\" data-end=\"1159\">Z\u00e1mek:<\/strong> AXIS\u00ae Lock \u2013 spolehliv\u00fd a bezpe\u010dn\u00fd mechanismus<\/p>\n<\/li>\n<li data-start=\"1209\" data-end=\"1288\">\n<p data-start=\"1211\" data-end=\"1288\"><strong data-start=\"1211\" data-end=\"1220\">Klip:<\/strong> Reverzibiln\u00ed mini deep-carry klip pro pohodln\u00e9 a diskr\u00e9tn\u00ed no\u0161en\u00ed<\/p>\n<\/li>\n<li data-start=\"1289\" data-end=\"1317\">\n<p data-start=\"1291\" data-end=\"1317\"><strong data-start=\"1291\" data-end=\"1311\">Otvor pro \u0161\u0148\u016fru:<\/strong> Ano<\/p>\n<\/li>\n<li data-start=\"1318\" data-end=\"1340\">\n<p data-start=\"1320\" data-end=\"1340\"><strong data-start=\"1320\" data-end=\"1333\">Hmotnost:<\/strong> 60 g<\/p>\n<\/li>\n<\/ul>\n<hr data-start=\"1342\" data-end=\"1345\" \/>\n<p data-start=\"1347\" data-end=\"1366\">\u2705 <strong data-start=\"1349\" data-end=\"1366\">Hlavn\u00ed v\u00fdhody<\/strong><\/p>\n<ul data-start=\"1368\" data-end=\"1774\">\n<li data-start=\"1368\" data-end=\"1450\">\n<p data-start=\"1370\" data-end=\"1450\"><strong data-start=\"1370\" data-end=\"1389\">N\u00edzk\u00e1 hmotnost:<\/strong> S hmotnost\u00ed pouh\u00fdch 60 gram\u016f je ide\u00e1ln\u00ed pro dlouh\u00e9 no\u0161en\u00ed.<\/p>\n<\/li>\n<li data-start=\"1451\" data-end=\"1531\">\n<p data-start=\"1453\" data-end=\"1531\"><strong data-start=\"1453\" data-end=\"1476\">Vysok\u00e1 viditelnost:<\/strong> Oran\u017eov\u00e1 rukoje\u0165 zaji\u0161\u0165uje snadn\u00e9 nalezen\u00ed v ter\u00e9nu.<\/p>\n<\/li>\n<li data-start=\"1532\" data-end=\"1606\">\n<p data-start=\"1534\" data-end=\"1606\"><strong data-start=\"1534\" data-end=\"1551\">Odoln\u00e1 \u010depel:<\/strong> CPM-154 ocel nab\u00edz\u00ed skv\u011blou ostrost a dlouhou v\u00fddr\u017e.<\/p>\n<\/li>\n<li data-start=\"1607\" data-end=\"1675\">\n<p data-start=\"1609\" data-end=\"1675\"><strong data-start=\"1609\" data-end=\"1628\">Bezpe\u010dn\u00fd z\u00e1mek:<\/strong> AXIS\u00ae Lock poskytuje pevn\u00e9 zaji\u0161t\u011bn\u00ed \u010depele.<\/p>\n<\/li>\n<li data-start=\"1676\" data-end=\"1774\">\n<p data-start=\"1678\" data-end=\"1774\"><strong data-start=\"1678\" data-end=\"1702\">Univerz\u00e1ln\u00ed pou\u017eit\u00ed:<\/strong> Skv\u011bl\u00fd pro zpracov\u00e1n\u00ed zv\u011b\u0159e, p\u0159\u00edpravu j\u00eddla i b\u011b\u017en\u00e9 outdoorov\u00e9 \u00fakoly.<\/p>\n<\/li>\n<\/ul>\n<hr data-start=\"1776\" data-end=\"1779\" \/>\n<p data-start=\"1781\" data-end=\"1801\">\u26a0\ufe0f <strong data-start=\"1784\" data-end=\"1801\">Mo\u017en\u00e1 omezen\u00ed<\/strong><\/p>\n<ul data-start=\"1803\" data-end=\"2016\">\n<li data-start=\"1803\" data-end=\"1917\">\n<p data-start=\"1805\" data-end=\"1917\"><strong data-start=\"1805\" data-end=\"1820\">Vy\u0161\u0161\u00ed cena:<\/strong> Vzhledem k pou\u017eit\u00fdm materi\u00e1l\u016fm a konstrukci m\u016f\u017ee b\u00fdt cena vy\u0161\u0161\u00ed ne\u017e u b\u011b\u017en\u00fdch zav\u00edrac\u00edch no\u017e\u016f.<\/p>\n<\/li>\n<li data-start=\"1918\" data-end=\"2016\">\n<p data-start=\"1920\" data-end=\"2016\"><strong data-start=\"1920\" data-end=\"1931\">\u00dadr\u017eba:<\/strong> Vy\u017eaduje pravidelnou \u00fadr\u017ebu, zejm\u00e9na pokud jde o mechanismus AXIS\u00ae a ost\u0159\u00ed \u010depele.<\/p>\n<\/li>\n<\/ul>\n<hr data-start=\"2018\" data-end=\"2021\" \/>\n<p data-start=\"2023\" data-end=\"2044\">\ud83d\udee0\ufe0f <strong data-start=\"2027\" data-end=\"2044\">\u00dadr\u017eba a p\u00e9\u010de<\/strong><\/p>\n<ul data-start=\"2046\" data-end=\"2343\">\n<li data-start=\"2046\" data-end=\"2140\">\n<p data-start=\"2048\" data-end=\"2140\"><strong data-start=\"2048\" data-end=\"2060\">\u010cistota:<\/strong> Po ka\u017ed\u00e9m pou\u017eit\u00ed je doporu\u010deno n\u016f\u017e o\u010distit a osu\u0161it, aby se p\u0159ede\u0161lo korozi.<\/p>\n<\/li>\n<li data-start=\"2141\" data-end=\"2243\">\n<p data-start=\"2143\" data-end=\"2243\"><strong data-start=\"2143\" data-end=\"2154\">Maz\u00e1n\u00ed:<\/strong> Pravideln\u011b promaz\u00e1vejte mechanismus AXIS\u00ae vhodn\u00fdm olejem pro zaji\u0161t\u011bn\u00ed hladk\u00e9ho chodu.<\/p>\n<\/li>\n<li data-start=\"2244\" data-end=\"2343\">\n<p data-start=\"2246\" data-end=\"2343\"><strong data-start=\"2246\" data-end=\"2259\">Brou\u0161en\u00ed:<\/strong> Pro udr\u017een\u00ed optim\u00e1ln\u00ed ostrosti pou\u017eijte kvalitn\u00ed brousek vhodn\u00fd pro ocel CPM-154.<\/p>\n<\/li>\n<\/ul>\n<hr data-start=\"2345\" data-end=\"2348\" \/>\n<p data-start=\"2350\" data-end=\"2371\">\ud83c\udfaf <strong data-start=\"2353\" data-end=\"2371\">Doporu\u010deno pro<\/strong><\/p>\n<ul data-start=\"2373\" data-end=\"2732\">\n<li data-start=\"2373\" data-end=\"2461\">\n<p data-start=\"2375\" data-end=\"2461\"><strong data-start=\"2375\" data-end=\"2399\">Outdoorov\u00e9 nad\u0161ence:<\/strong> Ide\u00e1ln\u00ed pro kempov\u00e1n\u00ed, turistiku a dal\u0161\u00ed venkovn\u00ed aktivity.<\/p>\n<\/li>\n<li data-start=\"2462\" data-end=\"2565\">\n<p data-start=\"2464\" data-end=\"2565\"><strong data-start=\"2464\" data-end=\"2481\">Profesion\u00e1ly:<\/strong> Vhodn\u00fd pro pracovn\u00edky v n\u00e1ro\u010dn\u00fdch podm\u00ednk\u00e1ch, kte\u0159\u00ed pot\u0159ebuj\u00ed spolehliv\u00fd n\u00e1stroj.<\/p>\n<\/li>\n<li data-start=\"2566\" data-end=\"2666\">\n<p data-start=\"2568\" data-end=\"2666\"><strong data-start=\"2568\" data-end=\"2582\">Sb\u011bratele:<\/strong> D\u00edky unik\u00e1tn\u00edmu designu a kvalitn\u00edmu zpracov\u00e1n\u00ed je atraktivn\u00ed pro sb\u011bratele no\u017e\u016f.<\/p>\n<\/li>\n<li data-start=\"2667\" data-end=\"2732\">\n<p data-start=\"2669\" data-end=\"2732\"><strong data-start=\"2669\" data-end=\"2692\">Ka\u017edodenn\u00ed pou\u017eit\u00ed:<\/strong> Vhodn\u00fd pro ka\u017edodenn\u00ed \u00fakoly a no\u0161en\u00ed.<\/p>\n<\/li>\n<\/ul>\n<hr data-start=\"2734\" data-end=\"2737\" \/>\n<p data-start=\"2739\" data-end=\"2764\">\u2b50 <strong data-start=\"2741\" data-end=\"2764\">Z\u00e1v\u011bre\u010dn\u00e9 hodnocen\u00ed<\/strong><\/p>\n<p data-start=\"2766\" data-end=\"3121\">Benchmade Hunt Taggedout 15535 je vynikaj\u00edc\u00ed volbou pro ty, kte\u0159\u00ed hledaj\u00ed lehk\u00fd, odoln\u00fd a kvalitn\u00ed n\u016f\u017e pro ka\u017edodenn\u00ed no\u0161en\u00ed i n\u00e1ro\u010dn\u011bj\u0161\u00ed \u00fakoly. Spojuje \u0161pi\u010dkov\u00e9 materi\u00e1ly, precizn\u00ed zpracov\u00e1n\u00ed a inovativn\u00ed design, co\u017e z n\u011bj \u010din\u00ed ide\u00e1ln\u00ed n\u00e1stroj pro \u0161irokou \u0161k\u00e1lu aktivit. Pokud hled\u00e1te spolehliv\u00fd a odoln\u00fd n\u016f\u017e, Taggedout 15535 rozhodn\u011b stoj\u00ed za zv\u00e1\u017een\u00ed.<\/p>\n","protected":false},"excerpt":{"rendered":"<p><strong>Benchmade Taggedout 15535 je skv\u011bl\u00fd zav\u00edrac\u00ed n\u016f\u017e pro ty, kte\u0159\u00ed hledaj\u00ed lehk\u00fd, praktick\u00fd a spolehliv\u00fd n\u00e1stroj pro outdoorov\u00e9 aktivity. D\u00edky jeho lehkosti, kvalitn\u00edm materi\u00e1l\u016fm a precizn\u00edmu zpracov\u00e1n\u00ed je ide\u00e1ln\u00ed pro lov, turistiku a ka\u017edodenn\u00ed no\u0161en\u00ed.<\/strong><\/p>\n<p><strong>Doprava zdarma.<\/strong><\/p>\n","protected":false},"featured_media":389405,"comment_status":"open","ping_status":"closed","template":"","meta":[],"pwb-brand":[3960],"product_brand":[],"product_cat":[17,22],"product_tag":[],"class_list":{"0":"post-389404","1":"product","2":"type-product","3":"status-publish","4":"has-post-thumbnail","6":"pwb-brand-benchmade","7":"product_cat-noze","8":"product_cat-zaviraci-noze","10":"first","11":"instock","12":"taxable","13":"shipping-taxable","14":"purchasable","15":"product-type-simple"},"brands":[{"id":3960,"name":"Benchmade","slug":"benchmade"}],"_links":{"self":[{"href":"https:\/\/www.moskito.cz\/en\/wp-json\/wp\/v2\/product\/389404","targetHints":{"allow":["GET"]}}],"collection":[{"href":"https:\/\/www.moskito.cz\/en\/wp-json\/wp\/v2\/product"}],"about":[{"href":"https:\/\/www.moskito.cz\/en\/wp-json\/wp\/v2\/types\/product"}],"replies":[{"embeddable":true,"href":"https:\/\/www.moskito.cz\/en\/wp-json\/wp\/v2\/comments?post=389404"}],"wp:featuredmedia":[{"embeddable":true,"href":"https:\/\/www.moskito.cz\/en\/wp-json\/wp\/v2\/media\/389405"}],"wp:attachment":[{"href":"https:\/\/www.moskito.cz\/en\/wp-json\/wp\/v2\/media?parent=389404"}],"wp:term":[{"taxonomy":"pwb-brand","embeddable":true,"href":"https:\/\/www.moskito.cz\/en\/wp-json\/wp\/v2\/pwb-brand?post=389404"},{"taxonomy":"product_brand","embeddable":true,"href":"https:\/\/www.moskito.cz\/en\/wp-json\/wp\/v2\/product_brand?post=389404"},{"taxonomy":"product_cat","embeddable":true,"href":"https:\/\/www.moskito.cz\/en\/wp-json\/wp\/v2\/product_cat?post=389404"},{"taxonomy":"product_tag","embeddable":true,"href":"https:\/\/www.moskito.cz\/en\/wp-json\/wp\/v2\/product_tag?post=389404"}],"curies":[{"name":"wp","href":"https:\/\/api.w.org\/{rel}","templated":true}]}}