{"id":403919,"date":"2025-05-22T15:53:00","date_gmt":"2025-05-22T14:53:00","guid":{"rendered":"https:\/\/www.moskito.cz\/?post_type=product&#038;p=403919"},"modified":"2025-05-22T15:53:01","modified_gmt":"2025-05-22T14:53:01","slug":"sada-kuchynskych-nozu-benchmade-4000bk-01","status":"publish","type":"product","link":"https:\/\/www.moskito.cz\/en\/product\/sada-kuchynskych-nozu-benchmade-4000bk-01\/","title":{"rendered":"Sada Kuchy\u0148sk\u00fdch No\u017e\u016f Benchmade 4000BK-01"},"content":{"rendered":"<h3 data-start=\"0\" data-end=\"45\">Sada Kuchy\u0148sk\u00fdch No\u017e\u016f Benchmade 4000BK-01<\/h3>\n<p data-start=\"47\" data-end=\"374\">Sada kuchy\u0148sk\u00fdch no\u017e\u016f <strong data-start=\"69\" data-end=\"92\">Benchmade 4000BK-01<\/strong> je vysoce kvalitn\u00ed soubor no\u017e\u016f navr\u017een\u00fd pro n\u00e1ro\u010dn\u00e9 kucha\u0159e, kte\u0159\u00ed hledaj\u00ed spolehliv\u00e9 a v\u00fdkonn\u00e9 n\u00e1stroje pro profesion\u00e1ln\u00ed pou\u017eit\u00ed. Tato sada je kombinac\u00ed sofistikovan\u00e9ho designu, kvalitn\u00edch materi\u00e1l\u016f a prvot\u0159\u00eddn\u00edho zpracov\u00e1n\u00ed, co\u017e ji \u010din\u00ed ide\u00e1ln\u00ed pro ka\u017edodenn\u00ed pou\u017eit\u00ed v kuchyni.<\/p>\n<hr data-start=\"376\" data-end=\"379\" \/>\n<h3 data-start=\"381\" data-end=\"398\">\ud83d\udd2a Obsah sady<\/h3>\n<ul data-start=\"400\" data-end=\"541\">\n<li data-start=\"400\" data-end=\"444\">\n<p data-start=\"402\" data-end=\"444\"><strong data-start=\"402\" data-end=\"433\">N\u016f\u017e \u0161\u00e9fkucha\u0159e (Chef Knife)<\/strong>: 20,3 cm<\/p>\n<\/li>\n<li data-start=\"445\" data-end=\"493\">\n<p data-start=\"447\" data-end=\"493\"><strong data-start=\"447\" data-end=\"482\">Univerz\u00e1ln\u00ed n\u016f\u017e (Utility Knife)<\/strong>: 15,6 cm<\/p>\n<\/li>\n<li data-start=\"494\" data-end=\"541\">\n<p data-start=\"496\" data-end=\"541\"><strong data-start=\"496\" data-end=\"530\">Ost\u0159ihovac\u00ed n\u016f\u017e (Paring Knife)<\/strong>: 10,2 cm<\/p>\n<\/li>\n<\/ul>\n<hr data-start=\"543\" data-end=\"546\" \/>\n<h3 data-start=\"548\" data-end=\"574\">\ud83d\udee0\ufe0f Kl\u00ed\u010dov\u00e9 vlastnosti<\/h3>\n<ul data-start=\"576\" data-end=\"1159\">\n<li data-start=\"576\" data-end=\"740\">\n<p data-start=\"578\" data-end=\"740\"><strong data-start=\"578\" data-end=\"597\">Materi\u00e1l \u010depele<\/strong>: Ocel <strong data-start=\"604\" data-end=\"616\">CPM-S30V<\/strong>, vysoce kvalitn\u00ed nerezov\u00e1 ocel s vynikaj\u00edc\u00ed odolnost\u00ed proti opot\u0159eben\u00ed a korozi, kter\u00e1 zaji\u0161\u0165uje dlouhou \u017eivotnost ost\u0159\u00ed.<\/p>\n<\/li>\n<li data-start=\"741\" data-end=\"876\">\n<p data-start=\"743\" data-end=\"876\"><strong data-start=\"743\" data-end=\"759\">\u00daprava ost\u0159\u00ed<\/strong>: <strong data-start=\"761\" data-end=\"786\">SelectEdge Technology<\/strong> s \u00fahlem 14\u00b0 na ka\u017ed\u00e9 stran\u011b pro optim\u00e1ln\u00ed ostrost, kter\u00e1 zaji\u0161\u0165uje p\u0159esn\u00e9 a \u010dist\u00e9 \u0159ezy.<\/p>\n<\/li>\n<li data-start=\"877\" data-end=\"1011\">\n<p data-start=\"879\" data-end=\"1011\"><strong data-start=\"879\" data-end=\"890\">Rukoje\u0165<\/strong>: Ergonomick\u00e1 rukoje\u0165 vyroben\u00e1 z <strong data-start=\"923\" data-end=\"930\">G10<\/strong> materi\u00e1lu, kter\u00e1 zaji\u0161\u0165uje pevn\u00fd a pohodln\u00fd \u00fachop i p\u0159i dlouhodob\u00e9m pou\u017e\u00edv\u00e1n\u00ed.<\/p>\n<\/li>\n<li data-start=\"1012\" data-end=\"1159\">\n<p data-start=\"1014\" data-end=\"1159\"><strong data-start=\"1014\" data-end=\"1024\">Design<\/strong>: Modern\u00ed a elegantn\u00ed vzhled s matn\u00fdm povrchem \u010depele a robustn\u00edmi n\u00fdty, vyrobeno v USA, co\u017e zaru\u010duje \u0161pi\u010dkovou kvalitu a spolehlivost.<\/p>\n<\/li>\n<\/ul>\n<hr data-start=\"1161\" data-end=\"1164\" \/>\n<h3 data-start=\"1166\" data-end=\"1178\">\u2705 V\u00fdhody<\/h3>\n<ul data-start=\"1180\" data-end=\"1745\">\n<li data-start=\"1180\" data-end=\"1350\">\n<p data-start=\"1182\" data-end=\"1350\"><strong data-start=\"1182\" data-end=\"1210\">Vysok\u00e1 kvalita materi\u00e1l\u016f<\/strong>: Ocel <strong data-start=\"1217\" data-end=\"1229\">CPM-S30V<\/strong> je zn\u00e1m\u00e1 svou odolnost\u00ed proti korozi a v\u00fdbornou schopnost\u00ed udr\u017eet ostrost, co\u017e znamen\u00e1 men\u0161\u00ed pot\u0159ebu \u010dast\u00e9ho brou\u0161en\u00ed.<\/p>\n<\/li>\n<li data-start=\"1351\" data-end=\"1488\">\n<p data-start=\"1353\" data-end=\"1488\"><strong data-start=\"1353\" data-end=\"1375\">Ergonomick\u00fd design<\/strong>: Rukoje\u0165 z <strong data-start=\"1387\" data-end=\"1394\">G10<\/strong> materi\u00e1lu je odoln\u00e1, poskytuje skv\u011bl\u00fd \u00fachop a zaru\u010duje komfort i p\u0159i dlouhodob\u00e9m pou\u017e\u00edv\u00e1n\u00ed.<\/p>\n<\/li>\n<li data-start=\"1489\" data-end=\"1637\">\n<p data-start=\"1491\" data-end=\"1637\"><strong data-start=\"1491\" data-end=\"1516\">SelectEdge Technology<\/strong>: Tento inovativn\u00ed zp\u016fsob brou\u0161en\u00ed zaji\u0161\u0165uje, \u017ee \u010depel z\u016fstane dlouho ostr\u00e1 a p\u0159ipravena na ka\u017edodenn\u00ed \u00fakoly v kuchyni.<\/p>\n<\/li>\n<li data-start=\"1638\" data-end=\"1745\">\n<p data-start=\"1640\" data-end=\"1745\"><strong data-start=\"1640\" data-end=\"1658\">Vyrobeno v USA<\/strong>: Sada je vyrobena v Oregonu, co\u017e znamen\u00e1 kvalitn\u00ed ru\u010dn\u00ed zpracov\u00e1n\u00ed a precizn\u00ed detaily.<\/p>\n<\/li>\n<\/ul>\n<hr data-start=\"1747\" data-end=\"1750\" \/>\n<h3 data-start=\"1752\" data-end=\"1766\">\u274c Nev\u00fdhody<\/h3>\n<ul data-start=\"1768\" data-end=\"2171\">\n<li data-start=\"1768\" data-end=\"1901\">\n<p data-start=\"1770\" data-end=\"1901\"><strong data-start=\"1770\" data-end=\"1784\">Vy\u0161\u0161\u00ed cena<\/strong>: D\u00edky pou\u017eit\u00ed \u0161pi\u010dkov\u00fdch materi\u00e1l\u016f a kvalitn\u00edho zpracov\u00e1n\u00ed m\u016f\u017ee b\u00fdt cena vy\u0161\u0161\u00ed ne\u017e u b\u011b\u017en\u00fdch kuchy\u0148sk\u00fdch sad no\u017e\u016f.<\/p>\n<\/li>\n<li data-start=\"1902\" data-end=\"2071\">\n<p data-start=\"1904\" data-end=\"2071\"><strong data-start=\"1904\" data-end=\"1934\">Specifick\u00fd design rukojeti<\/strong>: N\u011bkter\u00e9 osoby mohou preferovat jin\u00fd typ rukojeti, pokud jde o materi\u00e1l nebo tvar, proto\u017ee <strong data-start=\"2026\" data-end=\"2033\">G10<\/strong> m\u016f\u017ee m\u00edt specifick\u00fd, tvrd\u0161\u00ed povrch.<\/p>\n<\/li>\n<li data-start=\"2072\" data-end=\"2171\">\n<p data-start=\"2074\" data-end=\"2171\"><strong data-start=\"2074\" data-end=\"2096\">Omezen\u00e1 dostupnost<\/strong>: Tento model m\u016f\u017ee b\u00fdt dostupn\u00fd pouze v omezen\u00fdch obchodech nebo regionech.<\/p>\n<\/li>\n<\/ul>\n<hr data-start=\"2173\" data-end=\"2176\" \/>\n<h3 data-start=\"2178\" data-end=\"2203\">\ud83d\udee0\ufe0f \u00dadr\u017eba a brou\u0161en\u00ed<\/h3>\n<ul data-start=\"2205\" data-end=\"3431\">\n<li data-start=\"2205\" data-end=\"2686\">\n<p data-start=\"2207\" data-end=\"2222\"><strong data-start=\"2207\" data-end=\"2219\">Brou\u0161en\u00ed<\/strong>:<\/p>\n<ul data-start=\"2226\" data-end=\"2686\">\n<li data-start=\"2226\" data-end=\"2364\">\n<p data-start=\"2228\" data-end=\"2364\"><strong data-start=\"2228\" data-end=\"2240\">CPM-S30V<\/strong> je velmi tvrd\u00e1 ocel, kter\u00e1 si udr\u017e\u00ed ostrost po dlouhou dobu. I tak je nutn\u00e9 pravideln\u011b brousit \u010depel pro optim\u00e1ln\u00ed v\u00fdkon.<\/p>\n<\/li>\n<li data-start=\"2368\" data-end=\"2571\">\n<p data-start=\"2370\" data-end=\"2571\">Pou\u017eijte jemn\u00fd <strong data-start=\"2385\" data-end=\"2406\">keramick\u00fd brousek<\/strong> nebo <strong data-start=\"2412\" data-end=\"2429\">brusnou desku<\/strong>, aby byla zachov\u00e1na ostrost a p\u0159esnost \u0159ez\u016f. Doporu\u010den\u00fd \u00fahel brou\u0161en\u00ed je 14\u00b0 na ka\u017ed\u00e9 stran\u011b \u010depele, co\u017e je ide\u00e1ln\u00ed pro tuto kvalitn\u00ed ocel.<\/p>\n<\/li>\n<li data-start=\"2575\" data-end=\"2686\">\n<p data-start=\"2577\" data-end=\"2686\">Pro jemn\u00e9 dolad\u011bn\u00ed ost\u0159\u00ed m\u016f\u017eete pou\u017e\u00edt <strong data-start=\"2616\" data-end=\"2639\">ko\u017een\u00fd honovac\u00ed p\u00e1s<\/strong> nebo <strong data-start=\"2645\" data-end=\"2685\">brou\u0161en\u00ed s jemn\u011bj\u0161\u00edm jemn\u00fdm brouskem<\/strong>.<\/p>\n<\/li>\n<\/ul>\n<\/li>\n<li data-start=\"2688\" data-end=\"3165\">\n<p data-start=\"2690\" data-end=\"2712\"><strong data-start=\"2690\" data-end=\"2709\">\u00dadr\u017eba rukojeti<\/strong>:<\/p>\n<ul data-start=\"2716\" data-end=\"3165\">\n<li data-start=\"2716\" data-end=\"2895\">\n<p data-start=\"2718\" data-end=\"2895\"><strong data-start=\"2718\" data-end=\"2735\">Rukoje\u0165 z G10<\/strong> je velmi odoln\u00e1, ale pravideln\u011b ji \u010dist\u011bte jemn\u00fdm \u010distic\u00edm prost\u0159edkem a m\u011bkk\u00fdm had\u0159\u00edkem. Vyhn\u011bte se siln\u00fdm \u010distic\u00edm prost\u0159edk\u016fm nebo agresivn\u00edm chemik\u00e1li\u00edm.<\/p>\n<\/li>\n<li data-start=\"2899\" data-end=\"3034\">\n<p data-start=\"2901\" data-end=\"3034\">Pokud pou\u017e\u00edv\u00e1te no\u017ee pravideln\u011b, je dobr\u00e9 udr\u017eovat rukoje\u0165 v \u010distot\u011b, aby z\u016fstala v co nejlep\u0161\u00ed kondici a zajistila bezpe\u010dn\u00fd \u00fachop.<\/p>\n<\/li>\n<li data-start=\"3038\" data-end=\"3165\">\n<p data-start=\"3040\" data-end=\"3165\"><strong data-start=\"3040\" data-end=\"3047\">G10<\/strong> je vysoce odoln\u00fd, ale doporu\u010duje se o\u0161et\u0159it rukoje\u0165 olejem na d\u0159evo, pokud si p\u0159ejete udr\u017eet jej\u00ed vzhled a strukturu.<\/p>\n<\/li>\n<\/ul>\n<\/li>\n<li data-start=\"3167\" data-end=\"3431\">\n<p data-start=\"3169\" data-end=\"3189\"><strong data-start=\"3169\" data-end=\"3186\">\u00dadr\u017eba \u010depele<\/strong>:<\/p>\n<ul data-start=\"3193\" data-end=\"3431\">\n<li data-start=\"3193\" data-end=\"3317\">\n<p data-start=\"3195\" data-end=\"3317\">Po ka\u017ed\u00e9m pou\u017eit\u00ed umyjte n\u016f\u017e teplou vodou a jemn\u00fdm \u010distic\u00edm prost\u0159edkem, d\u016fkladn\u011b osu\u0161te, abyste p\u0159ede\u0161li vzniku koroze.<\/p>\n<\/li>\n<li data-start=\"3321\" data-end=\"3431\">\n<p data-start=\"3323\" data-end=\"3431\">Pokud n\u016f\u017e nepou\u017e\u00edv\u00e1te pravideln\u011b, doporu\u010duje se ho skladovat na such\u00e9m m\u00edst\u011b a pravideln\u011b kontrolovat ost\u0159\u00ed.<\/p>\n<\/li>\n<\/ul>\n<\/li>\n<\/ul>\n<hr data-start=\"3433\" data-end=\"3436\" \/>\n<h3 data-start=\"3438\" data-end=\"3450\">\ud83e\udded Z\u00e1v\u011br<\/h3>\n<h3 data-pm-slice=\"1 1 []\">\ud83d\udd2a Pou\u017eit\u00ed jednotliv\u00fdch no\u017e\u016f<\/h3>\n<h4>1. <strong>N\u016f\u017e \u0161\u00e9fkucha\u0159e (Chef Knife) \u2013 20,3 cm<\/strong><\/h4>\n<ul data-spread=\"false\">\n<li><strong>K \u010demu slou\u017e\u00ed<\/strong>:<br \/>\nTento univerz\u00e1ln\u00ed n\u016f\u017e je p\u00e1te\u0159\u00ed kuchy\u0148sk\u00e9 v\u00fdbavy. Je ur\u010den pro <strong>sek\u00e1n\u00ed, kr\u00e1jen\u00ed, pl\u00e1tkov\u00e1n\u00ed a drcen\u00ed<\/strong>. Ide\u00e1ln\u00ed pro zpracov\u00e1n\u00ed <strong>zeleniny, masa, ryb, bylinek i ovoce<\/strong>. Skv\u011ble zvl\u00e1d\u00e1 i v\u011bt\u0161\u00ed suroviny jako je d\u00fdn\u011b, zel\u00ed nebo v\u011bt\u0161\u00ed porce masa.<\/li>\n<li><strong>V\u00fdhoda<\/strong>: D\u00edky d\u00e9lce a zak\u0159iven\u00ed \u010depele je vhodn\u00fd i pro kol\u00e9bkov\u00e9 kr\u00e1jen\u00ed bylinek a zeleniny.<\/li>\n<\/ul>\n<h4>2. <strong>Univerz\u00e1ln\u00ed n\u016f\u017e (Utility Knife) \u2013 15,6 cm<\/strong><\/h4>\n<ul data-spread=\"false\">\n<li><strong>K \u010demu slou\u017e\u00ed<\/strong>:<br \/>\nSlou\u017e\u00ed jako prost\u0159edn\u00edk mezi velk\u00fdm kucha\u0159sk\u00fdm no\u017eem a mal\u00fdm ost\u0159ihovac\u00edm no\u017eem. Ide\u00e1ln\u00ed na <strong>men\u0161\u00ed maso, s\u00fdry, klob\u00e1sy, sendvi\u010de, ovoce nebo tvrd\u0161\u00ed zeleninu<\/strong>. D\u00edky p\u0159esn\u011bj\u0161\u00edmu ovl\u00e1d\u00e1n\u00ed se hod\u00ed i na porcov\u00e1n\u00ed men\u0161\u00edch kus\u016f ku\u0159ec\u00edho nebo ryb\u00edho masa.<\/li>\n<li><strong>V\u00fdhoda<\/strong>: Perfektn\u00ed volba, kdy\u017e pot\u0159ebujete n\u016f\u017e, kter\u00fd je p\u0159esn\u00fd, ale ne tak objemn\u00fd jako chef knife.<\/li>\n<\/ul>\n<h4>3. <strong>(Paring Knife) \u2013 10,2 cm<\/strong><\/h4>\n<ul data-spread=\"false\">\n<li><strong>K \u010demu slou\u017e\u00ed<\/strong>:<br \/>\nIde\u00e1ln\u00ed pro <strong>loup\u00e1n\u00ed, vykrajov\u00e1n\u00ed, detailn\u00ed \u0159ez\u00e1n\u00ed a jemn\u00e9 pr\u00e1ce<\/strong>, nap\u0159\u00edklad odstra\u0148ov\u00e1n\u00ed j\u00e1d\u0159inc\u016f, loup\u00e1n\u00ed ovoce, od\u0159ez\u00e1v\u00e1n\u00ed hn\u011bd\u00fdch \u010d\u00e1st\u00ed nebo vytv\u00e1\u0159en\u00ed dekorac\u00ed z potravin.<\/li>\n<li><strong>V\u00fdhoda<\/strong>: D\u00edky kr\u00e1tk\u00e9 \u010depeli a vysok\u00e9 p\u0159esnosti \u0159ezu m\u00e1te p\u0159i pr\u00e1ci naprostou kontrolu.<\/li>\n<\/ul>\n<div>\n<hr \/>\n<\/div>\n<h3>\ud83c\udfaf Shrnut\u00ed pou\u017eit\u00ed<\/h3>\n<table>\n<tbody>\n<tr>\n<th>N\u016f\u017e<\/th>\n<th>Typick\u00e9 pou\u017eit\u00ed<\/th>\n<\/tr>\n<tr>\n<td>Chef Knife<\/td>\n<td>V\u0161estrann\u00e9 va\u0159en\u00ed \u2013 maso, zelenina, sek\u00e1n\u00ed, pl\u00e1tkov\u00e1n\u00ed<\/td>\n<\/tr>\n<tr>\n<td>Utility Knife<\/td>\n<td>Men\u0161\u00ed kr\u00e1jen\u00ed \u2013 tvrd\u0161\u00ed ovoce, sendvi\u010de, s\u00fdry, porce masa<\/td>\n<\/tr>\n<tr>\n<td>Paring Knife<\/td>\n<td>Precizn\u00ed pr\u00e1ce \u2013 loup\u00e1n\u00ed, detailn\u00ed \u0159ez\u00e1n\u00ed, dekorace, o\u010di\u0161t\u011bn\u00ed mal\u00fdch surovin<\/td>\n<\/tr>\n<\/tbody>\n<\/table>\n<div>\n<hr \/>\n<\/div>\n<h3>\ud83e\udded Z\u00e1v\u011br<\/h3>\n<p>Sada <strong>Benchmade 4000BK-01<\/strong> pokr\u00fdv\u00e1 v\u0161echny kl\u00ed\u010dov\u00e9 \u00fakoly v kuchyni \u2013 od robustn\u00edho kr\u00e1jen\u00ed po jemnou precizn\u00ed pr\u00e1ci. D\u00edky tomu se hod\u00ed jak do rukou profesion\u00e1ln\u00edho \u0161\u00e9fkucha\u0159e, tak pro ka\u017edodenn\u00ed va\u0159en\u00ed doma. Kombinace v\u00fdkonn\u00fdch \u010depel\u00ed a ergonomick\u00fdch rukojet\u00ed zaji\u0161\u0165uje komfort, bezpe\u010dnost a efektivitu p\u0159i ka\u017ed\u00e9m pou\u017eit\u00ed.<\/p>\n<p data-start=\"3452\" data-end=\"3798\">\n","protected":false},"excerpt":{"rendered":"<p><strong>Sada kuchy\u0148sk\u00fdch no\u017e\u016f Benchmade 4000BK-01 je skv\u011blou volbou pro ka\u017ed\u00e9ho, kdo hled\u00e1 precizn\u00ed, spolehliv\u00e9 a v\u00fdkonn\u00e9 n\u00e1stroje pro ka\u017edodenn\u00ed pou\u017eit\u00ed v kuchyni. D\u00edky vysok\u00e9 kvalit\u011b materi\u00e1l\u016f, ergonomick\u00e9mu designu a \u0161pi\u010dkov\u00e9mu zpracov\u00e1n\u00ed v\u00e1m tato sada no\u017e\u016f nab\u00eddne dlouhou \u017eivotnost a vysok\u00fd v\u00fdkon, a\u0165 u\u017e se v\u011bnujete jak\u00e9koliv kucha\u0159sk\u00e9 \u010dinnosti.<\/strong><\/p>\n<p><strong>Doprava zdarma.<\/strong><\/p>\n","protected":false},"featured_media":403920,"comment_status":"open","ping_status":"closed","template":"","meta":[],"pwb-brand":[3960],"product_brand":[],"product_cat":[1989,17,23],"product_tag":[],"class_list":{"0":"post-403919","1":"product","2":"type-product","3":"status-publish","4":"has-post-thumbnail","6":"pwb-brand-benchmade","7":"product_cat-kuchynske-sety","8":"product_cat-noze","9":"product_cat-pevne-noze","11":"first","12":"instock","13":"taxable","14":"shipping-taxable","15":"purchasable","16":"product-type-simple"},"brands":[{"id":3960,"name":"Benchmade","slug":"benchmade"}],"_links":{"self":[{"href":"https:\/\/www.moskito.cz\/en\/wp-json\/wp\/v2\/product\/403919","targetHints":{"allow":["GET"]}}],"collection":[{"href":"https:\/\/www.moskito.cz\/en\/wp-json\/wp\/v2\/product"}],"about":[{"href":"https:\/\/www.moskito.cz\/en\/wp-json\/wp\/v2\/types\/product"}],"replies":[{"embeddable":true,"href":"https:\/\/www.moskito.cz\/en\/wp-json\/wp\/v2\/comments?post=403919"}],"wp:featuredmedia":[{"embeddable":true,"href":"https:\/\/www.moskito.cz\/en\/wp-json\/wp\/v2\/media\/403920"}],"wp:attachment":[{"href":"https:\/\/www.moskito.cz\/en\/wp-json\/wp\/v2\/media?parent=403919"}],"wp:term":[{"taxonomy":"pwb-brand","embeddable":true,"href":"https:\/\/www.moskito.cz\/en\/wp-json\/wp\/v2\/pwb-brand?post=403919"},{"taxonomy":"product_brand","embeddable":true,"href":"https:\/\/www.moskito.cz\/en\/wp-json\/wp\/v2\/product_brand?post=403919"},{"taxonomy":"product_cat","embeddable":true,"href":"https:\/\/www.moskito.cz\/en\/wp-json\/wp\/v2\/product_cat?post=403919"},{"taxonomy":"product_tag","embeddable":true,"href":"https:\/\/www.moskito.cz\/en\/wp-json\/wp\/v2\/product_tag?post=403919"}],"curies":[{"name":"wp","href":"https:\/\/api.w.org\/{rel}","templated":true}]}}