{"id":414541,"date":"2025-07-06T12:16:56","date_gmt":"2025-07-06T11:16:56","guid":{"rendered":"https:\/\/www.moskito.cz\/?post_type=product&#038;p=414541"},"modified":"2025-12-24T22:57:47","modified_gmt":"2025-12-24T21:57:47","slug":"kuchynsky-nuz-arcos-carnicero-color-amarillo-serie-2900-170-mm","status":"publish","type":"product","link":"https:\/\/www.moskito.cz\/en\/product\/kuchynsky-nuz-arcos-carnicero-color-amarillo-serie-2900-170-mm\/","title":{"rendered":"Kuchy\u0148sk\u00fd N\u016f\u017e Arcos Carnicero Color Amarillo Serie 2900 170 mm"},"content":{"rendered":"<div class=\"flex max-w-full flex-col grow\">\n<div class=\"min-h-8 text-message relative flex w-full flex-col items-end gap-2 text-start break-words whitespace-normal [.text-message+&amp;]:mt-5\" dir=\"auto\" data-message-author-role=\"assistant\" data-message-id=\"85504600-1294-4a2f-93e1-07ace6a932ae\" data-message-model-slug=\"gpt-4o\">\n<div class=\"flex w-full flex-col gap-1 empty:hidden first:pt-[3px]\">\n<div class=\"markdown prose dark:prose-invert w-full break-words light\">\n<p data-start=\"0\" data-end=\"142\">\ud83d\udd25 <strong data-start=\"3\" data-end=\"142\">Kuchy\u0148sk\u00fd N\u016f\u017e Arcos Carnicero Color Amarillo Serie 2900 170 mm (model 295800) \u2013 Profesion\u00e1ln\u00ed Masnick\u00fd N\u016f\u017e s Hygienickou Rukojet\u00ed HACCP<\/strong><\/p>\n<p data-start=\"144\" data-end=\"547\"><strong data-start=\"144\" data-end=\"196\">Arcos Carnicero Color Amarillo Serie 2900 170 mm<\/strong>, model <strong data-start=\"204\" data-end=\"214\">295800<\/strong>, je kompaktn\u00ed masnick\u00fd n\u016f\u017e navr\u017een\u00fd pro ka\u017edodenn\u00ed <strong data-start=\"266\" data-end=\"284\">porcov\u00e1n\u00ed masa<\/strong>, odd\u011blov\u00e1n\u00ed \u0161lach a pr\u00e1ci se syrovou svalovinou. Jeho kr\u00e1tk\u00e1, ale siln\u00e1 \u010depel z nerezov\u00e9 oceli <strong data-start=\"380\" data-end=\"391\">NITRUM\u00ae<\/strong> poskytuje <strong data-start=\"402\" data-end=\"433\">vysokou tvrdost (56\u201358 HRC)<\/strong>, dlouhotrvaj\u00edc\u00ed ostrost a odolnost v\u016f\u010di korozi. Sat\u00e9nov\u00e1 povrchov\u00e1 \u00faprava zaji\u0161\u0165uje plynul\u00fd \u0159ez a snadnou \u00fadr\u017ebu.<\/p>\n<p data-start=\"549\" data-end=\"813\">Jasn\u011b <strong data-start=\"555\" data-end=\"572\">\u017elut\u00e1 rukoje\u0165<\/strong> je ergonomick\u00e1, protiskluzov\u00e1 a vyroben\u00e1 z polypropylenu odoln\u00e9ho v\u016f\u010di chemii, vysok\u00fdm teplot\u00e1m i mechanick\u00e9mu nam\u00e1h\u00e1n\u00ed. Rukoje\u0165 spl\u0148uje <strong data-start=\"710\" data-end=\"725\">HACCP normy<\/strong>, a je tak ide\u00e1ln\u00ed pro profesion\u00e1ln\u00ed provozy, kde je pot\u0159eba barevn\u00e9 rozli\u0161en\u00ed n\u00e1stroj\u016f.<\/p>\n<hr data-start=\"815\" data-end=\"818\" \/>\n<p data-start=\"820\" data-end=\"849\">\ud83d\udcd0 <strong data-start=\"823\" data-end=\"849\">Technick\u00e9 specifikace:<\/strong><\/p>\n<ul data-start=\"851\" data-end=\"1327\">\n<li data-start=\"851\" data-end=\"872\">\n<p data-start=\"853\" data-end=\"872\"><strong data-start=\"853\" data-end=\"863\">Model:<\/strong> 295800<\/p>\n<\/li>\n<li data-start=\"873\" data-end=\"906\">\n<p data-start=\"875\" data-end=\"906\"><strong data-start=\"875\" data-end=\"893\">Celkov\u00e1 d\u00e9lka:<\/strong> cca 305 mm<\/p>\n<\/li>\n<li data-start=\"907\" data-end=\"935\">\n<p data-start=\"909\" data-end=\"935\"><strong data-start=\"909\" data-end=\"926\">D\u00e9lka \u010depele:<\/strong> 170 mm<\/p>\n<\/li>\n<li data-start=\"936\" data-end=\"982\">\n<p data-start=\"938\" data-end=\"982\"><strong data-start=\"938\" data-end=\"958\">Materi\u00e1l \u010depele:<\/strong> nerezov\u00e1 ocel NITRUM\u00ae<\/p>\n<\/li>\n<li data-start=\"983\" data-end=\"1016\">\n<p data-start=\"985\" data-end=\"1016\"><strong data-start=\"985\" data-end=\"1004\">Tvrdost \u010depele:<\/strong> 56\u201358 HRC<\/p>\n<\/li>\n<li data-start=\"1017\" data-end=\"1085\">\n<p data-start=\"1019\" data-end=\"1085\"><strong data-start=\"1019\" data-end=\"1035\">Tvar \u010depele:<\/strong> pevn\u00e1, \u0161irok\u00e1 \u010depel \u2013 ide\u00e1ln\u00ed na porcov\u00e1n\u00ed masa<\/p>\n<\/li>\n<li data-start=\"1086\" data-end=\"1120\">\n<p data-start=\"1088\" data-end=\"1120\"><strong data-start=\"1088\" data-end=\"1109\">Povrchov\u00e1 \u00faprava:<\/strong> sat\u00e9nov\u00e1<\/p>\n<\/li>\n<li data-start=\"1121\" data-end=\"1195\">\n<p data-start=\"1123\" data-end=\"1195\"><strong data-start=\"1123\" data-end=\"1135\">Rukoje\u0165:<\/strong> ergonomick\u00e1 plastov\u00e1 (PP), \u017elut\u00e1, certifikovan\u00e1 dle HACCP<\/p>\n<\/li>\n<li data-start=\"1196\" data-end=\"1267\">\n<p data-start=\"1198\" data-end=\"1267\"><strong data-start=\"1198\" data-end=\"1220\">Odolnost rukojeti:<\/strong> v\u016f\u010di chemik\u00e1li\u00edm, vysok\u00fdm teplot\u00e1m i n\u00e1raz\u016fm<\/p>\n<\/li>\n<li data-start=\"1268\" data-end=\"1295\">\n<p data-start=\"1270\" data-end=\"1295\"><strong data-start=\"1270\" data-end=\"1283\">Hmotnost:<\/strong> cca 140 g<\/p>\n<\/li>\n<li data-start=\"1296\" data-end=\"1327\">\n<p data-start=\"1298\" data-end=\"1327\"><strong data-start=\"1298\" data-end=\"1310\">V\u00fdrobce:<\/strong> ARCOS, \u0160pan\u011blsko<\/p>\n<\/li>\n<\/ul>\n<hr data-start=\"1329\" data-end=\"1332\" \/>\n<p data-start=\"1334\" data-end=\"1355\">\ud83d\udfe2 <strong data-start=\"1337\" data-end=\"1355\">Hlavn\u00ed v\u00fdhody:<\/strong><\/p>\n<p data-start=\"1357\" data-end=\"1711\">\u2705 Kompaktn\u00ed, siln\u00e1 \u010depel vhodn\u00e1 pro precizn\u00ed a bezpe\u010dn\u00e9 porcov\u00e1n\u00ed masa<br data-start=\"1427\" data-end=\"1430\" \/>\u2705 Nerezov\u00e1 ocel NITRUM\u00ae pro dlouhou ostrost a snadn\u00e9 brou\u0161en\u00ed<br data-start=\"1491\" data-end=\"1494\" \/>\u2705 Ergonomick\u00e1 rukoje\u0165 s protiskluzov\u00fdm designem a barevn\u00fdm rozli\u0161en\u00edm dle HACCP<br data-start=\"1573\" data-end=\"1576\" \/>\u2705 Vysoce odoln\u00e1 v\u016f\u010di chemik\u00e1li\u00edm a vysok\u00fdm teplot\u00e1m \u2013 ide\u00e1ln\u00ed do gastro provozu<br data-start=\"1655\" data-end=\"1658\" \/>\u2705 V\u00fdborn\u00fd pom\u011br velikosti, hmotnosti a \u0159ezn\u00e9ho v\u00fdkonu<\/p>\n<hr data-start=\"1713\" data-end=\"1716\" \/>\n<p data-start=\"1718\" data-end=\"1740\">\ud83d\udd34 <strong data-start=\"1721\" data-end=\"1740\">Mo\u017en\u00e9 nev\u00fdhody:<\/strong><\/p>\n<p data-start=\"1742\" data-end=\"1951\">\u26a0\ufe0f Krat\u0161\u00ed \u010depel nen\u00ed ide\u00e1ln\u00ed pro zpracov\u00e1n\u00ed velk\u00fdch kus\u016f masa<br data-start=\"1803\" data-end=\"1806\" \/>\u26a0\ufe0f Plastov\u00e1 rukoje\u0165 nemus\u00ed vyhovovat t\u011bm, kdo preferuj\u00ed d\u0159evo \u010di kompozity<br data-start=\"1880\" data-end=\"1883\" \/>\u26a0\ufe0f Specializace na maso \u2013 m\u00e9n\u011b vhodn\u00fd jako univerz\u00e1ln\u00ed kuchy\u0148sk\u00fd n\u016f\u017e<\/p>\n<hr data-start=\"1953\" data-end=\"1956\" \/>\n<p data-start=\"1958\" data-end=\"1984\">\ud83d\udee0\ufe0f <strong data-start=\"1962\" data-end=\"1984\">\u00dadr\u017eba a brou\u0161en\u00ed:<\/strong><\/p>\n<ul data-start=\"1986\" data-end=\"2575\">\n<li data-start=\"1986\" data-end=\"2082\">\n<p data-start=\"1988\" data-end=\"2082\">N\u016f\u017e v\u017edy po pou\u017eit\u00ed omyjte a d\u016fkladn\u011b osu\u0161te, aby nedo\u0161lo ke korozi nebo po\u0161kozen\u00ed rukojeti.<\/p>\n<\/li>\n<li data-start=\"2083\" data-end=\"2254\">\n<p data-start=\"2085\" data-end=\"2254\">Pro udr\u017een\u00ed maxim\u00e1ln\u00ed ostrosti doporu\u010dujeme brousek <strong data-start=\"2137\" data-end=\"2207\"><a class=\"cursor-pointer\" target=\"_new\" rel=\"noopener\" data-start=\"2139\" data-end=\"2205\">Vulk\u00e1nus Classic G2<\/a><\/strong> \u2013 vhodn\u00fd pro profesion\u00e1ln\u00ed i dom\u00e1c\u00ed pou\u017eit\u00ed.<\/p>\n<\/li>\n<li data-start=\"2255\" data-end=\"2377\">\n<p data-start=\"2257\" data-end=\"2377\">Na rychl\u00e9 doost\u0159en\u00ed v ter\u00e9nu \u010di provozu je ide\u00e1ln\u00ed <strong data-start=\"2308\" data-end=\"2374\"><a class=\"cursor-pointer\" target=\"_new\" rel=\"noopener\" data-start=\"2310\" data-end=\"2372\">Vulk\u00e1nus skl\u00e1dac\u00ed<\/a><\/strong>.<\/p>\n<\/li>\n<li data-start=\"2378\" data-end=\"2575\">\n<p data-start=\"2380\" data-end=\"2575\">Oba brousky zakoup\u00edte na:<br data-start=\"2405\" data-end=\"2408\" \/><strong data-start=\"2410\" data-end=\"2493\"><a class=\"cursor-pointer\" target=\"_new\" rel=\"noopener\" data-start=\"2412\" data-end=\"2491\">Moskito.cz \u2013 Vulk\u00e1nus Classic G2<\/a><\/strong> | <strong data-start=\"2496\" data-end=\"2575\"><a class=\"cursor-pointer\" target=\"_new\" rel=\"noopener\" data-start=\"2498\" data-end=\"2573\">Moskito.cz \u2013 Vulk\u00e1nus skl\u00e1dac\u00ed<\/a><\/strong><\/p>\n<\/li>\n<\/ul>\n<hr data-start=\"2577\" data-end=\"2580\" \/>\n<p data-start=\"2582\" data-end=\"2612\">\ud83d\udcca <strong data-start=\"2585\" data-end=\"2612\">Porovn\u00e1n\u00ed s konkurenc\u00ed:<\/strong><\/p>\n<p data-start=\"2614\" data-end=\"2876\">\ud83d\udd39 <strong data-start=\"2617\" data-end=\"2643\">Arcos vs. KDS Sedl\u010dany<\/strong><br data-start=\"2643\" data-end=\"2646\" \/>\u2705 Vy\u0161\u0161\u00ed kvalita \u010depele (NITRUM\u00ae) a odoln\u011bj\u0161\u00ed konstrukce<br data-start=\"2701\" data-end=\"2704\" \/>\u2705 Ergonomick\u00e1 rukoje\u0165 certifikovan\u00e1 dle HACCP<br data-start=\"2749\" data-end=\"2752\" \/>\ud83d\udd01 KDS nab\u00edz\u00ed levn\u011bj\u0161\u00ed modely, ale s men\u0161\u00ed v\u00fddr\u017e\u00ed ost\u0159\u00ed<br data-start=\"2807\" data-end=\"2810\" \/>\u27a1\ufe0f Arcos je vhodn\u011bj\u0161\u00ed volbou pro profesion\u00e1ln\u00ed a intenzivn\u00ed provoz<\/p>\n<p data-start=\"2878\" data-end=\"3074\">\ud83d\udd39 <strong data-start=\"2881\" data-end=\"2902\">Arcos vs. Fiskars<\/strong><br data-start=\"2902\" data-end=\"2905\" \/>\u2705 Pevn\u011bj\u0161\u00ed \u010depel a tvrd\u0161\u00ed ocel u Arcosu<br data-start=\"2944\" data-end=\"2947\" \/>\ud83d\udd01 Fiskars m\u00e1 univerz\u00e1ln\u011bj\u0161\u00ed rukoje\u0165, ale ni\u017e\u0161\u00ed specializaci<br data-start=\"3007\" data-end=\"3010\" \/>\u27a1\ufe0f Arcos je lep\u0161\u00ed volba pro pr\u00e1ci s masem v n\u00e1ro\u010dn\u00fdch podm\u00ednk\u00e1ch<\/p>\n<p data-start=\"3076\" data-end=\"3282\">\ud83d\udd39 <strong data-start=\"3079\" data-end=\"3112\">Arcos vs. DICK (Friedr. Dick)<\/strong><br data-start=\"3112\" data-end=\"3115\" \/>\ud83d\udd01 DICK nab\u00edz\u00ed pr\u00e9miov\u00e9 zpracov\u00e1n\u00ed, ale za vy\u0161\u0161\u00ed cenu<br data-start=\"3168\" data-end=\"3171\" \/>\u2705 Arcos poskytuje vyv\u00e1\u017een\u00fd v\u00fdkon a dostupn\u011bj\u0161\u00ed cenu<br data-start=\"3222\" data-end=\"3225\" \/>\u27a1\ufe0f Arcos je rozumn\u00e1 volba pro ka\u017edodenn\u00ed masnick\u00e9 pou\u017eit\u00ed<\/p>\n<hr data-start=\"3284\" data-end=\"3287\" \/>\n<p data-start=\"3289\" data-end=\"3315\">\u2764\ufe0f <strong data-start=\"3292\" data-end=\"3315\">Pro\u010d si ho obl\u00edb\u00ed\u0161:<\/strong><\/p>\n<p data-start=\"3317\" data-end=\"3503\">Arcos Carnicero 170 mm (model 295800) spojuje v\u00fdborn\u00fd \u0159ezn\u00fd v\u00fdkon, hygienickou konstrukci a vysokou odolnost \u2013 ide\u00e1ln\u00ed volba pro profesion\u00e1ln\u00ed kucha\u0159e i dom\u00e1c\u00ed mistry \u0159eznick\u00e9ho \u0159emesla.<\/p>\n<hr data-start=\"3505\" data-end=\"3508\" \/>\n<p data-start=\"3510\" data-end=\"3536\">\u2705 <strong data-start=\"3512\" data-end=\"3536\">Z\u00e1v\u011bre\u010dn\u00e9 hodnocen\u00ed:<\/strong><\/p>\n<p data-start=\"3538\" data-end=\"3671\">Spolehliv\u00fd, kompaktn\u00ed a ostr\u00fd masnick\u00fd n\u016f\u017e pro ka\u017ed\u00e9ho, kdo pracuje s masem pravideln\u011b a hled\u00e1 kvalitn\u00ed n\u00e1stroj s dlouhou \u017eivotnost\u00ed.<\/p>\n<p data-start=\"3673\" data-end=\"3939\" data-is-last-node=\"\" data-is-only-node=\"\">\ud83d\udce2 <strong data-start=\"3676\" data-end=\"3768\">Nezapome\u0148te k no\u017ei dokoupit brousek Vulk\u00e1nus z Moskito.cz pro udr\u017een\u00ed perfektn\u00edho ost\u0159\u00ed!<\/strong> \ud83d\uded2<br data-start=\"3771\" data-end=\"3774\" \/><strong data-start=\"3774\" data-end=\"3857\"><a class=\"cursor-pointer\" target=\"_new\" rel=\"noopener\" data-start=\"3776\" data-end=\"3855\">Moskito.cz \u2013 Vulk\u00e1nus Classic G2<\/a><\/strong> | <strong data-start=\"3860\" data-end=\"3939\" data-is-last-node=\"\"><a class=\"cursor-pointer\" target=\"_new\" rel=\"noopener\" data-start=\"3862\" data-end=\"3937\">Moskito.cz \u2013 Vulk\u00e1nus skl\u00e1dac\u00ed<\/a><\/strong><\/p>\n<\/div>\n<\/div>\n<\/div>\n<\/div>\n<div class=\"flex min-h-[46px] justify-start\"><\/div>\n","protected":false},"excerpt":{"rendered":"<p><strong>Arcos Carnicero 170 mm (model 295800) spojuje v\u00fdborn\u00fd \u0159ezn\u00fd v\u00fdkon, hygienickou konstrukci a vysokou odolnost \u2013 ide\u00e1ln\u00ed volba pro profesion\u00e1ln\u00ed kucha\u0159e i dom\u00e1c\u00ed mistry \u0159eznick\u00e9ho \u0159emesla.<\/strong><\/p>\n","protected":false},"featured_media":414542,"comment_status":"open","ping_status":"closed","template":"","meta":[],"pwb-brand":[1950],"product_brand":[],"product_cat":[21],"product_tag":[],"class_list":{"0":"post-414541","1":"product","2":"type-product","3":"status-publish","4":"has-post-thumbnail","6":"pwb-brand-arcos","7":"product_cat-kuchynske-noze","9":"first","10":"outofstock","11":"taxable","12":"shipping-taxable","13":"purchasable","14":"product-type-simple"},"brands":[{"id":1950,"name":"Arcos","slug":"arcos"}],"_links":{"self":[{"href":"https:\/\/www.moskito.cz\/en\/wp-json\/wp\/v2\/product\/414541","targetHints":{"allow":["GET"]}}],"collection":[{"href":"https:\/\/www.moskito.cz\/en\/wp-json\/wp\/v2\/product"}],"about":[{"href":"https:\/\/www.moskito.cz\/en\/wp-json\/wp\/v2\/types\/product"}],"replies":[{"embeddable":true,"href":"https:\/\/www.moskito.cz\/en\/wp-json\/wp\/v2\/comments?post=414541"}],"wp:featuredmedia":[{"embeddable":true,"href":"https:\/\/www.moskito.cz\/en\/wp-json\/wp\/v2\/media\/414542"}],"wp:attachment":[{"href":"https:\/\/www.moskito.cz\/en\/wp-json\/wp\/v2\/media?parent=414541"}],"wp:term":[{"taxonomy":"pwb-brand","embeddable":true,"href":"https:\/\/www.moskito.cz\/en\/wp-json\/wp\/v2\/pwb-brand?post=414541"},{"taxonomy":"product_brand","embeddable":true,"href":"https:\/\/www.moskito.cz\/en\/wp-json\/wp\/v2\/product_brand?post=414541"},{"taxonomy":"product_cat","embeddable":true,"href":"https:\/\/www.moskito.cz\/en\/wp-json\/wp\/v2\/product_cat?post=414541"},{"taxonomy":"product_tag","embeddable":true,"href":"https:\/\/www.moskito.cz\/en\/wp-json\/wp\/v2\/product_tag?post=414541"}],"curies":[{"name":"wp","href":"https:\/\/api.w.org\/{rel}","templated":true}]}}