{"id":415247,"date":"2025-07-07T19:27:40","date_gmt":"2025-07-07T18:27:40","guid":{"rendered":"https:\/\/www.moskito.cz\/?post_type=product&#038;p=415247"},"modified":"2025-07-07T19:27:40","modified_gmt":"2025-07-07T18:27:40","slug":"zaviraci-nuz-hogue-collector-series-deka-24299-lim","status":"publish","type":"product","link":"https:\/\/www.moskito.cz\/en\/product\/zaviraci-nuz-hogue-collector-series-deka-24299-lim\/","title":{"rendered":"Zav\u00edrac\u00ed N\u016f\u017e Hogue Collector Series Deka 24299-LIM"},"content":{"rendered":"<p data-start=\"96\" data-end=\"280\">\ud83d\udd25 <strong data-start=\"99\" data-end=\"280\">Zav\u00edrac\u00ed N\u016f\u017e Hogue Collector Series Deka 24299\u2011LIM \u2013 Lehk\u00fd, Extr\u00e9mn\u011b Ostr\u00fd EDC N\u016f\u017e s Pr\u00e9miovou Ocel\u00ed CPM\u201120CV, Uhl\u00edkovou Rukojet\u00ed a Tritiov\u00fdm Z\u00e1mkem pro Stylov\u00e9 a Funk\u010dn\u00ed No\u0161en\u00ed<\/strong><\/p>\n<p data-start=\"282\" data-end=\"711\">Hogue Deka 24299\u2011LIM z limitovan\u00e9 sb\u011bratelsk\u00e9 edice je precizn\u011b zpracovan\u00fd zav\u00edrac\u00ed n\u016f\u017e ur\u010den\u00fd pro n\u00e1ro\u010dn\u00e9 u\u017eivatele a sb\u011bratele. Tento model kombinuje \u0161pi\u010dkovou americkou ocel <strong data-start=\"459\" data-end=\"471\">CPM\u201120CV<\/strong> s lehkou, ale pevnou <strong data-start=\"493\" data-end=\"525\">rukojet\u00ed z uhl\u00edkov\u00fdch vl\u00e1ken<\/strong>, kterou dopl\u0148uje exkluzivn\u00ed <strong data-start=\"554\" data-end=\"580\">zelen\u00fd tritiov\u00fd insert<\/strong> pro lep\u0161\u00ed viditelnost z\u00e1mku ve tm\u011b. Z\u00e1mek typu <strong data-start=\"628\" data-end=\"641\">ABLE Lock<\/strong> (alternativa k AXIS Lock) je oboustrann\u00fd, extr\u00e9mn\u011b hladk\u00fd a bezpe\u010dn\u00fd.<\/p>\n<p data-start=\"713\" data-end=\"935\">Design od renomovan\u00e9ho <strong data-start=\"736\" data-end=\"758\">Allena Elishewitze<\/strong> zaji\u0161\u0165uje nejen \u0161pi\u010dkovou ergonomii, ale i vizu\u00e1ln\u00ed atraktivitu. N\u016f\u017e je vyroben kompletn\u011b v <strong data-start=\"851\" data-end=\"858\">USA<\/strong> a je dostupn\u00fd pouze v omezen\u00e9m mno\u017estv\u00ed jako sou\u010d\u00e1st Hogue Collector Series.<\/p>\n<hr data-start=\"937\" data-end=\"940\" \/>\n<p data-start=\"942\" data-end=\"971\">\ud83d\udcd0 <strong data-start=\"945\" data-end=\"971\">Technick\u00e9 specifikace:<\/strong><\/p>\n<ul data-start=\"973\" data-end=\"1694\">\n<li data-start=\"973\" data-end=\"1025\">\n<p data-start=\"975\" data-end=\"1025\"><strong data-start=\"975\" data-end=\"985\">Model:<\/strong> Hogue Collector Series Deka 24299\u2011LIM<\/p>\n<\/li>\n<li data-start=\"1026\" data-end=\"1059\">\n<p data-start=\"1028\" data-end=\"1059\"><strong data-start=\"1028\" data-end=\"1046\">Celkov\u00e1 d\u00e9lka:<\/strong> cca 191 mm<\/p>\n<\/li>\n<li data-start=\"1060\" data-end=\"1100\">\n<p data-start=\"1062\" data-end=\"1100\"><strong data-start=\"1062\" data-end=\"1087\">D\u00e9lka zav\u0159en\u00e9ho no\u017ee:<\/strong> cca 108 mm<\/p>\n<\/li>\n<li data-start=\"1101\" data-end=\"1140\">\n<p data-start=\"1103\" data-end=\"1140\"><strong data-start=\"1103\" data-end=\"1120\">D\u00e9lka \u010depele:<\/strong> cca 83 mm (3,25\u2033)<\/p>\n<\/li>\n<li data-start=\"1141\" data-end=\"1172\">\n<p data-start=\"1143\" data-end=\"1172\"><strong data-start=\"1143\" data-end=\"1159\">Tvar \u010depele:<\/strong> Clip Point<\/p>\n<\/li>\n<li data-start=\"1173\" data-end=\"1224\">\n<p data-start=\"1175\" data-end=\"1224\"><strong data-start=\"1175\" data-end=\"1195\">Materi\u00e1l \u010depele:<\/strong> nerezov\u00e1 ocel <strong data-start=\"1210\" data-end=\"1222\">CPM\u201120CV<\/strong><\/p>\n<\/li>\n<li data-start=\"1225\" data-end=\"1258\">\n<p data-start=\"1227\" data-end=\"1258\"><strong data-start=\"1227\" data-end=\"1246\">Tvrdost \u010depele:<\/strong> 59\u201361 HRC<\/p>\n<\/li>\n<li data-start=\"1259\" data-end=\"1335\">\n<p data-start=\"1261\" data-end=\"1335\"><strong data-start=\"1261\" data-end=\"1279\">Povrch \u010depele:<\/strong> <strong data-start=\"1280\" data-end=\"1298\">Cerakote Black<\/strong> \u2013 extr\u00e9mn\u011b odoln\u00e1 keramick\u00e1 \u00faprava<\/p>\n<\/li>\n<li data-start=\"1336\" data-end=\"1371\">\n<p data-start=\"1338\" data-end=\"1371\"><strong data-start=\"1338\" data-end=\"1358\">Tlou\u0161\u0165ka \u010depele:<\/strong> cca 2,4 mm<\/p>\n<\/li>\n<li data-start=\"1372\" data-end=\"1428\">\n<p data-start=\"1374\" data-end=\"1428\"><strong data-start=\"1374\" data-end=\"1384\">Z\u00e1mek:<\/strong> ABLE Lock (oboustrann\u00fd, pru\u017einov\u00fd syst\u00e9m)<\/p>\n<\/li>\n<li data-start=\"1429\" data-end=\"1498\">\n<p data-start=\"1431\" data-end=\"1498\"><strong data-start=\"1431\" data-end=\"1443\">Rukoje\u0165:<\/strong> uhl\u00edkov\u00e1 vl\u00e1kna (carbon fiber) s titanov\u00fdm hardwarem<\/p>\n<\/li>\n<li data-start=\"1499\" data-end=\"1564\">\n<p data-start=\"1501\" data-end=\"1564\"><strong data-start=\"1501\" data-end=\"1521\">Speci\u00e1ln\u00ed prvek:<\/strong> tritiov\u00fd insert v z\u00e1mku \u2013 sv\u00edt\u00ed i ve tm\u011b<\/p>\n<\/li>\n<li data-start=\"1565\" data-end=\"1604\">\n<p data-start=\"1567\" data-end=\"1604\"><strong data-start=\"1567\" data-end=\"1577\">Klips:<\/strong> deep-carry, reverzibiln\u00ed<\/p>\n<\/li>\n<li data-start=\"1605\" data-end=\"1631\">\n<p data-start=\"1607\" data-end=\"1631\"><strong data-start=\"1607\" data-end=\"1620\">Hmotnost:<\/strong> cca 66 g<\/p>\n<\/li>\n<li data-start=\"1632\" data-end=\"1659\">\n<p data-start=\"1634\" data-end=\"1659\"><strong data-start=\"1634\" data-end=\"1646\">V\u00fdrobce:<\/strong> Hogue, USA<\/p>\n<\/li>\n<li data-start=\"1660\" data-end=\"1694\">\n<p data-start=\"1662\" data-end=\"1694\"><strong data-start=\"1662\" data-end=\"1675\">Design\u00e9r:<\/strong> Allen Elishewitz<\/p>\n<\/li>\n<\/ul>\n<hr data-start=\"1696\" data-end=\"1699\" \/>\n<p data-start=\"1701\" data-end=\"1722\">\ud83d\udfe2 <strong data-start=\"1704\" data-end=\"1722\">Hlavn\u00ed v\u00fdhody:<\/strong><\/p>\n<p data-start=\"1724\" data-end=\"2205\">\u2705 Pr\u00e9miov\u00e1 ocel <strong data-start=\"1740\" data-end=\"1752\">CPM\u201120CV<\/strong> \u2013 extr\u00e9mn\u00ed v\u00fddr\u017e ost\u0159\u00ed, vynikaj\u00edc\u00ed odolnost proti korozi<br data-start=\"1809\" data-end=\"1812\" \/>\u2705 Ultra-lehk\u00e1 rukoje\u0165 z uhl\u00edkov\u00e9ho vl\u00e1kna \u2013 stylov\u00e1, pevn\u00e1 a odoln\u00e1<br data-start=\"1879\" data-end=\"1882\" \/>\u2705 Oboustrann\u00fd <strong data-start=\"1896\" data-end=\"1909\">ABLE Lock<\/strong> \u2013 hladk\u00fd chod a jistota p\u0159i zav\u00edr\u00e1n\u00ed i otev\u00edr\u00e1n\u00ed<br data-start=\"1958\" data-end=\"1961\" \/>\u2705 Tritium insert \u2013 sv\u00edt\u00ed bez nutnosti nab\u00edjen\u00ed sv\u011btlem, ide\u00e1ln\u00ed pro no\u010dn\u00ed pou\u017eit\u00ed<br data-start=\"2042\" data-end=\"2045\" \/>\u2705 Deep-carry klips vhodn\u00fd pro prav\u00e1ky i lev\u00e1ky<br data-start=\"2091\" data-end=\"2094\" \/>\u2705 Precizn\u00ed americk\u00e1 v\u00fdroba, limitovan\u00e1 s\u00e9rie<br data-start=\"2138\" data-end=\"2141\" \/>\u2705 Skv\u011bl\u00fd pom\u011br v\u00e1hy a s\u00edly \u2013 ide\u00e1ln\u00ed pro ka\u017edodenn\u00ed no\u0161en\u00ed (EDC)<\/p>\n<hr data-start=\"2207\" data-end=\"2210\" \/>\n<p data-start=\"2212\" data-end=\"2234\">\ud83d\udd34 <strong data-start=\"2215\" data-end=\"2234\">Mo\u017en\u00e9 nev\u00fdhody:<\/strong><\/p>\n<p data-start=\"2236\" data-end=\"2513\">\u26a0\ufe0f Jako limitovan\u00fd model m\u016f\u017ee b\u00fdt t\u011b\u017eko dostupn\u00fd (\u010dasto vyprod\u00e1n)<br data-start=\"2301\" data-end=\"2304\" \/>\u26a0\ufe0f Vy\u0161\u0161\u00ed cena odpov\u00edd\u00e1 pou\u017eit\u00fdm materi\u00e1l\u016fm a sb\u011bratelsk\u00e9 hodnot\u011b<br data-start=\"2368\" data-end=\"2371\" \/>\u26a0\ufe0f Cerakote povrch m\u016f\u017ee p\u0159i extr\u00e9mn\u00edm pou\u017e\u00edv\u00e1n\u00ed ztratit vzhled (kosmetick\u00e1 zm\u011bna)<br data-start=\"2452\" data-end=\"2455\" \/>\u26a0\ufe0f Tritiov\u00fd insert nelze vym\u011bnit \u2013 \u017eivotnost cca 10\u201315 let<\/p>\n<hr data-start=\"2515\" data-end=\"2518\" \/>\n<p data-start=\"2520\" data-end=\"2546\">\ud83d\udee0\ufe0f <strong data-start=\"2524\" data-end=\"2546\">\u00dadr\u017eba a brou\u0161en\u00ed:<\/strong><\/p>\n<ul data-start=\"2548\" data-end=\"2877\">\n<li data-start=\"2548\" data-end=\"2612\">\n<p data-start=\"2550\" data-end=\"2612\">Po pou\u017eit\u00ed ot\u0159ete \u010depel do sucha a pravideln\u011b o\u0161et\u0159ujte olejem<\/p>\n<\/li>\n<li data-start=\"2613\" data-end=\"2877\">\n<p data-start=\"2615\" data-end=\"2877\">Pro udr\u017een\u00ed precizn\u00edho ost\u0159\u00ed doporu\u010dujeme brousek:<br data-start=\"2665\" data-end=\"2668\" \/>\ud83d\udd27 <strong data-start=\"2673\" data-end=\"2714\">Spyderco Tri\u2011Angle Sharpmaker (204MF)<\/strong> \u2013 vhodn\u00fd i pro za\u010d\u00e1te\u010dn\u00edky, skv\u011bl\u00fd na pr\u00e9miov\u00e9 oceli<br data-start=\"2767\" data-end=\"2770\" \/>\ud83d\udcce Odkaz: <a class=\"cursor-pointer\" target=\"_new\" rel=\"noopener\" data-start=\"2782\" data-end=\"2877\">Spyderco Sharpmaker na moskito.cz<\/a><\/p>\n<\/li>\n<\/ul>\n<hr data-start=\"2879\" data-end=\"2882\" \/>\n<p data-start=\"2884\" data-end=\"2914\">\ud83d\udcca <strong data-start=\"2887\" data-end=\"2914\">Porovn\u00e1n\u00ed s konkurenc\u00ed:<\/strong><\/p>\n<p data-start=\"2916\" data-end=\"3117\">\ud83d\udd39 <strong data-start=\"2919\" data-end=\"2973\">Hogue Deka 24299-LIM vs. Benchmade Bugout CF-Elite<\/strong><br data-start=\"2973\" data-end=\"2976\" \/>\u2705 Deka m\u00e1 lep\u0161\u00ed z\u00e1mek (tu\u017e\u0161\u00ed pru\u017eina, m\u00e9n\u011b flex), tritium a lep\u0161\u00ed \u010depel z CPM\u201120CV<br data-start=\"3058\" data-end=\"3061\" \/>\ud83d\udd01 Bugout je o n\u011bco leh\u010d\u00ed, ale s m\u00e9n\u011b pr\u00e9miov\u00fdm dojmem<\/p>\n<p data-start=\"3119\" data-end=\"3296\">\ud83d\udd39 <strong data-start=\"3122\" data-end=\"3162\">Deka vs. Spyderco Para 3 Lightweight<\/strong><br data-start=\"3162\" data-end=\"3165\" \/>\u2705 Deka je leh\u010d\u00ed, m\u00e1 hlub\u0161\u00ed klips a tritiov\u00fd insert<br data-start=\"3215\" data-end=\"3218\" \/>\ud83d\udd01 Spyderco m\u00e1 jin\u00e9 ergonomick\u00e9 \u0159e\u0161en\u00ed a mo\u017enost otvoru pro palec m\u00edsto kol\u00edku<\/p>\n<p data-start=\"3298\" data-end=\"3447\">\ud83d\udd39 <strong data-start=\"3301\" data-end=\"3333\">Deka vs. Zero Tolerance 0707<\/strong><br data-start=\"3333\" data-end=\"3336\" \/>\u2705 Deka je v\u00fdrazn\u011b leh\u010d\u00ed a levn\u011bj\u0161\u00ed, ide\u00e1ln\u00ed na EDC<br data-start=\"3386\" data-end=\"3389\" \/>\ud83d\udd01 ZT 0707 m\u00e1 robustn\u011bj\u0161\u00ed konstrukci a flipper mechanismus<\/p>\n<hr data-start=\"3449\" data-end=\"3452\" \/>\n<p data-start=\"3454\" data-end=\"3480\">\u2764\ufe0f <strong data-start=\"3457\" data-end=\"3480\">Pro\u010d si ho obl\u00edb\u00ed\u0161:<\/strong><\/p>\n<p data-start=\"3482\" data-end=\"3720\">Hogue Deka 24299\u2011LIM kombinuje styl, funk\u010dnost a pr\u00e9miov\u00e9 materi\u00e1ly do lehk\u00e9ho, ale odoln\u00e9ho no\u017ee. Pokud hled\u00e1\u0161 zav\u00edr\u00e1k, kter\u00fd je v\u00fdjime\u010dn\u00fd nejen vzhledem, ale i v\u00fdkonnost\u00ed \u2013 a z\u00e1rove\u0148 sb\u011bratelsky hodnotn\u00fd \u2013 tento model je skv\u011blou volbou.<\/p>\n<hr data-start=\"3722\" data-end=\"3725\" \/>\n<p data-start=\"3727\" data-end=\"3753\">\u2705 <strong data-start=\"3729\" data-end=\"3753\">Z\u00e1v\u011bre\u010dn\u00e9 hodnocen\u00ed:<\/strong><\/p>\n<p data-start=\"3755\" data-end=\"4019\"><strong data-start=\"3755\" data-end=\"3779\">Hogue Deka 24299\u2011LIM<\/strong> je lehk\u00fd, \u0161pi\u010dkov\u011b zpracovan\u00fd zav\u00edrac\u00ed n\u016f\u017e z limitovan\u00e9 edice s materi\u00e1ly nejvy\u0161\u0161\u00ed t\u0159\u00eddy. Nab\u00edz\u00ed vynikaj\u00edc\u00ed v\u00fdkon, odolnost a p\u0159idanou hodnotu v podob\u011b tritia a karbonov\u00e9 rukojeti. Ide\u00e1ln\u00ed pro n\u00e1ro\u010dn\u00e9 EDC u\u017eivatele, sb\u011bratele i fajn\u0161mekry.<\/p>\n<hr data-start=\"4021\" data-end=\"4024\" \/>\n<p data-start=\"4026\" data-end=\"4300\">\ud83d\udce2 <strong data-start=\"4029\" data-end=\"4044\">Doporu\u010den\u00ed:<\/strong><br \/>\nSleduj dostupnost na specializovan\u00fdch zahrani\u010dn\u00edch e-shopech nebo na f\u00f3rech typu Reddit (r\/Knife_Swap). A pokud ho z\u00edsk\u00e1\u0161 \u2013 investuj i do kvalitn\u00edho brousku:<br \/>\n\ud83d\udc49 <a class=\"cursor-pointer\" target=\"_new\" rel=\"noopener\" data-start=\"4206\" data-end=\"4300\">Spyderco Sharpmaker \u2013 moskito.cz<\/a><\/p>\n","protected":false},"excerpt":{"rendered":"<p><strong>Hogue Deka 24299\u2011LIM kombinuje styl, funk\u010dnost a pr\u00e9miov\u00e9 materi\u00e1ly do lehk\u00e9ho, ale odoln\u00e9ho no\u017ee. Pokud hled\u00e1\u0161 zav\u00edr\u00e1k, kter\u00fd je v\u00fdjime\u010dn\u00fd nejen vzhledem, ale i v\u00fdkonnost\u00ed \u2013 a z\u00e1rove\u0148 sb\u011bratelsky hodnotn\u00fd \u2013 tento model je skv\u011blou volbou.<\/strong><\/p>\n<p><strong>Doprava zdarma.<\/strong><\/p>\n","protected":false},"featured_media":415248,"comment_status":"open","ping_status":"closed","template":"","meta":[],"pwb-brand":[333],"product_brand":[],"product_cat":[17,22],"product_tag":[],"class_list":{"0":"post-415247","1":"product","2":"type-product","3":"status-publish","4":"has-post-thumbnail","6":"pwb-brand-hogue","7":"product_cat-noze","8":"product_cat-zaviraci-noze","10":"first","11":"instock","12":"taxable","13":"shipping-taxable","14":"purchasable","15":"product-type-simple"},"brands":[{"id":333,"name":"Hogue","slug":"hogue"}],"_links":{"self":[{"href":"https:\/\/www.moskito.cz\/en\/wp-json\/wp\/v2\/product\/415247","targetHints":{"allow":["GET"]}}],"collection":[{"href":"https:\/\/www.moskito.cz\/en\/wp-json\/wp\/v2\/product"}],"about":[{"href":"https:\/\/www.moskito.cz\/en\/wp-json\/wp\/v2\/types\/product"}],"replies":[{"embeddable":true,"href":"https:\/\/www.moskito.cz\/en\/wp-json\/wp\/v2\/comments?post=415247"}],"wp:featuredmedia":[{"embeddable":true,"href":"https:\/\/www.moskito.cz\/en\/wp-json\/wp\/v2\/media\/415248"}],"wp:attachment":[{"href":"https:\/\/www.moskito.cz\/en\/wp-json\/wp\/v2\/media?parent=415247"}],"wp:term":[{"taxonomy":"pwb-brand","embeddable":true,"href":"https:\/\/www.moskito.cz\/en\/wp-json\/wp\/v2\/pwb-brand?post=415247"},{"taxonomy":"product_brand","embeddable":true,"href":"https:\/\/www.moskito.cz\/en\/wp-json\/wp\/v2\/product_brand?post=415247"},{"taxonomy":"product_cat","embeddable":true,"href":"https:\/\/www.moskito.cz\/en\/wp-json\/wp\/v2\/product_cat?post=415247"},{"taxonomy":"product_tag","embeddable":true,"href":"https:\/\/www.moskito.cz\/en\/wp-json\/wp\/v2\/product_tag?post=415247"}],"curies":[{"name":"wp","href":"https:\/\/api.w.org\/{rel}","templated":true}]}}