{"id":423301,"date":"2025-09-14T13:23:30","date_gmt":"2025-09-14T12:23:30","guid":{"rendered":"https:\/\/www.moskito.cz\/?post_type=product&#038;p=423301"},"modified":"2025-09-14T13:23:31","modified_gmt":"2025-09-14T12:23:31","slug":"multitool-leatherman-signal-833319","status":"publish","type":"product","link":"https:\/\/www.moskito.cz\/en\/product\/multitool-leatherman-signal-833319\/","title":{"rendered":"Multitool Leatherman Signal 833319"},"content":{"rendered":"<p data-start=\"174\" data-end=\"545\">Kdy\u017e vezme\u0161 do ruky <strong data-start=\"194\" data-end=\"222\">Leatherman Signal 833319<\/strong>, zjist\u00ed\u0161, \u017ee jde o n\u00e1stroj navr\u017een\u00fd do p\u0159\u00edrody i pro dobrodruhy, kte\u0159\u00ed cht\u011bj\u00ed b\u00fdt p\u0159ipraveni na v\u0161e. Signal kombinuje 19 funkc\u00ed, kter\u00e9 ti pom\u016f\u017eou p\u0159i kempov\u00e1n\u00ed, t\u00fa\u0159e i v nouzov\u00fdch situac\u00edch \u2013 od kle\u0161t\u00ed, no\u017ee a pily, p\u0159es kladivo, a\u017e po k\u0159esadlo a nouzovou p\u00ed\u0161\u0165alku. Je to multitool, kter\u00fd t\u011b podr\u017e\u00ed, kdy\u017e ostatn\u00ed sel\u017eou.<\/p>\n<hr data-start=\"547\" data-end=\"550\" \/>\n<p data-start=\"552\" data-end=\"609\">\ud83d\udd27 <strong data-start=\"555\" data-end=\"607\">Technick\u00e9 specifikace (Leatherman Signal 833319)<\/strong><\/p>\n<ul data-start=\"611\" data-end=\"1044\">\n<li data-start=\"611\" data-end=\"633\">\n<p data-start=\"613\" data-end=\"633\">Po\u010det n\u00e1stroj\u016f: 19<\/p>\n<\/li>\n<li data-start=\"634\" data-end=\"655\">\n<p data-start=\"636\" data-end=\"655\">Hmotnost: 212,6 g<\/p>\n<\/li>\n<li data-start=\"656\" data-end=\"693\">\n<p data-start=\"658\" data-end=\"693\">D\u00e9lka zav\u0159en\u00e9ho n\u00e1stroje: 11,4 cm<\/p>\n<\/li>\n<li data-start=\"694\" data-end=\"732\">\n<p data-start=\"696\" data-end=\"732\">D\u00e9lka otev\u0159en\u00e9ho n\u00e1stroje: 17,1 cm<\/p>\n<\/li>\n<li data-start=\"733\" data-end=\"750\">\n<p data-start=\"735\" data-end=\"750\">\u0160\u00ed\u0159ka: 3,8 cm<\/p>\n<\/li>\n<li data-start=\"751\" data-end=\"771\">\n<p data-start=\"753\" data-end=\"771\">Tlou\u0161\u0165ka: 1,6 cm<\/p>\n<\/li>\n<li data-start=\"772\" data-end=\"803\">\n<p data-start=\"774\" data-end=\"803\">D\u00e9lka hlavn\u00ed \u010depele: 6,9 cm<\/p>\n<\/li>\n<li data-start=\"804\" data-end=\"844\">\n<p data-start=\"806\" data-end=\"844\">Materi\u00e1l \u010depele: 420HC nerezov\u00e1 ocel<\/p>\n<\/li>\n<li data-start=\"845\" data-end=\"874\">\n<p data-start=\"847\" data-end=\"874\">Tvrdost \u010depele: 55\u201359 HRC<\/p>\n<\/li>\n<li data-start=\"875\" data-end=\"942\">\n<p data-start=\"877\" data-end=\"942\">Materi\u00e1l konstrukce: nerezov\u00e1 ocel s odolnou povrchovou \u00fapravou<\/p>\n<\/li>\n<li data-start=\"943\" data-end=\"969\">\n<p data-start=\"945\" data-end=\"969\">Zamyk\u00e1n\u00ed n\u00e1stroj\u016f: ano<\/p>\n<\/li>\n<li data-start=\"970\" data-end=\"1044\">\n<p data-start=\"972\" data-end=\"1044\">Speci\u00e1ln\u00ed v\u00fdbava: k\u0159esadlo, nouzov\u00e1 p\u00ed\u0161\u0165alka, diamantov\u00fd brousek, bity<\/p>\n<\/li>\n<\/ul>\n<hr data-start=\"1046\" data-end=\"1049\" \/>\n<p data-start=\"1051\" data-end=\"1072\">\u2705 <strong data-start=\"1053\" data-end=\"1070\">Hlavn\u00ed v\u00fdhody<\/strong><\/p>\n<ul data-start=\"1074\" data-end=\"1447\">\n<li data-start=\"1074\" data-end=\"1132\">\n<p data-start=\"1076\" data-end=\"1132\">Multifunk\u010dnost \u2013 19 n\u00e1stroj\u016f v jednom t\u011b t\u011b\u017eko zklame.<\/p>\n<\/li>\n<li data-start=\"1133\" data-end=\"1208\">\n<p data-start=\"1135\" data-end=\"1208\">Survival v\u00fdbava \u2013 k\u0159esadlo, p\u00ed\u0161\u0165alka a brousek jsou ide\u00e1ln\u00ed do p\u0159\u00edrody.<\/p>\n<\/li>\n<li data-start=\"1209\" data-end=\"1274\">\n<p data-start=\"1211\" data-end=\"1274\">Solidn\u00ed \u010depel z oceli 420HC \u2013 snadno se udr\u017euje a dob\u0159e \u0159e\u017ee.<\/p>\n<\/li>\n<li data-start=\"1275\" data-end=\"1321\">\n<p data-start=\"1277\" data-end=\"1321\">Zamyk\u00e1n\u00ed n\u00e1stroj\u016f \u2013 bezpe\u010dn\u011bj\u0161\u00ed pou\u017e\u00edv\u00e1n\u00ed.<\/p>\n<\/li>\n<li data-start=\"1322\" data-end=\"1399\">\n<p data-start=\"1324\" data-end=\"1399\">Odoln\u00e1 konstrukce s povrchovou \u00fapravou \u2013 zvl\u00e1dne d\u00e9\u0161\u0165 i hrub\u0161\u00ed zach\u00e1zen\u00ed.<\/p>\n<\/li>\n<li data-start=\"1400\" data-end=\"1447\">\n<p data-start=\"1402\" data-end=\"1447\">Klip na kapsu \u2013 mo\u017enost no\u0161en\u00ed bez pouzdra.<\/p>\n<\/li>\n<\/ul>\n<hr data-start=\"1449\" data-end=\"1452\" \/>\n<p data-start=\"1454\" data-end=\"1476\">\u26a0\ufe0f <strong data-start=\"1457\" data-end=\"1474\">Mo\u017en\u00e1 omezen\u00ed<\/strong><\/p>\n<ul data-start=\"1478\" data-end=\"1747\">\n<li data-start=\"1478\" data-end=\"1529\">\n<p data-start=\"1480\" data-end=\"1529\">Nen\u00ed to nejleh\u010d\u00ed EDC \u2013 v\u00e1ha p\u0159es 200 g je zn\u00e1t.<\/p>\n<\/li>\n<li data-start=\"1530\" data-end=\"1605\">\n<p data-start=\"1532\" data-end=\"1605\">Kombinovan\u00e1 \u010depel je praktick\u00e1, ale zubatou \u010d\u00e1st je slo\u017eit\u011bj\u0161\u00ed brousit.<\/p>\n<\/li>\n<li data-start=\"1606\" data-end=\"1666\">\n<p data-start=\"1608\" data-end=\"1666\">Kladivo je sp\u00ed\u0161 nouzov\u00e9 \u2013 ne nahrada skute\u010dn\u00e9ho kladiva.<\/p>\n<\/li>\n<li data-start=\"1667\" data-end=\"1747\">\n<p data-start=\"1669\" data-end=\"1747\">Brousek a p\u00ed\u0161\u0165alka jsou vhodn\u00e9 pro nouzov\u00e9 pou\u017eit\u00ed, ne jako hlavn\u00ed n\u00e1stroje.<\/p>\n<\/li>\n<\/ul>\n<hr data-start=\"1749\" data-end=\"1752\" \/>\n<p data-start=\"1754\" data-end=\"1777\">\ud83d\udee0\ufe0f <strong data-start=\"1758\" data-end=\"1775\">\u00dadr\u017eba a p\u00e9\u010de<\/strong><\/p>\n<ul data-start=\"1779\" data-end=\"2186\">\n<li data-start=\"1779\" data-end=\"1850\">\n<p data-start=\"1781\" data-end=\"1850\">Po pou\u017eit\u00ed multitool v\u017edy o\u010disti a vysu\u0161, aby se nezan\u00e1\u0161ely klouby.<\/p>\n<\/li>\n<li data-start=\"1851\" data-end=\"1891\">\n<p data-start=\"1853\" data-end=\"1891\">Ob\u010das proma\u017e pohybliv\u00e9 \u010d\u00e1sti olejem.<\/p>\n<\/li>\n<li data-start=\"1892\" data-end=\"2116\">\n<p data-start=\"1894\" data-end=\"2116\">Pro udr\u017een\u00ed ost\u0159\u00ed doporu\u010dujeme <a class=\"decorated-link cursor-pointer\" target=\"_new\" rel=\"noopener\" data-start=\"1925\" data-end=\"2014\">Spyderco Tri-Angle Sharpmaker Complete Sharpening System 204MF<\/a><\/p>\n<\/li>\n<li data-start=\"1892\" data-end=\"2116\">\n<p data-start=\"2193\" data-end=\"2216\">\ud83c\udfaf <strong data-start=\"2196\" data-end=\"2214\">Doporu\u010deno pro<\/strong><\/p>\n<ul data-start=\"2218\" data-end=\"2506\">\n<li data-start=\"2218\" data-end=\"2291\">\n<p data-start=\"2220\" data-end=\"2291\">Turisty, trampy a bushcraftery \u2013 v\u0161ude tam, kde mus\u00ed\u0161 b\u00fdt sob\u011bsta\u010dn\u00fd.<\/p>\n<\/li>\n<li data-start=\"2292\" data-end=\"2358\">\n<p data-start=\"2294\" data-end=\"2358\">Kempov\u00e1n\u00ed a outdoor \u2013 kdy\u017e pot\u0159ebuje\u0161 k\u0159esadlo i n\u016f\u017e v jednom.<\/p>\n<\/li>\n<li data-start=\"2359\" data-end=\"2434\">\n<p data-start=\"2361\" data-end=\"2434\">Nouzov\u00e9 situace \u2013 n\u00e1stroj, kter\u00fd zvl\u00e1dne prvn\u00ed pomoc i z\u00e1kladn\u00ed opravy.<\/p>\n<\/li>\n<li data-start=\"2435\" data-end=\"2506\">\n<p data-start=\"2437\" data-end=\"2506\">Dobrodruhy, kte\u0159\u00ed cht\u011bj\u00ed m\u00edt v\u017edy p\u0159ipraven\u00fd univerz\u00e1ln\u00ed multitool.<\/p>\n<\/li>\n<\/ul>\n<hr data-start=\"2508\" data-end=\"2511\" \/>\n<p data-start=\"2513\" data-end=\"2540\">\u2b50 <strong data-start=\"2515\" data-end=\"2538\">Z\u00e1v\u011bre\u010dn\u00e9 hodnocen\u00ed<\/strong><\/p>\n<p data-start=\"2542\" data-end=\"2901\">Leatherman Signal 833319 je multitool, kter\u00fd spojuje klasick\u00e9 funkce s survival prvky. Nen\u00ed to jen praktick\u00fd pomocn\u00edk, ale i jistota, \u017ee m\u00e1\u0161 v p\u0159\u00edrod\u011b v\u017edy n\u00e1stroje po ruce \u2013 od k\u0159esadla po pilu. Ano, je trochu t\u011b\u017e\u0161\u00ed ne\u017e minimalistick\u00e9 modely, ale jeho univerz\u00e1lnost a odolnost z n\u011bj d\u011blaj\u00ed perfektn\u00ed volbu pro v\u0161echny, kdo cht\u011bj\u00ed b\u00fdt p\u0159ipraveni na cokoliv.<\/p>\n<\/li>\n<\/ul>\n","protected":false},"excerpt":{"rendered":"<p><strong>Leatherman Signal 833319 je multitool, kter\u00fd spojuje klasick\u00e9 funkce s survival prvky. Nen\u00ed to jen praktick\u00fd pomocn\u00edk, ale i jistota, \u017ee m\u00e1\u0161 v p\u0159\u00edrod\u011b v\u017edy n\u00e1stroje po ruce \u2013 od k\u0159esadla po pilu.<\/strong><\/p>\n","protected":false},"featured_media":423302,"comment_status":"open","ping_status":"closed","template":"","meta":[],"pwb-brand":[404],"product_brand":[],"product_cat":[50],"product_tag":[],"class_list":{"0":"post-423301","1":"product","2":"type-product","3":"status-publish","4":"has-post-thumbnail","6":"pwb-brand-leatherman","7":"product_cat-multi-tool","9":"first","10":"instock","11":"taxable","12":"shipping-taxable","13":"purchasable","14":"product-type-simple"},"brands":[{"id":404,"name":"Leatherman","slug":"leatherman"}],"_links":{"self":[{"href":"https:\/\/www.moskito.cz\/en\/wp-json\/wp\/v2\/product\/423301","targetHints":{"allow":["GET"]}}],"collection":[{"href":"https:\/\/www.moskito.cz\/en\/wp-json\/wp\/v2\/product"}],"about":[{"href":"https:\/\/www.moskito.cz\/en\/wp-json\/wp\/v2\/types\/product"}],"replies":[{"embeddable":true,"href":"https:\/\/www.moskito.cz\/en\/wp-json\/wp\/v2\/comments?post=423301"}],"wp:featuredmedia":[{"embeddable":true,"href":"https:\/\/www.moskito.cz\/en\/wp-json\/wp\/v2\/media\/423302"}],"wp:attachment":[{"href":"https:\/\/www.moskito.cz\/en\/wp-json\/wp\/v2\/media?parent=423301"}],"wp:term":[{"taxonomy":"pwb-brand","embeddable":true,"href":"https:\/\/www.moskito.cz\/en\/wp-json\/wp\/v2\/pwb-brand?post=423301"},{"taxonomy":"product_brand","embeddable":true,"href":"https:\/\/www.moskito.cz\/en\/wp-json\/wp\/v2\/product_brand?post=423301"},{"taxonomy":"product_cat","embeddable":true,"href":"https:\/\/www.moskito.cz\/en\/wp-json\/wp\/v2\/product_cat?post=423301"},{"taxonomy":"product_tag","embeddable":true,"href":"https:\/\/www.moskito.cz\/en\/wp-json\/wp\/v2\/product_tag?post=423301"}],"curies":[{"name":"wp","href":"https:\/\/api.w.org\/{rel}","templated":true}]}}