{"id":432029,"date":"2026-01-12T20:14:13","date_gmt":"2026-01-12T19:14:13","guid":{"rendered":"https:\/\/www.moskito.cz\/?post_type=product&#038;p=432029"},"modified":"2026-01-12T20:14:15","modified_gmt":"2026-01-12T19:14:15","slug":"zaviraci-nuz-spyderco-para-3-canvas-c223mpcw","status":"publish","type":"product","link":"https:\/\/www.moskito.cz\/en\/product\/zaviraci-nuz-spyderco-para-3-canvas-c223mpcw\/","title":{"rendered":"Zav\u00edrac\u00ed N\u016f\u017e Spyderco Para 3 Canvas C223MPCW"},"content":{"rendered":"<h2 data-start=\"42\" data-end=\"137\"><strong data-start=\"45\" data-end=\"137\">Zav\u00edrac\u00ed n\u016f\u017e Spyderco Para 3 \u2013 Hn\u011bd\u00e1 Pl\u00e1t\u011bn\u00e1 Micarta, CPM CRU-WEAR, Reveal 14 (C223MPCW)<\/strong><\/h2>\n<p data-start=\"139\" data-end=\"504\">Spyderco Para 3 C223MPCW je <strong data-start=\"167\" data-end=\"206\">pr\u00e9miov\u00fd a univerz\u00e1ln\u00ed zav\u00edrac\u00ed n\u016f\u017e<\/strong>, kter\u00fd kombinuje <strong data-start=\"224\" data-end=\"254\">v\u00fdkonnou ocel CPM CRU-WEAR<\/strong>, ergonomickou rukoje\u0165 z <strong data-start=\"279\" data-end=\"304\">hn\u011bd\u00e9 pl\u00e1t\u011bn\u00e9 Micarty<\/strong> a inovativn\u00ed konstrukci <strong data-start=\"329\" data-end=\"342\">Reveal 14<\/strong> pro rychl\u00e9 jednoru\u010dn\u00ed otev\u00edr\u00e1n\u00ed.<br data-start=\"375\" data-end=\"378\" \/>Je to ide\u00e1ln\u00ed model pro ka\u017edodenn\u00ed no\u0161en\u00ed i n\u00e1ro\u010dn\u011bj\u0161\u00ed \u00fakoly, kde je kl\u00ed\u010dov\u00e1 <strong data-start=\"455\" data-end=\"503\">rychlost pod\u00e1n\u00ed \u0159ezu, komfort a spolehlivost<\/strong>.<\/p>\n<hr data-start=\"506\" data-end=\"509\" \/>\n<h2 data-start=\"511\" data-end=\"538\">\ud83e\uddf0 Charakter a filozofie<\/h2>\n<p data-start=\"540\" data-end=\"939\">Spyderco Para 3 je navr\u017een s jasnou filozofi\u00ed: <strong data-start=\"587\" data-end=\"625\">maxim\u00e1ln\u00ed funk\u010dnost bez kompromis\u016f<\/strong>. Kompaktn\u00ed, ale v\u00fdkonn\u00e1 \u010depel s klasick\u00fdm <strong data-start=\"668\" data-end=\"691\">drop-point profilem<\/strong> poskytuje efektivn\u00ed \u0159ezov\u00fd v\u00fdkon p\u0159i \u0161irok\u00e9m spektru \u00faloh \u2014 od b\u011b\u017en\u00e9ho EDC a\u017e po outdoor nebo \u0159emeslnou pr\u00e1ci.<br data-start=\"802\" data-end=\"805\" \/>Rukoje\u0165 z hn\u011bd\u00e9 pl\u00e1t\u011bn\u00e9 Micarty dod\u00e1v\u00e1 no\u017ei <strong data-start=\"849\" data-end=\"898\">v\u00fdrazn\u00fd charakter, jistotu \u00fachopu i p\u0159i vlhku<\/strong>, a z\u00e1rove\u0148 p\u016fsob\u00ed elegantn\u011b a p\u0159irozen\u011b.<\/p>\n<hr data-start=\"941\" data-end=\"944\" \/>\n<h2 data-start=\"946\" data-end=\"973\">\ud83d\udd27 Technick\u00e9 specifikace<\/h2>\n<div class=\"TyagGW_tableContainer\">\n<div class=\"group TyagGW_tableWrapper flex flex-col-reverse w-fit\" tabindex=\"-1\">\n<table class=\"w-fit min-w-(--thread-content-width)\" data-start=\"975\" data-end=\"1532\">\n<thead data-start=\"975\" data-end=\"1005\">\n<tr data-start=\"975\" data-end=\"1005\">\n<th data-start=\"975\" data-end=\"990\" data-col-size=\"sm\"><strong data-start=\"977\" data-end=\"989\">Parametr<\/strong><\/th>\n<th data-start=\"990\" data-end=\"1005\" data-col-size=\"sm\"><strong data-start=\"992\" data-end=\"1003\">Hodnota<\/strong><\/th>\n<\/tr>\n<\/thead>\n<tbody data-start=\"1037\" data-end=\"1532\">\n<tr data-start=\"1037\" data-end=\"1072\">\n<td data-start=\"1037\" data-end=\"1057\" data-col-size=\"sm\"><strong data-start=\"1039\" data-end=\"1056\">Celkov\u00e1 d\u00e9lka<\/strong><\/td>\n<td data-start=\"1057\" data-end=\"1072\" data-col-size=\"sm\">cca 19,5 cm<\/td>\n<\/tr>\n<tr data-start=\"1073\" data-end=\"1106\">\n<td data-start=\"1073\" data-end=\"1092\" data-col-size=\"sm\"><strong data-start=\"1075\" data-end=\"1091\">D\u00e9lka \u010depele<\/strong><\/td>\n<td data-start=\"1092\" data-end=\"1106\" data-col-size=\"sm\">cca 7,4 cm<\/td>\n<\/tr>\n<tr data-start=\"1107\" data-end=\"1143\">\n<td data-start=\"1107\" data-end=\"1129\" data-col-size=\"sm\"><strong data-start=\"1109\" data-end=\"1128\">Tlou\u0161\u0165ka \u010depele<\/strong><\/td>\n<td data-start=\"1129\" data-end=\"1143\" data-col-size=\"sm\">cca 3,2 mm<\/td>\n<\/tr>\n<tr data-start=\"1144\" data-end=\"1182\">\n<td data-start=\"1144\" data-end=\"1166\" data-col-size=\"sm\"><strong data-start=\"1146\" data-end=\"1165\">Materi\u00e1l \u010depele<\/strong><\/td>\n<td data-start=\"1166\" data-end=\"1182\" data-col-size=\"sm\">CPM CRU-WEAR<\/td>\n<\/tr>\n<tr data-start=\"1183\" data-end=\"1220\">\n<td data-start=\"1183\" data-end=\"1203\" data-col-size=\"sm\"><strong data-start=\"1185\" data-end=\"1202\">Tvrdost oceli<\/strong><\/td>\n<td data-start=\"1203\" data-end=\"1220\" data-col-size=\"sm\">cca 60\u201362 HRC<\/td>\n<\/tr>\n<tr data-start=\"1221\" data-end=\"1253\">\n<td data-start=\"1221\" data-end=\"1239\" data-col-size=\"sm\"><strong data-start=\"1223\" data-end=\"1238\">Tvar \u010depele<\/strong><\/td>\n<td data-start=\"1239\" data-end=\"1253\" data-col-size=\"sm\">Drop-point<\/td>\n<\/tr>\n<tr data-start=\"1254\" data-end=\"1289\">\n<td data-start=\"1254\" data-end=\"1266\" data-col-size=\"sm\"><strong data-start=\"1256\" data-end=\"1265\">Ost\u0159\u00ed<\/strong><\/td>\n<td data-start=\"1266\" data-end=\"1289\" data-col-size=\"sm\">Hladk\u00e9 (Plain Edge)<\/td>\n<\/tr>\n<tr data-start=\"1290\" data-end=\"1319\">\n<td data-start=\"1290\" data-end=\"1310\" data-col-size=\"sm\"><strong data-start=\"1292\" data-end=\"1309\">Povrch \u010depele<\/strong><\/td>\n<td data-start=\"1310\" data-end=\"1319\" data-col-size=\"sm\">Satin<\/td>\n<\/tr>\n<tr data-start=\"1320\" data-end=\"1359\">\n<td data-start=\"1320\" data-end=\"1334\" data-col-size=\"sm\"><strong data-start=\"1322\" data-end=\"1333\">Rukoje\u0165<\/strong><\/td>\n<td data-start=\"1334\" data-end=\"1359\" data-col-size=\"sm\">Hn\u011bd\u00e1 pl\u00e1t\u011bn\u00e1 Micarta<\/td>\n<\/tr>\n<tr data-start=\"1360\" data-end=\"1385\">\n<td data-start=\"1360\" data-end=\"1372\" data-col-size=\"sm\"><strong data-start=\"1362\" data-end=\"1371\">Z\u00e1mek<\/strong><\/td>\n<td data-start=\"1372\" data-end=\"1385\" data-col-size=\"sm\">Back Lock<\/td>\n<\/tr>\n<tr data-start=\"1386\" data-end=\"1435\">\n<td data-start=\"1386\" data-end=\"1402\" data-col-size=\"sm\"><strong data-start=\"1388\" data-end=\"1401\">Otev\u00edr\u00e1n\u00ed<\/strong><\/td>\n<td data-col-size=\"sm\" data-start=\"1402\" data-end=\"1435\">Reveal 14 \u2013 rychl\u00e9 jednoru\u010dn\u00ed<\/td>\n<\/tr>\n<tr data-start=\"1436\" data-end=\"1483\">\n<td data-start=\"1436\" data-end=\"1447\" data-col-size=\"sm\"><strong data-start=\"1438\" data-end=\"1446\">Klip<\/strong><\/td>\n<td data-start=\"1447\" data-end=\"1483\" data-col-size=\"sm\">\u010cty\u0159polohov\u00fd \u2013 tip-up \/ tip-down<\/td>\n<\/tr>\n<tr data-start=\"1484\" data-end=\"1511\">\n<td data-start=\"1484\" data-end=\"1499\" data-col-size=\"sm\"><strong data-start=\"1486\" data-end=\"1498\">Hmotnost<\/strong><\/td>\n<td data-start=\"1499\" data-end=\"1511\" data-col-size=\"sm\">cca 99 g<\/td>\n<\/tr>\n<tr data-start=\"1512\" data-end=\"1532\">\n<td data-start=\"1512\" data-end=\"1525\" data-col-size=\"sm\"><strong data-start=\"1514\" data-end=\"1524\">V\u00fdroba<\/strong><\/td>\n<td data-col-size=\"sm\" data-start=\"1525\" data-end=\"1532\">USA<\/td>\n<\/tr>\n<\/tbody>\n<\/table>\n<\/div>\n<\/div>\n<hr data-start=\"1534\" data-end=\"1537\" \/>\n<h2 data-start=\"1539\" data-end=\"1557\">\u2705 Hlavn\u00ed v\u00fdhody<\/h2>\n<p data-start=\"1559\" data-end=\"2042\">\u2714 <strong data-start=\"1561\" data-end=\"1577\">CPM CRU-WEAR<\/strong> \u2013 v\u00fdborn\u00fd kompromis mezi odolnost\u00ed, hou\u017eevnatost\u00ed a dlouhou v\u00fddr\u017e\u00ed ost\u0159\u00ed<br data-start=\"1650\" data-end=\"1653\" \/>\u2714 <strong data-start=\"1655\" data-end=\"1675\">Reveal 14 syst\u00e9m<\/strong> \u2013 rychl\u00e9 a spolehliv\u00e9 otev\u00edr\u00e1n\u00ed jednou rukou<br data-start=\"1720\" data-end=\"1723\" \/>\u2714 <strong data-start=\"1725\" data-end=\"1750\">Hn\u011bd\u00e1 pl\u00e1t\u011bn\u00e1 Micarta<\/strong> \u2013 pevn\u00e1, pohodln\u00e1 rukoje\u0165 s p\u0159irozenou texturou<br data-start=\"1798\" data-end=\"1801\" \/>\u2714 <strong data-start=\"1803\" data-end=\"1824\">Kompaktn\u00ed rozm\u011bry<\/strong> \u2013 ide\u00e1ln\u00ed pro ka\u017edodenn\u00ed no\u0161en\u00ed<br data-start=\"1856\" data-end=\"1859\" \/>\u2714 <strong data-start=\"1861\" data-end=\"1882\">\u010cty\u0159polohov\u00fd klip<\/strong> \u2013 mo\u017enost no\u0161en\u00ed dle osobn\u00ed preference<br data-start=\"1921\" data-end=\"1924\" \/>\u2714 <strong data-start=\"1926\" data-end=\"1945\">Back Lock z\u00e1mek<\/strong> \u2013 pevn\u00e9 a bezpe\u010dn\u00e9 uzam\u010den\u00ed<br data-start=\"1973\" data-end=\"1976\" \/>\u2714 <strong data-start=\"1978\" data-end=\"2000\">Vyv\u00e1\u017een\u00e1 ergonomie<\/strong> \u2013 jist\u00fd \u00fachop i p\u0159i intenzivn\u00edm pou\u017e\u00edv\u00e1n\u00ed<\/p>\n<hr data-start=\"2044\" data-end=\"2047\" \/>\n<h2 data-start=\"2049\" data-end=\"2070\">\u26a0\ufe0f Co v\u011bd\u011bt p\u0159edem<\/h2>\n<p data-start=\"2072\" data-end=\"2316\">\ud83d\udd39 CPM CRU-WEAR je <strong data-start=\"2091\" data-end=\"2118\">v\u00fdkonn\u00e1 n\u00e1strojov\u00e1 ocel<\/strong>, kter\u00e1 m\u016f\u017ee vy\u017eadovat ob\u010dasnou p\u00e9\u010di proti korozi<br data-start=\"2167\" data-end=\"2170\" \/>\ud83d\udd39 Para 3 je <strong data-start=\"2183\" data-end=\"2204\">praktick\u00fd n\u00e1stroj<\/strong>, ne dekorativn\u00ed sb\u011bratelsk\u00fd kus<br data-start=\"2236\" data-end=\"2239\" \/>\ud83d\udd39 Nelze o\u010dek\u00e1vat vysok\u00fd v\u00fdkon v extr\u00e9mn\u011b specializovan\u00fdch taktick\u00fdch \u00fakolech<\/p>\n<hr data-start=\"2318\" data-end=\"2321\" \/>\n<h2 data-start=\"2323\" data-end=\"2343\">\ud83d\udee0\ufe0f \u00dadr\u017eba a p\u00e9\u010de<\/h2>\n<ul data-start=\"2345\" data-end=\"2573\">\n<li data-start=\"2345\" data-end=\"2382\">\n<p data-start=\"2347\" data-end=\"2382\">Po pou\u017eit\u00ed osu\u0161\u00ed\u0161 a o\u010dist\u00ed\u0161 \u010depel<\/p>\n<\/li>\n<li data-start=\"2383\" data-end=\"2457\">\n<p data-start=\"2385\" data-end=\"2457\">Pravideln\u011b zkontroluj hladkost pivotu a lehce proma\u017e mechanismus z\u00e1mku<\/p>\n<\/li>\n<li data-start=\"2458\" data-end=\"2505\">\n<p data-start=\"2460\" data-end=\"2505\">Micarta rukoje\u0165 sta\u010d\u00ed ot\u0159\u00edt vlhk\u00fdm had\u0159\u00edkem<\/p>\n<\/li>\n<li data-start=\"2506\" data-end=\"2573\">\n<p data-start=\"2508\" data-end=\"2573\">P\u0159i intenzivn\u00edm pou\u017e\u00edv\u00e1n\u00ed o\u0161et\u0159i \u010depel z\u00e1kladn\u00edm ochrann\u00fdm olejem<\/p>\n<\/li>\n<\/ul>\n<hr data-start=\"2575\" data-end=\"2578\" \/>\n<h2 data-start=\"2580\" data-end=\"2600\">\ud83c\udfaf Doporu\u010deno pro<\/h2>\n<ul data-start=\"2602\" data-end=\"2774\">\n<li data-start=\"2602\" data-end=\"2629\">\n<p data-start=\"2604\" data-end=\"2629\">ka\u017edodenn\u00ed no\u0161en\u00ed (EDC)<\/p>\n<\/li>\n<li data-start=\"2630\" data-end=\"2664\">\n<p data-start=\"2632\" data-end=\"2664\">outdoor, turistiku a cestov\u00e1n\u00ed<\/p>\n<\/li>\n<li data-start=\"2665\" data-end=\"2701\">\n<p data-start=\"2667\" data-end=\"2701\">\u0159emesln\u00e9 \u010dinnosti a drobn\u00e9 pr\u00e1ce<\/p>\n<\/li>\n<li data-start=\"2702\" data-end=\"2774\">\n<p data-start=\"2704\" data-end=\"2774\">u\u017eivatele, kte\u0159\u00ed cht\u011bj\u00ed <strong data-start=\"2728\" data-end=\"2774\">rychl\u00fd, pohodln\u00fd a spolehliv\u00fd zav\u00edrac\u00ed n\u016f\u017e<\/strong><\/p>\n<\/li>\n<\/ul>\n<hr data-start=\"2776\" data-end=\"2779\" \/>\n<h2 data-start=\"2781\" data-end=\"2805\">\u2b50 Z\u00e1v\u011bre\u010dn\u00e9 hodnocen\u00ed<\/h2>\n<p data-start=\"2807\" data-end=\"3145\"><strong data-start=\"2807\" data-end=\"2882\">Spyderco Para 3 Hn\u011bd\u00e1 Pl\u00e1t\u011bn\u00e1 Micarta CPM CRU-WEAR Reveal 14 (C223MPCW)<\/strong> je <strong data-start=\"2886\" data-end=\"2924\">vyv\u00e1\u017een\u00fd a v\u0161estrann\u00fd zav\u00edrac\u00ed n\u016f\u017e<\/strong>, kter\u00fd nab\u00edz\u00ed nejlep\u0161\u00ed pom\u011br mezi komfortem, v\u00fdkonem a prakti\u010dnost\u00ed.<br data-start=\"2993\" data-end=\"2996\" \/>Je to ide\u00e1ln\u00ed volba pro ty, kte\u0159\u00ed cht\u011bj\u00ed <strong data-start=\"3037\" data-end=\"3091\">spolehliv\u00fd, dob\u0159e ovladateln\u00fd a odoln\u00fd EDC n\u00e1stroj<\/strong>, kter\u00fd si porad\u00ed s ka\u017edodenn\u00edmi i n\u00e1ro\u010dn\u011bj\u0161\u00edmi \u00fakoly.<\/p>\n","protected":false},"excerpt":{"rendered":"<p><strong>Spyderco Para 3 Hn\u011bd\u00e1 Pl\u00e1t\u011bn\u00e1 Micarta CPM CRU-WEAR Reveal 14 (C223MPCW) je vyv\u00e1\u017een\u00fd a v\u0161estrann\u00fd zav\u00edrac\u00ed n\u016f\u017e, kter\u00fd nab\u00edz\u00ed nejlep\u0161\u00ed pom\u011br mezi komfortem, v\u00fdkonem a prakti\u010dnost\u00ed.<\/strong><br data-start=\"2993\" data-end=\"2996\" \/><strong>Je to ide\u00e1ln\u00ed volba pro ty, kte\u0159\u00ed cht\u011bj\u00ed spolehliv\u00fd, dob\u0159e ovladateln\u00fd a odoln\u00fd EDC n\u00e1stroj, kter\u00fd si porad\u00ed s ka\u017edodenn\u00edmi i n\u00e1ro\u010dn\u011bj\u0161\u00edmi \u00fakoly.<\/strong><\/p>\n<p><strong>Doprava zdarma.<\/strong><\/p>\n","protected":false},"featured_media":432030,"comment_status":"open","ping_status":"closed","template":"","meta":[],"pwb-brand":[567],"product_brand":[],"product_cat":[22,17],"product_tag":[],"class_list":{"0":"post-432029","1":"product","2":"type-product","3":"status-publish","4":"has-post-thumbnail","6":"pwb-brand-spyderco","7":"product_cat-zaviraci-noze","8":"product_cat-noze","10":"first","11":"instock","12":"taxable","13":"shipping-taxable","14":"purchasable","15":"product-type-simple"},"brands":[{"id":567,"name":"Spyderco","slug":"spyderco"}],"_links":{"self":[{"href":"https:\/\/www.moskito.cz\/en\/wp-json\/wp\/v2\/product\/432029","targetHints":{"allow":["GET"]}}],"collection":[{"href":"https:\/\/www.moskito.cz\/en\/wp-json\/wp\/v2\/product"}],"about":[{"href":"https:\/\/www.moskito.cz\/en\/wp-json\/wp\/v2\/types\/product"}],"replies":[{"embeddable":true,"href":"https:\/\/www.moskito.cz\/en\/wp-json\/wp\/v2\/comments?post=432029"}],"wp:featuredmedia":[{"embeddable":true,"href":"https:\/\/www.moskito.cz\/en\/wp-json\/wp\/v2\/media\/432030"}],"wp:attachment":[{"href":"https:\/\/www.moskito.cz\/en\/wp-json\/wp\/v2\/media?parent=432029"}],"wp:term":[{"taxonomy":"pwb-brand","embeddable":true,"href":"https:\/\/www.moskito.cz\/en\/wp-json\/wp\/v2\/pwb-brand?post=432029"},{"taxonomy":"product_brand","embeddable":true,"href":"https:\/\/www.moskito.cz\/en\/wp-json\/wp\/v2\/product_brand?post=432029"},{"taxonomy":"product_cat","embeddable":true,"href":"https:\/\/www.moskito.cz\/en\/wp-json\/wp\/v2\/product_cat?post=432029"},{"taxonomy":"product_tag","embeddable":true,"href":"https:\/\/www.moskito.cz\/en\/wp-json\/wp\/v2\/product_tag?post=432029"}],"curies":[{"name":"wp","href":"https:\/\/api.w.org\/{rel}","templated":true}]}}