{"id":433836,"date":"2026-01-25T16:03:21","date_gmt":"2026-01-25T15:03:21","guid":{"rendered":"https:\/\/www.moskito.cz\/?post_type=product&#038;p=433836"},"modified":"2026-01-26T19:37:10","modified_gmt":"2026-01-26T18:37:10","slug":"zaviraci-nuz-spyderco-lil-native-c230pbk","status":"publish","type":"product","link":"https:\/\/www.moskito.cz\/en\/product\/zaviraci-nuz-spyderco-lil-native-c230pbk\/","title":{"rendered":"Zav\u00edrac\u00ed N\u016f\u017e Spyderco Lil Native C230PBK"},"content":{"rendered":"<h2 data-start=\"71\" data-end=\"146\">\ud83d\udd2a Zav\u00edrac\u00ed N\u016f\u017e Spyderco Lil\u2019 Native Black Lightweight Reveal 14 C230PBK<\/h2>\n<p data-start=\"148\" data-end=\"525\">Jakmile otev\u0159e\u0161 <em data-start=\"164\" data-end=\"204\">Spyderco Lil\u2019 Native Black Lightweight<\/em> typick\u00fdm kulat\u00fdm otvorem Spyderco a zajist\u00ed\u0161 \u010depel spolehliv\u00fdm <strong data-start=\"268\" data-end=\"283\">Back Lockem<\/strong>, okam\u017eit\u011b uc\u00edt\u00ed\u0161 p\u0159esnou kontrolu a jistotu \u0159ezu, kterou tento ultrakompaktn\u00ed model nab\u00edz\u00ed. Lil\u2019 Native Lightweight p\u0159in\u00e1\u0161\u00ed plnohodnotn\u00fd v\u00fdkon do minim\u00e1ln\u00edch rozm\u011br\u016f a extr\u00e9mn\u011b n\u00edzk\u00e9 hmotnosti \u2014 ide\u00e1ln\u00ed volba pro nen\u00e1padn\u00e9 ka\u017edodenn\u00ed no\u0161en\u00ed.<\/p>\n<p data-start=\"527\" data-end=\"666\">Tento model je ur\u010den pro u\u017eivatele, kte\u0159\u00ed cht\u011bj\u00ed <strong data-start=\"576\" data-end=\"630\">maxim\u00e1ln\u011b lehk\u00e9, kompaktn\u00ed a spolehliv\u00e9 EDC \u0159e\u0161en\u00ed<\/strong>, kter\u00e9 je v\u017edy po ruce a nep\u0159ek\u00e1\u017e\u00ed.<\/p>\n<hr data-start=\"668\" data-end=\"671\" \/>\n<h2 data-start=\"673\" data-end=\"697\">Charakter a filozofie<\/h2>\n<p data-start=\"699\" data-end=\"966\"><em data-start=\"699\" data-end=\"739\">Spyderco Lil\u2019 Native Black Lightweight<\/em> je navr\u017een s jasnou filozofi\u00ed: <strong data-start=\"771\" data-end=\"820\">co nejmen\u0161\u00ed rozm\u011bry, co nejvy\u0161\u0161\u00ed pou\u017eitelnost<\/strong>. P\u0159esto\u017ee jde o velmi kompaktn\u00ed n\u016f\u017e, ergonomie rukojeti umo\u017e\u0148uje pevn\u00fd a jist\u00fd \u00fachop, kter\u00fd d\u00e1v\u00e1 pocit v\u011bt\u0161\u00edho no\u017ee, ne\u017e jak\u00fdm ve skute\u010dnosti je.<\/p>\n<p data-start=\"968\" data-end=\"1265\">\u010cepel m\u00e1 vyv\u00e1\u017een\u00fd profil pro p\u0159esn\u00e9 a kontrolovan\u00e9 \u0159ezy p\u0159i b\u011b\u017en\u00fdch ka\u017edodenn\u00edch \u00fakolech. Kulat\u00fd otvor Spyderco umo\u017e\u0148uje rychl\u00e9 a intuitivn\u00ed otev\u0159en\u00ed jednou rukou. <strong data-start=\"1132\" data-end=\"1145\">Back Lock<\/strong> je jednoduch\u00fd, bezpe\u010dn\u00fd a osv\u011bd\u010den\u00fd \u2014 ide\u00e1ln\u00ed pro u\u017eivatele, kte\u0159\u00ed cht\u011bj\u00ed maxim\u00e1ln\u00ed spolehlivost bez slo\u017eit\u00e9 mechaniky.<\/p>\n<p data-start=\"1267\" data-end=\"1505\">Rukoje\u0165 z lehk\u00e9ho FRN materi\u00e1lu s protiskluzovou texturou zaji\u0161\u0165uje jist\u00fd \u00fachop i p\u0159i vlhku a v\u00fdrazn\u011b sni\u017euje hmotnost no\u017ee. Lil\u2019 Native Lightweight je ide\u00e1ln\u00ed volbou pro ty, kte\u0159\u00ed cht\u011bj\u00ed <strong data-start=\"1455\" data-end=\"1504\">nen\u00e1padn\u00fd, ale pln\u011b funk\u010dn\u00ed n\u016f\u017e pro ka\u017ed\u00fd den<\/strong>.<\/p>\n<hr data-start=\"1507\" data-end=\"1510\" \/>\n<h2 data-start=\"1512\" data-end=\"1527\">\ud83c\udfed O v\u00fdrobci<\/h2>\n<p data-start=\"1529\" data-end=\"1769\">Spyderco pat\u0159\u00ed mezi nejuzn\u00e1van\u011bj\u0161\u00ed v\u00fdrobce kapesn\u00edch no\u017e\u016f na sv\u011bt\u011b. Zna\u010dka je zn\u00e1m\u00e1 sv\u00fdm d\u016frazem na ergonomii, funk\u010dnost a skute\u010dn\u00e9 pou\u017eit\u00ed v praxi. Modely jako Lil\u2019 Native dokazuj\u00ed, \u017ee i mal\u00fd n\u016f\u017e m\u016f\u017ee nab\u00eddnout vysok\u00fd v\u00fdkon a spolehlivost.<\/p>\n<hr data-start=\"1771\" data-end=\"1774\" \/>\n<h2 data-start=\"1776\" data-end=\"1803\">\u2699\ufe0f Technick\u00e9 specifikace<\/h2>\n<div class=\"TyagGW_tableContainer\">\n<div class=\"group TyagGW_tableWrapper flex flex-col-reverse w-fit\" tabindex=\"-1\">\n<table class=\"w-fit min-w-(--thread-content-width)\" data-start=\"1805\" data-end=\"2389\">\n<thead data-start=\"1805\" data-end=\"1827\">\n<tr data-start=\"1805\" data-end=\"1827\">\n<th data-start=\"1805\" data-end=\"1816\" data-col-size=\"sm\">Parametr<\/th>\n<th data-start=\"1816\" data-end=\"1827\" data-col-size=\"sm\">Hodnota<\/th>\n<\/tr>\n<\/thead>\n<tbody data-start=\"1848\" data-end=\"2389\">\n<tr data-start=\"1848\" data-end=\"1898\">\n<td data-start=\"1848\" data-end=\"1856\" data-col-size=\"sm\">Model<\/td>\n<td data-col-size=\"sm\" data-start=\"1856\" data-end=\"1898\">Spyderco Lil\u2019 Native Black Lightweight<\/td>\n<\/tr>\n<tr data-start=\"1899\" data-end=\"1921\">\n<td data-start=\"1899\" data-end=\"1910\" data-col-size=\"sm\">Ozna\u010den\u00ed<\/td>\n<td data-col-size=\"sm\" data-start=\"1910\" data-end=\"1921\">C230PBK<\/td>\n<\/tr>\n<tr data-start=\"1922\" data-end=\"1944\">\n<td data-start=\"1922\" data-end=\"1928\" data-col-size=\"sm\">Typ<\/td>\n<td data-col-size=\"sm\" data-start=\"1928\" data-end=\"1944\">Zav\u00edrac\u00ed n\u016f\u017e<\/td>\n<\/tr>\n<tr data-start=\"1945\" data-end=\"1974\">\n<td data-start=\"1945\" data-end=\"1961\" data-col-size=\"sm\">Celkov\u00e1 d\u00e9lka<\/td>\n<td data-col-size=\"sm\" data-start=\"1961\" data-end=\"1974\">cca 15 cm<\/td>\n<\/tr>\n<tr data-start=\"1975\" data-end=\"2004\">\n<td data-start=\"1975\" data-end=\"1990\" data-col-size=\"sm\">D\u00e9lka \u010depele<\/td>\n<td data-col-size=\"sm\" data-start=\"1990\" data-end=\"2004\">cca 6,1 cm<\/td>\n<\/tr>\n<tr data-start=\"2005\" data-end=\"2037\">\n<td data-start=\"2005\" data-end=\"2023\" data-col-size=\"sm\">Tlou\u0161\u0165ka \u010depele<\/td>\n<td data-start=\"2023\" data-end=\"2037\" data-col-size=\"sm\">cca 2,5 mm<\/td>\n<\/tr>\n<tr data-start=\"2038\" data-end=\"2082\">\n<td data-start=\"2038\" data-end=\"2056\" data-col-size=\"sm\">Materi\u00e1l \u010depele<\/td>\n<td data-start=\"2056\" data-end=\"2082\" data-col-size=\"sm\">kvalitn\u00ed nerezov\u00e1 ocel<\/td>\n<\/tr>\n<tr data-start=\"2083\" data-end=\"2111\">\n<td data-start=\"2083\" data-end=\"2097\" data-col-size=\"sm\">Tvar \u010depele<\/td>\n<td data-start=\"2097\" data-end=\"2111\" data-col-size=\"sm\">Drop Point<\/td>\n<\/tr>\n<tr data-start=\"2112\" data-end=\"2140\">\n<td data-start=\"2112\" data-end=\"2121\" data-col-size=\"sm\">V\u00fdbrus<\/td>\n<td data-start=\"2121\" data-end=\"2140\" data-col-size=\"sm\">Full Flat Grind<\/td>\n<\/tr>\n<tr data-start=\"2141\" data-end=\"2182\">\n<td data-start=\"2141\" data-end=\"2157\" data-col-size=\"sm\">Povrch \u010depele<\/td>\n<td data-start=\"2157\" data-end=\"2182\" data-col-size=\"sm\">\u010dern\u00e1 ochrann\u00e1 \u00faprava<\/td>\n<\/tr>\n<tr data-start=\"2183\" data-end=\"2231\">\n<td data-start=\"2183\" data-end=\"2193\" data-col-size=\"sm\">Rukoje\u0165<\/td>\n<td data-col-size=\"sm\" data-start=\"2193\" data-end=\"2231\">FRN \u2013 lehk\u00e1 ergonomick\u00e1 konstrukce<\/td>\n<\/tr>\n<tr data-start=\"2232\" data-end=\"2253\">\n<td data-start=\"2232\" data-end=\"2240\" data-col-size=\"sm\">Z\u00e1mek<\/td>\n<td data-start=\"2240\" data-end=\"2253\" data-col-size=\"sm\">Back Lock<\/td>\n<\/tr>\n<tr data-start=\"2254\" data-end=\"2291\">\n<td data-start=\"2254\" data-end=\"2266\" data-col-size=\"sm\">Otev\u00edr\u00e1n\u00ed<\/td>\n<td data-start=\"2266\" data-end=\"2291\" data-col-size=\"sm\">kulat\u00fd otvor Spyderco<\/td>\n<\/tr>\n<tr data-start=\"2292\" data-end=\"2326\">\n<td data-start=\"2292\" data-end=\"2299\" data-col-size=\"sm\">Klip<\/td>\n<td data-start=\"2299\" data-end=\"2326\" data-col-size=\"sm\">oboustrann\u00fd, deep carry<\/td>\n<\/tr>\n<tr data-start=\"2327\" data-end=\"2356\">\n<td data-start=\"2327\" data-end=\"2338\" data-col-size=\"sm\">Hmotnost<\/td>\n<td data-start=\"2338\" data-end=\"2356\" data-col-size=\"sm\">extr\u00e9mn\u011b n\u00edzk\u00e1<\/td>\n<\/tr>\n<tr data-start=\"2357\" data-end=\"2389\">\n<td data-start=\"2357\" data-end=\"2366\" data-col-size=\"sm\">V\u00fdroba<\/td>\n<td data-start=\"2366\" data-end=\"2389\" data-col-size=\"sm\">precizn\u00ed zpracov\u00e1n\u00ed<\/td>\n<\/tr>\n<\/tbody>\n<\/table>\n<\/div>\n<\/div>\n<hr data-start=\"2391\" data-end=\"2394\" \/>\n<h2 data-start=\"2396\" data-end=\"2414\">\u2705 Hlavn\u00ed v\u00fdhody<\/h2>\n<ul data-start=\"2416\" data-end=\"2734\">\n<li data-start=\"2416\" data-end=\"2481\">\n<p data-start=\"2418\" data-end=\"2481\"><strong data-start=\"2418\" data-end=\"2447\">Extr\u00e9mn\u011b lehk\u00e1 konstrukce<\/strong> \u2013 n\u016f\u017e v kapse prakticky nec\u00edt\u00ed\u0161<\/p>\n<\/li>\n<li data-start=\"2482\" data-end=\"2542\">\n<p data-start=\"2484\" data-end=\"2542\"><strong data-start=\"2484\" data-end=\"2505\">Kompaktn\u00ed rozm\u011bry<\/strong> \u2013 ide\u00e1ln\u00ed pro diskr\u00e9tn\u00ed EDC no\u0161en\u00ed<\/p>\n<\/li>\n<li data-start=\"2543\" data-end=\"2610\">\n<p data-start=\"2545\" data-end=\"2610\"><strong data-start=\"2545\" data-end=\"2574\">Ergonomick\u00e1 rukoje\u0165 z FRN<\/strong> \u2013 jist\u00fd \u00fachop i p\u0159es mal\u00e9 rozm\u011bry<\/p>\n<\/li>\n<li data-start=\"2611\" data-end=\"2666\">\n<p data-start=\"2613\" data-end=\"2666\"><strong data-start=\"2613\" data-end=\"2626\">Back Lock<\/strong> \u2013 jednoduch\u00fd a velmi spolehliv\u00fd z\u00e1mek<\/p>\n<\/li>\n<li data-start=\"2667\" data-end=\"2734\">\n<p data-start=\"2669\" data-end=\"2734\"><strong data-start=\"2669\" data-end=\"2702\">Snadn\u00e9 otev\u00edr\u00e1n\u00ed jednou rukou<\/strong> \u2013 rychl\u00e9 a intuitivn\u00ed pou\u017eit\u00ed<\/p>\n<\/li>\n<\/ul>\n<hr data-start=\"2736\" data-end=\"2739\" \/>\n<h2 data-start=\"2741\" data-end=\"2760\">\u26a0\ufe0f Mo\u017en\u00e1 omezen\u00ed<\/h2>\n<ul data-start=\"2762\" data-end=\"2938\">\n<li data-start=\"2762\" data-end=\"2835\">\n<p data-start=\"2764\" data-end=\"2835\">Velmi <strong data-start=\"2770\" data-end=\"2787\">mal\u00e1 velikost<\/strong> nemus\u00ed vyhovovat u\u017eivatel\u016fm s velk\u00fdmi dlan\u011bmi<\/p>\n<\/li>\n<li data-start=\"2836\" data-end=\"2885\">\n<p data-start=\"2838\" data-end=\"2885\">Lehk\u00e1 konstrukce nen\u00ed ur\u010dena pro hrub\u00e9 p\u00e1\u010den\u00ed<\/p>\n<\/li>\n<li data-start=\"2886\" data-end=\"2938\">\n<p data-start=\"2888\" data-end=\"2938\">\u010cern\u00e1 povrchov\u00e1 \u00faprava se m\u016f\u017ee \u010dasem opot\u0159ebovat<\/p>\n<\/li>\n<\/ul>\n<hr data-start=\"2940\" data-end=\"2943\" \/>\n<h2 data-start=\"2945\" data-end=\"2965\">\ud83d\udee0\ufe0f \u00dadr\u017eba a p\u00e9\u010de<\/h2>\n<ul data-start=\"2967\" data-end=\"3136\">\n<li data-start=\"2967\" data-end=\"3034\">\n<p data-start=\"2969\" data-end=\"3034\">Po pou\u017eit\u00ed \u010depel osu\u0161\u00ed a o\u010disti, zejm\u00e9na po kontaktu s vlhkost\u00ed<\/p>\n<\/li>\n<li data-start=\"3035\" data-end=\"3070\">\n<p data-start=\"3037\" data-end=\"3070\">Pravideln\u011b kontroluj chod z\u00e1mku<\/p>\n<\/li>\n<li data-start=\"3071\" data-end=\"3136\">\n<p data-start=\"3073\" data-end=\"3136\">Ost\u0159\u00ed udr\u017euj jemn\u00fdm brou\u0161en\u00edm pro zachov\u00e1n\u00ed spr\u00e1vn\u00e9 geometrie<\/p>\n<\/li>\n<\/ul>\n<hr data-start=\"3138\" data-end=\"3141\" \/>\n<h2 data-start=\"3143\" data-end=\"3163\">\ud83c\udfaf Doporu\u010deno pro<\/h2>\n<ul data-start=\"3165\" data-end=\"3294\">\n<li data-start=\"3165\" data-end=\"3190\">\n<p data-start=\"3167\" data-end=\"3190\">ka\u017edodenn\u00ed EDC no\u0161en\u00ed<\/p>\n<\/li>\n<li data-start=\"3191\" data-end=\"3219\">\n<p data-start=\"3193\" data-end=\"3219\">diskr\u00e9tn\u00ed no\u0161en\u00ed v kapse<\/p>\n<\/li>\n<li data-start=\"3220\" data-end=\"3258\">\n<p data-start=\"3222\" data-end=\"3258\">u\u017eivatele hledaj\u00edc\u00ed ultralehk\u00fd n\u016f\u017e<\/p>\n<\/li>\n<li data-start=\"3259\" data-end=\"3294\">\n<p data-start=\"3261\" data-end=\"3294\">m\u011bstsk\u00e9 pou\u017eit\u00ed a lehk\u00fd outdoor<\/p>\n<\/li>\n<\/ul>\n<hr data-start=\"3296\" data-end=\"3299\" \/>\n<h2 data-start=\"3301\" data-end=\"3325\">\u2b50 Z\u00e1v\u011bre\u010dn\u00e9 hodnocen\u00ed<\/h2>\n<p data-start=\"3327\" data-end=\"3617\"><em data-start=\"3327\" data-end=\"3385\">Spyderco Lil\u2019 Native Black Lightweight Reveal 14 C230PBK<\/em> je <strong data-start=\"3389\" data-end=\"3444\">extr\u00e9mn\u011b lehk\u00fd, kompaktn\u00ed a spolehliv\u00fd zav\u00edrac\u00ed n\u016f\u017e<\/strong>, kter\u00fd nab\u00edz\u00ed plnohodnotnou funk\u010dnost v minimalistick\u00e9m balen\u00ed. Pokud chce\u0161 n\u016f\u017e, kter\u00fd o sob\u011b ned\u00e1v\u00e1 v\u011bd\u011bt, ale v\u017edy spln\u00ed \u00fakol, Lil\u2019 Native Lightweight je p\u0159esn\u011b ta volba.<\/p>\n<p data-start=\"3619\" data-end=\"3687\"><strong data-start=\"3619\" data-end=\"3687\">Lil\u2019 Native Lightweight \u2013 maxim\u00e1ln\u00ed funkce v minim\u00e1ln\u00edm rozm\u011bru.<\/strong><\/p>\n","protected":false},"excerpt":{"rendered":"<p data-start=\"3327\" data-end=\"3617\"><strong><em data-start=\"3327\" data-end=\"3385\">Spyderco Lil\u2019 Native Black Lightweight Reveal 14 C230PBK<\/em> je extr\u00e9mn\u011b lehk\u00fd, kompaktn\u00ed a spolehliv\u00fd zav\u00edrac\u00ed n\u016f\u017e, kter\u00fd nab\u00edz\u00ed plnohodnotnou funk\u010dnost v minimalistick\u00e9m balen\u00ed. Pokud chce\u0161 n\u016f\u017e, kter\u00fd o sob\u011b ned\u00e1v\u00e1 v\u011bd\u011bt, ale v\u017edy spln\u00ed \u00fakol, Lil\u2019 Native Lightweight je p\u0159esn\u011b ta volba.<\/strong><\/p>\n<p data-start=\"3619\" data-end=\"3687\"><strong data-start=\"3619\" data-end=\"3687\">Lil\u2019 Native Lightweight \u2013 maxim\u00e1ln\u00ed funkce v minim\u00e1ln\u00edm rozm\u011bru.<\/strong><\/p>\n","protected":false},"featured_media":433837,"comment_status":"open","ping_status":"closed","template":"","meta":[],"pwb-brand":[567],"product_brand":[],"product_cat":[22,17],"product_tag":[],"class_list":{"0":"post-433836","1":"product","2":"type-product","3":"status-publish","4":"has-post-thumbnail","6":"pwb-brand-spyderco","7":"product_cat-zaviraci-noze","8":"product_cat-noze","10":"first","11":"instock","12":"taxable","13":"shipping-taxable","14":"purchasable","15":"product-type-simple"},"brands":[{"id":567,"name":"Spyderco","slug":"spyderco"}],"_links":{"self":[{"href":"https:\/\/www.moskito.cz\/en\/wp-json\/wp\/v2\/product\/433836","targetHints":{"allow":["GET"]}}],"collection":[{"href":"https:\/\/www.moskito.cz\/en\/wp-json\/wp\/v2\/product"}],"about":[{"href":"https:\/\/www.moskito.cz\/en\/wp-json\/wp\/v2\/types\/product"}],"replies":[{"embeddable":true,"href":"https:\/\/www.moskito.cz\/en\/wp-json\/wp\/v2\/comments?post=433836"}],"wp:featuredmedia":[{"embeddable":true,"href":"https:\/\/www.moskito.cz\/en\/wp-json\/wp\/v2\/media\/433837"}],"wp:attachment":[{"href":"https:\/\/www.moskito.cz\/en\/wp-json\/wp\/v2\/media?parent=433836"}],"wp:term":[{"taxonomy":"pwb-brand","embeddable":true,"href":"https:\/\/www.moskito.cz\/en\/wp-json\/wp\/v2\/pwb-brand?post=433836"},{"taxonomy":"product_brand","embeddable":true,"href":"https:\/\/www.moskito.cz\/en\/wp-json\/wp\/v2\/product_brand?post=433836"},{"taxonomy":"product_cat","embeddable":true,"href":"https:\/\/www.moskito.cz\/en\/wp-json\/wp\/v2\/product_cat?post=433836"},{"taxonomy":"product_tag","embeddable":true,"href":"https:\/\/www.moskito.cz\/en\/wp-json\/wp\/v2\/product_tag?post=433836"}],"curies":[{"name":"wp","href":"https:\/\/api.w.org\/{rel}","templated":true}]}}