{"id":434782,"date":"2026-02-01T15:46:06","date_gmt":"2026-02-01T14:46:06","guid":{"rendered":"https:\/\/www.moskito.cz\/?post_type=product&#038;p=434782"},"modified":"2026-02-02T18:38:55","modified_gmt":"2026-02-02T17:38:55","slug":"zaviraci-nuz-spyderco-yojimbo-2-c85gpnbkp2","status":"publish","type":"product","link":"https:\/\/www.moskito.cz\/en\/product\/zaviraci-nuz-spyderco-yojimbo-2-c85gpnbkp2\/","title":{"rendered":"Zav\u00edrac\u00ed N\u016f\u017e Spyderco Yojimbo 2 C85GPNBKP2"},"content":{"rendered":"<div class=\"flex flex-col text-sm pb-25\">\n<article class=\"text-token-text-primary w-full focus:outline-none [--shadow-height:45px] has-data-writing-block:pointer-events-none has-data-writing-block:-mt-(--shadow-height) has-data-writing-block:pt-(--shadow-height) [&amp;:has([data-writing-block])&gt;*]:pointer-events-auto scroll-mt-[calc(var(--header-height)+min(200px,max(70px,20svh)))]\" dir=\"auto\" tabindex=\"-1\" data-turn-id=\"request-WEB:c029725d-a38a-4b85-9972-cb89b50f29db-6\" data-testid=\"conversation-turn-14\" data-scroll-anchor=\"true\" data-turn=\"assistant\">\n<div class=\"text-base my-auto mx-auto pb-10 [--thread-content-margin:--spacing(4)] @w-sm\/main:[--thread-content-margin:--spacing(6)] @w-lg\/main:[--thread-content-margin:--spacing(16)] px-(--thread-content-margin)\">\n<div class=\"[--thread-content-max-width:40rem] @w-lg\/main:[--thread-content-max-width:48rem] mx-auto max-w-(--thread-content-max-width) flex-1 group\/turn-messages focus-visible:outline-hidden relative flex w-full min-w-0 flex-col agent-turn\" tabindex=\"-1\">\n<div class=\"flex max-w-full flex-col grow\">\n<div class=\"min-h-8 text-message relative flex w-full flex-col items-end gap-2 text-start break-words whitespace-normal [.text-message+&amp;]:mt-1\" dir=\"auto\" data-message-author-role=\"assistant\" data-message-id=\"67ae3c7e-bff0-40af-871b-2ae02e0dc75b\" data-message-model-slug=\"gpt-5-2\">\n<div class=\"flex w-full flex-col gap-1 empty:hidden first:pt-[1px]\">\n<div class=\"markdown prose dark:prose-invert w-full wrap-break-word light markdown-new-styling\">\n<p data-start=\"0\" data-end=\"429\">Jakmile \u010depel otev\u0159e\u0161 typick\u00fdm kulat\u00fdm otvorem Spyderco a zajist\u00ed\u0161 ji robustn\u00edm <strong data-start=\"80\" data-end=\"102\">Compression Lockem<\/strong>, okam\u017eit\u011b poc\u00edt\u00ed\u0161 precizn\u00ed kontrolu, agresivn\u00ed tah a jistotu \u0159ezu, kterou nab\u00edz\u00ed <strong data-start=\"184\" data-end=\"262\">Spyderco Yojimbo 2 C85GPNBKP2 \u2013 B\u011b\u017eeck\u00fd sprint Living Beyond Breast Cancer<\/strong>. Tento zav\u00edrac\u00ed n\u016f\u017e kombinuje klasick\u00fd, v\u00fdkonn\u00fd design Michaela Janicha s pr\u00e9miov\u00fdmi materi\u00e1ly a v\u00fdrazn\u00fdmi akcenty v r\u016f\u017eov\u00e9 barv\u011b, kter\u00e9 podtrhuj\u00ed podporu dobr\u00e9 v\u011bci.<\/p>\n<p data-start=\"431\" data-end=\"614\">Tento model je ur\u010den pro u\u017eivatele, kte\u0159\u00ed cht\u011bj\u00ed <strong data-start=\"480\" data-end=\"540\">v\u00fdkonn\u00fd, ergonomick\u00fd a z\u00e1rove\u0148 vizu\u00e1ln\u011b zaj\u00edmav\u00fd EDC n\u016f\u017e<\/strong>, kter\u00fd nezklame p\u0159i ka\u017edodenn\u00edm pou\u017e\u00edv\u00e1n\u00ed a z\u00e1rove\u0148 nese siln\u00e9 poselstv\u00ed.<\/p>\n<hr data-start=\"616\" data-end=\"619\" \/>\n<h2 data-start=\"621\" data-end=\"647\">Charakter a filozofie<\/h2>\n<p data-start=\"648\" data-end=\"915\">Spyderco Yojimbo 2 zt\u011bles\u0148uje filozofii no\u017ee, kter\u00fd je <strong data-start=\"703\" data-end=\"771\">optimalizov\u00e1n pro kontrolu \u0159ezu, rychlou manipulaci a preciznost<\/strong>. Jeho design navr\u017een\u00fd Michaelem Janichem klade d\u016fraz na <strong data-start=\"828\" data-end=\"866\">rovnov\u00e1hu mezi v\u00fdkonem a komfortem<\/strong>, co\u017e se projev\u00ed p\u0159i ka\u017ed\u00e9m tahu i tlakov\u00e9m \u0159ezu.<\/p>\n<p data-start=\"917\" data-end=\"1201\">\u010cepel z oceli <strong data-start=\"931\" data-end=\"943\">CPM S30V<\/strong> pat\u0159\u00ed mezi ov\u011b\u0159en\u00e9 materi\u00e1ly pro ka\u017edodenn\u00ed no\u0161en\u00ed \u2013 nab\u00edz\u00ed <strong data-start=\"1004\" data-end=\"1076\">v\u00fdbornou retenci ost\u0159\u00ed, odolnost proti korozi a solidn\u00ed hou\u017eevnatost<\/strong>. \u010cern\u00fd povrch \u010depele z\u00e1rove\u0148 dod\u00e1v\u00e1 no\u017ei takticky \u010dist\u00fd a nen\u00e1padn\u00fd vzhled, kter\u00fd p\u0159itom neru\u0161\u00ed siln\u00e9 r\u016f\u017eov\u00e9 prvky rukojeti.<\/p>\n<p data-start=\"1203\" data-end=\"1418\">Rukoje\u0165 z <strong data-start=\"1213\" data-end=\"1228\">r\u016f\u017eov\u00e9 G-10<\/strong> je nejen v\u00fdrazn\u00e1, ale hlavn\u011b poskytuje <strong data-start=\"1268\" data-end=\"1291\">pevn\u00fd a jist\u00fd \u00fachop<\/strong>, co\u017e je u Yojimba 2 kl\u00ed\u010dov\u00e9 \u2013 ergonomie je navr\u017eena tak, aby sed\u011bla v ruce p\u0159i ka\u017ed\u00e9 pr\u00e1ci, od detailn\u00edch tah\u016f po silov\u00e9 \u0159ezy.<\/p>\n<p data-start=\"1420\" data-end=\"1576\">Compression Lock zaji\u0161\u0165uje rychl\u00e9, bezpe\u010dn\u00e9 a hladk\u00e9 ovl\u00e1d\u00e1n\u00ed jednou rukou, zat\u00edmco reverzibiln\u00ed klip umo\u017e\u0148uje flexibiln\u00ed no\u0161en\u00ed podle preferenc\u00ed u\u017eivatele.<\/p>\n<p data-start=\"1578\" data-end=\"1733\">Tento konkr\u00e9tn\u00ed Sprint Run model nese i symbolickou podporu <strong data-start=\"1638\" data-end=\"1669\">Living Beyond Breast Cancer<\/strong>, co\u017e z n\u011bj \u010din\u00ed v\u00edce ne\u017e jen n\u00e1stroj \u2013 je to kousek s p\u0159\u00edb\u011bhem.<\/p>\n<hr data-start=\"1735\" data-end=\"1738\" \/>\n<h2 data-start=\"1740\" data-end=\"1757\">\ud83c\udfed O v\u00fdrobci<\/h2>\n<p data-start=\"1758\" data-end=\"2130\">Spyderco je zna\u010dka pat\u0159\u00edc\u00ed mezi sv\u011btovou \u0161pi\u010dku v no\u017e\u00ed\u0159sk\u00e9m pr\u016fmyslu. Je zn\u00e1m\u00e1 sv\u00fdm d\u016frazem na ergonomii, inovace a praktick\u00e9 pou\u017eit\u00ed. Spolupr\u00e1ce s design\u00e9rem Michaelem Janichem p\u0159in\u00e1\u0161\u00ed funk\u010dn\u00ed a technicky propracovan\u00e9 modely, kter\u00e9 z\u00edskaly uzn\u00e1n\u00ed mezi profesion\u00e1ly i nad\u0161enci. S\u00e9rie Sprint Run pak nab\u00edz\u00ed limitovan\u00e9 nebo tematick\u00e9 edice s unik\u00e1tn\u00edm designem a poselstv\u00edm.<\/p>\n<hr data-start=\"2132\" data-end=\"2135\" \/>\n<h2 data-start=\"2137\" data-end=\"2164\">\u2699\ufe0f Technick\u00e9 specifikace<\/h2>\n<div class=\"TyagGW_tableContainer\">\n<div class=\"group TyagGW_tableWrapper flex flex-col-reverse w-fit\" tabindex=\"-1\">\n<table class=\"w-fit min-w-(--thread-content-width)\" data-start=\"2166\" data-end=\"2921\">\n<thead data-start=\"2166\" data-end=\"2188\">\n<tr data-start=\"2166\" data-end=\"2188\">\n<th data-start=\"2166\" data-end=\"2177\" data-col-size=\"sm\">Parametr<\/th>\n<th data-start=\"2177\" data-end=\"2188\" data-col-size=\"md\">Hodnota<\/th>\n<\/tr>\n<\/thead>\n<tbody data-start=\"2212\" data-end=\"2921\">\n<tr data-start=\"2212\" data-end=\"2287\">\n<td data-start=\"2212\" data-end=\"2224\" data-col-size=\"sm\"><strong data-start=\"2214\" data-end=\"2223\">Model<\/strong><\/td>\n<td data-start=\"2224\" data-end=\"2287\" data-col-size=\"md\">Spyderco Yojimbo 2 C85GPNBKP2 \u2013 Living Beyond Breast Cancer<\/td>\n<\/tr>\n<tr data-start=\"2288\" data-end=\"2314\">\n<td data-start=\"2288\" data-end=\"2298\" data-col-size=\"sm\"><strong data-start=\"2290\" data-end=\"2297\">Typ<\/strong><\/td>\n<td data-col-size=\"md\" data-start=\"2298\" data-end=\"2314\">Zav\u00edrac\u00ed n\u016f\u017e<\/td>\n<\/tr>\n<tr data-start=\"2315\" data-end=\"2355\">\n<td data-start=\"2315\" data-end=\"2335\" data-col-size=\"sm\"><strong data-start=\"2317\" data-end=\"2334\">Celkov\u00e1 d\u00e9lka<\/strong><\/td>\n<td data-start=\"2335\" data-end=\"2355\" data-col-size=\"md\">cca 21,3\u201321,5 cm<\/td>\n<\/tr>\n<tr data-start=\"2356\" data-end=\"2393\">\n<td data-start=\"2356\" data-end=\"2375\" data-col-size=\"sm\"><strong data-start=\"2358\" data-end=\"2374\">D\u00e9lka \u010depele<\/strong><\/td>\n<td data-start=\"2375\" data-end=\"2393\" data-col-size=\"md\">cca 9,3\u20139,6 cm<\/td>\n<\/tr>\n<tr data-start=\"2394\" data-end=\"2434\">\n<td data-start=\"2394\" data-end=\"2416\" data-col-size=\"sm\"><strong data-start=\"2396\" data-end=\"2415\">Tlou\u0161\u0165ka \u010depele<\/strong><\/td>\n<td data-col-size=\"md\" data-start=\"2416\" data-end=\"2434\">cca 3,4\u20133,7 mm<\/td>\n<\/tr>\n<tr data-start=\"2435\" data-end=\"2469\">\n<td data-start=\"2435\" data-end=\"2457\" data-col-size=\"sm\"><strong data-start=\"2437\" data-end=\"2456\">Materi\u00e1l \u010depele<\/strong><\/td>\n<td data-col-size=\"md\" data-start=\"2457\" data-end=\"2469\">CPM S30V<\/td>\n<\/tr>\n<tr data-start=\"2470\" data-end=\"2520\">\n<td data-start=\"2470\" data-end=\"2490\" data-col-size=\"sm\"><strong data-start=\"2472\" data-end=\"2489\">Tvrdost oceli<\/strong><\/td>\n<td data-col-size=\"md\" data-start=\"2490\" data-end=\"2520\">vysok\u00e1 \u2013 dobr\u00e1 v\u00fddr\u017e ost\u0159\u00ed<\/td>\n<\/tr>\n<tr data-start=\"2521\" data-end=\"2553\">\n<td data-start=\"2521\" data-end=\"2539\" data-col-size=\"sm\"><strong data-start=\"2523\" data-end=\"2538\">Tvar \u010depele<\/strong><\/td>\n<td data-start=\"2539\" data-end=\"2553\" data-col-size=\"md\">Drop Point<\/td>\n<\/tr>\n<tr data-start=\"2554\" data-end=\"2581\">\n<td data-start=\"2554\" data-end=\"2567\" data-col-size=\"sm\"><strong data-start=\"2556\" data-end=\"2566\">V\u00fdbrus<\/strong><\/td>\n<td data-start=\"2567\" data-end=\"2581\" data-col-size=\"md\">Flat Grind<\/td>\n<\/tr>\n<tr data-start=\"2582\" data-end=\"2621\">\n<td data-start=\"2582\" data-end=\"2602\" data-col-size=\"sm\"><strong data-start=\"2584\" data-end=\"2601\">Povrch \u010depele<\/strong><\/td>\n<td data-col-size=\"md\" data-start=\"2602\" data-end=\"2621\">\u010dern\u00fd (coating)<\/td>\n<\/tr>\n<tr data-start=\"2622\" data-end=\"2644\">\n<td data-start=\"2622\" data-end=\"2634\" data-col-size=\"sm\"><strong data-start=\"2624\" data-end=\"2633\">Hrana<\/strong><\/td>\n<td data-start=\"2634\" data-end=\"2644\" data-col-size=\"md\">hladk\u00e1<\/td>\n<\/tr>\n<tr data-start=\"2645\" data-end=\"2688\">\n<td data-start=\"2645\" data-end=\"2659\" data-col-size=\"sm\"><strong data-start=\"2647\" data-end=\"2658\">Rukoje\u0165<\/strong><\/td>\n<td data-col-size=\"md\" data-start=\"2659\" data-end=\"2688\">ergonomick\u00e1 G-10 \u2013 r\u016f\u017eov\u00e1<\/td>\n<\/tr>\n<tr data-start=\"2689\" data-end=\"2721\">\n<td data-start=\"2689\" data-end=\"2701\" data-col-size=\"sm\"><strong data-start=\"2691\" data-end=\"2700\">Z\u00e1mek<\/strong><\/td>\n<td data-start=\"2701\" data-end=\"2721\" data-col-size=\"md\">Compression Lock<\/td>\n<\/tr>\n<tr data-start=\"2722\" data-end=\"2763\">\n<td data-start=\"2722\" data-end=\"2738\" data-col-size=\"sm\"><strong data-start=\"2724\" data-end=\"2737\">Otev\u00edr\u00e1n\u00ed<\/strong><\/td>\n<td data-start=\"2738\" data-end=\"2763\" data-col-size=\"md\">kulat\u00fd otvor Spyderco<\/td>\n<\/tr>\n<tr data-start=\"2764\" data-end=\"2800\">\n<td data-start=\"2764\" data-end=\"2775\" data-col-size=\"sm\"><strong data-start=\"2766\" data-end=\"2774\">Klip<\/strong><\/td>\n<td data-start=\"2775\" data-end=\"2800\" data-col-size=\"md\">reverzibiln\u00ed \u2013 tip-up<\/td>\n<\/tr>\n<tr data-start=\"2801\" data-end=\"2827\">\n<td data-start=\"2801\" data-end=\"2816\" data-col-size=\"sm\"><strong data-start=\"2803\" data-end=\"2815\">Hmotnost<\/strong><\/td>\n<td data-start=\"2816\" data-end=\"2827\" data-col-size=\"md\">st\u0159edn\u00ed<\/td>\n<\/tr>\n<tr data-start=\"2828\" data-end=\"2864\">\n<td data-start=\"2828\" data-end=\"2841\" data-col-size=\"sm\"><strong data-start=\"2830\" data-end=\"2840\">V\u00fdroba<\/strong><\/td>\n<td data-start=\"2841\" data-end=\"2864\" data-col-size=\"md\">precizn\u00ed zpracov\u00e1n\u00ed<\/td>\n<\/tr>\n<tr data-start=\"2865\" data-end=\"2921\">\n<td data-start=\"2865\" data-end=\"2877\" data-col-size=\"sm\"><strong data-start=\"2867\" data-end=\"2876\">Edice<\/strong><\/td>\n<td data-col-size=\"md\" data-start=\"2877\" data-end=\"2921\">Sprint Run \u2013 Living Beyond Breast Cancer<\/td>\n<\/tr>\n<\/tbody>\n<\/table>\n<\/div>\n<\/div>\n<hr data-start=\"2923\" data-end=\"2926\" \/>\n<h2 data-start=\"2928\" data-end=\"2946\">\u2705 Hlavn\u00ed v\u00fdhody<\/h2>\n<ul data-start=\"2947\" data-end=\"3280\">\n<li data-start=\"2947\" data-end=\"2998\">\n<p data-start=\"2949\" data-end=\"2998\"><strong data-start=\"2949\" data-end=\"2961\">CPM S30V<\/strong> \u2013 v\u00fdborn\u00e1 retence ost\u0159\u00ed a odolnost<\/p>\n<\/li>\n<li data-start=\"2999\" data-end=\"3068\">\n<p data-start=\"3001\" data-end=\"3068\"><strong data-start=\"3001\" data-end=\"3040\">Ergonomick\u00fd design Michaela Janicha<\/strong> \u2013 perfektn\u00ed kontrola \u0159ezu<\/p>\n<\/li>\n<li data-start=\"3069\" data-end=\"3135\">\n<p data-start=\"3071\" data-end=\"3135\"><strong data-start=\"3071\" data-end=\"3091\">Compression Lock<\/strong> \u2013 bezpe\u010dn\u00e9 a hladk\u00e9 ovl\u00e1d\u00e1n\u00ed jednou rukou<\/p>\n<\/li>\n<li data-start=\"3136\" data-end=\"3197\">\n<p data-start=\"3138\" data-end=\"3197\"><strong data-start=\"3138\" data-end=\"3153\">R\u016f\u017eov\u00e1 G-10<\/strong> \u2013 v\u00fdrazn\u00e1 vizu\u00e1ln\u00ed identita a pevn\u00fd \u00fachop<\/p>\n<\/li>\n<li data-start=\"3198\" data-end=\"3280\">\n<p data-start=\"3200\" data-end=\"3280\"><strong data-start=\"3200\" data-end=\"3241\">Sprint Run s charitativn\u00edm poselstv\u00edm<\/strong> \u2013 n\u016f\u017e s p\u0159\u00edb\u011bhem a podporou dobr\u00e9 v\u011bci<\/p>\n<\/li>\n<\/ul>\n<hr data-start=\"3282\" data-end=\"3285\" \/>\n<h2 data-start=\"3287\" data-end=\"3306\">\u26a0\ufe0f Mo\u017en\u00e1 omezen\u00ed<\/h2>\n<ul data-start=\"3307\" data-end=\"3484\">\n<li data-start=\"3307\" data-end=\"3356\">\n<p data-start=\"3309\" data-end=\"3356\">R\u016f\u017eov\u00e1 rukoje\u0165 nemus\u00ed vyhovovat ka\u017ed\u00e9mu vkusu<\/p>\n<\/li>\n<li data-start=\"3357\" data-end=\"3412\">\n<p data-start=\"3359\" data-end=\"3412\">CPM S30V vy\u017eaduje pe\u010dliv\u00e9 brou\u0161en\u00ed p\u0159i \u00fadr\u017eb\u011b ost\u0159\u00ed<\/p>\n<\/li>\n<li data-start=\"3413\" data-end=\"3484\">\n<p data-start=\"3415\" data-end=\"3484\">St\u0159edn\u00ed velikost a v\u00fdkon m\u016f\u017ee b\u00fdt pro n\u011bkter\u00e9 u\u017eivatele nadstandardn\u00ed<\/p>\n<\/li>\n<\/ul>\n<hr data-start=\"3486\" data-end=\"3489\" \/>\n<h2 data-start=\"3491\" data-end=\"3513\">\ud83d\udee0\ufe0f \u00dadr\u017eba a p\u00e9\u010de<\/h2>\n<p data-start=\"3514\" data-end=\"3727\">Po pou\u017eit\u00ed \u010depel osu\u0161i a o\u010disti, zejm\u00e9na pokud p\u0159i\u0161la do kontaktu s vlhkost\u00ed nebo ne\u010distotami.<br data-start=\"3608\" data-end=\"3611\" \/>Pravideln\u011b kontroluj chod z\u00e1mku a mechaniku otev\u00edr\u00e1n\u00ed.<br data-start=\"3665\" data-end=\"3668\" \/>Ost\u0159\u00ed udr\u017euj jemn\u00fdm brou\u0161en\u00edm, aby z\u016fstalo ostr\u00e9 a funk\u010dn\u00ed.<\/p>\n<hr data-start=\"3729\" data-end=\"3732\" \/>\n<h2 data-start=\"3734\" data-end=\"3772\">\ud83d\udd2a Pro udr\u017een\u00ed ost\u0159\u00ed doporu\u010dujeme<\/h2>\n<p data-start=\"3773\" data-end=\"4104\">Pou\u017e\u00edvat kvalitn\u00ed brusn\u00e9 syst\u00e9my s p\u0159esn\u00fdm veden\u00edm \u00fahlu, kter\u00e9 zajist\u00ed spr\u00e1vnou geometrii ost\u0159\u00ed a dlouhodobou ostrost. Ide\u00e1ln\u00ed volbou je <strong data-start=\"3910\" data-end=\"3976\">Spyderco Tri-Angle Sharpmaker Complete Sharpening System 204MF<\/strong>, kter\u00fd umo\u017e\u0148uje bezpe\u010dn\u00e9 a velmi p\u0159esn\u00e9 brou\u0161en\u00ed modern\u00edch pr\u00e9miov\u00fdch ocel\u00ed, jako je CPM S30V.<br data-start=\"4071\" data-end=\"4074\" \/>Zakoup\u00edte na na\u0161ich str\u00e1nk\u00e1ch.<\/p>\n<hr data-start=\"4106\" data-end=\"4109\" \/>\n<h2 data-start=\"4111\" data-end=\"4131\">\ud83c\udfaf Doporu\u010deno pro<\/h2>\n<ul data-start=\"4132\" data-end=\"4313\">\n<li data-start=\"4132\" data-end=\"4157\">\n<p data-start=\"4134\" data-end=\"4157\">ka\u017edodenn\u00ed EDC no\u0161en\u00ed<\/p>\n<\/li>\n<li data-start=\"4158\" data-end=\"4192\">\n<p data-start=\"4160\" data-end=\"4192\">outdoorov\u00e9 a univerz\u00e1ln\u00ed \u00fakoly<\/p>\n<\/li>\n<li data-start=\"4193\" data-end=\"4222\">\n<p data-start=\"4195\" data-end=\"4222\">fanou\u0161ky Michaela Janicha<\/p>\n<\/li>\n<li data-start=\"4223\" data-end=\"4278\">\n<p data-start=\"4225\" data-end=\"4278\">ty, kte\u0159\u00ed cht\u011bj\u00ed n\u016f\u017e s v\u00fdrazn\u00fdm designem a p\u0159\u00edb\u011bhem<\/p>\n<\/li>\n<li data-start=\"4279\" data-end=\"4313\">\n<p data-start=\"4281\" data-end=\"4313\">u\u017eivatele hledaj\u00edc\u00ed v\u00fdkon i styl<\/p>\n<\/li>\n<\/ul>\n<hr data-start=\"4315\" data-end=\"4318\" \/>\n<h2 data-start=\"4320\" data-end=\"4344\">\u2b50 Z\u00e1v\u011bre\u010dn\u00e9 hodnocen\u00ed<\/h2>\n<p data-start=\"4345\" data-end=\"4716\"><strong data-start=\"4345\" data-end=\"4408\">Spyderco Yojimbo 2 C85GPNBKP2 \u2013 Living Beyond Breast Cancer<\/strong> je precizn\u011b navr\u017een\u00fd EDC n\u016f\u017e, kter\u00fd exceluje ve v\u00fdkonu i ovladatelnosti a sou\u010dasn\u011b nese <strong data-start=\"4497\" data-end=\"4548\">siln\u00e9 symbolick\u00e9 poselstv\u00ed podpory a solidarity<\/strong>. S pr\u00e9miovou ocel\u00ed CPM S30V, ergonomickou G-10 rukojet\u00ed a inteligentn\u00edm designem je ide\u00e1ln\u00ed volbou pro ty, kte\u0159\u00ed cht\u011bj\u00ed <strong data-start=\"4669\" data-end=\"4715\">spolehliv\u00fd, v\u00fdkonn\u00fd a stylov\u011b zaj\u00edmav\u00fd n\u016f\u017e<\/strong>.<\/p>\n<p data-start=\"4718\" data-end=\"4772\">Yojimbo 2 \u2013 s\u00edla, kontrola a smysl v ka\u017ed\u00e9m \u0159ezu. \ud83d\udd2a\ud83d\udc96<\/p>\n<\/div>\n<\/div>\n<\/div>\n<\/div>\n<div class=\"z-0 flex min-h-[46px] justify-start\"><\/div>\n<\/div>\n<\/div>\n<\/article>\n<\/div>\n<div class=\"pointer-events-none h-px w-px absolute bottom-0\" aria-hidden=\"true\" data-edge=\"true\"><\/div>\n","protected":false},"excerpt":{"rendered":"<p data-start=\"4345\" data-end=\"4716\"><strong>Spyderco Yojimbo 2 C85GPNBKP2 \u2013 Living Beyond Breast Cancer je precizn\u011b navr\u017een\u00fd EDC n\u016f\u017e, kter\u00fd exceluje ve v\u00fdkonu i ovladatelnosti a sou\u010dasn\u011b nese siln\u00e9 symbolick\u00e9 poselstv\u00ed podpory a solidarity. S pr\u00e9miovou ocel\u00ed CPM S30V, ergonomickou G-10 rukojet\u00ed a inteligentn\u00edm designem je ide\u00e1ln\u00ed volbou pro ty, kte\u0159\u00ed cht\u011bj\u00ed spolehliv\u00fd, v\u00fdkonn\u00fd a stylov\u011b zaj\u00edmav\u00fd n\u016f\u017e.<\/strong><\/p>\n<p data-start=\"4718\" data-end=\"4772\"><strong>Yojimbo 2 \u2013 s\u00edla, kontrola a smysl v ka\u017ed\u00e9m \u0159ezu. \ud83d\udd2a\ud83d\udc96<\/strong><\/p>\n<p data-start=\"4718\" data-end=\"4772\"><strong>Doprava zdarma.<\/strong><\/p>\n","protected":false},"featured_media":434783,"comment_status":"open","ping_status":"closed","template":"","meta":[],"pwb-brand":[567],"product_brand":[],"product_cat":[22,17],"product_tag":[],"class_list":{"0":"post-434782","1":"product","2":"type-product","3":"status-publish","4":"has-post-thumbnail","6":"pwb-brand-spyderco","7":"product_cat-zaviraci-noze","8":"product_cat-noze","10":"first","11":"instock","12":"taxable","13":"shipping-taxable","14":"purchasable","15":"product-type-simple"},"brands":[{"id":567,"name":"Spyderco","slug":"spyderco"}],"_links":{"self":[{"href":"https:\/\/www.moskito.cz\/en\/wp-json\/wp\/v2\/product\/434782","targetHints":{"allow":["GET"]}}],"collection":[{"href":"https:\/\/www.moskito.cz\/en\/wp-json\/wp\/v2\/product"}],"about":[{"href":"https:\/\/www.moskito.cz\/en\/wp-json\/wp\/v2\/types\/product"}],"replies":[{"embeddable":true,"href":"https:\/\/www.moskito.cz\/en\/wp-json\/wp\/v2\/comments?post=434782"}],"wp:featuredmedia":[{"embeddable":true,"href":"https:\/\/www.moskito.cz\/en\/wp-json\/wp\/v2\/media\/434783"}],"wp:attachment":[{"href":"https:\/\/www.moskito.cz\/en\/wp-json\/wp\/v2\/media?parent=434782"}],"wp:term":[{"taxonomy":"pwb-brand","embeddable":true,"href":"https:\/\/www.moskito.cz\/en\/wp-json\/wp\/v2\/pwb-brand?post=434782"},{"taxonomy":"product_brand","embeddable":true,"href":"https:\/\/www.moskito.cz\/en\/wp-json\/wp\/v2\/product_brand?post=434782"},{"taxonomy":"product_cat","embeddable":true,"href":"https:\/\/www.moskito.cz\/en\/wp-json\/wp\/v2\/product_cat?post=434782"},{"taxonomy":"product_tag","embeddable":true,"href":"https:\/\/www.moskito.cz\/en\/wp-json\/wp\/v2\/product_tag?post=434782"}],"curies":[{"name":"wp","href":"https:\/\/api.w.org\/{rel}","templated":true}]}}