{"id":434920,"date":"2026-02-02T15:21:20","date_gmt":"2026-02-02T14:21:20","guid":{"rendered":"https:\/\/www.moskito.cz\/?post_type=product&#038;p=434920"},"modified":"2026-04-28T10:27:06","modified_gmt":"2026-04-28T09:27:06","slug":"cold-steel-mini-koga-sd2-91mk","status":"publish","type":"product","link":"https:\/\/www.moskito.cz\/en\/product\/cold-steel-mini-koga-sd2-91mk\/","title":{"rendered":"Cold Steel Mini Koga SD2 91MK"},"content":{"rendered":"<div class=\"tab-description__content\">\n<div class=\"detail-description\">\n<div class=\"detail-description__text toggle_text\">\n<p>S\u00e9rie Cold Steel Koga SD je vyrobena z vysoce odoln\u00e9ho polymeru a je navr\u017eena tak, aby fungovala jako pom\u016fcka p\u0159i p\u00e1kov\u00e9m efektu p\u0159i zadr\u017eov\u00e1n\u00ed jednotlivce a p\u0159i z\u00edsk\u00e1v\u00e1n\u00ed kloubn\u00edch z\u00e1mk\u016f nebo pozastaven\u00ed pod\u00e1n\u00ed. Slou\u017e\u00ed tak\u00e9 jako obdivuhodn\u00fd &#8220;n\u00e1stroj st\u0159edn\u00edho n\u00e1razu&#8221;.<\/p>\n<p>&#8211; Celkov\u00e1 d\u00e9lka: 16,5 cm<br \/>\n&#8211; Tlou\u0161\u0165ka: 2,54 cm<br \/>\n&#8211; Hmotnost: 59 g<\/p>\n<\/div>\n<\/div>\n<\/div>\n<div class=\"tab-description__properties\">\n<ul class=\"detail-properties\">\n<li class=\"detail-properties__item\">\n<div class=\"detail-properties__key\">N\u00e1zev vlastnosti:<\/div>\n<div class=\"detail-properties__value\">koga obu\u0161ek<\/div>\n<\/li>\n<li class=\"detail-properties__item\">\n<div class=\"detail-properties__key\">Hmotnost:<\/div>\n<div class=\"detail-properties__value\">59.5 g<\/div>\n<\/li>\n<li class=\"detail-properties__item\">\n<div class=\"detail-properties__key\">D\u00e9lka:<\/div>\n<div class=\"detail-properties__value\">16.5 cm<\/div>\n<\/li>\n<\/ul>\n<\/div>\n","protected":false},"excerpt":{"rendered":"<p>S\u00e9rie Cold Steel Koga SD je vyrobena z vysoce odoln\u00e9ho polymeru a je navr\u017eena tak, aby fungovala jako pom\u016fcka p\u0159i p\u00e1kov\u00e9m efektu p\u0159i zadr\u017eov\u00e1n\u00ed jednotlivce a p\u0159i z\u00edsk\u00e1v\u00e1n\u00ed kloubn\u00edch z\u00e1mk\u016f nebo pozastaven\u00ed pod\u00e1n\u00ed. Slou\u017e\u00ed tak\u00e9 jako obdivuhodn\u00fd &#8220;n\u00e1stroj st\u0159edn\u00edho n\u00e1razu&#8221;. &#8211; Celkov\u00e1 d\u00e9lka: 16,5 cm &#8211; Tlou\u0161\u0165ka: 2,54 cm &#8211; Hmotnost: 59 g N\u00e1zev vlastnosti: [&hellip;]<\/p>\n","protected":false},"featured_media":434921,"comment_status":"open","ping_status":"closed","template":"","meta":[],"pwb-brand":[211],"product_brand":[],"product_cat":[23,17],"product_tag":[],"class_list":{"0":"post-434920","1":"product","2":"type-product","3":"status-publish","4":"has-post-thumbnail","6":"pwb-brand-cold-steel","7":"product_cat-pevne-noze","8":"product_cat-noze","10":"first","11":"instock","12":"taxable","13":"shipping-taxable","14":"purchasable","15":"product-type-simple"},"brands":[{"id":211,"name":"Cold Steel","slug":"cold-steel"}],"_links":{"self":[{"href":"https:\/\/www.moskito.cz\/en\/wp-json\/wp\/v2\/product\/434920","targetHints":{"allow":["GET"]}}],"collection":[{"href":"https:\/\/www.moskito.cz\/en\/wp-json\/wp\/v2\/product"}],"about":[{"href":"https:\/\/www.moskito.cz\/en\/wp-json\/wp\/v2\/types\/product"}],"replies":[{"embeddable":true,"href":"https:\/\/www.moskito.cz\/en\/wp-json\/wp\/v2\/comments?post=434920"}],"wp:featuredmedia":[{"embeddable":true,"href":"https:\/\/www.moskito.cz\/en\/wp-json\/wp\/v2\/media\/434921"}],"wp:attachment":[{"href":"https:\/\/www.moskito.cz\/en\/wp-json\/wp\/v2\/media?parent=434920"}],"wp:term":[{"taxonomy":"pwb-brand","embeddable":true,"href":"https:\/\/www.moskito.cz\/en\/wp-json\/wp\/v2\/pwb-brand?post=434920"},{"taxonomy":"product_brand","embeddable":true,"href":"https:\/\/www.moskito.cz\/en\/wp-json\/wp\/v2\/product_brand?post=434920"},{"taxonomy":"product_cat","embeddable":true,"href":"https:\/\/www.moskito.cz\/en\/wp-json\/wp\/v2\/product_cat?post=434920"},{"taxonomy":"product_tag","embeddable":true,"href":"https:\/\/www.moskito.cz\/en\/wp-json\/wp\/v2\/product_tag?post=434920"}],"curies":[{"name":"wp","href":"https:\/\/api.w.org\/{rel}","templated":true}]}}