{"id":440542,"date":"2026-03-28T12:08:26","date_gmt":"2026-03-28T11:08:26","guid":{"rendered":"https:\/\/www.moskito.cz\/?post_type=product&#038;p=440542"},"modified":"2026-03-28T12:08:28","modified_gmt":"2026-03-28T11:08:28","slug":"zaviraci-nuz-emerson-hattin-thunderstorm","status":"publish","type":"product","link":"https:\/\/www.moskito.cz\/en\/product\/zaviraci-nuz-emerson-hattin-thunderstorm\/","title":{"rendered":"Zav\u00edrac\u00ed N\u016f\u017e Emerson Hattin Thunderstorm"},"content":{"rendered":"<div class=\"flex flex-col text-sm pb-25\">\n<section class=\"text-token-text-primary w-full focus:outline-none [--shadow-height:45px] has-data-writing-block:pointer-events-none has-data-writing-block:-mt-(--shadow-height) has-data-writing-block:pt-(--shadow-height) [&amp;:has([data-writing-block])&gt;*]:pointer-events-auto scroll-mt-[calc(var(--header-height)+min(200px,max(70px,20svh)))]\" dir=\"auto\" data-turn-id=\"request-WEB:84a5b5bc-a6e5-4f85-bc88-91f86c76cbc9-17\" data-testid=\"conversation-turn-32\" data-scroll-anchor=\"true\" data-turn=\"assistant\">\n<div class=\"text-base my-auto mx-auto pb-10 [--thread-content-margin:var(--thread-content-margin-xs,calc(var(--spacing)*4))] @w-sm\/main:[--thread-content-margin:var(--thread-content-margin-sm,calc(var(--spacing)*6))] @w-lg\/main:[--thread-content-margin:var(--thread-content-margin-lg,calc(var(--spacing)*16))] px-(--thread-content-margin)\">\n<div class=\"[--thread-content-max-width:40rem] @w-lg\/main:[--thread-content-max-width:48rem] mx-auto max-w-(--thread-content-max-width) flex-1 group\/turn-messages focus-visible:outline-hidden relative flex w-full min-w-0 flex-col agent-turn\">\n<div class=\"flex max-w-full flex-col gap-4 grow\">\n<div class=\"min-h-8 text-message relative flex w-full flex-col items-end gap-2 text-start break-words whitespace-normal outline-none keyboard-focused:focus-ring [.text-message+&amp;]:mt-1\" dir=\"auto\" tabindex=\"0\" data-message-author-role=\"assistant\" data-message-id=\"06544cd8-c0bf-4778-848d-7daf510a87e7\" data-turn-start-message=\"true\" data-message-model-slug=\"gpt-5-3\">\n<div class=\"flex w-full flex-col gap-1 empty:hidden\">\n<div class=\"markdown prose dark:prose-invert w-full wrap-break-word light markdown-new-styling\">\n<p data-start=\"0\" data-end=\"168\">Zav\u00edrac\u00ed n\u016f\u017e <strong data-start=\"13\" data-end=\"44\">Emerson Hattin Thunderstorm<\/strong> je v\u00fdrazn\u00fd taktick\u00fd n\u016f\u017e navr\u017een\u00fd pro agresivn\u00ed \u0159ezn\u00fd v\u00fdkon, maxim\u00e1ln\u00ed kontrolu a spolehliv\u00e9 pou\u017eit\u00ed v n\u00e1ro\u010dn\u00fdch podm\u00ednk\u00e1ch.<\/p>\n<p data-start=\"170\" data-end=\"428\">Model Hattin vych\u00e1z\u00ed z charakteristick\u00e9 designov\u00e9 filozofie Emerson \u2014 n\u016f\u017e jako pracovn\u00ed n\u00e1stroj bez kompromis\u016f. Jeho v\u00fdrazn\u011b zak\u0159iven\u00e1 \u010depel ve stylu persk\u00fdch no\u017e\u016f nen\u00ed jen estetick\u00fdm prvkem, ale p\u0159edev\u0161\u00edm funk\u010dn\u00edm \u0159e\u0161en\u00edm pro efektivn\u00ed \u0159ez p\u0159i tahu i tlaku.<\/p>\n<p data-start=\"430\" data-end=\"668\">Tento n\u016f\u017e si okam\u017eit\u011b \u0159\u00edk\u00e1 o pou\u017eit\u00ed. Jakmile ho vezmete do ruky, je jasn\u00e9, \u017ee je navr\u017een pro re\u00e1lnou pr\u00e1ci \u2014 ne pro vitr\u00ednu. Agresivn\u00ed k\u0159ivka \u010depele doslova \u201etah\u00e1\u201c materi\u00e1l do \u0159ezu a umo\u017e\u0148uje velmi efektivn\u00ed pr\u00e1ci i p\u0159i minim\u00e1ln\u00edm tlaku.<\/p>\n<p data-start=\"670\" data-end=\"942\">Verze <strong data-start=\"676\" data-end=\"692\">Thunderstorm<\/strong> p\u0159in\u00e1\u0161\u00ed unik\u00e1tn\u00ed povrchovou \u00fapravu \u010depele, kter\u00e1 kombinuje tmav\u0161\u00ed taktick\u00fd vzhled s jemnou texturou p\u0159ipom\u00ednaj\u00edc\u00ed bou\u0159kov\u00e9 mraky. V\u00fdsledkem je povrch, kter\u00fd sni\u017euje odlesky, zvy\u0161uje odolnost proti opot\u0159eben\u00ed a z\u00e1rove\u0148 dob\u0159e maskuje zn\u00e1mky pou\u017e\u00edv\u00e1n\u00ed.<\/p>\n<p data-start=\"944\" data-end=\"1117\">\u010cepel je vyrobena z oceli 154CM, kter\u00e1 je dlouhodob\u011b osv\u011bd\u010den\u00fdm standardem zna\u010dky Emerson. Nab\u00edz\u00ed spolehliv\u00fd v\u00fdkon, dobrou v\u00fddr\u017e ost\u0159\u00ed a p\u0159edev\u0161\u00edm snadnou \u00fadr\u017ebu i v ter\u00e9nu.<\/p>\n<p data-start=\"1119\" data-end=\"1212\">Typick\u00fd Emerson v\u00fdbrus (\u010dasto chisel grind) zaji\u0161\u0165uje vysokou \u0159ezivost a jednoduch\u00e9 brou\u0161en\u00ed.<\/p>\n<p data-start=\"1214\" data-end=\"1394\">Rukoje\u0165 z G-10 je navr\u017eena pro maxim\u00e1ln\u00ed kontrolu \u2014 jej\u00ed textura poskytuje jist\u00fd \u00fachop i v rukavic\u00edch nebo za mokra. Ergonomie podporuje pevn\u00e9 dr\u017een\u00ed p\u0159i silov\u00e9m i p\u0159esn\u00e9m pou\u017eit\u00ed.<\/p>\n<p data-start=\"1396\" data-end=\"1564\">N\u016f\u017e je vybaven pojistkou liner lock a typick\u00fdmi Emerson prvky jako thumb disk a \u010dasto i Wave opener (dle varianty), kter\u00fd umo\u017e\u0148uje okam\u017eit\u00e9 otev\u0159en\u00ed p\u0159i tasen\u00ed z kapsy.<\/p>\n<p data-start=\"1566\" data-end=\"1700\">Hattin Thunderstorm je ide\u00e1ln\u00ed n\u00e1stroj pro u\u017eivatele, kte\u0159\u00ed hledaj\u00ed n\u016f\u017e s charakterem, v\u00fdkonem a schopnost\u00ed obst\u00e1t v re\u00e1ln\u00e9m nasazen\u00ed.<\/p>\n<hr data-start=\"1702\" data-end=\"1705\" \/>\n<h2 data-section-id=\"1baaq9y\" data-start=\"1707\" data-end=\"1731\">Charakter a filozofie<\/h2>\n<p data-start=\"1732\" data-end=\"1814\">Hattin je navr\u017een jako pracovn\u00ed n\u016f\u017e s d\u016frazem na maxim\u00e1ln\u00ed \u0159ezn\u00fd v\u00fdkon a kontrolu.<\/p>\n<p data-start=\"1816\" data-end=\"1919\">Zak\u0159iven\u00e1 \u010depel poskytuje v\u00fdhodu p\u0159i tahov\u00fdch \u0159ezech a umo\u017e\u0148uje efektivn\u00ed pr\u00e1ci v \u0161irok\u00e9 \u0161k\u00e1le situac\u00ed.<\/p>\n<p data-start=\"1921\" data-end=\"2052\">Ocel 154CM nab\u00edz\u00ed ide\u00e1ln\u00ed rovnov\u00e1hu mezi v\u00fdkonem a snadnou \u00fadr\u017ebou \u2014 co\u017e je kl\u00ed\u010dov\u00e9 pro no\u017ee ur\u010den\u00e9 k pou\u017e\u00edv\u00e1n\u00ed, ne jen ke sb\u00edr\u00e1n\u00ed.<\/p>\n<p data-start=\"2054\" data-end=\"2160\">Thunderstorm \u00faprava podporuje praktick\u00e9 pou\u017eit\u00ed t\u00edm, \u017ee zvy\u0161uje odolnost a sni\u017euje viditelnost opot\u0159eben\u00ed.<\/p>\n<hr data-start=\"2162\" data-end=\"2165\" \/>\n<h2 data-section-id=\"z259b9\" data-start=\"2167\" data-end=\"2182\">\ud83c\udfed O v\u00fdrobci<\/h2>\n<p data-start=\"2183\" data-end=\"2304\">Emerson Knives je americk\u00e1 zna\u010dka specializuj\u00edc\u00ed se na taktick\u00e9 no\u017ee pro arm\u00e1du, bezpe\u010dnostn\u00ed slo\u017eky i civiln\u00ed u\u017eivatele.<\/p>\n<p data-start=\"2306\" data-end=\"2456\">Zakladatel Ernest Emerson za\u010dal vyr\u00e1b\u011bt no\u017ee v roce 1979 a jeho designy jsou dodnes pova\u017eov\u00e1ny za jedny z nejprakti\u010dt\u011bj\u0161\u00edch v oblasti taktick\u00fdch no\u017e\u016f.<\/p>\n<p data-start=\"2458\" data-end=\"2578\">Zna\u010dka je zn\u00e1m\u00e1 svou filozofi\u00ed \u201eno\u017ee pro re\u00e1ln\u00fd sv\u011bt\u201c \u2014 jednoduch\u00e9, odoln\u00e9 a funk\u010dn\u00ed n\u00e1stroje bez zbyte\u010dn\u00fdch komplikac\u00ed.<\/p>\n<hr data-start=\"2580\" data-end=\"2583\" \/>\n<div class=\"TyagGW_tableContainer\">\n<div class=\"group TyagGW_tableWrapper flex flex-col-reverse w-fit\" tabindex=\"-1\">\n<h2 data-section-id=\"1qwgnog\" data-start=\"2188\" data-end=\"2215\">\u2699\ufe0f Technick\u00e9 specifikace<\/h2>\n<p data-start=\"2216\" data-end=\"2249\">\n<div class=\"TyagGW_tableContainer\">\n<div class=\"group TyagGW_tableWrapper flex flex-col-reverse w-fit\" tabindex=\"-1\">\n<table class=\"w-fit min-w-(--thread-content-width)\" data-start=\"2251\" data-end=\"2800\">\n<thead data-start=\"2251\" data-end=\"2273\">\n<tr data-start=\"2251\" data-end=\"2273\">\n<th class=\"\" data-start=\"2251\" data-end=\"2262\" data-col-size=\"sm\">Parametr<\/th>\n<th class=\"\" data-start=\"2262\" data-end=\"2273\" data-col-size=\"sm\">Hodnota<\/th>\n<\/tr>\n<\/thead>\n<tbody data-start=\"2296\" data-end=\"2800\">\n<tr data-start=\"2296\" data-end=\"2334\">\n<td data-start=\"2296\" data-end=\"2312\" data-col-size=\"sm\">Celkov\u00e1 d\u00e9lka<\/td>\n<td data-start=\"2312\" data-end=\"2334\" data-col-size=\"sm\"><strong data-start=\"2314\" data-end=\"2332\">8.9&#8243; (22,6 cm)<\/strong><\/td>\n<\/tr>\n<tr data-start=\"2335\" data-end=\"2371\">\n<td data-start=\"2335\" data-end=\"2350\" data-col-size=\"sm\">D\u00e9lka \u010depele<\/td>\n<td data-col-size=\"sm\" data-start=\"2350\" data-end=\"2371\"><strong data-start=\"2352\" data-end=\"2369\">3.6&#8243; (9,1 cm)<\/strong><\/td>\n<\/tr>\n<tr data-start=\"2372\" data-end=\"2413\">\n<td data-start=\"2372\" data-end=\"2390\" data-col-size=\"sm\">Tlou\u0161\u0165ka \u010depele<\/td>\n<td data-start=\"2390\" data-end=\"2413\" data-col-size=\"sm\"><strong data-start=\"2392\" data-end=\"2411\">0.125&#8243; (3,2 mm)<\/strong><\/td>\n<\/tr>\n<tr data-start=\"2414\" data-end=\"2445\">\n<td data-start=\"2414\" data-end=\"2432\" data-col-size=\"sm\">Materi\u00e1l \u010depele<\/td>\n<td data-start=\"2432\" data-end=\"2445\" data-col-size=\"sm\"><strong data-start=\"2434\" data-end=\"2443\">154CM<\/strong><\/td>\n<\/tr>\n<tr data-start=\"2446\" data-end=\"2479\">\n<td data-start=\"2446\" data-end=\"2462\" data-col-size=\"sm\">Tvrdost oceli<\/td>\n<td data-start=\"2462\" data-end=\"2479\" data-col-size=\"sm\"><strong data-start=\"2464\" data-end=\"2477\">57\u201359 HRC<\/strong><\/td>\n<\/tr>\n<tr data-start=\"2480\" data-end=\"2519\">\n<td data-start=\"2480\" data-end=\"2494\" data-col-size=\"sm\">Tvar \u010depele<\/td>\n<td data-col-size=\"sm\" data-start=\"2494\" data-end=\"2519\"><strong data-start=\"2496\" data-end=\"2517\">Recurve \/ Persian<\/strong><\/td>\n<\/tr>\n<tr data-start=\"2520\" data-end=\"2549\">\n<td data-start=\"2520\" data-end=\"2529\" data-col-size=\"sm\">V\u00fdbrus<\/td>\n<td data-start=\"2529\" data-end=\"2549\" data-col-size=\"sm\"><strong data-start=\"2531\" data-end=\"2547\">Chisel Grind<\/strong><\/td>\n<\/tr>\n<tr data-start=\"2550\" data-end=\"2593\">\n<td data-start=\"2550\" data-end=\"2566\" data-col-size=\"sm\">Povrch \u010depele<\/td>\n<td data-start=\"2566\" data-end=\"2593\" data-col-size=\"sm\"><strong data-start=\"2568\" data-end=\"2591\">Thunderstorm Finish<\/strong><\/td>\n<\/tr>\n<tr data-start=\"2594\" data-end=\"2626\">\n<td data-start=\"2594\" data-end=\"2614\" data-col-size=\"sm\">Materi\u00e1l rukojeti<\/td>\n<td data-start=\"2614\" data-end=\"2626\" data-col-size=\"sm\"><strong data-start=\"2616\" data-end=\"2624\">G-10<\/strong><\/td>\n<\/tr>\n<tr data-start=\"2627\" data-end=\"2656\">\n<td data-start=\"2627\" data-end=\"2638\" data-col-size=\"sm\">Pojistka<\/td>\n<td data-start=\"2638\" data-end=\"2656\" data-col-size=\"sm\"><strong data-start=\"2640\" data-end=\"2654\">Liner Lock<\/strong><\/td>\n<\/tr>\n<tr data-start=\"2657\" data-end=\"2702\">\n<td data-start=\"2657\" data-end=\"2669\" data-col-size=\"sm\">Otev\u00edr\u00e1n\u00ed<\/td>\n<td data-start=\"2669\" data-end=\"2702\" data-col-size=\"sm\"><strong data-start=\"2671\" data-end=\"2700\">Thumb Disk + Wave Feature<\/strong><\/td>\n<\/tr>\n<tr data-start=\"2703\" data-end=\"2741\">\n<td data-start=\"2703\" data-end=\"2710\" data-col-size=\"sm\">Klip<\/td>\n<td data-col-size=\"sm\" data-start=\"2710\" data-end=\"2741\"><strong data-start=\"2712\" data-end=\"2739\">Ano (tip-up \/ tip-down)<\/strong><\/td>\n<\/tr>\n<tr data-start=\"2742\" data-end=\"2779\">\n<td data-start=\"2742\" data-end=\"2753\" data-col-size=\"sm\">Hmotnost<\/td>\n<td data-start=\"2753\" data-end=\"2779\" data-col-size=\"sm\"><strong data-start=\"2755\" data-end=\"2777\">5.3 oz (cca 150 g)<\/strong><\/td>\n<\/tr>\n<tr data-start=\"2780\" data-end=\"2800\">\n<td data-start=\"2780\" data-end=\"2789\" data-col-size=\"sm\">V\u00fdroba<\/td>\n<td data-start=\"2789\" data-end=\"2800\" data-col-size=\"sm\"><strong data-start=\"2791\" data-end=\"2798\">USA<\/strong><\/td>\n<\/tr>\n<\/tbody>\n<\/table>\n<\/div>\n<\/div>\n<\/div>\n<\/div>\n<hr data-start=\"3168\" data-end=\"3171\" \/>\n<h2 data-section-id=\"14b0e0x\" data-start=\"3173\" data-end=\"3191\">\u2705 Hlavn\u00ed v\u00fdhody<\/h2>\n<ul data-start=\"3192\" data-end=\"3429\">\n<li data-section-id=\"qeyz14\" data-start=\"3192\" data-end=\"3246\">Agresivn\u00ed zak\u0159iven\u00e1 \u010depel \u2013 vysok\u00e1 efektivita \u0159ezu<\/li>\n<li data-section-id=\"j0jf5r\" data-start=\"3247\" data-end=\"3293\">Thunderstorm \u00faprava \u2013 odoln\u00e1 a neosl\u0148uj\u00edc\u00ed<\/li>\n<li data-section-id=\"mw17j9\" data-start=\"3294\" data-end=\"3343\">Ocel 154CM \u2013 snadn\u00e1 \u00fadr\u017eba a spolehliv\u00fd v\u00fdkon<\/li>\n<li data-section-id=\"16z0r4l\" data-start=\"3344\" data-end=\"3386\">Robustn\u00ed konstrukce pro re\u00e1ln\u00e9 pou\u017eit\u00ed<\/li>\n<li data-section-id=\"xn9cd9\" data-start=\"3387\" data-end=\"3429\">Ergonomick\u00e1 rukoje\u0165 G-10 \u2013 jist\u00fd \u00fachop<\/li>\n<\/ul>\n<hr data-start=\"3431\" data-end=\"3434\" \/>\n<h2 data-section-id=\"1p6p4te\" data-start=\"3436\" data-end=\"3455\">\u26a0\ufe0f Mo\u017en\u00e1 omezen\u00ed<\/h2>\n<ul data-start=\"3456\" data-end=\"3631\">\n<li data-section-id=\"19fh3ca\" data-start=\"3456\" data-end=\"3520\">Specifick\u00fd tvar \u010depele nen\u00ed ide\u00e1ln\u00ed pro jemn\u00e9 detailn\u00ed pr\u00e1ce<\/li>\n<li data-section-id=\"yl0yk5\" data-start=\"3521\" data-end=\"3578\">Chisel grind vy\u017eaduje specifick\u00fd p\u0159\u00edstup p\u0159i brou\u0161en\u00ed<\/li>\n<li data-section-id=\"1ogp82v\" data-start=\"3579\" data-end=\"3631\">Hrub\u0161\u00ed textura rukojeti m\u016f\u017ee opot\u0159ebov\u00e1vat kapsu<\/li>\n<\/ul>\n<hr data-start=\"3633\" data-end=\"3636\" \/>\n<h2 data-section-id=\"1fc2qpi\" data-start=\"3638\" data-end=\"3658\">\ud83d\udee0\ufe0f \u00dadr\u017eba a p\u00e9\u010de<\/h2>\n<ul data-start=\"3659\" data-end=\"3814\">\n<li data-section-id=\"1ih18cj\" data-start=\"3659\" data-end=\"3694\">Po pou\u017eit\u00ed \u010depel o\u010disti a osu\u0161\u00ed<\/li>\n<li data-section-id=\"srnj9c\" data-start=\"3695\" data-end=\"3725\">Pravideln\u011b kontroluj ost\u0159\u00ed<\/li>\n<li data-section-id=\"r00msw\" data-start=\"3726\" data-end=\"3761\">Lehce promaz\u00e1vej \u010dep a pojistku<\/li>\n<li data-section-id=\"gb515n\" data-start=\"3762\" data-end=\"3784\">Udr\u017euj n\u016f\u017e v suchu<\/li>\n<li data-section-id=\"1m43596\" data-start=\"3785\" data-end=\"3814\">Kontroluj dota\u017een\u00ed \u0161roub\u016f<\/li>\n<\/ul>\n<hr data-start=\"3816\" data-end=\"3819\" \/>\n<h2 data-section-id=\"74672s\" data-start=\"3821\" data-end=\"3857\">\ud83d\udd2a Pro udr\u017een\u00ed ost\u0159\u00ed doporu\u010dujeme<\/h2>\n<p data-start=\"3858\" data-end=\"4004\">Pro zachov\u00e1n\u00ed maxim\u00e1ln\u00ed ostrosti nitrogenov\u00e9 oceli doporu\u010dujeme pou\u017e\u00edvat kvalitn\u00ed brusn\u00fd syst\u00e9m, kter\u00fd umo\u017en\u00ed rychlou a p\u0159esnou \u00fadr\u017ebu i v ter\u00e9nu.<\/p>\n<p data-start=\"4006\" data-end=\"4101\">Ide\u00e1ln\u00ed volbou je Spyderco Tri-Angle Sharpmaker Complete Sharpening System 204MF, kter\u00fd nab\u00edz\u00ed:<\/p>\n<ul data-start=\"4103\" data-end=\"4262\">\n<li data-section-id=\"3cyx38\" data-start=\"4103\" data-end=\"4149\">p\u0159esn\u00e9 a konzistentn\u00ed veden\u00ed \u00fahlu brou\u0161en\u00ed<\/li>\n<li data-section-id=\"1wd3cvn\" data-start=\"4150\" data-end=\"4199\">\u0161etrnou \u00fadr\u017ebu bez nadm\u011brn\u00e9ho \u00fab\u011bru materi\u00e1lu<\/li>\n<li data-section-id=\"1jcxbgp\" data-start=\"4200\" data-end=\"4262\">jednoduch\u00e9 a bezpe\u010dn\u00e9 pou\u017eit\u00ed i pro m\u00e9n\u011b zku\u0161en\u00e9 u\u017eivatele<\/li>\n<\/ul>\n<p data-start=\"4264\" data-end=\"4328\">D\u00edky tomu si \u010depel zachov\u00e1 spolehliv\u00fd v\u00fdkon a dlouhou \u017eivotnost.<\/p>\n<p data-start=\"4330\" data-end=\"4371\">\ud83d\uded2 Zakoup\u00edte na na\u0161ich str\u00e1nk\u00e1ch Moskito.<\/p>\n<hr data-start=\"4373\" data-end=\"4376\" \/>\n<h2 data-section-id=\"4dnjoh\" data-start=\"4378\" data-end=\"4398\">\ud83c\udfaf Doporu\u010deno pro<\/h2>\n<ul data-start=\"4399\" data-end=\"4560\">\n<li data-section-id=\"169fatq\" data-start=\"4399\" data-end=\"4419\">Taktick\u00e9 pou\u017eit\u00ed<\/li>\n<li data-section-id=\"12rqkjl\" data-start=\"4420\" data-end=\"4442\">Outdoor a survival<\/li>\n<li data-section-id=\"ridg5q\" data-start=\"4443\" data-end=\"4489\">Ka\u017edodenn\u00ed no\u0161en\u00ed pro zku\u0161en\u011bj\u0161\u00ed u\u017eivatele<\/li>\n<li data-section-id=\"1fxcqqs\" data-start=\"4490\" data-end=\"4511\">Sb\u011bratele Emerson<\/li>\n<li data-section-id=\"16lrxxu\" data-start=\"4512\" data-end=\"4560\">U\u017eivatele hledaj\u00edc\u00ed v\u00fdrazn\u00fd a funk\u010dn\u00ed design<\/li>\n<\/ul>\n<hr data-start=\"4562\" data-end=\"4565\" \/>\n<h2 data-section-id=\"1b63n2x\" data-start=\"4567\" data-end=\"4591\">\u2b50 Z\u00e1v\u011bre\u010dn\u00e9 hodnocen\u00ed<\/h2>\n<p data-start=\"4592\" data-end=\"4714\">Emerson Hattin Thunderstorm je n\u016f\u017e s v\u00fdrazn\u00fdm charakterem, kter\u00fd nen\u00ed jen o vzhledu \u2014 je to plnohodnotn\u00fd pracovn\u00ed n\u00e1stroj.<\/p>\n<p data-start=\"4716\" data-end=\"4830\">Spojuje agresivn\u00ed design, vysok\u00fd \u0159ezn\u00fd v\u00fdkon a odolnou konstrukci do no\u017ee, kter\u00fd obstoj\u00ed i v n\u00e1ro\u010dn\u00fdch podm\u00ednk\u00e1ch.<\/p>\n<p data-start=\"4832\" data-end=\"4894\" data-is-last-node=\"\" data-is-only-node=\"\">Hattin Thunderstorm \u2013 kontrola, s\u00edla a v\u00fdkon v ka\u017ed\u00e9m \u0159ezu. \ud83d\udd25<\/p>\n<\/div>\n<\/div>\n<\/div>\n<\/div>\n<div class=\"z-0 flex min-h-[46px] justify-start\"><\/div>\n<\/div>\n<\/div>\n<\/section>\n<\/div>\n<div class=\"pointer-events-none h-px w-px absolute bottom-0\" aria-hidden=\"true\" data-edge=\"true\"><\/div>\n","protected":false},"excerpt":{"rendered":"<div class=\"flex max-w-full flex-col gap-4 grow\">\n<div class=\"min-h-8 text-message relative flex w-full flex-col items-end gap-2 text-start break-words whitespace-normal outline-none keyboard-focused:focus-ring [.text-message+&amp;]:mt-1\" dir=\"auto\" tabindex=\"0\" data-message-author-role=\"assistant\" data-message-id=\"06544cd8-c0bf-4778-848d-7daf510a87e7\" data-turn-start-message=\"true\" data-message-model-slug=\"gpt-5-3\">\n<div class=\"flex w-full flex-col gap-1 empty:hidden\">\n<div class=\"markdown prose dark:prose-invert w-full wrap-break-word light markdown-new-styling\">\n<p data-start=\"4592\" data-end=\"4714\"><strong>Emerson Hattin Thunderstorm je n\u016f\u017e s v\u00fdrazn\u00fdm charakterem, kter\u00fd nen\u00ed jen o vzhledu \u2014 je to plnohodnotn\u00fd pracovn\u00ed n\u00e1stroj.<\/strong><\/p>\n<p data-start=\"4716\" data-end=\"4830\"><strong>Spojuje agresivn\u00ed design, vysok\u00fd \u0159ezn\u00fd v\u00fdkon a odolnou konstrukci do no\u017ee, kter\u00fd obstoj\u00ed i v n\u00e1ro\u010dn\u00fdch podm\u00ednk\u00e1ch.<\/strong><\/p>\n<p data-start=\"4832\" data-end=\"4894\" data-is-last-node=\"\" data-is-only-node=\"\"><strong>Hattin Thunderstorm \u2013 kontrola, s\u00edla a v\u00fdkon v ka\u017ed\u00e9m \u0159ezu. \ud83d\udd25<\/strong><\/p>\n<p data-start=\"4832\" data-end=\"4894\" data-is-last-node=\"\" data-is-only-node=\"\"><strong>Doprava zdarma.<\/strong><\/p>\n<\/div>\n<\/div>\n<\/div>\n<\/div>\n<div class=\"z-0 flex min-h-[46px] justify-start\"><\/div>\n","protected":false},"featured_media":440543,"comment_status":"open","ping_status":"closed","template":"","meta":[],"pwb-brand":[248],"product_brand":[],"product_cat":[22,17],"product_tag":[],"class_list":{"0":"post-440542","1":"product","2":"type-product","3":"status-publish","4":"has-post-thumbnail","6":"pwb-brand-emerson","7":"product_cat-zaviraci-noze","8":"product_cat-noze","10":"first","11":"instock","12":"taxable","13":"shipping-taxable","14":"purchasable","15":"product-type-simple"},"brands":[{"id":248,"name":"Emerson","slug":"emerson"}],"_links":{"self":[{"href":"https:\/\/www.moskito.cz\/en\/wp-json\/wp\/v2\/product\/440542","targetHints":{"allow":["GET"]}}],"collection":[{"href":"https:\/\/www.moskito.cz\/en\/wp-json\/wp\/v2\/product"}],"about":[{"href":"https:\/\/www.moskito.cz\/en\/wp-json\/wp\/v2\/types\/product"}],"replies":[{"embeddable":true,"href":"https:\/\/www.moskito.cz\/en\/wp-json\/wp\/v2\/comments?post=440542"}],"wp:featuredmedia":[{"embeddable":true,"href":"https:\/\/www.moskito.cz\/en\/wp-json\/wp\/v2\/media\/440543"}],"wp:attachment":[{"href":"https:\/\/www.moskito.cz\/en\/wp-json\/wp\/v2\/media?parent=440542"}],"wp:term":[{"taxonomy":"pwb-brand","embeddable":true,"href":"https:\/\/www.moskito.cz\/en\/wp-json\/wp\/v2\/pwb-brand?post=440542"},{"taxonomy":"product_brand","embeddable":true,"href":"https:\/\/www.moskito.cz\/en\/wp-json\/wp\/v2\/product_brand?post=440542"},{"taxonomy":"product_cat","embeddable":true,"href":"https:\/\/www.moskito.cz\/en\/wp-json\/wp\/v2\/product_cat?post=440542"},{"taxonomy":"product_tag","embeddable":true,"href":"https:\/\/www.moskito.cz\/en\/wp-json\/wp\/v2\/product_tag?post=440542"}],"curies":[{"name":"wp","href":"https:\/\/api.w.org\/{rel}","templated":true}]}}