{"id":313574,"date":"2024-02-17T11:50:11","date_gmt":"2024-02-17T10:50:11","guid":{"rendered":"https:\/\/www.moskito.cz\/venta-al-por-mayor\/"},"modified":"2024-02-17T11:50:13","modified_gmt":"2024-02-17T10:50:13","slug":"venta-al-por-mayor","status":"publish","type":"page","link":"https:\/\/www.moskito.cz\/es\/venta-al-por-mayor\/","title":{"rendered":"venta al por mayor"},"content":{"rendered":"\t\t<div data-elementor-type=\"wp-page\" data-elementor-id=\"313574\" class=\"elementor elementor-313574 elementor-258889\" data-elementor-post-type=\"page\">\n\t\t\t\t\t\t<section data-particle_enable=\"false\" data-particle-mobile-disabled=\"false\" class=\"elementor-section elementor-top-section elementor-element elementor-element-8df3e1f elementor-section-boxed elementor-section-height-default elementor-section-height-default\" data-id=\"8df3e1f\" data-element_type=\"section\" data-e-type=\"section\">\n\t\t\t\t\t\t<div class=\"elementor-container elementor-column-gap-default\">\n\t\t\t\t\t<div class=\"elementor-column elementor-col-100 elementor-top-column elementor-element elementor-element-259ec6e\" data-id=\"259ec6e\" data-element_type=\"column\" data-e-type=\"column\">\n\t\t\t<div class=\"elementor-widget-wrap elementor-element-populated\">\n\t\t\t\t\t\t<div class=\"elementor-element elementor-element-448f9ee elementor-widget elementor-widget-heading\" data-id=\"448f9ee\" data-element_type=\"widget\" data-e-type=\"widget\" data-widget_type=\"heading.default\">\n\t\t\t\t\t<h2 class=\"elementor-heading-title elementor-size-default\">Mosquitos al por mayor<\/h2>\t\t\t\t<\/div>\n\t\t\t\t\t<\/div>\n\t\t<\/div>\n\t\t\t\t\t<\/div>\n\t\t<\/section>\n\t\t\t\t<section data-particle_enable=\"false\" data-particle-mobile-disabled=\"false\" class=\"elementor-section elementor-top-section elementor-element elementor-element-4626ff31 elementor-section-height-min-height elementor-section-items-top elementor-section-boxed elementor-section-height-default\" data-id=\"4626ff31\" data-element_type=\"section\" data-e-type=\"section\">\n\t\t\t\t\t\t<div class=\"elementor-container elementor-column-gap-default\">\n\t\t\t\t\t<div class=\"elementor-column elementor-col-50 elementor-top-column elementor-element elementor-element-4b65fae1\" data-id=\"4b65fae1\" data-element_type=\"column\" data-e-type=\"column\">\n\t\t\t<div class=\"elementor-widget-wrap elementor-element-populated\">\n\t\t\t\t\t\t<div class=\"elementor-element elementor-element-6832d76 elementor-widget elementor-widget-heading\" data-id=\"6832d76\" data-element_type=\"widget\" data-e-type=\"widget\" data-widget_type=\"heading.default\">\n\t\t\t\t\t<h4 class=\"elementor-heading-title elementor-size-default\">Acceso<\/h4>\t\t\t\t<\/div>\n\t\t\t\t<div class=\"elementor-element elementor-element-7c32c06 elementor-widget elementor-widget-shortcode\" data-id=\"7c32c06\" data-element_type=\"widget\" data-e-type=\"widget\" data-widget_type=\"shortcode.default\">\n\t\t\t\t\t\t\t<div class=\"elementor-shortcode\"><div class=\"woocommerce\"><form class=\"woocommerce-form woocommerce-form-login login\" method=\"post\" >\n\n\t\n\t\n\t<p class=\"form-row form-row-first\">\n\t\t<label for=\"username\">Nombre de usuario o correo electr\u00f3nico&nbsp;<span class=\"required\" aria-hidden=\"true\">*<\/span><span class=\"screen-reader-text\">Obligatorio<\/span><\/label>\n\t\t<input type=\"text\" class=\"input-text\" name=\"username\" id=\"username\" autocomplete=\"username\" required aria-required=\"true\" \/>\n\t<\/p>\n\t<p class=\"form-row form-row-last\">\n\t\t<label for=\"password\">Contrase\u00f1a&nbsp;<span class=\"required\" aria-hidden=\"true\">*<\/span><span class=\"screen-reader-text\">Obligatorio<\/span><\/label>\n\t\t<input class=\"input-text woocommerce-Input\" type=\"password\" name=\"password\" id=\"password\" autocomplete=\"current-password\" required aria-required=\"true\" \/>\n\t<\/p>\n\t<div class=\"clear\"><\/div>\n\n\t\n\t<p class=\"form-row\">\n\t\t<label class=\"woocommerce-form__label woocommerce-form__label-for-checkbox woocommerce-form-login__rememberme\">\n\t\t\t<input class=\"woocommerce-form__input woocommerce-form__input-checkbox\" name=\"rememberme\" type=\"checkbox\" id=\"rememberme\" value=\"forever\" \/> <span>Recu\u00e9rdame<\/span>\n\t\t<\/label>\n\t\t<input type=\"hidden\" id=\"woocommerce-login-nonce\" name=\"woocommerce-login-nonce\" value=\"b25ab5956d\" \/><input type=\"hidden\" name=\"_wp_http_referer\" value=\"\/es\/wp-json\/wp\/v2\/pages\/313574\" \/>\t\t<input type=\"hidden\" name=\"redirect\" value=\"http:\/\/1\" \/>\n\t\t<button type=\"submit\" class=\"woocommerce-button button woocommerce-form-login__submit\" name=\"login\" value=\"Acceder\">Acceder<\/button>\n\t<\/p>\n\t<p class=\"lost_password\">\n\t\t<a href=\"https:\/\/www.moskito.cz\/es\/mi-cuenta\/lost-password\/\">\u00bfOlvidaste la contrase\u00f1a?<\/a>\n\t<\/p>\n\n\t<div class=\"clear\"><\/div>\n\n\t\n<input\n                    class=\"apbct_special_field apbct_email_id__elementor_form\"\n                    name=\"apbct__email_id__elementor_form\"\n                    aria-label=\"apbct__label_id__elementor_form\"\n                    type=\"text\" size=\"30\" maxlength=\"200\" autocomplete=\"off\"\n                    value=\"\"\n                \/><\/form>\n<\/div><\/div>\n\t\t\t\t\t\t<\/div>\n\t\t\t\t\t<\/div>\n\t\t<\/div>\n\t\t\t\t<div class=\"elementor-column elementor-col-50 elementor-top-column elementor-element elementor-element-396bcb0\" data-id=\"396bcb0\" data-element_type=\"column\" data-e-type=\"column\">\n\t\t\t<div class=\"elementor-widget-wrap elementor-element-populated\">\n\t\t\t\t\t\t<div class=\"elementor-element elementor-element-516a590 elementor-align-center elementor-widget elementor-widget-button\" data-id=\"516a590\" data-element_type=\"widget\" data-e-type=\"widget\" data-widget_type=\"button.default\">\n\t\t\t\t\t\t\t\t\t\t<a class=\"elementor-button elementor-size-sm\" role=\"button\">\n\t\t\t\t\t\t<span class=\"elementor-button-content-wrapper\">\n\t\t\t\t\t\t\t\t\t<span class=\"elementor-button-text\">REGISTRA LA EMPRESA<\/span>\n\t\t\t\t\t<\/span>\n\t\t\t\t\t<\/a>\n\t\t\t\t\t\t\t\t<\/div>\n\t\t\t\t<div class=\"elementor-element elementor-element-ebc0a8a elementor-widget elementor-widget-text-editor\" data-id=\"ebc0a8a\" data-element_type=\"widget\" data-e-type=\"widget\" data-widget_type=\"text-editor.default\">\n\t\t\t\t\t\t\t\t\t<p><strong>T\u00e9rminos y condiciones mayoristas:<\/strong><\/p>\n<ol>\n<li>env\u00edenos un extracto de OR al correo electr\u00f3nico <span \n                data-original-string='VU+pmxV9RxLM518IKenP9g==54eGVIpLUqc6dUYu4\/Bkjwkaw=='\n                class='apbct-email-encoder'\n                title='Este contacto ha sido codificado por Anti-Spam by CleanTalk. Haz clic para decodificar. Para finalizar la decodificaci\u00f3n, aseg\u00farate de que JavaScript est\u00e1 activado en tu navegador.'>in<span class=\"apbct-blur\">**<\/span>@<span class=\"apbct-blur\">*****<\/span>to.cz<\/span><\/li>\n<li>reg\u00edstrate a trav\u00e9s de nuestro formulario<\/li>\n<li>el registro debe ser aprobado por nosotros. Le informaremos sobre la activaci\u00f3n de la cuenta VO por correo electr\u00f3nico.<\/li>\n<\/ol>\n<p><strong>Otras condiciones<\/strong><\/p>\n<ul>\n<li>El env\u00edo es GRATUITO para mayoristas por compras superiores a 5.000 CZK sin IVA o 230 \u20ac sin IVA.<\/li>\n<li>1. El pedido para mayoristas supera las 5.000 coronas checas sin IVA (almacenamiento)<\/li>\n<\/ul>\n<p>Est\u00e1 prohibida la copia de im\u00e1genes y textos de la tienda electr\u00f3nica www.moskito.cz. La violaci\u00f3n de las condiciones mayoristas puede dar lugar a la terminaci\u00f3n de la cooperaci\u00f3n. Todos los cambios, cambios de precios y errores en la tienda electr\u00f3nica est\u00e1n reservados.<\/p><\/p>\n\t\t\t\t\t\t\t\t<\/div>\n\t\t\t\t<div class=\"elementor-element elementor-element-d8fab36 elementor-widget elementor-widget-shortcode\" data-id=\"d8fab36\" data-element_type=\"widget\" data-e-type=\"widget\" data-widget_type=\"shortcode.default\">\n\t\t\t\t\t\t\t<div class=\"elementor-shortcode\">\t\t\t<h2 class=\"b2bking_b2bregistration_only_register_header\">\n\t\t\tRegistrar<\/h2>\n\t\t\t<div class=\"woocommerce\">\n\t\t\t\t<form method=\"post\" class=\"woocommerce-form woocommerce-form-register register\" enctype=\"multipart\/form-data\" >\n\n\t\t\t\t\t\n\t\t\t\t\t\n\t\t\t\t\t<p class=\"woocommerce-form-row woocommerce-form-row--wide form-row form-row-wide\">\n\t\t\t\t\t\t<label for=\"reg_email\">Direcci\u00f3n de e-mail&nbsp;<span class=\"required\">*<\/span><\/label>\n\t\t\t\t\t\t<input type=\"email\" class=\"woocommerce-Input woocommerce-Input--text input-text\" name=\"email\" id=\"reg_email\" autocomplete=\"email\" value=\"\" \/>\n\t\t\t\t\t<\/p>\n\n\t\t\t\t\t\n\t\t\t\t\t\t<p class=\"woocommerce-form-row woocommerce-form-row--wide form-row form-row-wide\">\n\t\t\t\t\t\t\t<label for=\"reg_password\">Contrase\u00f1a&nbsp;<span class=\"required\">*<\/span><\/label>\n\t\t\t\t\t\t\t<input type=\"password\" class=\"woocommerce-Input woocommerce-Input--text input-text\" name=\"password\" id=\"reg_password\" autocomplete=\"new-password\" \/>\n\t\t\t\t\t\t<\/p>\n\n\t\t\t\t\t\n\t\t\t\t\t\t\t\t\t\t\t<p class=\"woocommerce-form-row woocommerce-form-row--wide form-row form-row-wide b2bking_registration_roles_dropdown_section b2bking_registration_roles_dropdown_section_hidden\">\n\t\t\t\t\t\t\t\t\t\t\t\t\t\t<label for=\"b2bking_registration_roles_dropdown\">\n\t\t\t\t\t\t\t\tPerfil de Cliente&nbsp;<span class=\"required\">*<\/span>\n\t\t\t\t\t\t\t<\/label>\n\t\t\t\t\t\t\t<select id=\"b2bking_registration_roles_dropdown\" name=\"b2bking_registration_roles_dropdown\" required>\n\t\t\t\t\t\t\t\t<option value=\"\" >\u2013 \u2013 \u2013 Select User Role \u2013 \u2013 \u2013<\/option><option value=\"role_258876\" >Individual Customer<\/option><option value=\"role_258877\"  selected='selected'>B2B (vy\u017eaduje autorizaci)<\/option>\t\t\t\t\t\t\t<\/select>\n\t\t\t\t\t\t<\/p>\n\t\t\t\t\t\t<div class=\" b2bking_custom_registration_container b2bking_custom_registration_container_field_258878 b2bking_custom_registration_role_258877\"><p class=\"woocommerce-form-row woocommerce-form-row--wide form-row form-row-wide \"><label for=\"b2bking_field_258878\">Jm\u00e9no&nbsp;<span class=\"required\">*<\/span><\/label><input type=\"text\" id=\"b2bking_field_258878\" class=\"b2bking_custom_registration_field b2bking_custom_field_req_required\" name=\"b2bking_custom_field_258878\" value=\"\" placeholder=\"\" required><\/p><\/div><div class=\" b2bking_custom_registration_container b2bking_custom_registration_container_field_258879 b2bking_custom_registration_role_258877\"><p class=\"woocommerce-form-row woocommerce-form-row--wide form-row form-row-wide \"><label for=\"b2bking_field_258879\">P\u0159\u00edjmen\u00ed&nbsp;<span class=\"required\">*<\/span><\/label><input type=\"text\" id=\"b2bking_field_258879\" class=\"b2bking_custom_registration_field b2bking_custom_field_req_required\" name=\"b2bking_custom_field_258879\" value=\"\" placeholder=\"\" required><\/p><\/div><div class=\" b2bking_custom_registration_container b2bking_custom_registration_container_field_258886 b2bking_custom_registration_role_258877\"><p class=\"woocommerce-form-row woocommerce-form-row--wide form-row form-row-wide b2bking_country_or_state\"><label for=\"b2bking_custom_field_258886\">St\u00e1t&nbsp;<span class=\"required\">*<\/span><\/label><p class=\"form-row b2bking_country_field_selector b2bking_custom_registration_field b2bking_custom_field_req_required b2bking_country_field_req_required\" id=\"b2bking_custom_field_258886_field\" data-priority=\"\"><span class=\"woocommerce-input-wrapper\"><select name=\"b2bking_custom_field_258886\" id=\"b2bking_custom_field_258886\" class=\"country_to_state country_select \"  data-placeholder=\"Selecciona un pa\u00eds\/regi\u00f3n&hellip;\" ><option value=\"\">Selecciona un pa\u00eds\/regi\u00f3n&hellip;<\/option><option value=\"BE\" >B\u00e9lgica<\/option><option value=\"BG\" >Bulgaria<\/option><option value=\"HR\" >Croacia<\/option><option value=\"DK\" >Dinamarca<\/option><option value=\"EE\" >Estonia<\/option><option value=\"FI\" >Finlandia<\/option><option value=\"FR\" >Francia<\/option><option value=\"IE\" >Irlanda<\/option><option value=\"IT\" >Italia<\/option><option value=\"CY\" >Chipre<\/option><option value=\"LV\" >Letonia<\/option><option value=\"LU\" >Luxemburgo<\/option><option value=\"HU\" >Hungr\u00eda<\/option><option value=\"NL\" >Pa\u00edses Bajos<\/option><option value=\"NO\" >Noruega<\/option><option value=\"DE\" >Alemania<\/option><option value=\"PL\" >Polonia<\/option><option value=\"PT\" >Portugal<\/option><option value=\"AT\" >Austria<\/option><option value=\"RO\" >Rumania<\/option><option value=\"SK\" >Eslovaquia<\/option><option value=\"SI\" >Eslovenia<\/option><option value=\"US\" >Estados Unidos (EEUU)<\/option><option value=\"CZ\" >Rep\u00fablica Checa<\/option><option value=\"GR\" >Grecia<\/option><option value=\"ES\" >Espa\u00f1a<\/option><option value=\"SE\" >Suecia<\/option><option value=\"CH\" >Suiza<\/option><\/select><noscript><button type=\"submit\" name=\"woocommerce_checkout_update_totals\" value=\"Actualizar pa\u00eds\/regi\u00f3n\">Actualizar pa\u00eds\/regi\u00f3n<\/button><\/noscript><\/span><\/p><p class=\"form-row b2bking_custom_registration_field b2bking_custom_field_req_required\" id=\"billing_state_field\" style=\"display: none\"><span class=\"woocommerce-input-wrapper\"><input type=\"hidden\" class=\"hidden\" name=\"billing_state\" id=\"billing_state\" value=\"\"  placeholder=\"Estado \/ Condado\" readonly=\"readonly\" data-input-classes=\"\"\/><\/span><\/p><input type=\"hidden\" id=\"b2bking_country_registration_field_number\" name=\"b2bking_country_registration_field_number\" value=\"258886\"><\/p><\/div><div class=\" b2bking_custom_registration_container b2bking_custom_registration_container_field_258880 b2bking_custom_registration_role_258877\"><p class=\"woocommerce-form-row woocommerce-form-row--wide form-row form-row-wide \"><label for=\"b2bking_field_258880\">N\u00e1zev firmy&nbsp;<span class=\"required\">*<\/span><\/label><input type=\"text\" id=\"b2bking_field_258880\" class=\"b2bking_custom_registration_field b2bking_custom_field_req_required\" name=\"b2bking_custom_field_258880\" value=\"\" placeholder=\"Vypl\u0148te cel\u00fd n\u00e1zev firmy\" required><\/p><\/div><div class=\" b2bking_custom_registration_container b2bking_custom_registration_container_field_313079 b2bking_custom_registration_role_258877\"><p class=\"woocommerce-form-row woocommerce-form-row--wide form-row form-row-wide \"><label for=\"b2bking_field_313079\">I\u010cO&nbsp;<span class=\"required\">*<\/span><\/label><input type=\"text\" id=\"b2bking_field_313079\" class=\"b2bking_custom_registration_field b2bking_custom_field_req_required\" name=\"b2bking_custom_field_313079\" value=\"\" placeholder=\"\" required><\/p><\/div><div class=\"b2bking_vat_number_registration_field_container b2bking_custom_registration_container b2bking_custom_registration_container_field_258887 b2bking_custom_registration_role_258877\"><p class=\"woocommerce-form-row woocommerce-form-row--wide form-row form-row-wide \"><label for=\"b2bking_vat_number_registration_field\">DI\u010c&nbsp;<\/label><input type=\"text\" id=\"b2bking_vat_number_registration_field\" class=\"b2bking_custom_registration_field b2bking_custom_field_req_\" name=\"b2bking_custom_field_258887\" value=\"\" placeholder=\"vlo\u017ete DI\u010c, pokud jste pl\u00e1tci DPH\" ><input type=\"hidden\" id=\"b2bking_vat_number_registration_field_countries\" value=\"AT,BE,BG,HR,CY,CZ,DK,EE,FI,FR,DE,GR,HU,IE,IT,LV,LT,LU,MT,NL,PL,PT,RO,SK,SI,ES,SE\"><input type=\"hidden\" id=\"b2bking_vat_number_registration_field_number\" name=\"b2bking_vat_number_registration_field_number\" value=\"258887\"><\/p><\/div><div class=\" b2bking_custom_registration_container b2bking_custom_registration_container_field_258881 b2bking_custom_registration_role_258877\"><p class=\"woocommerce-form-row woocommerce-form-row--wide form-row form-row-wide \"><label for=\"b2bking_field_258881\">Ulice a \u010cP&nbsp;<span class=\"required\">*<\/span><\/label><input type=\"text\" id=\"b2bking_field_258881\" class=\"b2bking_custom_registration_field b2bking_custom_field_req_required\" name=\"b2bking_custom_field_258881\" value=\"\" placeholder=\"\" required><\/p><\/div><div class=\" b2bking_custom_registration_container b2bking_custom_registration_container_field_258883 b2bking_custom_registration_role_258877\"><p class=\"woocommerce-form-row woocommerce-form-row--wide form-row form-row-wide \"><label for=\"b2bking_field_258883\">Obec&nbsp;<span class=\"required\">*<\/span><\/label><input type=\"text\" id=\"b2bking_field_258883\" class=\"b2bking_custom_registration_field b2bking_custom_field_req_required\" name=\"b2bking_custom_field_258883\" value=\"\" placeholder=\"\" required><\/p><\/div><div class=\" b2bking_custom_registration_container b2bking_custom_registration_container_field_258884 b2bking_custom_registration_role_258877\"><p class=\"woocommerce-form-row woocommerce-form-row--wide form-row form-row-wide \"><label for=\"b2bking_field_258884\">PS\u010c&nbsp;<span class=\"required\">*<\/span><\/label><input type=\"text\" id=\"b2bking_field_258884\" class=\"b2bking_custom_registration_field b2bking_custom_field_req_required\" name=\"b2bking_custom_field_258884\" value=\"\" placeholder=\"\" required><\/p><\/div><div class=\" b2bking_custom_registration_container b2bking_custom_registration_container_field_258885 b2bking_custom_registration_role_258877\"><p class=\"woocommerce-form-row woocommerce-form-row--wide form-row form-row-wide \"><label for=\"b2bking_field_258885\">Telefon&nbsp;<span class=\"required\">*<\/span><\/label><input id=\"b2bking_field_258885\" type=\"tel\" class=\"b2bking_custom_registration_field b2bking_custom_field_req_required\" name=\"b2bking_custom_field_258885\" value=\"\" placeholder=\"Vlo\u017ete telefonn\u00ed \u010d\u00edslo...\" required><\/p><\/div><wc-order-attribution-inputs><\/wc-order-attribution-inputs><div class=\"woocommerce-privacy-policy-text\"><p>Va\u0161e osobn\u00ed \u00fadaje budou pou\u017eity ke zv\u00fd\u0161en\u00ed spokojenosti po celou dobu proch\u00e1zen\u00ed tohoto webu, ke spr\u00e1v\u011b p\u0159\u00edstupu do va\u0161eho \u00fa\u010dtu a k dal\u0161\u00edm \u00fa\u010del\u016fm popsan\u00fdm na str\u00e1nce <a href=\"https:\/\/www.moskito.cz\/es\/zasady-ochrany-osobnich-udaju\/\" class=\"woocommerce-privacy-policy-link\" target=\"_blank\">pol\u00edtica de privacidad<\/a>.<\/p>\n<\/div>\n\t\t\t\t\t<p class=\"woocommerce-form-row form-row\">\n\t\t\t\t\t\t<input type=\"hidden\" id=\"woocommerce-register-nonce\" name=\"woocommerce-register-nonce\" value=\"95c8ec04b7\" \/><input type=\"hidden\" name=\"_wp_http_referer\" value=\"\/es\/wp-json\/wp\/v2\/pages\/313574\" \/>\t\t\t\t\t\t<button type=\"submit\" class=\"woocommerce-Button woocommerce-button button woocommerce-form-register__submit\" name=\"register\" value=\"Registrar\">Registrar<\/button>\n\t\t\t\t\t<\/p>\n\n\t\t\t\t\t\n\t\t\t\t<input\n                    class=\"apbct_special_field apbct_email_id__elementor_form\"\n                    name=\"apbct__email_id__elementor_form\"\n                    aria-label=\"apbct__label_id__elementor_form\"\n                    type=\"text\" size=\"30\" maxlength=\"200\" autocomplete=\"off\"\n                    value=\"\"\n                \/><\/form>\n\t\t\t<\/div>\n\t\t\t<\/div>\n\t\t\t\t\t\t<\/div>\n\t\t\t\t\t<\/div>\n\t\t<\/div>\n\t\t\t\t\t<\/div>\n\t\t<\/section>\n\t\t\t\t<\/div>\n\t\t","protected":false},"excerpt":{"rendered":"<p>Mosquitos al por mayor Acceso REGISTRA LA EMPRESA T\u00e9rminos y condiciones mayoristas: env\u00edenos un extracto de OR al correo electr\u00f3nico in**@*****to.cz reg\u00edstrate a trav\u00e9s de nuestro formulario el registro debe ser aprobado por nosotros. Le informaremos sobre la activaci\u00f3n de la cuenta VO por correo electr\u00f3nico. Otras condiciones El env\u00edo es GRATUITO para mayoristas por [&hellip;]<\/p>\n","protected":false},"author":93,"featured_media":0,"parent":0,"menu_order":0,"comment_status":"closed","ping_status":"closed","template":"elementor_header_footer","meta":{"footnotes":""},"class_list":["post-313574","page","type-page","status-publish","hentry"],"_links":{"self":[{"href":"https:\/\/www.moskito.cz\/es\/wp-json\/wp\/v2\/pages\/313574","targetHints":{"allow":["GET"]}}],"collection":[{"href":"https:\/\/www.moskito.cz\/es\/wp-json\/wp\/v2\/pages"}],"about":[{"href":"https:\/\/www.moskito.cz\/es\/wp-json\/wp\/v2\/types\/page"}],"author":[{"embeddable":true,"href":"https:\/\/www.moskito.cz\/es\/wp-json\/wp\/v2\/users\/93"}],"replies":[{"embeddable":true,"href":"https:\/\/www.moskito.cz\/es\/wp-json\/wp\/v2\/comments?post=313574"}],"version-history":[{"count":0,"href":"https:\/\/www.moskito.cz\/es\/wp-json\/wp\/v2\/pages\/313574\/revisions"}],"wp:attachment":[{"href":"https:\/\/www.moskito.cz\/es\/wp-json\/wp\/v2\/media?parent=313574"}],"curies":[{"name":"wp","href":"https:\/\/api.w.org\/{rel}","templated":true}]}}