{"id":116930,"date":"2017-12-27T15:11:06","date_gmt":"2017-12-27T14:11:06","guid":{"rendered":"https:\/\/www.moskito.cz\/?post_type=product&#038;p=116930"},"modified":"2025-07-11T07:48:02","modified_gmt":"2025-07-11T06:48:02","slug":"microtech-cypher-se-otf-automatic-knife-black-4-stonewash-241-10","status":"publish","type":"product","link":"https:\/\/www.moskito.cz\/es\/produkt\/microtech-cypher-se-otf-automatic-knife-black-4-stonewash-241-10\/","title":{"rendered":"Vyst\u0159elovac\u00ed N\u016f\u017e Microtech Cypher 241-10"},"content":{"rendered":"<p>Vyst\u0159elovac\u00ed N\u016f\u017e <strong>Microtech Cypher <\/strong>241-10<\/p>\n<p>Tento model Cypher je vybaven jednoramenn\u00fdm ost\u0159\u00edm s povrchovou \u00fapravou z kamene a \u010dernou hlin\u00edkovou rukojet\u00ed.<\/p>\n<p>Vyst\u0159elovac\u00ed N\u016f\u017e <strong>Microtech Cypher<\/strong> 241-10\u00a0 je produk\u010dn\u00ed verze popul\u00e1rn\u00ed spolupr\u00e1ce A. Marfione \/ D.C. Munroe. Tento model je vybaven jedn\u00edm ost\u0159\u00edm. Jeho stylizovan\u00e1 rukoje\u0165 je vyrobena z lehk\u00e9ho hlin\u00edku s \u010dern\u00fdm eloxovan\u00fdm povrchem s fr\u00e9zov\u00e1n\u00edm v titanu.<br \/>\nFunkce:<\/p>\n<p>Unik\u00e1tn\u00ed design s krokov\u00fdm dr\u017eadlem nab\u00edz\u00ed pevnou a spolehlivou rukoje\u0165.<br \/>\nRukoje\u0165 je z titanu pro pohodln\u00e9 no\u0161en\u00ed.<br \/>\nPru\u017en\u00e9 ost\u0159\u00ed z nerez oceli Bohler M390 poskytuje vysoce v\u00fdkonn\u00fd b\u0159it.<\/p>\n<p>This Cypher model is outfitted with a single-edged blade in a stonewash finish and a black aluminum handle.<\/p>\n<p>The <strong>Microtech Cypher <\/strong>OTF is a production version of the popular A. Marfione \/ D.C. Munroe custom collaboration. This model is equipped with a stonewashed single-edged blade. Its stylized handle is made from lightweight aluminum with a black anodized finish and a titanium milled pocket clip and endpiece.<br \/>\nFeatures:<\/p>\n<p>Unique stepped handle design offers a firm, reliable grip.<br \/>\nMilled titanium pocket clip for comfortable tip-down carry.<br \/>\nResilient Bohler M390 stainless steel blade provides a high performance cutting edge.<\/p>\n<p>Overall Length:9.625&#8243;<br \/>\nBlade Length:4.00&#8243;<br \/>\nCutting Edge:3.875&#8243;<br \/>\nBlade Thickness:0.13&#8243;<br \/>\nBlade Material:Bohler M390<br \/>\nBlade Style:Drop Point<br \/>\nBlade Grind:Hollow<br \/>\nFinish:Stonewash<br \/>\nEdge Type:Plain<br \/>\nHandle Length:5.625&#8243;<br \/>\nHandle Thickness:0.48&#8243;<br \/>\nHandle Material:Aluminum<br \/>\nColor:Black<br \/>\nWeight:4.14 oz.<br \/>\nPocket Clip:Tip-Down<br \/>\nKnife Type:Double-Action OTF Automatic<br \/>\nOpener:Thumb Slide<br \/>\nBrand:Microtech<br \/>\nModel:Cypher<br \/>\nModel Number:241-10<br \/>\nCountry of Origin:USA<br \/>\nBest Use:Collection<\/p>\n","protected":false},"excerpt":{"rendered":"<p>V pr\u016fb\u011bhu let <strong>Microtech\u00ae Knives<\/strong> naplnil v\u00e1\u0161n\u00ed a dovednost\u00ed v\u00fdrobu no\u017e\u016f, a\u017e z nich vytvo\u0159il t\u00e9m\u011b\u0159 um\u011bleck\u00e1 d\u00edla,kter\u00e9 jsou vrcholem funk\u010dnosti. V\u0161echny d\u00edly jsou vyrodeny v USA.<br \/>\n<strong>Na v\u0161echny no\u017ee Microtech je do\u017eivotn\u00ed z\u00e1ruka.<\/strong><\/p>\n","protected":false},"featured_media":178360,"comment_status":"open","ping_status":"closed","template":"","meta":[],"pwb-brand":[431],"product_brand":[],"product_cat":[2019,17],"product_tag":[],"class_list":{"0":"post-116930","1":"product","2":"type-product","3":"status-publish","4":"has-post-thumbnail","6":"pwb-brand-microtech","7":"product_cat-vystrelovaci-noze","8":"product_cat-noze","10":"first","11":"outofstock","12":"taxable","13":"shipping-taxable","14":"purchasable","15":"product-type-simple"},"brands":[{"id":431,"name":"Microtech","slug":"microtech"}],"_links":{"self":[{"href":"https:\/\/www.moskito.cz\/es\/wp-json\/wp\/v2\/product\/116930","targetHints":{"allow":["GET"]}}],"collection":[{"href":"https:\/\/www.moskito.cz\/es\/wp-json\/wp\/v2\/product"}],"about":[{"href":"https:\/\/www.moskito.cz\/es\/wp-json\/wp\/v2\/types\/product"}],"replies":[{"embeddable":true,"href":"https:\/\/www.moskito.cz\/es\/wp-json\/wp\/v2\/comments?post=116930"}],"wp:featuredmedia":[{"embeddable":true,"href":"https:\/\/www.moskito.cz\/es\/wp-json\/wp\/v2\/media\/178360"}],"wp:attachment":[{"href":"https:\/\/www.moskito.cz\/es\/wp-json\/wp\/v2\/media?parent=116930"}],"wp:term":[{"taxonomy":"pwb-brand","embeddable":true,"href":"https:\/\/www.moskito.cz\/es\/wp-json\/wp\/v2\/pwb-brand?post=116930"},{"taxonomy":"product_brand","embeddable":true,"href":"https:\/\/www.moskito.cz\/es\/wp-json\/wp\/v2\/product_brand?post=116930"},{"taxonomy":"product_cat","embeddable":true,"href":"https:\/\/www.moskito.cz\/es\/wp-json\/wp\/v2\/product_cat?post=116930"},{"taxonomy":"product_tag","embeddable":true,"href":"https:\/\/www.moskito.cz\/es\/wp-json\/wp\/v2\/product_tag?post=116930"}],"curies":[{"name":"wp","href":"https:\/\/api.w.org\/{rel}","templated":true}]}}