{"id":123761,"date":"2018-10-15T17:51:05","date_gmt":"2018-10-15T16:51:05","guid":{"rendered":"https:\/\/www.moskito.cz\/?post_type=product&#038;p=123761"},"modified":"2025-07-11T07:48:03","modified_gmt":"2025-07-11T06:48:03","slug":"mag-lite-ml25lt-led-flashlight","status":"publish","type":"product","link":"https:\/\/www.moskito.cz\/es\/produkt\/mag-lite-ml25lt-led-flashlight\/","title":{"rendered":"Mag-Lite ML25LT LED Flashlight"},"content":{"rendered":"<p>Celkov\u00e1 d\u00e9lka je 26cm, odoln\u00e1 proti vod\u011b, n\u00e1razuvzdorn\u00e1, oto\u010dn\u00e1 hlava, zapnuto \/ vypnuto a zaost\u0159eno, Vyv\u00e1\u017een\u00e1 optika, Funkce sv\u00ed\u010dky, vzd\u00e1lenost 309m, 173 lumen\u016f s 18hodinovou dobou trv\u00e1n\u00ed, Vy\u017eaduje 3 baterie C (nen\u00ed sou\u010d\u00e1st\u00ed dod\u00e1vky). hlin\u00edkov\u00e9 t\u011blo.<\/p>\n<p>8.6&#8243; overall. Water resistant. Impact resistant. Twist head, on\/off and focus. Balanced optics. Features Candle Mode. 309m beam distance. 173 lumens with 18 hour runtime. Requires (3) C cell batteries (not included). Black aluminum body. Boxed.<\/p>\n","protected":false},"excerpt":{"rendered":"<p>Mag-Lite ML25LT LED Flashlight<\/p>\n","protected":false},"featured_media":123762,"comment_status":"open","ping_status":"closed","template":"","meta":[],"pwb-brand":[444],"product_brand":[],"product_cat":[49,38],"product_tag":[],"class_list":{"0":"post-123761","1":"product","2":"type-product","3":"status-publish","4":"has-post-thumbnail","6":"pwb-brand-mag-lite","7":"product_cat-svitilny","8":"product_cat-camping","10":"first","11":"outofstock","12":"taxable","13":"shipping-taxable","14":"purchasable","15":"product-type-simple"},"brands":[{"id":444,"name":"Mag-Lite","slug":"mag-lite"}],"_links":{"self":[{"href":"https:\/\/www.moskito.cz\/es\/wp-json\/wp\/v2\/product\/123761","targetHints":{"allow":["GET"]}}],"collection":[{"href":"https:\/\/www.moskito.cz\/es\/wp-json\/wp\/v2\/product"}],"about":[{"href":"https:\/\/www.moskito.cz\/es\/wp-json\/wp\/v2\/types\/product"}],"replies":[{"embeddable":true,"href":"https:\/\/www.moskito.cz\/es\/wp-json\/wp\/v2\/comments?post=123761"}],"wp:featuredmedia":[{"embeddable":true,"href":"https:\/\/www.moskito.cz\/es\/wp-json\/wp\/v2\/media\/123762"}],"wp:attachment":[{"href":"https:\/\/www.moskito.cz\/es\/wp-json\/wp\/v2\/media?parent=123761"}],"wp:term":[{"taxonomy":"pwb-brand","embeddable":true,"href":"https:\/\/www.moskito.cz\/es\/wp-json\/wp\/v2\/pwb-brand?post=123761"},{"taxonomy":"product_brand","embeddable":true,"href":"https:\/\/www.moskito.cz\/es\/wp-json\/wp\/v2\/product_brand?post=123761"},{"taxonomy":"product_cat","embeddable":true,"href":"https:\/\/www.moskito.cz\/es\/wp-json\/wp\/v2\/product_cat?post=123761"},{"taxonomy":"product_tag","embeddable":true,"href":"https:\/\/www.moskito.cz\/es\/wp-json\/wp\/v2\/product_tag?post=123761"}],"curies":[{"name":"wp","href":"https:\/\/api.w.org\/{rel}","templated":true}]}}