{"id":161686,"date":"2018-12-07T11:23:53","date_gmt":"2018-12-07T10:23:53","guid":{"rendered":"https:\/\/www.moskito.cz\/?post_type=product&#038;p=161686"},"modified":"2025-07-11T07:48:03","modified_gmt":"2025-07-11T06:48:03","slug":"sir-william-marshall-sword-cas-hanwei","status":"publish","type":"product","link":"https:\/\/www.moskito.cz\/es\/produkt\/sir-william-marshall-sword-cas-hanwei\/","title":{"rendered":"Sir William Marshall Sword CAS Hanwei"},"content":{"rendered":"<p><span class=\"tlid-translation translation\"><span class=\"\" title=\"\">Celkov\u00e1 d\u00e9lka me\u010de je 100cm, 83 cm dlouh\u00e1 \u010depel je brou\u0161en\u00e1 dvojit\u011b , je s vysok\u00fdm obsahem uhl\u00edku .<\/span> <span class=\"\" title=\"\">Ru\u010dn\u011b vyr\u00e1b\u011bn\u00e9 a temperovan\u00e9.<\/span> <span class=\"\" title=\"\">\u010cern\u00e1 ko\u017een\u00e1 ovinut\u00e1 rukoje\u0165 s ochranou .<\/span> <span class=\"\" title=\"\">\u010cern\u00e1 ko\u017een\u00e1 pochva s kov\u00e1n\u00edm z niklu st\u0159\u00edbra.<\/span><\/span><\/p>\n<p>&nbsp;<\/p>\n<p>40&#8243; overall. 33 3\/8&#8243; sharpened double edged high carbon steel blade with central ridged fuller. Handmade and tempered. Black leather wrapped handle with nickel silver finish guard and pommel. Black leather scabbard with nickel silver finish fittings.<\/p>\n","protected":false},"excerpt":{"rendered":"<p>Sir William Marshall Sword CAS Hanwei<\/p>\n","protected":false},"featured_media":161919,"comment_status":"open","ping_status":"closed","template":"","meta":[],"pwb-brand":[194],"product_brand":[],"product_cat":[24,1942],"product_tag":[],"class_list":{"0":"post-161686","1":"product","2":"type-product","3":"status-publish","4":"has-post-thumbnail","6":"pwb-brand-cas-hanwei","7":"product_cat-katany-a-mece","8":"product_cat-mece-dyky-repliky","10":"first","11":"onbackorder","12":"taxable","13":"shipping-taxable","14":"purchasable","15":"product-type-simple"},"brands":[{"id":194,"name":"CAS Hanwei","slug":"cas-hanwei"}],"_links":{"self":[{"href":"https:\/\/www.moskito.cz\/es\/wp-json\/wp\/v2\/product\/161686","targetHints":{"allow":["GET"]}}],"collection":[{"href":"https:\/\/www.moskito.cz\/es\/wp-json\/wp\/v2\/product"}],"about":[{"href":"https:\/\/www.moskito.cz\/es\/wp-json\/wp\/v2\/types\/product"}],"replies":[{"embeddable":true,"href":"https:\/\/www.moskito.cz\/es\/wp-json\/wp\/v2\/comments?post=161686"}],"wp:featuredmedia":[{"embeddable":true,"href":"https:\/\/www.moskito.cz\/es\/wp-json\/wp\/v2\/media\/161919"}],"wp:attachment":[{"href":"https:\/\/www.moskito.cz\/es\/wp-json\/wp\/v2\/media?parent=161686"}],"wp:term":[{"taxonomy":"pwb-brand","embeddable":true,"href":"https:\/\/www.moskito.cz\/es\/wp-json\/wp\/v2\/pwb-brand?post=161686"},{"taxonomy":"product_brand","embeddable":true,"href":"https:\/\/www.moskito.cz\/es\/wp-json\/wp\/v2\/product_brand?post=161686"},{"taxonomy":"product_cat","embeddable":true,"href":"https:\/\/www.moskito.cz\/es\/wp-json\/wp\/v2\/product_cat?post=161686"},{"taxonomy":"product_tag","embeddable":true,"href":"https:\/\/www.moskito.cz\/es\/wp-json\/wp\/v2\/product_tag?post=161686"}],"curies":[{"name":"wp","href":"https:\/\/api.w.org\/{rel}","templated":true}]}}