{"id":162697,"date":"2019-02-09T10:35:58","date_gmt":"2019-02-09T09:35:58","guid":{"rendered":"https:\/\/www.moskito.cz\/?post_type=product&#038;p=162697"},"modified":"2025-07-11T07:48:12","modified_gmt":"2025-07-11T06:48:12","slug":"boker-special-run-spirograph-classic","status":"publish","type":"product","link":"https:\/\/www.moskito.cz\/es\/produkt\/boker-special-run-spirograph-classic\/","title":{"rendered":"B\u00f6ker Special Run Spirograph Classic"},"content":{"rendered":"<p>B\u00f6ker <strong>Special Run<\/strong> Spirograph Classic.<br \/>\n<span class=\"tlid-translation translation\">Vyrobeno v Solingenu v N\u011bmecku, tento kapesn\u00ed n\u016f\u017e Hunter Lockback je vyroben z Damascus Steel a Grenadill Wood rukojeti. <\/span><\/p>\n<p>Celokov\u00e1 d\u00e9lak: 21cm<\/p>\n<p>D\u00e9lka \u010depele: 8.5 cm<\/p>\n<p><span class=\"tlid-translation translation\">Limitovan\u00e1 s\u00e9rie 199ks.<\/span><\/p>\n","protected":false},"excerpt":{"rendered":"<p>Zav\u00edrac\u00ed <strong>dama\u0161kov\u00fd<\/strong> n\u016f\u017e.<\/p>\n","protected":false},"featured_media":190067,"comment_status":"open","ping_status":"closed","template":"","meta":[],"pwb-brand":[140],"product_brand":[],"product_cat":[25,17],"product_tag":[3667],"class_list":{"0":"post-162697","1":"product","2":"type-product","3":"status-publish","4":"has-post-thumbnail","6":"pwb-brand-boker","7":"product_cat-damascenske-noze","8":"product_cat-noze","9":"product_tag-b2b","11":"first","12":"outofstock","13":"taxable","14":"shipping-taxable","15":"purchasable","16":"product-type-simple"},"brands":[{"id":140,"name":"Boker","slug":"boker"}],"_links":{"self":[{"href":"https:\/\/www.moskito.cz\/es\/wp-json\/wp\/v2\/product\/162697","targetHints":{"allow":["GET"]}}],"collection":[{"href":"https:\/\/www.moskito.cz\/es\/wp-json\/wp\/v2\/product"}],"about":[{"href":"https:\/\/www.moskito.cz\/es\/wp-json\/wp\/v2\/types\/product"}],"replies":[{"embeddable":true,"href":"https:\/\/www.moskito.cz\/es\/wp-json\/wp\/v2\/comments?post=162697"}],"wp:featuredmedia":[{"embeddable":true,"href":"https:\/\/www.moskito.cz\/es\/wp-json\/wp\/v2\/media\/190067"}],"wp:attachment":[{"href":"https:\/\/www.moskito.cz\/es\/wp-json\/wp\/v2\/media?parent=162697"}],"wp:term":[{"taxonomy":"pwb-brand","embeddable":true,"href":"https:\/\/www.moskito.cz\/es\/wp-json\/wp\/v2\/pwb-brand?post=162697"},{"taxonomy":"product_brand","embeddable":true,"href":"https:\/\/www.moskito.cz\/es\/wp-json\/wp\/v2\/product_brand?post=162697"},{"taxonomy":"product_cat","embeddable":true,"href":"https:\/\/www.moskito.cz\/es\/wp-json\/wp\/v2\/product_cat?post=162697"},{"taxonomy":"product_tag","embeddable":true,"href":"https:\/\/www.moskito.cz\/es\/wp-json\/wp\/v2\/product_tag?post=162697"}],"curies":[{"name":"wp","href":"https:\/\/api.w.org\/{rel}","templated":true}]}}