{"id":162708,"date":"2019-02-09T11:55:47","date_gmt":"2019-02-09T10:55:47","guid":{"rendered":"https:\/\/www.moskito.cz\/?post_type=product&#038;p=162708"},"modified":"2025-07-11T07:48:12","modified_gmt":"2025-07-11T06:48:12","slug":"boker-epicenter","status":"publish","type":"product","link":"https:\/\/www.moskito.cz\/es\/produkt\/boker-epicenter\/","title":{"rendered":"Zav\u00edrac\u00ed n\u016f\u017e B\u00f6ker Epicenter 01BO170"},"content":{"rendered":"<p>Zav\u00edrac\u00ed n\u016f\u017e <strong>B\u00f6ker<\/strong> Epicenter 01BO170.<\/p>\n<p>B\u00d6KER\u00ae je n\u011bmeck\u00e1 firma, kter\u00e1 vyr\u00e1b\u00ed no\u017ee t\u00e9 nejvy\u0161\u0161\u00ed kvality. No\u017ee s\u00a0pevnou \u010depel\u00ed, zav\u00edrac\u00ed no\u017ee, kuchy\u0148sk\u00e9 no\u017ee a stojany si d\u00edky v\u00fdjime\u010dn\u00e9 kvalit\u011b obl\u00edbila \u0159ada z\u00e1kazn\u00edk\u016f z\u00a0cel\u00e9ho sv\u011bta. V\u0161echny no\u017ee jsou vyrobeny z\u00a0nejlep\u0161\u00edch, odoln\u00fdch materi\u00e1l\u016f a budou nepostradateln\u00fdm pomocn\u00edkem doma, v\u00a0d\u00edln\u011b, na lovu i na v\u00fdlet\u011b do p\u0159\u00edrody. Budou skv\u011bl\u00fdm d\u00e1rkem pro va\u0161e bl\u00edzk\u00e9 i obchodn\u00ed partnery. Bu\u010fte origin\u00e1ln\u00ed, vyu\u017eijte mo\u017enosti grav\u00edrov\u00e1n\u00ed a p\u0159idejte na n\u016f\u017e logo va\u0161\u00ed firmy a nebo jm\u00e9no obdarov\u00e1n\u00e9ho.<\/p>\n<p>Zav\u00edrac\u00ed n\u016f\u017e B\u00f6ker Epicenter 01BO170:<\/p>\n<p>Zav\u00edrac\u00ed n\u016f\u017e s pojistkou<br \/>\nCelkov\u00e1 d\u00e9lka: 21,2 cm.<br \/>\nD\u00e9lka \u010depele: 8.9 cm.<br \/>\nHmotnost: 200 g.<br \/>\nTlou\u0161\u0165ka \u010depele: 4.0 mm.<br \/>\nMateri\u00e1l \u010depele: VG10.<br \/>\nMateri\u00e1l rukojeti: titan.<\/p>\n","protected":false},"excerpt":{"rendered":"<p>Zav\u00edrac\u00ed n\u016f\u017e s pojistkou a rukojet\u00ed z titanu.<\/p>\n","protected":false},"featured_media":198639,"comment_status":"open","ping_status":"closed","template":"","meta":[],"pwb-brand":[140],"product_brand":[],"product_cat":[22,17],"product_tag":[],"class_list":{"0":"post-162708","1":"product","2":"type-product","3":"status-publish","4":"has-post-thumbnail","6":"pwb-brand-boker","7":"product_cat-zaviraci-noze","8":"product_cat-noze","10":"first","11":"outofstock","12":"taxable","13":"shipping-taxable","14":"purchasable","15":"product-type-simple"},"brands":[{"id":140,"name":"Boker","slug":"boker"}],"_links":{"self":[{"href":"https:\/\/www.moskito.cz\/es\/wp-json\/wp\/v2\/product\/162708","targetHints":{"allow":["GET"]}}],"collection":[{"href":"https:\/\/www.moskito.cz\/es\/wp-json\/wp\/v2\/product"}],"about":[{"href":"https:\/\/www.moskito.cz\/es\/wp-json\/wp\/v2\/types\/product"}],"replies":[{"embeddable":true,"href":"https:\/\/www.moskito.cz\/es\/wp-json\/wp\/v2\/comments?post=162708"}],"wp:featuredmedia":[{"embeddable":true,"href":"https:\/\/www.moskito.cz\/es\/wp-json\/wp\/v2\/media\/198639"}],"wp:attachment":[{"href":"https:\/\/www.moskito.cz\/es\/wp-json\/wp\/v2\/media?parent=162708"}],"wp:term":[{"taxonomy":"pwb-brand","embeddable":true,"href":"https:\/\/www.moskito.cz\/es\/wp-json\/wp\/v2\/pwb-brand?post=162708"},{"taxonomy":"product_brand","embeddable":true,"href":"https:\/\/www.moskito.cz\/es\/wp-json\/wp\/v2\/product_brand?post=162708"},{"taxonomy":"product_cat","embeddable":true,"href":"https:\/\/www.moskito.cz\/es\/wp-json\/wp\/v2\/product_cat?post=162708"},{"taxonomy":"product_tag","embeddable":true,"href":"https:\/\/www.moskito.cz\/es\/wp-json\/wp\/v2\/product_tag?post=162708"}],"curies":[{"name":"wp","href":"https:\/\/api.w.org\/{rel}","templated":true}]}}