{"id":162724,"date":"2019-02-09T14:12:21","date_gmt":"2019-02-09T13:12:21","guid":{"rendered":"https:\/\/www.moskito.cz\/?post_type=product&#038;p=162724"},"modified":"2025-07-11T07:48:13","modified_gmt":"2025-07-11T06:48:13","slug":"boker-tree-brand-dinosaur-bone","status":"publish","type":"product","link":"https:\/\/www.moskito.cz\/es\/produkt\/boker-tree-brand-dinosaur-bone\/","title":{"rendered":"B\u00f6ker TREE BRAND Dinosaur Bone"},"content":{"rendered":"<p><span class=\"tlid-translation translation\"><strong>B\u00f6ker <\/strong>TREE BRAND Dinosaur Bone.<br \/>\n<\/span><\/p>\n<p><span class=\"tlid-translation translation\"> <span class=\"\" title=\"\">Materi\u00e1l \u010depele: nerezov\u00e1 ocel 440C<\/span><br \/>\n<span class=\"\" title=\"\">Materi\u00e1l rukojeti: prav\u00e1 zes\u00edlen\u00e1 dinosau\u0159\u00ed kost<\/span><br \/>\nCelkov\u00e1 d\u00e9lka:18.3 cm<\/span><\/p>\n<p><span class=\"tlid-translation translation\"><span title=\"\">D\u00e9lka no\u017ee: 10,48 cm (slo\u017een\u00e1 \/ zav\u0159en\u00e1)<\/span><br \/>\n<span title=\"\">Zem\u011b v\u00fdroby: N\u011bmecko<\/span><br \/>\n<span class=\"\" title=\"\">Zahrnuje: sb\u011bratelskou krabici Boker.<\/span><\/span><\/p>\n","protected":false},"excerpt":{"rendered":"<p>Zav\u00edrac\u00ed n\u016f\u017e s pojistkou.<\/p>\n","protected":false},"featured_media":190132,"comment_status":"open","ping_status":"closed","template":"","meta":[],"pwb-brand":[140],"product_brand":[],"product_cat":[22,17],"product_tag":[3667],"class_list":{"0":"post-162724","1":"product","2":"type-product","3":"status-publish","4":"has-post-thumbnail","6":"pwb-brand-boker","7":"product_cat-zaviraci-noze","8":"product_cat-noze","9":"product_tag-b2b","11":"first","12":"instock","13":"taxable","14":"shipping-taxable","15":"purchasable","16":"product-type-simple"},"brands":[{"id":140,"name":"Boker","slug":"boker"}],"_links":{"self":[{"href":"https:\/\/www.moskito.cz\/es\/wp-json\/wp\/v2\/product\/162724","targetHints":{"allow":["GET"]}}],"collection":[{"href":"https:\/\/www.moskito.cz\/es\/wp-json\/wp\/v2\/product"}],"about":[{"href":"https:\/\/www.moskito.cz\/es\/wp-json\/wp\/v2\/types\/product"}],"replies":[{"embeddable":true,"href":"https:\/\/www.moskito.cz\/es\/wp-json\/wp\/v2\/comments?post=162724"}],"wp:featuredmedia":[{"embeddable":true,"href":"https:\/\/www.moskito.cz\/es\/wp-json\/wp\/v2\/media\/190132"}],"wp:attachment":[{"href":"https:\/\/www.moskito.cz\/es\/wp-json\/wp\/v2\/media?parent=162724"}],"wp:term":[{"taxonomy":"pwb-brand","embeddable":true,"href":"https:\/\/www.moskito.cz\/es\/wp-json\/wp\/v2\/pwb-brand?post=162724"},{"taxonomy":"product_brand","embeddable":true,"href":"https:\/\/www.moskito.cz\/es\/wp-json\/wp\/v2\/product_brand?post=162724"},{"taxonomy":"product_cat","embeddable":true,"href":"https:\/\/www.moskito.cz\/es\/wp-json\/wp\/v2\/product_cat?post=162724"},{"taxonomy":"product_tag","embeddable":true,"href":"https:\/\/www.moskito.cz\/es\/wp-json\/wp\/v2\/product_tag?post=162724"}],"curies":[{"name":"wp","href":"https:\/\/api.w.org\/{rel}","templated":true}]}}