{"id":162903,"date":"2019-03-09T09:12:22","date_gmt":"2019-03-09T08:12:22","guid":{"rendered":"https:\/\/www.moskito.cz\/?post_type=product&#038;p=162903"},"modified":"2025-07-11T07:48:18","modified_gmt":"2025-07-11T06:48:18","slug":"spyderco-snap-it-salt","status":"publish","type":"product","link":"https:\/\/www.moskito.cz\/es\/produkt\/spyderco-snap-it-salt\/","title":{"rendered":"Zav\u00edrac\u00ed n\u016f\u017e Spyderco Snap-It Salt"},"content":{"rendered":"<p>Zav\u00edrac\u00ed n\u016f\u017e Spyderco Snap-It Salt.<\/p>\n<p>Spyderco je firma spoch\u00e1zej\u00edc\u00ed z Colorada, USA. Tyto sv\u011btozn\u00e1m\u00e9 no\u017ee se znakem pavouka jsou navrhov\u00e1ny s ohledem na maxim\u00e1ln\u00ed funk\u010dnost a komfortn\u00ed u\u017e\u00edv\u00e1n\u00ed. Spole\u010dnost Spyderco zavedla ve v\u00fdrob\u011b no\u017e\u016f \u0159adu inovac\u00ed, kter\u00e9 n\u00e1sledn\u011b p\u0159evzalo mnoho dal\u0161\u00edch no\u017e\u00ed\u0159sk\u00fdch firem. Jedn\u00e1 se nap\u0159\u00edklad o otvor v \u010depeli, kter\u00fd umo\u017e\u0148uje otev\u00edr\u00e1n\u00ed no\u017ee jednou rukou, kapesn\u00ed klip pro uchycen\u00ed no\u017ee nebo \u010d\u00e1ste\u010dn\u011b vroubkovan\u00e9 ost\u0159\u00ed.<\/p>\n<p>Celkov\u00e1 d\u00e9ka 175 mm<\/p>\n<p>D\u00e9lka \u010depele 75 mm<\/p>\n<p>D\u00e9lka zav\u0159en\u00e9ho no\u017ee 129 mm<\/p>\n<p>Tlou\u0161tka \u010depele 3 mm<\/p>\n<p>Hmotnost 68 g<\/p>\n<p>Materi\u00e1l \u010depele H1<\/p>\n<p>Mareri\u00e1l rukojeti FRN<\/p>\n<p>&nbsp;<\/p>\n","protected":false},"excerpt":{"rendered":"<p>Zav\u00edrac\u00ed n\u016f\u017e.<\/p>\n","protected":false},"featured_media":190106,"comment_status":"open","ping_status":"closed","template":"","meta":[],"pwb-brand":[567],"product_brand":[],"product_cat":[22,17],"product_tag":[3667],"class_list":{"0":"post-162903","1":"product","2":"type-product","3":"status-publish","4":"has-post-thumbnail","6":"pwb-brand-spyderco","7":"product_cat-zaviraci-noze","8":"product_cat-noze","9":"product_tag-b2b","11":"first","12":"instock","13":"taxable","14":"shipping-taxable","15":"purchasable","16":"product-type-simple"},"brands":[{"id":567,"name":"Spyderco","slug":"spyderco"}],"_links":{"self":[{"href":"https:\/\/www.moskito.cz\/es\/wp-json\/wp\/v2\/product\/162903","targetHints":{"allow":["GET"]}}],"collection":[{"href":"https:\/\/www.moskito.cz\/es\/wp-json\/wp\/v2\/product"}],"about":[{"href":"https:\/\/www.moskito.cz\/es\/wp-json\/wp\/v2\/types\/product"}],"replies":[{"embeddable":true,"href":"https:\/\/www.moskito.cz\/es\/wp-json\/wp\/v2\/comments?post=162903"}],"wp:featuredmedia":[{"embeddable":true,"href":"https:\/\/www.moskito.cz\/es\/wp-json\/wp\/v2\/media\/190106"}],"wp:attachment":[{"href":"https:\/\/www.moskito.cz\/es\/wp-json\/wp\/v2\/media?parent=162903"}],"wp:term":[{"taxonomy":"pwb-brand","embeddable":true,"href":"https:\/\/www.moskito.cz\/es\/wp-json\/wp\/v2\/pwb-brand?post=162903"},{"taxonomy":"product_brand","embeddable":true,"href":"https:\/\/www.moskito.cz\/es\/wp-json\/wp\/v2\/product_brand?post=162903"},{"taxonomy":"product_cat","embeddable":true,"href":"https:\/\/www.moskito.cz\/es\/wp-json\/wp\/v2\/product_cat?post=162903"},{"taxonomy":"product_tag","embeddable":true,"href":"https:\/\/www.moskito.cz\/es\/wp-json\/wp\/v2\/product_tag?post=162903"}],"curies":[{"name":"wp","href":"https:\/\/api.w.org\/{rel}","templated":true}]}}