{"id":163178,"date":"2019-03-24T15:45:54","date_gmt":"2019-03-24T14:45:54","guid":{"rendered":"https:\/\/www.moskito.cz\/?post_type=product&#038;p=163178"},"modified":"2025-12-10T18:59:19","modified_gmt":"2025-12-10T17:59:19","slug":"flobertove-naboje-cal-6mm-kulicka-100ks-2","status":"publish","type":"product","link":"https:\/\/www.moskito.cz\/es\/produkt\/flobertove-naboje-cal-6mm-kulicka-100ks-2\/","title":{"rendered":"Flobert n\u00e1boje cal. 6mm kuli\u010dka 100ks"},"content":{"rendered":"<div class=\"col-md-8\">\n<p><strong>Flobertov\u00e9 n\u00e1boje<\/strong> cal. 6mm kuli\u010dka 100ks.<\/p>\n<p>Balen\u00ed: 100 ks.<\/p>\n<p>Kulat\u00e1 n\u00e1bojnice, v\u011bt\u0161\u00ed pr\u016fraznost.<\/p>\n<\/div>\n<div class=\"col-md-4\">\n<p>6 mm flobert<\/p>\n<p><strong>N\u00e1boje skupiny D, voln\u011b prodejn\u00e9 od 18 let.<\/strong><\/p>\n<\/div>\n","protected":false},"excerpt":{"rendered":"<p><strong>Flobertov\u00e9 <\/strong>n\u00e1boje pro flobertky cal. 6 mm, s kulatou hlavou.<\/p>\n","protected":false},"featured_media":189906,"comment_status":"open","ping_status":"closed","template":"","meta":[],"pwb-brand":[1363],"product_brand":[],"product_cat":[18],"product_tag":[3667],"class_list":{"0":"post-163178","1":"product","2":"type-product","3":"status-publish","4":"has-post-thumbnail","6":"pwb-brand-sellierbellot","7":"product_cat-naboje-skupiny-d","8":"product_tag-b2b","10":"first","11":"outofstock","12":"taxable","13":"shipping-taxable","14":"purchasable","15":"product-type-simple"},"brands":[{"id":1363,"name":"Sellier&amp;Bellot","slug":"sellierbellot"}],"_links":{"self":[{"href":"https:\/\/www.moskito.cz\/es\/wp-json\/wp\/v2\/product\/163178","targetHints":{"allow":["GET"]}}],"collection":[{"href":"https:\/\/www.moskito.cz\/es\/wp-json\/wp\/v2\/product"}],"about":[{"href":"https:\/\/www.moskito.cz\/es\/wp-json\/wp\/v2\/types\/product"}],"replies":[{"embeddable":true,"href":"https:\/\/www.moskito.cz\/es\/wp-json\/wp\/v2\/comments?post=163178"}],"wp:featuredmedia":[{"embeddable":true,"href":"https:\/\/www.moskito.cz\/es\/wp-json\/wp\/v2\/media\/189906"}],"wp:attachment":[{"href":"https:\/\/www.moskito.cz\/es\/wp-json\/wp\/v2\/media?parent=163178"}],"wp:term":[{"taxonomy":"pwb-brand","embeddable":true,"href":"https:\/\/www.moskito.cz\/es\/wp-json\/wp\/v2\/pwb-brand?post=163178"},{"taxonomy":"product_brand","embeddable":true,"href":"https:\/\/www.moskito.cz\/es\/wp-json\/wp\/v2\/product_brand?post=163178"},{"taxonomy":"product_cat","embeddable":true,"href":"https:\/\/www.moskito.cz\/es\/wp-json\/wp\/v2\/product_cat?post=163178"},{"taxonomy":"product_tag","embeddable":true,"href":"https:\/\/www.moskito.cz\/es\/wp-json\/wp\/v2\/product_tag?post=163178"}],"curies":[{"name":"wp","href":"https:\/\/api.w.org\/{rel}","templated":true}]}}