{"id":163223,"date":"2019-03-25T17:58:08","date_gmt":"2019-03-25T16:58:08","guid":{"rendered":"https:\/\/www.moskito.cz\/?post_type=product&#038;p=163223"},"modified":"2025-07-11T07:48:22","modified_gmt":"2025-07-11T06:48:22","slug":"ka-bar-little-finn-ka1226","status":"publish","type":"product","link":"https:\/\/www.moskito.cz\/es\/produkt\/ka-bar-little-finn-ka1226\/","title":{"rendered":"Ka-Bar Little Finn KA1226"},"content":{"rendered":"<p>Ka-Bar Little Finn KA1226.<\/p>\n<p>Celkov\u00e1 d\u00e9lka: 17,5 cm<br \/>\nD\u00e9lka \u010depele: 9 cm<br \/>\nRukoje\u0165: Le\u0161t\u011bn\u00e1 k\u016f\u017ee s mosazn\u00fdm krytem<br \/>\nPouzdro: hn\u011bd\u00e9 ko\u017een\u00e9<\/p>\n","protected":false},"excerpt":{"rendered":"<p>Pevn\u00fd n\u016f\u017e s pouzdrem.<\/p>\n","protected":false},"featured_media":163224,"comment_status":"open","ping_status":"closed","template":"","meta":[],"pwb-brand":[362],"product_brand":[],"product_cat":[23,17],"product_tag":[],"class_list":{"0":"post-163223","1":"product","2":"type-product","3":"status-publish","4":"has-post-thumbnail","6":"pwb-brand-ka-bar","7":"product_cat-pevne-noze","8":"product_cat-noze","10":"first","11":"outofstock","12":"taxable","13":"shipping-taxable","14":"purchasable","15":"product-type-simple"},"brands":[{"id":362,"name":"Ka-Bar","slug":"ka-bar"}],"_links":{"self":[{"href":"https:\/\/www.moskito.cz\/es\/wp-json\/wp\/v2\/product\/163223","targetHints":{"allow":["GET"]}}],"collection":[{"href":"https:\/\/www.moskito.cz\/es\/wp-json\/wp\/v2\/product"}],"about":[{"href":"https:\/\/www.moskito.cz\/es\/wp-json\/wp\/v2\/types\/product"}],"replies":[{"embeddable":true,"href":"https:\/\/www.moskito.cz\/es\/wp-json\/wp\/v2\/comments?post=163223"}],"wp:featuredmedia":[{"embeddable":true,"href":"https:\/\/www.moskito.cz\/es\/wp-json\/wp\/v2\/media\/163224"}],"wp:attachment":[{"href":"https:\/\/www.moskito.cz\/es\/wp-json\/wp\/v2\/media?parent=163223"}],"wp:term":[{"taxonomy":"pwb-brand","embeddable":true,"href":"https:\/\/www.moskito.cz\/es\/wp-json\/wp\/v2\/pwb-brand?post=163223"},{"taxonomy":"product_brand","embeddable":true,"href":"https:\/\/www.moskito.cz\/es\/wp-json\/wp\/v2\/product_brand?post=163223"},{"taxonomy":"product_cat","embeddable":true,"href":"https:\/\/www.moskito.cz\/es\/wp-json\/wp\/v2\/product_cat?post=163223"},{"taxonomy":"product_tag","embeddable":true,"href":"https:\/\/www.moskito.cz\/es\/wp-json\/wp\/v2\/product_tag?post=163223"}],"curies":[{"name":"wp","href":"https:\/\/api.w.org\/{rel}","templated":true}]}}