{"id":163244,"date":"2019-03-25T19:37:30","date_gmt":"2019-03-25T18:37:30","guid":{"rendered":"https:\/\/www.moskito.cz\/?post_type=product&#038;p=163244"},"modified":"2025-07-11T07:48:23","modified_gmt":"2025-07-11T06:48:23","slug":"ka-bar-zombie-knives-war-sword-ka5701","status":"publish","type":"product","link":"https:\/\/www.moskito.cz\/es\/produkt\/ka-bar-zombie-knives-war-sword-ka5701\/","title":{"rendered":"Ka-Bar Zombie Knives War Sword KA5701"},"content":{"rendered":"<p>Ka-Bar Zombie Knives War Sword KA5701.<\/p>\n<p>Celkov\u00e1 d\u00e9lka: 384 mm<br \/>\nD\u00e9lka \u010depele: 248 mm<br \/>\nTlou\u0161\u0165ka \u010depele: 5,2 mm<br \/>\nHmotnost: 454 g<\/p>\n<p>Tvrdost \u010depele: 52-54 HRC<br \/>\nMateri\u00e1l \u010depele: Nerezov\u00e1 ocel 1095 Cro-Van<br \/>\nMateri\u00e1l rukojeti: Polymer GFN-PA66<br \/>\nPouzdro: Nylonov\u00e9<\/p>\n","protected":false},"excerpt":{"rendered":"<p>Pevn\u00fd n\u016f\u017e s pouzdrem.<\/p>\n","protected":false},"featured_media":163245,"comment_status":"open","ping_status":"closed","template":"","meta":[],"pwb-brand":[362],"product_brand":[],"product_cat":[23,17],"product_tag":[],"class_list":{"0":"post-163244","1":"product","2":"type-product","3":"status-publish","4":"has-post-thumbnail","6":"pwb-brand-ka-bar","7":"product_cat-pevne-noze","8":"product_cat-noze","10":"first","11":"outofstock","12":"taxable","13":"shipping-taxable","14":"purchasable","15":"product-type-simple"},"brands":[{"id":362,"name":"Ka-Bar","slug":"ka-bar"}],"_links":{"self":[{"href":"https:\/\/www.moskito.cz\/es\/wp-json\/wp\/v2\/product\/163244","targetHints":{"allow":["GET"]}}],"collection":[{"href":"https:\/\/www.moskito.cz\/es\/wp-json\/wp\/v2\/product"}],"about":[{"href":"https:\/\/www.moskito.cz\/es\/wp-json\/wp\/v2\/types\/product"}],"replies":[{"embeddable":true,"href":"https:\/\/www.moskito.cz\/es\/wp-json\/wp\/v2\/comments?post=163244"}],"wp:featuredmedia":[{"embeddable":true,"href":"https:\/\/www.moskito.cz\/es\/wp-json\/wp\/v2\/media\/163245"}],"wp:attachment":[{"href":"https:\/\/www.moskito.cz\/es\/wp-json\/wp\/v2\/media?parent=163244"}],"wp:term":[{"taxonomy":"pwb-brand","embeddable":true,"href":"https:\/\/www.moskito.cz\/es\/wp-json\/wp\/v2\/pwb-brand?post=163244"},{"taxonomy":"product_brand","embeddable":true,"href":"https:\/\/www.moskito.cz\/es\/wp-json\/wp\/v2\/product_brand?post=163244"},{"taxonomy":"product_cat","embeddable":true,"href":"https:\/\/www.moskito.cz\/es\/wp-json\/wp\/v2\/product_cat?post=163244"},{"taxonomy":"product_tag","embeddable":true,"href":"https:\/\/www.moskito.cz\/es\/wp-json\/wp\/v2\/product_tag?post=163244"}],"curies":[{"name":"wp","href":"https:\/\/api.w.org\/{rel}","templated":true}]}}